{"id":82889,"date":"2022-03-28T15:26:09","date_gmt":"2022-03-28T13:26:09","guid":{"rendered":"https:\/\/bp2.eu\/produkt\/kasetony-elewacyjne-skrin\/"},"modified":"2024-09-09T12:25:21","modified_gmt":"2024-09-09T10:25:21","slug":"casete-de-fatada-skrin","status":"publish","type":"product","link":"https:\/\/bp2.eu\/ro\/produkt\/casete-de-fatada-skrin\/","title":{"rendered":"CASETE DE FA\u021aAD\u0102 SKRIN"},"content":{"rendered":"\n<div class=\"wp-block-group\"><div class=\"wp-block-group__inner-container is-layout-flow wp-block-group-is-layout-flow\">\n<div style=\"height:100px\" aria-hidden=\"true\" class=\"wp-block-spacer is-style-small-spacer\"><\/div>\n\n\n\r\n<div class=\"section__data\" data-section=\"DESC\u0102RCA\u021aI\"><\/div>\n\n\n<div class=\"wp-block-columns is-layout-flex wp-container-core-columns-is-layout-9d6595d7 wp-block-columns-is-layout-flex\">\n<div class=\"wp-block-column is-vertically-aligned-center is-layout-flow wp-block-column-is-layout-flow\" style=\"flex-basis:50%\"><div class=\"wp-block-image\">\n<figure class=\"aligncenter size-full\"><img loading=\"lazy\" decoding=\"async\" width=\"805\" height=\"562\" src=\"https:\/\/impro.ro\/wp-content\/uploads\/2022\/03\/bp2_skrin_1.png\" alt=\"\" class=\"wp-image-6777\" srcset=\"https:\/\/bp2.eu\/wp-content\/uploads\/2022\/03\/bp2_skrin_1.png 805w, https:\/\/bp2.eu\/wp-content\/uploads\/2022\/03\/bp2_skrin_1-768x536.png 768w\" sizes=\"auto, (max-width: 805px) 100vw, 805px\" \/><\/figure>\n<\/div><\/div>\n\n\n\n<div class=\"wp-block-column has-dark-gray-background-color has-background is-layout-flow wp-block-column-is-layout-flow\" style=\"flex-basis:50%\">\n<div class=\"wp-block-cover is-light is-style-full-width\"><span aria-hidden=\"true\" class=\"wp-block-cover__background has-dark-gray-background-color has-background-dim-100 has-background-dim\"><\/span><div class=\"wp-block-cover__inner-container is-layout-flow wp-block-cover-is-layout-flow\">\n<p>Utilizarea casetelor de fa\u0163ad\u0103 SKRIN permite finisajul estetic \u015fi durabil al fa\u0163adei. Acestea pot fi utilizate \u00een \u00eentreaga cl\u0103dire sau pe por\u0163iuni reprezentative selectate, cum ar fi fa\u0163adele frontale sau zonele de birouri ale cl\u0103dirilor. Oferirea unui caracter deosebit al diferitelor por\u0163iuni de fa\u0163ad\u0103 ale cl\u0103dirii, cu ajutorul formelor \u015fi materialelor de finisare constituie o solu\u0163ie des \u00eent\u00e2lnit\u0103 \u00een cadrul construc\u0163iilor moderne.<\/p>\n\n\n\n<p>\u00cen cadrul unor astfel de proiecte, casetele de fa\u0163ad\u0103, datorit\u0103 unei game largi de culori \u015fi ale flexibilit\u0103\u0163ii dimensiunilor, constituie alegerea perfect\u0103. Pentru a men\u0163ine estetica \u015fi func\u0163ionalitatea ridicat\u0103 a fa\u0163adei, oferim col\u0163are de sistem \u015fi elemente fabricate individual.<\/p>\n\n\n\n<p>[1] Caset\u0103 de perete din o\u0163el.<br>[2] Vat\u0103 mineral\u0103 &#8211; izola\u0163ie termic\u0103..<br>[3] P01 profil intermediar 20\/50.<br>[4] Folie rezistent\u0103 la v\u00e2nt.<br>[5] St\u00e2lp de suport.<br>[6] Etan\u015fare.<br>[7] Element de \u00eembinare (bolt de \u00eempu\u015fcare sau \u015furub).<br>[8] Profilul de baz\u0103 P03 20\/90.<br>[9] Element de \u00eembinare autoforant. [10] Element de \u00eembinare autoforant. [11] Caset\u0103 de fa\u0163ad\u0103 Skrin.<\/p>\n\n\n\n<p class=\"has-text-align-center\">&nbsp;<\/p>\n<\/div><\/div>\n<\/div>\n<\/div>\n\n\n\n<div class=\"wp-block-columns is-layout-flex wp-container-core-columns-is-layout-9d6595d7 wp-block-columns-is-layout-flex\">\n<div class=\"wp-block-column is-style-default is-layout-flow wp-block-column-is-layout-flow\" style=\"flex-basis:50%\">\n<div class=\"wp-block-cover is-light is-style-full-width\"><span aria-hidden=\"true\" class=\"wp-block-cover__background has-dark-gray-background-color has-background-dim-100 has-background-dim\"><\/span><div class=\"wp-block-cover__inner-container is-layout-flow wp-block-cover-is-layout-flow\">\n<p>Casetele SKRIN se monteaz\u0103 pe ei cu ajutorul unor orificiile alungite, care permit compensarea tensiunii. Deoarece profilele de baz\u0103 P03 20\/90 constituie baza pentru \u00eembinarea casetelor pe vertical\u0103, acestea au aceea\u015fi culoare cu casetele, oferind efectul unei suprafe\u0163e uniforme. Pentru rigidizare suplimentar\u0103, se utilizeaz\u0103 profile intermediare P01 20\/50. \u00cembinarea orizontal\u0103 a casetelor se face conform principiului de fermoar, datorit\u0103 muchiilor superioare \u015fi inferioare ale panourilor, profilate corespunz\u0103tor.<\/p>\n\n\n\n<p>Avantajul pere\u0163ilor de protec\u0163ie construi\u0163i cu ajutorul casetelor de fa\u0163ad\u0103 SKRIN este montajul simplu \u015fi rapid. Acestea pot fi utilizate la orice perete, deoarece sunt prinse de o substructur\u0103, care este un gr\u0103tar de o\u0163el realizat din profile de baz\u0103 P03 20\/90.<\/p>\n\n\n\n<p>[1] Zid de c\u0103r\u0103mid\u0103.<br>[2] Structura de o\u0163el realizat din profile Z.<br>[3] Structura vertical\u0103 realizat din profile.<br>[4] Vat\u0103 mineral\u0103 &#8211; izola\u0163ie termic\u0103.<br>5] Membrana de difuzie.<br>[6] Skrin Kazett\u00e1s Homlokzatburkolat<\/p>\n<\/div><\/div>\n<\/div>\n\n\n\n<div class=\"wp-block-column is-vertically-aligned-center is-layout-flow wp-block-column-is-layout-flow\" style=\"flex-basis:50%\"><div class=\"wp-block-image\">\n<figure class=\"aligncenter size-full\"><img loading=\"lazy\" decoding=\"async\" width=\"805\" height=\"562\" src=\"https:\/\/impro.ro\/wp-content\/uploads\/2022\/03\/bp2_skrin_2-2.png\" alt=\"\" class=\"wp-image-6793\" srcset=\"https:\/\/bp2.eu\/wp-content\/uploads\/2022\/03\/bp2_skrin_2-2.png 805w, https:\/\/bp2.eu\/wp-content\/uploads\/2022\/03\/bp2_skrin_2-2-768x536.png 768w\" sizes=\"auto, (max-width: 805px) 100vw, 805px\" \/><\/figure>\n<\/div><\/div>\n<\/div>\n<\/div><\/div>\n\n\n\n<p>&nbsp;<\/p>\n","protected":false},"featured_media":25843,"menu_order":218,"template":"","product_category":[2003,2004],"warranty":[1980,1982],"product_serie":[],"class_list":["post-82889","product","type-product","status-publish","has-post-thumbnail","hentry","product_category-acoperisuri-comerciale","product_category-sisteme-pentru-fatade","warranty-10-lat-ro","warranty-20-lat-ro"],"acf":[],"_links":{"self":[{"href":"https:\/\/bp2.eu\/ro\/wp-json\/wp\/v2\/product\/82889","targetHints":{"allow":["GET"]}}],"collection":[{"href":"https:\/\/bp2.eu\/ro\/wp-json\/wp\/v2\/product"}],"about":[{"href":"https:\/\/bp2.eu\/ro\/wp-json\/wp\/v2\/types\/product"}],"wp:featuredmedia":[{"embeddable":true,"href":"https:\/\/bp2.eu\/ro\/wp-json\/wp\/v2\/media\/25843"}],"wp:attachment":[{"href":"https:\/\/bp2.eu\/ro\/wp-json\/wp\/v2\/media?parent=82889"}],"wp:term":[{"taxonomy":"product_category","embeddable":true,"href":"https:\/\/bp2.eu\/ro\/wp-json\/wp\/v2\/product_category?post=82889"},{"taxonomy":"warranty","embeddable":true,"href":"https:\/\/bp2.eu\/ro\/wp-json\/wp\/v2\/warranty?post=82889"},{"taxonomy":"product_serie","embeddable":true,"href":"https:\/\/bp2.eu\/ro\/wp-json\/wp\/v2\/product_serie?post=82889"}],"curies":[{"name":"wp","href":"https:\/\/api.w.org\/{rel}","templated":true}]}}