{"id":82901,"date":"2022-04-01T14:12:59","date_gmt":"2022-04-01T12:12:59","guid":{"rendered":"https:\/\/bp2.eu\/produkt\/panele-elewacyjne-linea\/"},"modified":"2025-01-24T12:02:01","modified_gmt":"2025-01-24T11:02:01","slug":"panele-elewacyjne-linea","status":"publish","type":"product","link":"https:\/\/bp2.eu\/ro\/produkt\/panele-elewacyjne-linea\/","title":{"rendered":"PANOURI DE FA\u0162AD\u0102 LINEA"},"content":{"rendered":"\n<div style=\"height:100px\" aria-hidden=\"true\" class=\"wp-block-spacer is-style-small-spacer\"><\/div>\n\n\n\r\n<div class=\"section__data\" data-section=\"JUTALMAK\"><\/div>\n\n\n<div class=\"wp-block-group\"><div class=\"wp-block-group__inner-container is-layout-flow wp-block-group-is-layout-flow\">\n<div class=\"wp-block-columns is-style-mobile-reverse is-layout-flex wp-container-core-columns-is-layout-9d6595d7 wp-block-columns-is-layout-flex\">\n<div class=\"wp-block-column is-vertically-aligned-center is-layout-flow wp-block-column-is-layout-flow\">\n<div class=\"wp-block-cover is-light is-style-default\"><span aria-hidden=\"true\" class=\"wp-block-cover__background has-dark-gray-background-color has-background-dim-100 has-background-dim\"><\/span><div class=\"wp-block-cover__inner-container is-layout-flow wp-block-cover-is-layout-flow\">\n<h2 class=\"wp-block-heading is-style-h3\"><strong>Beneficii<\/strong><\/h2>\n\n\n\n<p>Principalele avantaje ale panourilor de fa\u0163ad\u0103 LINEA sunt u\u015furin\u0163a \u015fi viteza montajului \u015fi flexibilitatea \u00een adptarea elementelor de acoperire la forma fa\u0163adei.<\/p>\n\n\n\n<p>Panourile de fa\u0163ad\u0103 LINEA sunt perfecte pentru \u00eembinarea fa\u0163adei cu alte tipuri de plac\u0103ri, cum ar fi: casetele de fa\u0163ad\u0103 sau panourile cu \u00eembinare vertical\u0103 LAMBDA 2.0, care asigur\u0103 un efect vizual atractiv.<\/p>\n<\/div><\/div>\n<\/div>\n\n\n\n<div class=\"wp-block-column is-vertically-aligned-center is-layout-flow wp-block-column-is-layout-flow\">\n<figure class=\"wp-block-image size-full is-style-full-width\"><img loading=\"lazy\" decoding=\"async\" width=\"820\" height=\"547\" src=\"https:\/\/impro.ro\/wp-content\/uploads\/2022\/06\/PANEL-ELEWACYJNY.png\" alt=\"\" class=\"wp-image-11125\" srcset=\"https:\/\/bp2.eu\/wp-content\/uploads\/2022\/06\/PANEL-ELEWACYJNY.png 820w, https:\/\/bp2.eu\/wp-content\/uploads\/2022\/06\/PANEL-ELEWACYJNY-768x512.png 768w\" sizes=\"auto, (max-width: 820px) 100vw, 820px\" \/><\/figure>\n<\/div>\n<\/div>\n<\/div><\/div>\n\n\n\n<div class=\"wp-block-group\"><div class=\"wp-block-group__inner-container is-layout-flow wp-block-group-is-layout-flow\">\r\n<div class=\"section__data\" data-section=\"M\u00c9RETTARTOM\u00c1NYOK\"><\/div>\n\n\n<h2 class=\"wp-block-heading has-text-align-center is-style-h3\">Dimensiuni standard pentru panourile de fa\u021bad\u0103 [mm]<\/h2>\n\n\n\n<div class=\"wp-block-columns has-dark-gray-background-color has-background is-layout-flex wp-container-core-columns-is-layout-9d6595d7 wp-block-columns-is-layout-flex\">\n<div class=\"wp-block-column is-layout-flow wp-block-column-is-layout-flow\">\n<h2 class=\"wp-block-heading is-style-h3\">Casete de fa\u021bad\u0103<\/h2>\n\n\n\n<figure class=\"wp-block-table\"><table><tbody><tr><td>Cod produs<\/td><td class=\"has-text-align-left\" data-align=\"left\">PS 282.417<\/td><td class=\"has-text-align-left\" data-align=\"left\">PS 177.312<\/td><td class=\"has-text-align-left\" data-align=\"left\">PS 115.250<\/td><\/tr><tr><td>Suprapunere:<\/td><td class=\"has-text-align-left\" data-align=\"left\">282<\/td><td class=\"has-text-align-left\" data-align=\"left\">177<\/td><td class=\"has-text-align-left\" data-align=\"left\">115<\/td><\/tr><tr><td>Fa\u021ba panoului:<\/td><td class=\"has-text-align-left\" data-align=\"left\">282<\/td><td class=\"has-text-align-left\" data-align=\"left\">177<\/td><td class=\"has-text-align-left\" data-align=\"left\">115<\/td><\/tr><tr><td>Grosimea:<\/td><td class=\"has-text-align-left\" data-align=\"left\">0,7\u20131,0<\/td><td class=\"has-text-align-left\" data-align=\"left\">0,7\u20131,0<\/td><td class=\"has-text-align-left\" data-align=\"left\">0,7\u20131,0<\/td><\/tr><tr><td>Lungime util\u0103:<\/td><td class=\"has-text-align-left\" data-align=\"left\">800\u20136000<\/td><td class=\"has-text-align-left\" data-align=\"left\">800\u20136000<\/td><td class=\"has-text-align-left\" data-align=\"left\">800\u20136000<\/td><\/tr><\/tbody><\/table><\/figure>\n<\/div>\n\n\n\n<div class=\"wp-block-column is-layout-flow wp-block-column-is-layout-flow\">\n<h2 class=\"wp-block-heading is-style-h3\">Casete de fa\u021bad\u0103 15 mm<\/h2>\n\n\n\n<figure class=\"wp-block-table\"><table><tbody><tr><td>Cod produs<\/td><td class=\"has-text-align-left\" data-align=\"left\">PSF 270.417.15<\/td><td class=\"has-text-align-left\" data-align=\"left\">PSF 165.312.15<\/td><td class=\"has-text-align-left\" data-align=\"left\">PSF 103.250.15<\/td><\/tr><tr><td>Suprapunere<\/td><td class=\"has-text-align-left\" data-align=\"left\">270<\/td><td class=\"has-text-align-left\" data-align=\"left\">165<\/td><td class=\"has-text-align-left\" data-align=\"left\">103<\/td><\/tr><tr><td>Fa\u021ba panoului:<\/td><td class=\"has-text-align-left\" data-align=\"left\">255<\/td><td class=\"has-text-align-left\" data-align=\"left\">150<\/td><td class=\"has-text-align-left\" data-align=\"left\">88<\/td><\/tr><tr><td>Grosimea:<\/td><td class=\"has-text-align-left\" data-align=\"left\">0,7\u20131,0<\/td><td class=\"has-text-align-left\" data-align=\"left\">0,7\u20131,0<\/td><td class=\"has-text-align-left\" data-align=\"left\">0,7\u20131,0<\/td><\/tr><tr><td>Lungime util\u0103:<\/td><td class=\"has-text-align-left\" data-align=\"left\">800\u20136000<\/td><td class=\"has-text-align-left\" data-align=\"left\">800\u20136000<\/td><td class=\"has-text-align-left\" data-align=\"left\">800\u20136000<\/td><\/tr><\/tbody><\/table><\/figure>\n<\/div>\n<\/div>\n\n\n<div class=\"wp-block-image\">\n<figure class=\"aligncenter size-large is-resized\"><img loading=\"lazy\" decoding=\"async\" width=\"590\" height=\"1024\" src=\"https:\/\/impro.ro\/wp-content\/uploads\/2022\/12\/LINEA-SPEC-HU-590x1024.png\" alt=\"\" class=\"wp-image-47462\" style=\"width:443px;height:768px\" srcset=\"https:\/\/bp2.eu\/wp-content\/uploads\/2022\/12\/LINEA-SPEC-HU-590x1024.png 590w, https:\/\/bp2.eu\/wp-content\/uploads\/2022\/12\/LINEA-SPEC-HU-768x1332.png 768w, https:\/\/bp2.eu\/wp-content\/uploads\/2022\/12\/LINEA-SPEC-HU-886x1536.png 886w, https:\/\/bp2.eu\/wp-content\/uploads\/2022\/12\/LINEA-SPEC-HU-1181x2048.png 1181w, https:\/\/bp2.eu\/wp-content\/uploads\/2022\/12\/LINEA-SPEC-HU.png 1200w\" sizes=\"auto, (max-width: 590px) 100vw, 590px\" \/><\/figure>\n<\/div><\/div><\/div>\n\n\n\n<div style=\"height:100px\" aria-hidden=\"true\" class=\"wp-block-spacer is-style-smaller-spacer\"><\/div>\n\n\n\n<div class=\"wp-block-group\"><div class=\"wp-block-group__inner-container is-layout-flow wp-block-group-is-layout-flow\">\n<ul class=\"wp-block-list\">\n<li>V\u0103 oferim posibilitatea de perforare a casetelor \u00eentr-o gam\u0103 larg\u0103 de dimensiuni \u0219i forme. Detaliile sunt stabilite \u00een mod individual cu departamentul comercial.<\/li>\n\n\n\n<li>Exist\u0103 posibilitatea execut\u0103rii de panouri personalizate. Detaliile trebuie stabilite individual cu departamentul comercial.<\/li>\n<\/ul>\n<\/div><\/div>\n","protected":false},"featured_media":25649,"menu_order":233,"template":"","product_category":[2003,2004],"warranty":[1980,1982],"product_serie":[],"class_list":["post-82901","product","type-product","status-publish","has-post-thumbnail","hentry","product_category-acoperisuri-comerciale","product_category-sisteme-pentru-fatade","warranty-10-lat-ro","warranty-20-lat-ro"],"acf":[],"_links":{"self":[{"href":"https:\/\/bp2.eu\/ro\/wp-json\/wp\/v2\/product\/82901","targetHints":{"allow":["GET"]}}],"collection":[{"href":"https:\/\/bp2.eu\/ro\/wp-json\/wp\/v2\/product"}],"about":[{"href":"https:\/\/bp2.eu\/ro\/wp-json\/wp\/v2\/types\/product"}],"wp:featuredmedia":[{"embeddable":true,"href":"https:\/\/bp2.eu\/ro\/wp-json\/wp\/v2\/media\/25649"}],"wp:attachment":[{"href":"https:\/\/bp2.eu\/ro\/wp-json\/wp\/v2\/media?parent=82901"}],"wp:term":[{"taxonomy":"product_category","embeddable":true,"href":"https:\/\/bp2.eu\/ro\/wp-json\/wp\/v2\/product_category?post=82901"},{"taxonomy":"warranty","embeddable":true,"href":"https:\/\/bp2.eu\/ro\/wp-json\/wp\/v2\/warranty?post=82901"},{"taxonomy":"product_serie","embeddable":true,"href":"https:\/\/bp2.eu\/ro\/wp-json\/wp\/v2\/product_serie?post=82901"}],"curies":[{"name":"wp","href":"https:\/\/api.w.org\/{rel}","templated":true}]}}