{"id":83045,"date":"2022-03-25T13:03:02","date_gmt":"2022-03-25T12:03:02","guid":{"rendered":"https:\/\/bp2.eu\/produkt\/blachy-plaskie\/"},"modified":"2025-07-01T15:16:46","modified_gmt":"2025-07-01T13:16:46","slug":"table-plane","status":"publish","type":"product","link":"https:\/\/bp2.eu\/ro\/produkt\/table-plane\/","title":{"rendered":"Table plane"},"content":{"rendered":"\n<div class=\"wp-block-group\"><div class=\"wp-block-group__inner-container is-layout-flow wp-block-group-is-layout-flow\">\n<div style=\"height:100px\" aria-hidden=\"true\" class=\"wp-block-spacer is-style-small-spacer\"><\/div>\n\n\n\n<div class=\"wp-block-columns has-dark-gray-background-color has-background is-layout-flex wp-container-core-columns-is-layout-9d6595d7 wp-block-columns-is-layout-flex\">\n<div class=\"wp-block-column is-layout-flow wp-block-column-is-layout-flow\">\n<h2 class=\"wp-block-heading has-text-align-center is-style-h3\"><strong>Foi galvanizate [mm]<\/strong><\/h2>\n\n\n\n<figure class=\"wp-block-table\"><table><tbody><tr><td class=\"has-text-align-center\" data-align=\"center\">0,50 mm x 1000 mm x 2000 mm1000<\/td><\/tr><tr><td class=\"has-text-align-center\" data-align=\"center\">0,50 mm x 1250 mm x 2000 mm<\/td><\/tr><tr><td class=\"has-text-align-center\" data-align=\"center\">0,70 mm x 1250 mm x 2000 mm<\/td><\/tr><tr><td class=\"has-text-align-center\" data-align=\"center\">1,00 mm x 1250 mm x 2000 mm<\/td><\/tr><\/tbody><\/table><\/figure>\n<\/div>\n\n\n\n<div class=\"wp-block-column is-layout-flow wp-block-column-is-layout-flow\">\n<h2 class=\"wp-block-heading has-text-align-center is-style-h3\"><strong>Foi Aluzinc [mm]<\/strong><\/h2>\n\n\n\n<figure class=\"wp-block-table\"><table><tbody><tr><td class=\"has-text-align-center\" data-align=\"center\">0,50 mm x 1250 mm x 2000 mm<\/td><\/tr><tr><td class=\"has-text-align-center\" data-align=\"center\">0,70 mm x 1250 mm x 2000 mm<\/td><\/tr><\/tbody><\/table><\/figure>\n<\/div>\n\n\n\n<div class=\"wp-block-column is-layout-flow wp-block-column-is-layout-flow\">\n<h2 class=\"wp-block-heading has-text-align-center is-style-h3\"><strong>Foi acoperite [mm]<\/strong><\/h2>\n\n\n\n<figure class=\"wp-block-table\"><table><tbody><tr><td class=\"has-text-align-center\" data-align=\"center\">0,50&nbsp; mm x 1250 mm x 2000 mm<\/td><\/tr><tr><td class=\"has-text-align-center\" data-align=\"center\">0,70&nbsp; mm x 1250 mm x 2000 mm<\/td><\/tr><\/tbody><\/table><\/figure>\n<\/div>\n\n\n\n<div class=\"wp-block-column is-layout-flow wp-block-column-is-layout-flow\">\n<h2 class=\"wp-block-heading has-text-align-center is-style-h3\">F\u00e2\u0219ierea foii \u0219i decupare \u00een func\u021bie de cerin\u021bele individuale.<\/h2>\n\n\n\n<p class=\"has-text-align-center\"><strong><strong>Parametrii tehnici*<\/strong><\/strong><\/p>\n\n\n\n<figure class=\"wp-block-table\"><table><tbody><tr><td class=\"has-text-align-center\" data-align=\"center\">Grosimea foii: <br>0,4\u20132,0 mm<\/td><\/tr><tr><td class=\"has-text-align-center\" data-align=\"center\">Dimensiunea minim\u0103<br>70\u00d7100 mm<\/td><\/tr><tr><td class=\"has-text-align-center\" data-align=\"center\">Lungimea maxim\u0103 a foii: <br>6000 mm<\/td><\/tr><\/tbody><\/table><\/figure>\n<\/div>\n<\/div>\n<\/div><\/div>\n\n\n\n<div class=\"wp-block-group\"><div class=\"wp-block-group__inner-container is-layout-flow wp-block-group-is-layout-flow\">\n<div style=\"height:100px\" aria-hidden=\"true\" class=\"wp-block-spacer is-style-small-spacer\"><\/div>\n\n\n\n<h2 class=\"wp-block-heading has-text-align-center is-style-h3\">SERVICII DE F\u00c2\u0218IERE \u0218I REBOBINARE<\/h2>\n\n\n\n<p class=\"has-text-align-center\">(realizat la comand\u0103)<\/p>\n\n\n\n<div style=\"height:100px\" aria-hidden=\"true\" class=\"wp-block-spacer is-style-small-spacer\"><\/div>\n\n\n\n<div class=\"wp-block-columns is-layout-flex wp-container-core-columns-is-layout-9d6595d7 wp-block-columns-is-layout-flex\">\n<div class=\"wp-block-column is-layout-flow wp-block-column-is-layout-flow\"><div class=\"wp-block-image\">\n<figure class=\"aligncenter size-full is-resized\"><img loading=\"lazy\" decoding=\"async\" src=\"https:\/\/impro.ro\/wp-content\/uploads\/2022\/03\/SCS_ciecie_przewijanie_1.png\" alt=\"\" class=\"wp-image-5133\" style=\"width:383px;height:162px\" width=\"383\" height=\"162\"\/><\/figure>\n<\/div>\n\n\n<p class=\"has-text-align-center\">\u00cenainte de f\u00e2\u0219iere, foaia poate fi protejat\u0103 cu o folie protectoare sau cu un strat de anticondens.<\/p>\n<\/div>\n\n\n\n<div class=\"wp-block-column is-layout-flow wp-block-column-is-layout-flow\"><div class=\"wp-block-image\">\n<figure class=\"aligncenter size-full is-resized\"><img loading=\"lazy\" decoding=\"async\" src=\"https:\/\/impro.ro\/wp-content\/uploads\/2022\/03\/SCS_ciecie_przewijanie_2.png\" alt=\"\" class=\"wp-image-5142\" style=\"width:383px;height:162px\" width=\"383\" height=\"162\"\/><\/figure>\n<\/div>\n\n\n<p class=\"has-text-align-center\">F\u00e2\u0219ierea longitudinal\u0103, t\u0103ierea \u00een benzi \u00een func\u021bie de cerin\u021bele individuale.<\/p>\n<\/div>\n\n\n\n<div class=\"wp-block-column is-layout-flow wp-block-column-is-layout-flow\"><div class=\"wp-block-image\">\n<figure class=\"aligncenter size-full is-resized\"><img loading=\"lazy\" decoding=\"async\" src=\"https:\/\/impro.ro\/wp-content\/uploads\/2022\/03\/SCS_ciecie_przewijanie_3.png\" alt=\"\" class=\"wp-image-5147\" style=\"width:383px;height:162px\" width=\"383\" height=\"162\"\/><\/figure>\n<\/div>\n\n\n<p class=\"has-text-align-center\">F\u00e2\u0219ierea \u00een foi \u0219i formate \u00een conformitate cu comenzile individuale. Grosimea maxim\u0103 a foii este de 3 mm, formatul minim este de 100 mm x 70 mm.<\/p>\n<\/div>\n<\/div>\n\n\n\n<div style=\"height:100px\" aria-hidden=\"true\" class=\"wp-block-spacer is-style-small-spacer\"><\/div>\n\n\n\n<div class=\"wp-block-columns is-layout-flex wp-container-core-columns-is-layout-9d6595d7 wp-block-columns-is-layout-flex\">\n<div class=\"wp-block-column is-layout-flow wp-block-column-is-layout-flow\"><div class=\"wp-block-image\">\n<figure class=\"aligncenter size-full is-resized\"><img loading=\"lazy\" decoding=\"async\" src=\"https:\/\/impro.ro\/wp-content\/uploads\/2022\/03\/SCS_ciecie_przewijanie_4.png\" alt=\"\" class=\"wp-image-5152\" style=\"width:383px;height:162px\" width=\"383\" height=\"162\"\/><\/figure>\n<\/div>\n\n\n<p class=\"has-text-align-center\">F\u00e2\u0219ierea longitudinal\u0103, t\u0103ierea \u00een benzi \u00een func\u021bie de cerin\u021bele individuale.<\/p>\n<\/div>\n\n\n\n<div class=\"wp-block-column is-layout-flow wp-block-column-is-layout-flow\"><div class=\"wp-block-image\">\n<figure class=\"aligncenter size-full is-resized\"><img loading=\"lazy\" decoding=\"async\" src=\"https:\/\/impro.ro\/wp-content\/uploads\/2022\/03\/blachy_plaskie_perforacja-1.jpg\" alt=\"\" class=\"wp-image-5945\" style=\"width:383px;height:162px\" width=\"383\" height=\"162\"\/><\/figure>\n<\/div>\n\n\n<p class=\"has-text-align-center\">Pl\u0103cile plate pot fi perforate. Detaliile (forma, dimensiunea g\u0103urilor) sunt convenite individual cu departamentul comercial. Alte dimensiuni, formate \u0219i grosimi ale foilor sunt disponibile la cerere.<\/p>\n<\/div>\n\n\n\n<div class=\"wp-block-column is-layout-flow wp-block-column-is-layout-flow\"><\/div>\n<\/div>\n<\/div><\/div>\n","protected":false},"featured_media":25572,"menu_order":360,"template":"","product_category":[1988,2008],"warranty":[1980,1981,1982,1983,1984,1985,1986],"product_serie":[],"class_list":["post-83045","product","type-product","status-publish","has-post-thumbnail","hentry","product_category-acoperisuri-rezidentiale","product_category-table-plane","warranty-10-lat-ro","warranty-15-lat-ro","warranty-20-lat-ro","warranty-25-lat-ro","warranty-30-lat-ro","warranty-35-lat-ro","warranty-40-lat-ro"],"acf":[],"_links":{"self":[{"href":"https:\/\/bp2.eu\/ro\/wp-json\/wp\/v2\/product\/83045","targetHints":{"allow":["GET"]}}],"collection":[{"href":"https:\/\/bp2.eu\/ro\/wp-json\/wp\/v2\/product"}],"about":[{"href":"https:\/\/bp2.eu\/ro\/wp-json\/wp\/v2\/types\/product"}],"wp:featuredmedia":[{"embeddable":true,"href":"https:\/\/bp2.eu\/ro\/wp-json\/wp\/v2\/media\/25572"}],"wp:attachment":[{"href":"https:\/\/bp2.eu\/ro\/wp-json\/wp\/v2\/media?parent=83045"}],"wp:term":[{"taxonomy":"product_category","embeddable":true,"href":"https:\/\/bp2.eu\/ro\/wp-json\/wp\/v2\/product_category?post=83045"},{"taxonomy":"warranty","embeddable":true,"href":"https:\/\/bp2.eu\/ro\/wp-json\/wp\/v2\/warranty?post=83045"},{"taxonomy":"product_serie","embeddable":true,"href":"https:\/\/bp2.eu\/ro\/wp-json\/wp\/v2\/product_serie?post=83045"}],"curies":[{"name":"wp","href":"https:\/\/api.w.org\/{rel}","templated":true}]}}