{"id":83225,"date":"2021-04-10T14:47:00","date_gmt":"2021-04-10T12:47:00","guid":{"rendered":"https:\/\/bp2.eu\/produkt\/listwa-okapu\/"},"modified":"2025-07-01T15:19:42","modified_gmt":"2025-07-01T13:19:42","slug":"sortul-de-streasina","status":"publish","type":"product","link":"https:\/\/bp2.eu\/ro\/produkt\/sortul-de-streasina\/","title":{"rendered":"\u015eor\u0163ul de strea\u015fin\u0103"},"content":{"rendered":"","protected":false},"featured_media":33855,"menu_order":517,"template":"","product_category":[2009,2012],"warranty":[],"product_serie":[1633,1632,1631],"class_list":["post-83225","product","type-product","status-publish","has-post-thumbnail","hentry","product_category-prelucrari-din-tabla","product_category-jgheaburi-si-benzi-pentru-jgheaburi","product_serie-classic-series","product_serie-compact-series","product_serie-modular-series"],"acf":[],"_links":{"self":[{"href":"https:\/\/bp2.eu\/ro\/wp-json\/wp\/v2\/product\/83225","targetHints":{"allow":["GET"]}}],"collection":[{"href":"https:\/\/bp2.eu\/ro\/wp-json\/wp\/v2\/product"}],"about":[{"href":"https:\/\/bp2.eu\/ro\/wp-json\/wp\/v2\/types\/product"}],"wp:featuredmedia":[{"embeddable":true,"href":"https:\/\/bp2.eu\/ro\/wp-json\/wp\/v2\/media\/33855"}],"wp:attachment":[{"href":"https:\/\/bp2.eu\/ro\/wp-json\/wp\/v2\/media?parent=83225"}],"wp:term":[{"taxonomy":"product_category","embeddable":true,"href":"https:\/\/bp2.eu\/ro\/wp-json\/wp\/v2\/product_category?post=83225"},{"taxonomy":"warranty","embeddable":true,"href":"https:\/\/bp2.eu\/ro\/wp-json\/wp\/v2\/warranty?post=83225"},{"taxonomy":"product_serie","embeddable":true,"href":"https:\/\/bp2.eu\/ro\/wp-json\/wp\/v2\/product_serie?post=83225"}],"curies":[{"name":"wp","href":"https:\/\/api.w.org\/{rel}","templated":true}]}}