{"id":83231,"date":"2021-04-10T15:44:00","date_gmt":"2021-04-10T13:44:00","guid":{"rendered":"https:\/\/bp2.eu\/produkt\/uniwersalny-pas-podrynnowy-przedluzenie-wiatrownicy\/"},"modified":"2025-07-01T15:19:52","modified_gmt":"2025-07-01T13:19:52","slug":"sort-de-strasina-prelungire-bordura-fonton","status":"publish","type":"product","link":"https:\/\/bp2.eu\/ro\/produkt\/sort-de-strasina-prelungire-bordura-fonton\/","title":{"rendered":"\u015eor\u0163 de stra\u015fin\u0103 \/ prelungire bordur\u0103 fonton"},"content":{"rendered":"","protected":false},"featured_media":33934,"menu_order":533,"template":"","product_category":[2009,2012],"warranty":[],"product_serie":[1633,1632,1631],"class_list":["post-83231","product","type-product","status-publish","has-post-thumbnail","hentry","product_category-prelucrari-din-tabla","product_category-jgheaburi-si-benzi-pentru-jgheaburi","product_serie-classic-series","product_serie-compact-series","product_serie-modular-series"],"acf":[],"_links":{"self":[{"href":"https:\/\/bp2.eu\/ro\/wp-json\/wp\/v2\/product\/83231","targetHints":{"allow":["GET"]}}],"collection":[{"href":"https:\/\/bp2.eu\/ro\/wp-json\/wp\/v2\/product"}],"about":[{"href":"https:\/\/bp2.eu\/ro\/wp-json\/wp\/v2\/types\/product"}],"wp:featuredmedia":[{"embeddable":true,"href":"https:\/\/bp2.eu\/ro\/wp-json\/wp\/v2\/media\/33934"}],"wp:attachment":[{"href":"https:\/\/bp2.eu\/ro\/wp-json\/wp\/v2\/media?parent=83231"}],"wp:term":[{"taxonomy":"product_category","embeddable":true,"href":"https:\/\/bp2.eu\/ro\/wp-json\/wp\/v2\/product_category?post=83231"},{"taxonomy":"warranty","embeddable":true,"href":"https:\/\/bp2.eu\/ro\/wp-json\/wp\/v2\/warranty?post=83231"},{"taxonomy":"product_serie","embeddable":true,"href":"https:\/\/bp2.eu\/ro\/wp-json\/wp\/v2\/product_serie?post=83231"}],"curies":[{"name":"wp","href":"https:\/\/api.w.org\/{rel}","templated":true}]}}