{"id":83250,"date":"2021-04-10T16:42:00","date_gmt":"2021-04-10T14:42:00","guid":{"rendered":"https:\/\/bp2.eu\/produkt\/pas-nadrynnowy\/"},"modified":"2025-07-01T15:19:47","modified_gmt":"2025-07-01T13:19:47","slug":"sort-de-streasina-in-jgheab","status":"publish","type":"product","link":"https:\/\/bp2.eu\/ro\/produkt\/sort-de-streasina-in-jgheab\/","title":{"rendered":"\u0218or\u0163 de strea\u015fin\u0103 \u00een jgheab"},"content":{"rendered":"","protected":false},"featured_media":33894,"menu_order":525,"template":"","product_category":[2009,2012],"warranty":[],"product_serie":[1633,1632,1631],"class_list":["post-83250","product","type-product","status-publish","has-post-thumbnail","hentry","product_category-prelucrari-din-tabla","product_category-jgheaburi-si-benzi-pentru-jgheaburi","product_serie-classic-series","product_serie-compact-series","product_serie-modular-series"],"acf":[],"_links":{"self":[{"href":"https:\/\/bp2.eu\/ro\/wp-json\/wp\/v2\/product\/83250","targetHints":{"allow":["GET"]}}],"collection":[{"href":"https:\/\/bp2.eu\/ro\/wp-json\/wp\/v2\/product"}],"about":[{"href":"https:\/\/bp2.eu\/ro\/wp-json\/wp\/v2\/types\/product"}],"wp:featuredmedia":[{"embeddable":true,"href":"https:\/\/bp2.eu\/ro\/wp-json\/wp\/v2\/media\/33894"}],"wp:attachment":[{"href":"https:\/\/bp2.eu\/ro\/wp-json\/wp\/v2\/media?parent=83250"}],"wp:term":[{"taxonomy":"product_category","embeddable":true,"href":"https:\/\/bp2.eu\/ro\/wp-json\/wp\/v2\/product_category?post=83250"},{"taxonomy":"warranty","embeddable":true,"href":"https:\/\/bp2.eu\/ro\/wp-json\/wp\/v2\/warranty?post=83250"},{"taxonomy":"product_serie","embeddable":true,"href":"https:\/\/bp2.eu\/ro\/wp-json\/wp\/v2\/product_serie?post=83250"}],"curies":[{"name":"wp","href":"https:\/\/api.w.org\/{rel}","templated":true}]}}