{"id":84531,"date":"2020-03-14T13:10:00","date_gmt":"2020-03-14T12:10:00","guid":{"rendered":"https:\/\/bp2.eu\/produkt\/lakiery-zaprawkowe\/"},"modified":"2024-09-11T12:49:54","modified_gmt":"2024-09-11T10:49:54","slug":"lacuri","status":"publish","type":"product","link":"https:\/\/bp2.eu\/ro\/produkt\/lacuri\/","title":{"rendered":"LACURI"},"content":{"rendered":"\n<div class=\"wp-block-group is-style-default has-gray-background-color has-background\"><div class=\"wp-block-group__inner-container is-layout-constrained wp-block-group-is-layout-constrained\">\n<div style=\"height:100px\" aria-hidden=\"true\" class=\"wp-block-spacer is-style-small-spacer\"><\/div>\n\n\n\n<div class=\"wp-block-columns is-layout-flex wp-container-core-columns-is-layout-9d6595d7 wp-block-columns-is-layout-flex\">\n<div class=\"wp-block-column is-layout-flow wp-block-column-is-layout-flow\">\n<h2 class=\"wp-block-heading has-large-font-size\">Care sunt aplica\u021biile vopselei lacuri mortar?<\/h2>\n\n\n\n<p>Lacul de mortar este un produs foarte versatil care \u0219i-a g\u0103sit o larg\u0103 aplicare \u00een industria acoperi\u0219urilor \u0219i a contract\u0103rii. Este extrem de util pentru o varietate de proiecte de construc\u021bii, at\u00e2t industriale, c\u00e2t \u0219i domestice.<\/p>\n<\/div>\n\n\n\n<div class=\"wp-block-column is-layout-flow wp-block-column-is-layout-flow\">\n<h2 class=\"wp-block-heading has-large-font-size\">Principalele aplica\u021bii ale lacului de mortar includ:<\/h2>\n\n\n\n<p>Acoperire de suprafa\u021b\u0103: Datorit\u0103 formulei sale durabile, ofer\u0103 protec\u021bie \u00eempotriva intemperiilor, a efectelor chimice \u0219i a deterior\u0103rilor mecanice. Etan\u0219area \u0219i umplerea fisurilor: Lacul de mortar este ideal \u0219i pentru etan\u0219area \u0219i umplerea fisurilor de pe diverse suprafe\u021be. Datorit\u0103 flexibilit\u0103\u021bii \u0219i aderen\u021bei sale ridicate, protejeaz\u0103 eficient \u00eempotriva apei, umidit\u0103\u021bii \u0219i a altor influen\u021be externe.<\/p>\n<\/div>\n<\/div>\n\n\n\n<div style=\"height:100px\" aria-hidden=\"true\" class=\"wp-block-spacer is-style-small-spacer\"><\/div>\n<\/div><\/div>\n","protected":false},"featured_media":23196,"menu_order":664,"template":"","product_category":[2016],"warranty":[],"product_serie":[],"class_list":["post-84531","product","type-product","status-publish","has-post-thumbnail","hentry","product_category-accesorii"],"acf":[],"_links":{"self":[{"href":"https:\/\/bp2.eu\/ro\/wp-json\/wp\/v2\/product\/84531","targetHints":{"allow":["GET"]}}],"collection":[{"href":"https:\/\/bp2.eu\/ro\/wp-json\/wp\/v2\/product"}],"about":[{"href":"https:\/\/bp2.eu\/ro\/wp-json\/wp\/v2\/types\/product"}],"wp:featuredmedia":[{"embeddable":true,"href":"https:\/\/bp2.eu\/ro\/wp-json\/wp\/v2\/media\/23196"}],"wp:attachment":[{"href":"https:\/\/bp2.eu\/ro\/wp-json\/wp\/v2\/media?parent=84531"}],"wp:term":[{"taxonomy":"product_category","embeddable":true,"href":"https:\/\/bp2.eu\/ro\/wp-json\/wp\/v2\/product_category?post=84531"},{"taxonomy":"warranty","embeddable":true,"href":"https:\/\/bp2.eu\/ro\/wp-json\/wp\/v2\/warranty?post=84531"},{"taxonomy":"product_serie","embeddable":true,"href":"https:\/\/bp2.eu\/ro\/wp-json\/wp\/v2\/product_serie?post=84531"}],"curies":[{"name":"wp","href":"https:\/\/api.w.org\/{rel}","templated":true}]}}