{"id":84534,"date":"2020-03-14T15:41:22","date_gmt":"2020-03-14T14:41:22","guid":{"rendered":"https:\/\/bp2.eu\/produkt\/membrana-dachowa-wysokoparoprzepuszczalna\/"},"modified":"2024-09-11T12:55:24","modified_gmt":"2024-09-11T10:55:24","slug":"membrana-de-acoperis-permeabila-la-vapori","status":"publish","type":"product","link":"https:\/\/bp2.eu\/ro\/produkt\/membrana-de-acoperis-permeabila-la-vapori\/","title":{"rendered":"MEMBRAN\u0102 DE ACOPERI\u015e PERMEABIL\u0102 LA VAPORI"},"content":{"rendered":"\n<div class=\"wp-block-group\"><div class=\"wp-block-group__inner-container is-layout-flow wp-block-group-is-layout-flow\">\n<div class=\"wp-block-columns is-style-default is-layout-flex wp-container-core-columns-is-layout-9d6595d7 wp-block-columns-is-layout-flex\">\n<div class=\"wp-block-column is-vertically-aligned-center is-style-space-left is-layout-flow wp-block-column-is-layout-flow\">\n<h3 class=\"wp-block-heading\"><strong>Avantaje:<\/strong><\/h3>\n\n\n\n<ul class=\"wp-block-list\">\n<li>permeabilitate uniform\u0103 \u015fi ridicat\u0103 la vapori.<\/li>\n\n\n\n<li>flexibilitate \u015fi greutate mic\u0103 pentru depozitare simpl\u0103,<\/li>\n\n\n\n<li>protec\u0163ie impermeabil\u0103 pentru acoperi\u015f,<\/li>\n\n\n\n<li>duritate mecanic\u0103 ridicat\u0103,<\/li>\n\n\n\n<li>rezisten\u0163\u0103 ridicat\u0103 la razele UV,<\/li>\n\n\n\n<li>informa\u0163ii exhaustive ce asigur\u0103 aplicarea corect\u0103.<\/li>\n<\/ul>\n<\/div>\n\n\n\n<div class=\"wp-block-column is-layout-flow wp-block-column-is-layout-flow\">\n<figure class=\"wp-block-image size-large\"><img loading=\"lazy\" decoding=\"async\" width=\"1024\" height=\"639\" src=\"https:\/\/bp2.eu\/wp-content\/uploads\/2022\/03\/dachowa3_ALL-1024x639.jpg\" alt=\"\" class=\"wp-image-2866\" srcset=\"https:\/\/bp2.eu\/wp-content\/uploads\/2022\/03\/dachowa3_ALL-1024x639.jpg 1024w, https:\/\/bp2.eu\/wp-content\/uploads\/2022\/03\/dachowa3_ALL-820x512.jpg 820w, https:\/\/bp2.eu\/wp-content\/uploads\/2022\/03\/dachowa3_ALL-768x479.jpg 768w, https:\/\/bp2.eu\/wp-content\/uploads\/2022\/03\/dachowa3_ALL-rotated.jpg 1080w\" sizes=\"auto, (max-width: 1024px) 100vw, 1024px\" \/><\/figure>\n<\/div>\n<\/div>\n<\/div><\/div>\n\n\n\n<div class=\"wp-block-group is-style-default has-gray-background-color has-background\"><div class=\"wp-block-group__inner-container is-layout-constrained wp-block-group-is-layout-constrained\">\n<div style=\"height:100px\" aria-hidden=\"true\" class=\"wp-block-spacer is-style-small-spacer\"><\/div>\n\n\n\n<div class=\"wp-block-columns is-layout-flex wp-container-core-columns-is-layout-9d6595d7 wp-block-columns-is-layout-flex\">\n<div class=\"wp-block-column is-layout-flow wp-block-column-is-layout-flow\">\n<h2 class=\"wp-block-heading has-large-font-size\">Principalele sarcini ale membranelor pentru acoperi\u0219uri includ:<\/h2>\n\n\n\n<ul class=\"wp-block-list\">\n<li>Permeabilitate ridicat\u0103 \u0219i uniform\u0103 la vapori &#8211; Permeabilitatea ridicat\u0103 la vapori a membranelor permite vaporilor de ap\u0103 s\u0103 fie elibera\u021bi liber din interiorul acoperi\u0219ului, prevenind condensul \u0219i formarea condensului d\u0103un\u0103tor care poate duce la apari\u021bia mucegaiului \u0219i a mucegaiului.<\/li>\n\n\n\n<li>Impermeabile pentru a proteja acoperi\u0219ul &#8211; &#8211; Membranele sunt impermeabile, ceea ce protejeaz\u0103 izola\u021bia termic\u0103 respectiv\u0103 \u0219i structura acoperi\u0219ului de efectele d\u0103un\u0103toare ale precipita\u021biilor, cum ar fi ploaia sau z\u0103pada, chiar \u0219i atunci c\u00e2nd precipita\u021biile sunt suflate de v\u00e2nt sub pant\u0103.<\/li>\n<\/ul>\n<\/div>\n\n\n\n<div class=\"wp-block-column is-layout-flow wp-block-column-is-layout-flow\">\n<h2 class=\"wp-block-heading has-large-font-size\">Membranele de acoperi\u0219 BP2 se disting prin calitatea \u00eenalt\u0103 a manoperei.<\/h2>\n\n\n\n<p>folosind cele mai bune materiale, ceea ce le garanteaz\u0103 durabilitatea \u0219i fiabilitatea. Membranele de acoperi\u0219 BP2 sunt flexibile, iar greutatea lor redus\u0103 le face u\u0219or de a\u0219ezat pe pant\u0103. Acestea prezint\u0103 rezisten\u021b\u0103 ridicat\u0103 la UV \u0219i rezisten\u021b\u0103 mecanic\u0103. O gam\u0103 larg\u0103 de membrane cu parametri tehnici diferi\u021bi permite adaptarea solu\u021biei potrivite la fiecare tip de acoperi\u0219. Pre\u021bul atractiv al membranelor BP2 este un avantaj suplimentar pentru investitori. Alegerea membranelor BP2 pentru acoperi\u0219uri este o garan\u021bie a protec\u021biei de lung\u0103 durat\u0103 a acoperi\u0219ului, a confortului \u00een utilizare \u0219i a economiilor. V\u0103 rug\u0103m s\u0103 nu ezita\u021bi s\u0103 contacta\u021bi un consilier pentru a v\u0103 ajuta \u00een alegerea membranei potrivite pentru proiectul dumneavoastr\u0103.<\/p>\n<\/div>\n<\/div>\n\n\n\n<div style=\"height:100px\" aria-hidden=\"true\" class=\"wp-block-spacer is-style-small-spacer\"><\/div>\n<\/div><\/div>\n","protected":false},"featured_media":28431,"menu_order":672,"template":"","product_category":[2016],"warranty":[],"product_serie":[],"class_list":["post-84534","product","type-product","status-publish","has-post-thumbnail","hentry","product_category-accesorii"],"acf":[],"_links":{"self":[{"href":"https:\/\/bp2.eu\/ro\/wp-json\/wp\/v2\/product\/84534","targetHints":{"allow":["GET"]}}],"collection":[{"href":"https:\/\/bp2.eu\/ro\/wp-json\/wp\/v2\/product"}],"about":[{"href":"https:\/\/bp2.eu\/ro\/wp-json\/wp\/v2\/types\/product"}],"wp:featuredmedia":[{"embeddable":true,"href":"https:\/\/bp2.eu\/ro\/wp-json\/wp\/v2\/media\/28431"}],"wp:attachment":[{"href":"https:\/\/bp2.eu\/ro\/wp-json\/wp\/v2\/media?parent=84534"}],"wp:term":[{"taxonomy":"product_category","embeddable":true,"href":"https:\/\/bp2.eu\/ro\/wp-json\/wp\/v2\/product_category?post=84534"},{"taxonomy":"warranty","embeddable":true,"href":"https:\/\/bp2.eu\/ro\/wp-json\/wp\/v2\/warranty?post=84534"},{"taxonomy":"product_serie","embeddable":true,"href":"https:\/\/bp2.eu\/ro\/wp-json\/wp\/v2\/product_serie?post=84534"}],"curies":[{"name":"wp","href":"https:\/\/api.w.org\/{rel}","templated":true}]}}