{"id":84540,"date":"2020-03-14T15:40:00","date_gmt":"2020-03-14T14:40:00","guid":{"rendered":"https:\/\/bp2.eu\/produkt\/systemy-mocowan\/"},"modified":"2024-09-11T13:07:57","modified_gmt":"2024-09-11T11:07:57","slug":"sistemul-de-fixare","status":"publish","type":"product","link":"https:\/\/bp2.eu\/ro\/produkt\/sistemul-de-fixare\/","title":{"rendered":"SISTEMUL DE FIXARE"},"content":{"rendered":"\n<div class=\"wp-block-group is-style-default has-gray-background-color has-background\"><div class=\"wp-block-group__inner-container is-layout-constrained wp-block-group-is-layout-constrained\">\n<div style=\"height:100px\" aria-hidden=\"true\" class=\"wp-block-spacer is-style-small-spacer\"><\/div>\n\n\n\n<div class=\"wp-block-columns is-layout-flex wp-container-core-columns-is-layout-9d6595d7 wp-block-columns-is-layout-flex\">\n<div class=\"wp-block-column is-layout-flow wp-block-column-is-layout-flow\">\n<h2 class=\"wp-block-heading has-large-font-size\">Avantajele sistemelor noastre de fixare:<\/h2>\n\n\n\n<ul class=\"wp-block-list\">\n<li>Grosime garantat\u0103 a stratului de zinc &#8211; Ofer\u0103 protec\u021bie de lung\u0103 durat\u0103 \u00eempotriva coroziunii, chiar \u0219i \u00een condi\u021bii meteorologice extreme.<\/li>\n\n\n\n<li>\u0218aib\u0103 pentru \u0219uruburi Farmer &#8211; Cre\u0219te stabilitatea conexiunii \u0219i previne sl\u0103birea \u0219uruburilor.<\/li>\n\n\n\n<li>Garnitura EPDM &#8211; Protejeaz\u0103 \u00eempotriva p\u0103trunderii apei \u0219i umidit\u0103\u021bii, asigur\u00e2nd o conexiune etan\u0219\u0103.<\/li>\n\n\n\n<li>Rezistent la UV &#8211; Garanteaz\u0103 o fixare durabil\u0103 \u0219i fiabil\u0103 pentru mul\u021bi ani.<\/li>\n\n\n\n<li>Gam\u0103 larg\u0103 de solu\u021bii &#8211; Fix\u0103ri standard: Pentru conexiuni tipice \u00een construc\u021biile metalice. Cuie spiralate: O modalitate rapid\u0103 \u0219i eficient\u0103 de fixare a tablelor trapezoidale.<\/li>\n\n\n\n<li>\u0218uruburi \u0219i cuie: pentru fixarea componentelor structurale grele.<\/li>\n\n\n\n<li>Suporturi personalizate: disponibile la cerere, adaptate la nevoile individuale ale clien\u021bilor.<\/li>\n<\/ul>\n<\/div>\n\n\n\n<div class=\"wp-block-column is-layout-flow wp-block-column-is-layout-flow\">\n<h2 class=\"wp-block-heading has-large-font-size\">De ce s\u0103 alege\u021bi sistemele noastre de fixare?<\/h2>\n\n\n\n<ul class=\"wp-block-list\">\n<li>Garan\u021bia calit\u0103\u021bii: Toate produsele noastre vin cu o garan\u021bie de calitate.<\/li>\n\n\n\n<li>Experien\u021b\u0103: Avem mul\u021bi ani de experien\u021b\u0103.<\/li>\n\n\n\n<li>Consultan\u021b\u0103 de specialitate: exper\u021bii no\u0219tri v\u0103 vor ajuta s\u0103 alege\u021bi sistemele de fixare potrivite pentru proiectul dumneavoastr\u0103.<\/li>\n<\/ul>\n<\/div>\n<\/div>\n\n\n\n<div style=\"height:100px\" aria-hidden=\"true\" class=\"wp-block-spacer is-style-small-spacer\"><\/div>\n<\/div><\/div>\n","protected":false},"featured_media":23158,"menu_order":688,"template":"","product_category":[2016],"warranty":[],"product_serie":[],"class_list":["post-84540","product","type-product","status-publish","has-post-thumbnail","hentry","product_category-accesorii"],"acf":[],"_links":{"self":[{"href":"https:\/\/bp2.eu\/ro\/wp-json\/wp\/v2\/product\/84540","targetHints":{"allow":["GET"]}}],"collection":[{"href":"https:\/\/bp2.eu\/ro\/wp-json\/wp\/v2\/product"}],"about":[{"href":"https:\/\/bp2.eu\/ro\/wp-json\/wp\/v2\/types\/product"}],"wp:featuredmedia":[{"embeddable":true,"href":"https:\/\/bp2.eu\/ro\/wp-json\/wp\/v2\/media\/23158"}],"wp:attachment":[{"href":"https:\/\/bp2.eu\/ro\/wp-json\/wp\/v2\/media?parent=84540"}],"wp:term":[{"taxonomy":"product_category","embeddable":true,"href":"https:\/\/bp2.eu\/ro\/wp-json\/wp\/v2\/product_category?post=84540"},{"taxonomy":"warranty","embeddable":true,"href":"https:\/\/bp2.eu\/ro\/wp-json\/wp\/v2\/warranty?post=84540"},{"taxonomy":"product_serie","embeddable":true,"href":"https:\/\/bp2.eu\/ro\/wp-json\/wp\/v2\/product_serie?post=84540"}],"curies":[{"name":"wp","href":"https:\/\/api.w.org\/{rel}","templated":true}]}}