{"id":84543,"date":"2020-03-14T15:39:00","date_gmt":"2020-03-14T14:39:00","guid":{"rendered":"https:\/\/bp2.eu\/produkt\/silikony\/"},"modified":"2024-09-11T13:11:41","modified_gmt":"2024-09-11T11:11:41","slug":"silicoanele","status":"publish","type":"product","link":"https:\/\/bp2.eu\/ro\/produkt\/silicoanele\/","title":{"rendered":"Silikony"},"content":{"rendered":"\n<div class=\"wp-block-group is-style-default has-gray-background-color has-background\"><div class=\"wp-block-group__inner-container is-layout-constrained wp-block-group-is-layout-constrained\">\n<div style=\"height:100px\" aria-hidden=\"true\" class=\"wp-block-spacer is-style-small-spacer\"><\/div>\n\n\n\n<div class=\"wp-block-columns is-layout-flex wp-container-core-columns-is-layout-9d6595d7 wp-block-columns-is-layout-flex\">\n<div class=\"wp-block-column is-layout-flow wp-block-column-is-layout-flow\">\n<h2 class=\"wp-block-heading has-large-font-size\">Acestea sunt utilizate pentru etan\u0219area elastic\u0103 a diferitelor tipuri de \u00eembin\u0103ri:<\/h2>\n\n\n\n<ul class=\"wp-block-list\">\n<li>Foi pentru acoperi\u0219uri: Silicoanele pentru acoperi\u0219uri sunt ideale pentru etan\u0219area rosturilor foilor trapezoidale, a foilor de acoperi\u0219 \u0219i a altor materiale pentru acoperi\u0219uri.<\/li>\n\n\n\n<li>Rosturi de acoperi\u0219: siliconii sunt ideali pentru etan\u0219area rosturilor, cum ar fi contrav\u00e2nturile, \u021biglele de coam\u0103, col\u021burile \u0219i co\u0219urile de fum.<\/li>\n\n\n\n<li>Jgheaburi: silicoanele pentru acoperi\u0219uri pot fi utilizate pentru etan\u0219area jgheaburilor \u0219i a racordurilor \u021bevilor de scurgere.<\/li>\n<\/ul>\n<\/div>\n\n\n\n<div class=\"wp-block-column is-layout-flow wp-block-column-is-layout-flow\">\n<h2 class=\"wp-block-heading has-large-font-size\">Avantajele silicoanelor pentru acoperi\u0219uri:<\/h2>\n\n\n\n<ul class=\"wp-block-list\">\n<li>Extrem de flexibil: siliconul formeaz\u0103 o \u00eembinare elastic\u0103, rezistent\u0103 la vibra\u021bii \u0219i la deformarea termic\u0103 a acoperi\u0219ului.<\/li>\n\n\n\n<li>Rezisten\u021b\u0103 excelent\u0103 la ap\u0103: siliconul asigur\u0103 o etan\u0219are care \u00eempiedic\u0103 p\u0103trunderea apei \u0219i a umidit\u0103\u021bii.<\/li>\n\n\n\n<li>Durabilitate: garniturile de silicon sunt durabile \u0219i pot dura mul\u021bi ani.<\/li>\n\n\n\n<li>U\u0219or de aplicat: Siliconul pentru acoperi\u0219uri este u\u0219or de aplicat \u0219i neted.<\/li>\n<\/ul>\n<\/div>\n<\/div>\n\n\n\n<div style=\"height:100px\" aria-hidden=\"true\" class=\"wp-block-spacer is-style-small-spacer\"><\/div>\n<\/div><\/div>\n","protected":false},"featured_media":25622,"menu_order":703,"template":"","product_category":[2016],"warranty":[],"product_serie":[],"class_list":["post-84543","product","type-product","status-publish","has-post-thumbnail","hentry","product_category-accesorii"],"acf":[],"_links":{"self":[{"href":"https:\/\/bp2.eu\/ro\/wp-json\/wp\/v2\/product\/84543","targetHints":{"allow":["GET"]}}],"collection":[{"href":"https:\/\/bp2.eu\/ro\/wp-json\/wp\/v2\/product"}],"about":[{"href":"https:\/\/bp2.eu\/ro\/wp-json\/wp\/v2\/types\/product"}],"wp:featuredmedia":[{"embeddable":true,"href":"https:\/\/bp2.eu\/ro\/wp-json\/wp\/v2\/media\/25622"}],"wp:attachment":[{"href":"https:\/\/bp2.eu\/ro\/wp-json\/wp\/v2\/media?parent=84543"}],"wp:term":[{"taxonomy":"product_category","embeddable":true,"href":"https:\/\/bp2.eu\/ro\/wp-json\/wp\/v2\/product_category?post=84543"},{"taxonomy":"warranty","embeddable":true,"href":"https:\/\/bp2.eu\/ro\/wp-json\/wp\/v2\/warranty?post=84543"},{"taxonomy":"product_serie","embeddable":true,"href":"https:\/\/bp2.eu\/ro\/wp-json\/wp\/v2\/product_serie?post=84543"}],"curies":[{"name":"wp","href":"https:\/\/api.w.org\/{rel}","templated":true}]}}