{"id":84549,"date":"2020-03-14T15:19:00","date_gmt":"2020-03-14T14:19:00","guid":{"rendered":"https:\/\/bp2.eu\/produkt\/tasma-kalenicowa-2\/"},"modified":"2024-09-11T13:27:36","modified_gmt":"2024-09-11T11:27:36","slug":"banda-pentru-coama","status":"publish","type":"product","link":"https:\/\/bp2.eu\/ro\/produkt\/banda-pentru-coama\/","title":{"rendered":"BAND\u0102 PENTRU COAM\u0102"},"content":{"rendered":"\n<div class=\"wp-block-group is-style-default has-gray-background-color has-background\"><div class=\"wp-block-group__inner-container is-layout-constrained wp-block-group-is-layout-constrained\">\n<div style=\"height:100px\" aria-hidden=\"true\" class=\"wp-block-spacer is-style-small-spacer\"><\/div>\n\n\n\n<div class=\"wp-block-columns is-layout-flex wp-container-core-columns-is-layout-9d6595d7 wp-block-columns-is-layout-flex\">\n<div class=\"wp-block-column is-layout-flow wp-block-column-is-layout-flow\">\n<h2 class=\"wp-block-heading has-large-font-size\">Construc\u021bia \u0219i propriet\u0103\u021bile benzii de coam\u0103:<\/h2>\n\n\n\n<ul class=\"wp-block-list\">\n<li>Construc\u021bie cu dou\u0103 benzi: const\u0103 din dou\u0103 benzi de band\u0103 de aluminiu lipite \u00eempreun\u0103 cu o \u021bes\u0103tur\u0103 de polipropilen\u0103.<\/li>\n\n\n\n<li>Aplicare universal\u0103: Marginile special profilate permit instalarea pe orice tip de material pentru acoperi\u0219uri.<\/li>\n\n\n\n<li>Drenaj eficient: Marginile profilate ale benzii asigur\u0103 drenarea eficient\u0103 a apei de precipita\u021bii.<\/li>\n\n\n\n<li>Lipire durabil\u0103: Stratul de butil de pe marginile benzii garanteaz\u0103 o aderen\u021b\u0103 permanent\u0103 la \u00eenvelitoarea acoperi\u0219ului.<\/li>\n\n\n\n<li>Gam\u0103 larg\u0103 de aderen\u021b\u0103: Banda ader\u0103 pe suprafe\u021be poroase \u0219i netede.<\/li>\n<\/ul>\n<\/div>\n\n\n\n<div class=\"wp-block-column is-layout-flow wp-block-column-is-layout-flow\">\n<h2 class=\"wp-block-heading has-large-font-size\">Avantajele utiliz\u0103rii benzii de coam\u0103:<\/h2>\n\n\n\n<ul class=\"wp-block-list\">\n<li>Str\u00e2ngere excelent\u0103<\/li>\n\n\n\n<li>Rezisten\u021b\u0103 ridicat\u0103 la intemperii<\/li>\n\n\n\n<li>U\u0219urin\u021ba instal\u0103rii<\/li>\n\n\n\n<li>Disponibil \u00een diferite culori<\/li>\n<\/ul>\n<\/div>\n<\/div>\n\n\n\n<div style=\"height:100px\" aria-hidden=\"true\" class=\"wp-block-spacer is-style-small-spacer\"><\/div>\n<\/div><\/div>\n","protected":false},"featured_media":23166,"menu_order":718,"template":"","product_category":[2016],"warranty":[],"product_serie":[],"class_list":["post-84549","product","type-product","status-publish","has-post-thumbnail","hentry","product_category-accesorii"],"acf":[],"_links":{"self":[{"href":"https:\/\/bp2.eu\/ro\/wp-json\/wp\/v2\/product\/84549","targetHints":{"allow":["GET"]}}],"collection":[{"href":"https:\/\/bp2.eu\/ro\/wp-json\/wp\/v2\/product"}],"about":[{"href":"https:\/\/bp2.eu\/ro\/wp-json\/wp\/v2\/types\/product"}],"wp:featuredmedia":[{"embeddable":true,"href":"https:\/\/bp2.eu\/ro\/wp-json\/wp\/v2\/media\/23166"}],"wp:attachment":[{"href":"https:\/\/bp2.eu\/ro\/wp-json\/wp\/v2\/media?parent=84549"}],"wp:term":[{"taxonomy":"product_category","embeddable":true,"href":"https:\/\/bp2.eu\/ro\/wp-json\/wp\/v2\/product_category?post=84549"},{"taxonomy":"warranty","embeddable":true,"href":"https:\/\/bp2.eu\/ro\/wp-json\/wp\/v2\/warranty?post=84549"},{"taxonomy":"product_serie","embeddable":true,"href":"https:\/\/bp2.eu\/ro\/wp-json\/wp\/v2\/product_serie?post=84549"}],"curies":[{"name":"wp","href":"https:\/\/api.w.org\/{rel}","templated":true}]}}