{"id":84552,"date":"2020-03-14T14:58:00","date_gmt":"2020-03-14T13:58:00","guid":{"rendered":"https:\/\/bp2.eu\/produkt\/tasmy-uszczelniajace\/"},"modified":"2024-09-11T13:31:15","modified_gmt":"2024-09-11T11:31:15","slug":"benzi-de-etansare","status":"publish","type":"product","link":"https:\/\/bp2.eu\/ro\/produkt\/benzi-de-etansare\/","title":{"rendered":"BENZI DE ETAN\u015eARE"},"content":{"rendered":"\n<div class=\"wp-block-group is-style-default has-gray-background-color has-background\"><div class=\"wp-block-group__inner-container is-layout-constrained wp-block-group-is-layout-constrained\">\n<div style=\"height:100px\" aria-hidden=\"true\" class=\"wp-block-spacer is-style-small-spacer\"><\/div>\n\n\n\n<div class=\"wp-block-columns is-layout-flex wp-container-core-columns-is-layout-9d6595d7 wp-block-columns-is-layout-flex\">\n<div class=\"wp-block-column is-layout-flow wp-block-column-is-layout-flow\">\n<h2 class=\"wp-block-heading has-large-font-size\">Func\u021bie de etan\u0219are:<\/h2>\n\n\n\n<ul class=\"wp-block-list\">\n<li>Etan\u0219area rosturilor de dilata\u021bie \u00een sistemele de izolare a cl\u0103dirilor.<\/li>\n\n\n\n<li>Etan\u0219area rosturilor de mi\u0219care (rosturi de dilata\u021bie \u0219i rosturi de instalare).<\/li>\n\n\n\n<li>Etan\u0219\u0103ri pentru acoperi\u0219uri (etan\u0219area pantelor, v\u0103ilor \u0219i coastelor acoperi\u0219urilor, \u00een special pentru acoperi\u0219uri ceramice).<\/li>\n\n\n\n<li>Garnituri de etan\u0219are pentru ferestrele de acoperi\u0219.<\/li>\n\n\n\n<li>Umplerea golurilor din acoperi\u0219, lemn, beton \u0219i alte structuri.<\/li>\n<\/ul>\n<\/div>\n\n\n\n<div class=\"wp-block-column is-layout-flow wp-block-column-is-layout-flow\">\n<h2 class=\"wp-block-heading has-large-font-size\">Flexibilitate ridicat\u0103:<\/h2>\n\n\n\n<ul class=\"wp-block-list\">\n<li>Adaptare excelent\u0103 la forma acoperi\u0219ului, chiar \u0219i pe suprafe\u021be neuniforme.<\/li>\n\n\n\n<li>P\u0103streaz\u0103 flexibilitatea pe o gam\u0103 larg\u0103 de temperaturi.<\/li>\n\n\n\n<li>Durabilitate ridicat\u0103.<\/li>\n<\/ul>\n<\/div>\n<\/div>\n\n\n\n<div class=\"wp-block-columns is-layout-flex wp-container-core-columns-is-layout-9d6595d7 wp-block-columns-is-layout-flex\">\n<div class=\"wp-block-column is-layout-flow wp-block-column-is-layout-flow\">\n<h2 class=\"wp-block-heading has-large-font-size\">Izola\u021bie termic\u0103 excelent\u0103:<\/h2>\n\n\n\n<ul class=\"wp-block-list\">\n<li>Reducerea pierderilor de c\u0103ldur\u0103 din cl\u0103dire, men\u021bin\u00e2nd \u00een acela\u0219i timp o difuzie adecvat\u0103 a vaporilor.<\/li>\n<\/ul>\n<\/div>\n\n\n\n<div class=\"wp-block-column is-layout-flow wp-block-column-is-layout-flow\">\n<h2 class=\"wp-block-heading has-large-font-size\">U\u0219urin\u021ba de instalare:<\/h2>\n\n\n\n<ul class=\"wp-block-list\">\n<li>Instalare rapid\u0103 \u0219i simpl\u0103, f\u0103r\u0103 utilizarea de unelte speciale.<\/li>\n\n\n\n<li>Suprafa\u021b\u0103 autoadeziv\u0103 pentru o aplicare u\u0219oar\u0103 pe o varietate de materiale.<\/li>\n\n\n\n<li>Poate fi aplicat pe diferite tipuri de acoperi\u0219uri.<\/li>\n<\/ul>\n<\/div>\n<\/div>\n\n\n\n<div style=\"height:100px\" aria-hidden=\"true\" class=\"wp-block-spacer is-style-small-spacer\"><\/div>\n<\/div><\/div>\n","protected":false},"featured_media":23660,"menu_order":734,"template":"","product_category":[2016],"warranty":[],"product_serie":[],"class_list":["post-84552","product","type-product","status-publish","has-post-thumbnail","hentry","product_category-accesorii"],"acf":[],"_links":{"self":[{"href":"https:\/\/bp2.eu\/ro\/wp-json\/wp\/v2\/product\/84552","targetHints":{"allow":["GET"]}}],"collection":[{"href":"https:\/\/bp2.eu\/ro\/wp-json\/wp\/v2\/product"}],"about":[{"href":"https:\/\/bp2.eu\/ro\/wp-json\/wp\/v2\/types\/product"}],"wp:featuredmedia":[{"embeddable":true,"href":"https:\/\/bp2.eu\/ro\/wp-json\/wp\/v2\/media\/23660"}],"wp:attachment":[{"href":"https:\/\/bp2.eu\/ro\/wp-json\/wp\/v2\/media?parent=84552"}],"wp:term":[{"taxonomy":"product_category","embeddable":true,"href":"https:\/\/bp2.eu\/ro\/wp-json\/wp\/v2\/product_category?post=84552"},{"taxonomy":"warranty","embeddable":true,"href":"https:\/\/bp2.eu\/ro\/wp-json\/wp\/v2\/warranty?post=84552"},{"taxonomy":"product_serie","embeddable":true,"href":"https:\/\/bp2.eu\/ro\/wp-json\/wp\/v2\/product_serie?post=84552"}],"curies":[{"name":"wp","href":"https:\/\/api.w.org\/{rel}","templated":true}]}}