{"id":84558,"date":"2020-03-14T12:40:00","date_gmt":"2020-03-14T11:40:00","guid":{"rendered":"https:\/\/bp2.eu\/produkt\/wkret-typu-torx-z-podkladka-epdm\/"},"modified":"2024-09-12T08:50:03","modified_gmt":"2024-09-12T06:50:03","slug":"surub-torx-cu-saiba-epdm","status":"publish","type":"product","link":"https:\/\/bp2.eu\/ro\/produkt\/surub-torx-cu-saiba-epdm\/","title":{"rendered":"\u0218URUB TORX CU \u0218AIB\u0102 EPDM"},"content":{"rendered":"\n<div class=\"wp-block-group is-style-default has-gray-background-color has-background\"><div class=\"wp-block-group__inner-container is-layout-constrained wp-block-group-is-layout-constrained\">\n<div style=\"height:100px\" aria-hidden=\"true\" class=\"wp-block-spacer is-style-small-spacer\"><\/div>\n\n\n\n<div class=\"wp-block-columns is-layout-flex wp-container-core-columns-is-layout-9d6595d7 wp-block-columns-is-layout-flex\">\n<div class=\"wp-block-column is-layout-flow wp-block-column-is-layout-flow\">\n<h2 class=\"wp-block-heading has-large-font-size\">Avantaje de utilizare:<\/h2>\n\n\n\n<ul class=\"wp-block-list\">\n<li>Fixare sigur\u0103: Asigur\u0103 stabilitatea \u0219i siguran\u021ba \u00eentregii structuri a acoperi\u0219ului.<\/li>\n\n\n\n<li>Protec\u021bie \u00eempotriva scurgerilor: \u00cempiedic\u0103 p\u0103trunderea apei \u0219i a umidit\u0103\u021bii sub acoperi\u0219.<\/li>\n\n\n\n<li>Instalare rapid\u0103 \u0219i u\u0219oar\u0103: Forma ergonomic\u0103 a capului face \u00een\u0219urubarea u\u0219oar\u0103 \u0219i confortabil\u0103.<\/li>\n\n\n\n<li>Estetic\u0103: capetele de \u0219urub mai mici \u0219i mai plate nu stric\u0103 estetica acoperi\u0219ului.<\/li>\n\n\n\n<li>Versatilitate: Gam\u0103 larg\u0103 de aplica\u021bii \u00een instalarea acoperi\u0219urilor de tabl\u0103.<\/li>\n<\/ul>\n<\/div>\n\n\n\n<div class=\"wp-block-column is-layout-flow wp-block-column-is-layout-flow\">\n<h2 class=\"wp-block-heading has-large-font-size\">O alegere excelent\u0103 pentru acoperitori<\/h2>\n\n\n\n<p>\u0218urubul TORX cu \u0219aib\u0103 EPDM este o alegere excelent\u0103 pentru acoperitorii care caut\u0103 solu\u021bii durabile, estetice \u0219i versatile pentru instalarea acoperirilor din tabl\u0103 de o\u021bel. Arunca\u021bi o privire la gama noastr\u0103 \u0219i contacta\u021bi-ne pentru mai multe detalii.<\/p>\n<\/div>\n<\/div>\n\n\n\n<div style=\"height:100px\" aria-hidden=\"true\" class=\"wp-block-spacer is-style-small-spacer\"><\/div>\n<\/div><\/div>\n","protected":false},"featured_media":23602,"menu_order":681,"template":"","product_category":[2016],"warranty":[],"product_serie":[],"class_list":["post-84558","product","type-product","status-publish","has-post-thumbnail","hentry","product_category-accesorii"],"acf":[],"_links":{"self":[{"href":"https:\/\/bp2.eu\/ro\/wp-json\/wp\/v2\/product\/84558","targetHints":{"allow":["GET"]}}],"collection":[{"href":"https:\/\/bp2.eu\/ro\/wp-json\/wp\/v2\/product"}],"about":[{"href":"https:\/\/bp2.eu\/ro\/wp-json\/wp\/v2\/types\/product"}],"wp:featuredmedia":[{"embeddable":true,"href":"https:\/\/bp2.eu\/ro\/wp-json\/wp\/v2\/media\/23602"}],"wp:attachment":[{"href":"https:\/\/bp2.eu\/ro\/wp-json\/wp\/v2\/media?parent=84558"}],"wp:term":[{"taxonomy":"product_category","embeddable":true,"href":"https:\/\/bp2.eu\/ro\/wp-json\/wp\/v2\/product_category?post=84558"},{"taxonomy":"warranty","embeddable":true,"href":"https:\/\/bp2.eu\/ro\/wp-json\/wp\/v2\/warranty?post=84558"},{"taxonomy":"product_serie","embeddable":true,"href":"https:\/\/bp2.eu\/ro\/wp-json\/wp\/v2\/product_serie?post=84558"}],"curies":[{"name":"wp","href":"https:\/\/api.w.org\/{rel}","templated":true}]}}