{"id":84571,"date":"2023-08-29T11:05:36","date_gmt":"2023-08-29T09:05:36","guid":{"rendered":"https:\/\/bp2.eu\/produkt\/swietlik-polaciowy-spr-sky\/"},"modified":"2025-08-28T11:53:49","modified_gmt":"2025-08-28T09:53:49","slug":"luminatoarele-spr-sky-spr-sky-eco","status":"publish","type":"product","link":"https:\/\/bp2.eu\/ro\/produkt\/luminatoarele-spr-sky-spr-sky-eco\/","title":{"rendered":"Luminatoarele SPR-SKY &amp; SPR-SKY ECO"},"content":{"rendered":"\n<div style=\"height:100px\" aria-hidden=\"true\" class=\"wp-block-spacer is-style-medium-spacer\"><\/div>\n\n\n\n<div class=\"wp-block-group is-style-default\"><div class=\"wp-block-group__inner-container is-layout-constrained wp-block-group-is-layout-constrained\">\n<div class=\"wp-block-columns is-style-default is-layout-flex wp-container-core-columns-is-layout-9d6595d7 wp-block-columns-is-layout-flex\">\n<div class=\"wp-block-column is-vertically-aligned-center is-style-full-height is-layout-flow wp-block-column-is-layout-flow\" style=\"flex-basis:50%\"><div class=\"wp-block-image\">\n<figure class=\"aligncenter size-full\"><img loading=\"lazy\" decoding=\"async\" width=\"2057\" height=\"2560\" src=\"https:\/\/bp2.eu\/wp-content\/uploads\/2023\/08\/Render_Swietlik-1A-1-scaled.jpg\" alt=\"\" class=\"wp-image-102603\" srcset=\"https:\/\/bp2.eu\/wp-content\/uploads\/2023\/08\/Render_Swietlik-1A-1-scaled.jpg 2057w, https:\/\/bp2.eu\/wp-content\/uploads\/2023\/08\/Render_Swietlik-1A-1-771x960.jpg 771w, https:\/\/bp2.eu\/wp-content\/uploads\/2023\/08\/Render_Swietlik-1A-1-823x1024.jpg 823w, https:\/\/bp2.eu\/wp-content\/uploads\/2023\/08\/Render_Swietlik-1A-1-768x956.jpg 768w, https:\/\/bp2.eu\/wp-content\/uploads\/2023\/08\/Render_Swietlik-1A-1-1234x1536.jpg 1234w, https:\/\/bp2.eu\/wp-content\/uploads\/2023\/08\/Render_Swietlik-1A-1-1646x2048.jpg 1646w\" sizes=\"auto, (max-width: 2057px) 100vw, 2057px\" \/><\/figure>\n<\/div><\/div>\n\n\n\n<div class=\"wp-block-column is-vertically-aligned-center is-style-default is-layout-flow wp-block-column-is-layout-flow\" style=\"flex-basis:50%\">\n<div class=\"wp-block-cover is-light is-style-full-height\"><span aria-hidden=\"true\" class=\"wp-block-cover__background has-background-dim-0 has-background-dim\"><\/span><div class=\"wp-block-cover__inner-container is-layout-constrained wp-block-cover-is-layout-constrained\">\n<figure class=\"wp-block-image size-full is-resized\"><img loading=\"lazy\" decoding=\"async\" width=\"250\" height=\"220\" src=\"https:\/\/bp2.eu\/wp-content\/uploads\/2024\/02\/swietlik-icon-1.png\" alt=\"SWIETLIK BP2\" class=\"wp-image-84596\" style=\"width:80px\"\/><\/figure>\n\n\n\n<h2 class=\"wp-block-heading is-style-h3 has-red-color has-text-color has-link-color wp-elements-fb0538e2fa675fad274be3f832920133\">Aplicarea luminatorului de acoperi\u0219 SPR-SKY<\/h2>\n\n\n\n<p>Utilizarea luminatorului de acoperi\u0219 <strong>SPR-SKY<\/strong> reprezint\u0103 o solu\u021bie eficient\u0103 pentru aducerea luminii naturale \u00een interiorul cl\u0103dirii. Chiar \u0219i cu o acoperire a suprafe\u021bei acoperi\u0219ului \u00eentre 7 \u0219i 15%, acesta poate \u00eenlocui iluminatul electric. Structura celular\u0103 a luminatorului reduce cre\u0219terea excesiv\u0103 a temperaturii cauzat\u0103 de radia\u021bia solar\u0103 \u0219i minimizeaz\u0103 pierderile de c\u0103ldur\u0103 acumulate \u00een cl\u0103dire. Luminatoarele pot fi folosite \u00een cl\u0103diri industriale cu acoperi\u0219uri \u00eenclinate (unghi de \u00eenclinare de peste 10%) realizate ca acoperi\u0219 cald din panouri sandwich. Luminatorul <strong>SPR-SKY<\/strong> poate fi montat ca iluminare punctual\u0103 sau ca band\u0103 luminoas\u0103 \u2013 de la coam\u0103 p\u00e2n\u0103 la strea\u0219in\u0103, \u00een mijlocul pantei, l\u00e2ng\u0103 coam\u0103 sau din mijlocul pantei p\u00e2n\u0103 la strea\u0219in\u0103. Luminatoarele <strong>SPR-SKY<\/strong> se conecteaz\u0103 la panourile sandwich prin \u00eembin\u0103ri laterale (pe nervuri) \u0219i finale (prin suprapunere), \u00eens\u0103 grosimea stratului exterior al luminatorului <strong>SPR-SKY<\/strong> este de 3-4 ori mai mare dec\u00e2t grosimea stratului exterior al panoului. Aceasta \u00eenseamn\u0103 c\u0103 la \u00eembin\u0103rile prin suprapunere straturile nu se potrivesc perfect, de aceea, la proiectare \u0219i montaj, trebuie acordat\u0103 o aten\u021bie deosebit\u0103 etan\u0219\u0103rii acestor \u00eembin\u0103ri. De asemenea, trebuie re\u021binut faptul c\u0103 luminatoarele nu sunt la fel de rezistente ca acoperi\u0219urile adiacente din panouri sandwich, motiv pentru care, pentru a asigura rezisten\u021ba \u0219i etan\u0219eitatea, montajul trebuie realizat conform instruc\u021biunilor \u0219i regulilor de construc\u021bie.<br>&nbsp;<\/p>\n<\/div><\/div>\n<\/div>\n<\/div>\n<\/div><\/div>\n\n\n\n<div class=\"wp-block-group is-style-default\"><div class=\"wp-block-group__inner-container is-layout-constrained wp-block-group-is-layout-constrained\">\n<div class=\"wp-block-columns is-style-default is-layout-flex wp-container-core-columns-is-layout-9d6595d7 wp-block-columns-is-layout-flex\">\n<div class=\"wp-block-column is-vertically-aligned-center is-style-default is-layout-flow wp-block-column-is-layout-flow\" style=\"flex-basis:50%\">\n<div class=\"wp-block-cover is-light is-style-full-height\"><span aria-hidden=\"true\" class=\"wp-block-cover__background has-background-dim-0 has-background-dim\"><\/span><div class=\"wp-block-cover__inner-container is-layout-constrained wp-block-cover-is-layout-constrained\">\n<figure class=\"wp-block-image size-full is-resized\"><img loading=\"lazy\" decoding=\"async\" width=\"250\" height=\"220\" src=\"https:\/\/bp2.eu\/wp-content\/uploads\/2024\/02\/swietlik-icon-1.png\" alt=\"SWIETLIK BP2\" class=\"wp-image-84596\" style=\"width:80px\"\/><\/figure>\n\n\n\n<h2 class=\"wp-block-heading is-style-h3 has-red-color has-text-color has-link-color wp-elements-5578cf9a3f9f1f77b8ec93668f625cd1\"><br><strong>Aplicarea luminatorului de acoperi\u0219 SPR-SKY ECO<\/strong><\/h2>\n\n\n\n<p>Utilizarea luminatorului de acoperi\u0219 <strong>SPR-SKY ECO<\/strong> este o solu\u021bie eficient\u0103 pentru aducerea luminii naturale \u00een interiorul cl\u0103dirii. Chiar \u0219i cu o acoperire a suprafe\u021bei acoperi\u0219ului \u00eentre 7% \u0219i 15%, acesta poate \u00eenlocui iluminatul electric. Structura celular\u0103 a luminatorului reduce cre\u0219terea excesiv\u0103 a temperaturii cauzat\u0103 de radia\u021bia solar\u0103 \u0219i minimizeaz\u0103 pierderile de c\u0103ldur\u0103 acumulate \u00een cl\u0103dire. Luminatoarele pot fi folosite \u00een cl\u0103diri industriale cu acoperi\u0219uri \u00eenclinate, iar unghiul minim de \u00eenclinare este identic cu cel al panoului de acoperi\u0219 <strong>SPR CORE<\/strong>, neconectat pe lungime \u0219i f\u0103r\u0103 treceri tehnologice, adic\u0103 5%, realizat ca acoperi\u0219 cald din panouri sandwich. Luminatorul <strong>SPR-SKY ECO<\/strong> poate fi montat ca o band\u0103 luminoas\u0103 de la coam\u0103 p\u00e2n\u0103 la strea\u0219in\u0103. De asemenea, trebuie re\u021binut c\u0103 luminatoarele nu sunt la fel de rezistente ca acoperi\u0219urile adiacente din panouri sandwich, motiv pentru care, pentru a asigura rezisten\u021ba \u0219i etan\u0219eitatea, montajul trebuie realizat conform instruc\u021biunilor \u0219i regulilor de construc\u021bie.<br>&nbsp;<\/p>\n<\/div><\/div>\n<\/div>\n\n\n\n<div class=\"wp-block-column is-vertically-aligned-center is-style-full-height is-layout-flow wp-block-column-is-layout-flow\" style=\"flex-basis:50%\"><div class=\"wp-block-image\">\n<figure class=\"aligncenter size-full\"><img loading=\"lazy\" decoding=\"async\" width=\"1920\" height=\"2560\" src=\"https:\/\/bp2.eu\/wp-content\/uploads\/2025\/08\/Render-SPR-SKY-ECO-OKLADKA-scaled.jpg\" alt=\"\" class=\"wp-image-102580\" srcset=\"https:\/\/bp2.eu\/wp-content\/uploads\/2025\/08\/Render-SPR-SKY-ECO-OKLADKA-scaled.jpg 1920w, https:\/\/bp2.eu\/wp-content\/uploads\/2025\/08\/Render-SPR-SKY-ECO-OKLADKA-720x960.jpg 720w, https:\/\/bp2.eu\/wp-content\/uploads\/2025\/08\/Render-SPR-SKY-ECO-OKLADKA-768x1024.jpg 768w, https:\/\/bp2.eu\/wp-content\/uploads\/2025\/08\/Render-SPR-SKY-ECO-OKLADKA-1152x1536.jpg 1152w, https:\/\/bp2.eu\/wp-content\/uploads\/2025\/08\/Render-SPR-SKY-ECO-OKLADKA-1536x2048.jpg 1536w\" sizes=\"auto, (max-width: 1920px) 100vw, 1920px\" \/><\/figure>\n<\/div><\/div>\n<\/div>\n<\/div><\/div>\n\n\n\n<div style=\"height:100px\" aria-hidden=\"true\" class=\"wp-block-spacer is-style-smaller-spacer\"><\/div>\n\n\n\n<div class=\"wp-block-group\"><div class=\"wp-block-group__inner-container is-layout-constrained wp-block-group-is-layout-constrained\">\n<h2 class=\"wp-block-heading has-text-align-center is-style-h3 has-red-color has-text-color\">Parametri tehnici SPR-SKY<\/h2>\n\n\n\n<div class=\"wp-block-columns is-layout-flex wp-container-core-columns-is-layout-9d6595d7 wp-block-columns-is-layout-flex\">\n<div class=\"wp-block-column is-layout-flow wp-block-column-is-layout-flow\">\n<figure class=\"wp-block-image size-full\"><img loading=\"lazy\" decoding=\"async\" width=\"600\" height=\"207\" src=\"https:\/\/bp2.eu\/wp-content\/uploads\/2023\/08\/swietlik-spec-3-ro.png\" alt=\"\" class=\"wp-image-84574\"\/><\/figure>\n<\/div>\n\n\n\n<div class=\"wp-block-column is-layout-flow wp-block-column-is-layout-flow\">\n<table style=\"width:100%; border-collapse:collapse; border-left:none; border-right:none;\">\n  <tbody>\n    <tr>\n      <td style=\"padding:8px; border-top:1px solid #ccc; border-bottom:1px solid #ccc; border-left:none; border-right:none;\">\n        <strong>MATERIAL:<\/strong>\n      <\/td>\n      <td style=\"padding:8px; border-top:1px solid #ccc; border-bottom:1px solid #ccc; border-left:none; border-right:none;\">\n        Compus r\u0103\u0219in\u0103-sticl\u0103 combinat cu policarbonat grosime 25 mm sau 32 mm\n      <\/td>\n    <\/tr>\n    <tr>\n      <td style=\"padding:8px; border-bottom:1px solid #ccc; border-left:none; border-right:none;\">\n        <strong>L\u0102\u021aIME MODULAR\u0102:<\/strong>\n      <\/td>\n      <td style=\"padding:8px; border-bottom:1px solid #ccc; border-left:none; border-right:none;\">\n        1050 mm\n      <\/td>\n    <\/tr>\n    <tr>\n      <td style=\"padding:8px; border-bottom:1px solid #ccc; border-left:none; border-right:none;\">\n        <strong>LUNGIMEA DESCHIDERII LUMINOASE:<\/strong>\n      <\/td>\n      <td style=\"padding:8px; border-bottom:1px solid #ccc; border-left:none; border-right:none;\">\n        7,0 m (lungime maxim\u0103 plac\u0103 7,2 m)<br>\n        Este permis\u0103 \u00eembinarea luminatoarelor pe lungime direct pe \u0219antier\n      <\/td>\n    <\/tr>\n    <tr>\n      <td style=\"padding:8px; border-bottom:1px solid #ccc; border-left:none; border-right:none;\">\n        <strong>UNGHI MINIM RECOMANDAT AL PANTEI ACOPERI\u0218ULUI:<\/strong>\n      <\/td>\n      <td style=\"padding:8px; border-bottom:1px solid #ccc; border-left:none; border-right:none;\">\n        10 % (cu suprapunere 20 cm)\n      <\/td>\n    <\/tr>\n    <tr>\n      <td style=\"padding:8px; border-bottom:1px solid #ccc; border-left:none; border-right:none;\">\n        <strong>DISTAN\u021aA MAXIM\u0102 \u00ceNTRE SUPORTURI:<\/strong>\n      <\/td>\n      <td style=\"padding:8px; border-bottom:1px solid #ccc; border-left:none; border-right:none;\">\n        1,5 m\n      <\/td>\n    <\/tr>\n    <tr>\n      <td style=\"padding:8px; border-bottom:1px solid #ccc; border-left:none; border-right:none;\">\n        <strong>GROSIME:<\/strong>\n      <\/td>\n      <td style=\"padding:8px; border-bottom:1px solid #ccc; border-left:none; border-right:none;\">\n        Policarbonat 25 mm \u2013 30 mm + \u00een\u0103l\u021bimea nervurii<br>\n        Policarbonat 32 mm \u2013 35 mm + \u00een\u0103l\u021bimea nervurii\n      <\/td>\n    <\/tr>\n    <tr>\n      <td style=\"padding:8px; border-bottom:1px solid #ccc; border-left:none; border-right:none;\">\n        <strong>GREUTATE:<\/strong>\n      <\/td>\n      <td style=\"padding:8px; border-bottom:1px solid #ccc; border-left:none; border-right:none;\">\n        5,9 kg \u00b1 5%\n      <\/td>\n    <\/tr>\n    <tr>\n      <td style=\"padding:8px; border-bottom:1px solid #ccc; border-left:none; border-right:none;\">\n        <strong>ABATERI DIMENSIONALE PERMISE (LUNGIME, L\u0102\u021aIME, GROSIME):<\/strong>\n      <\/td>\n      <td style=\"padding:8px; border-bottom:1px solid #ccc; border-left:none; border-right:none;\">\n        \u00b1 5%\n      <\/td>\n    <\/tr>\n    <tr>\n      <td style=\"padding:8px; border-bottom:1px solid #ccc; border-left:none; border-right:none;\">\n        <strong>COEFICIENT DE TRANSFER TERMIC:<\/strong>\n      <\/td>\n      <td style=\"padding:8px; border-bottom:1px solid #ccc; border-left:none; border-right:none;\">\n        U = 1,5 W\/m\u00b2K pentru policarbonat 25 mm<br>\n        U = 1,1 W\/m\u00b2K pentru policarbonat 32 mm\n      <\/td>\n    <\/tr>\n    <tr>\n      <td style=\"padding:8px; border-bottom:1px solid #ccc; border-left:none; border-right:none;\">\n        <strong>TRANSMITAN\u021a\u0102 LUMIN\u0102:<\/strong>\n      <\/td>\n      <td style=\"padding:8px; border-bottom:1px solid #ccc; border-left:none; border-right:none;\">\n        50% \u00b1 5%\n      <\/td>\n    <\/tr>\n  <\/tbody>\n<\/table>\n<\/div>\n<\/div>\n<\/div><\/div>\n\n\n\n<div style=\"height:100px\" aria-hidden=\"true\" class=\"wp-block-spacer is-style-smaller-spacer\"><\/div>\n\n\n\n<div class=\"wp-block-group\"><div class=\"wp-block-group__inner-container is-layout-constrained wp-block-group-is-layout-constrained\">\n<h2 class=\"wp-block-heading has-text-align-center is-style-h3 has-red-color has-text-color\">Parametri tehnici SPR-SKY ECO<\/h2>\n\n\n\n<div class=\"wp-block-columns is-layout-flex wp-container-core-columns-is-layout-9d6595d7 wp-block-columns-is-layout-flex\">\n<div class=\"wp-block-column is-layout-flow wp-block-column-is-layout-flow\">\n<figure class=\"wp-block-image size-full\"><img loading=\"lazy\" decoding=\"async\" width=\"1083\" height=\"447\" src=\"https:\/\/bp2.eu\/wp-content\/uploads\/2023\/08\/swietlik-spr-sky-eco-spec.png\" alt=\"\" class=\"wp-image-103001\" srcset=\"https:\/\/bp2.eu\/wp-content\/uploads\/2023\/08\/swietlik-spr-sky-eco-spec.png 1083w, https:\/\/bp2.eu\/wp-content\/uploads\/2023\/08\/swietlik-spr-sky-eco-spec-820x338.png 820w, https:\/\/bp2.eu\/wp-content\/uploads\/2023\/08\/swietlik-spr-sky-eco-spec-1024x423.png 1024w, https:\/\/bp2.eu\/wp-content\/uploads\/2023\/08\/swietlik-spr-sky-eco-spec-768x317.png 768w\" sizes=\"auto, (max-width: 1083px) 100vw, 1083px\" \/><\/figure>\n<\/div>\n\n\n\n<div class=\"wp-block-column is-layout-flow wp-block-column-is-layout-flow\">\n<table style=\"width:100%; border-collapse:collapse; border-left:none; border-right:none;\">\n  <tbody>\n    <tr>\n      <td style=\"padding:8px; border-top:1px solid #ccc; border-bottom:1px solid #ccc;\"><strong>Grosime:<\/strong><\/td>\n      <td style=\"padding:8px; border-top:1px solid #ccc; border-bottom:1px solid #ccc;\">20 mm<\/td>\n    <\/tr>\n    <tr>\n      <td style=\"padding:8px; border-bottom:1px solid #ccc;\"><strong>L\u0103\u021bime modular\u0103:<\/strong><\/td>\n      <td style=\"padding:8px; border-bottom:1px solid #ccc;\">1050 mm (\u00b15)<\/td>\n    <\/tr>\n    <tr>\n      <td style=\"padding:8px; border-bottom:1px solid #ccc;\"><strong>L\u0103\u021bime und\u0103:<\/strong><\/td>\n      <td style=\"padding:8px; border-bottom:1px solid #ccc;\">4 unde de c\u00e2te 350 mm<\/td>\n    <\/tr>\n    <tr>\n      <td style=\"padding:8px; border-bottom:1px solid #ccc;\"><strong>\u00cen\u0103l\u021bime profil (interior):<\/strong><\/td>\n      <td style=\"padding:8px; border-bottom:1px solid #ccc;\">45 mm<\/td>\n    <\/tr>\n    <tr>\n      <td style=\"padding:8px; border-bottom:1px solid #ccc;\"><strong>Grosimea profilelor laterale:<\/strong><\/td>\n      <td style=\"padding:8px; border-bottom:1px solid #ccc;\">40\u00b12 mm (exterior) \u2013 45\u00b12 mm (interior)<\/td>\n    <\/tr>\n    <tr>\n      <td style=\"padding:8px; border-bottom:1px solid #ccc;\"><strong>Lungime plac\u0103:<\/strong><\/td>\n      <td style=\"padding:8px; border-bottom:1px solid #ccc;\">13 m<\/td>\n    <\/tr>\n    <tr>\n      <td style=\"padding:8px; border-bottom:1px solid #ccc;\"><strong>Culoare:<\/strong><\/td>\n      <td style=\"padding:8px; border-bottom:1px solid #ccc;\">Satinat transparent sau opal<\/td>\n    <\/tr>\n    <tr>\n      <td style=\"padding:8px; border-bottom:1px solid #ccc;\"><strong>Raz\u0103 de curbur\u0103:<\/strong><\/td>\n      <td style=\"padding:8px; border-bottom:1px solid #ccc;\">\u00cendoire \u00een fabric\u0103 R 3,5 sau 6,0 m \u2013 \u00eendoire la rece R &gt; 10 m<\/td>\n    <\/tr>\n    <tr>\n      <td style=\"padding:8px; border-bottom:1px solid #ccc;\"><strong>Etan\u0219area capetelor pl\u0103cilor:<\/strong><\/td>\n      <td style=\"padding:8px; border-bottom:1px solid #ccc;\">Capete termosudate<\/td>\n    <\/tr>\n    <tr>\n      <td style=\"padding:8px; border-bottom:1px solid #ccc;\"><strong>Structur\u0103 intern\u0103:<\/strong><\/td>\n      <td style=\"padding:8px; border-bottom:1px solid #ccc;\">Cu patru pere\u021bi<\/td>\n    <\/tr>\n    <tr>\n      <td style=\"padding:8px; border-bottom:1px solid #ccc;\"><strong>Protec\u021bie UV:<\/strong><\/td>\n      <td style=\"padding:8px; border-bottom:1px solid #ccc;\">Pe stratul exterior<\/td>\n    <\/tr>\n    <tr>\n      <td style=\"padding:8px; border-bottom:1px solid #ccc;\"><strong>Rezisten\u021b\u0103 la foc:<\/strong><\/td>\n      <td style=\"padding:8px; border-bottom:1px solid #ccc;\">B s1 d0<\/td>\n    <\/tr>\n    <tr>\n      <td style=\"padding:8px; border-bottom:1px solid #ccc;\"><strong>Domeniu de temperatur\u0103 de lucru:<\/strong><\/td>\n      <td style=\"padding:8px; border-bottom:1px solid #ccc;\">-40\u00b0 \/ +130\u00b0<\/td>\n    <\/tr>\n    <tr>\n      <td style=\"padding:8px; border-bottom:1px solid #ccc;\"><strong>Dilatare termic\u0103 liniar\u0103:<\/strong><\/td>\n      <td style=\"padding:8px; border-bottom:1px solid #ccc;\">6,7 \u00d7 10<sup>-5<\/sup><\/td>\n    <\/tr>\n    <tr>\n      <td style=\"padding:8px; border-bottom:1px solid #ccc;\"><strong>Izola\u021bie termic\u0103:<\/strong><\/td>\n      <td style=\"padding:8px; border-bottom:1px solid #ccc;\">U = 2,28 W\/m\u00b2K &nbsp;|&nbsp; U = 1,98 W\/m\u00b2K &nbsp;|&nbsp; U = 1,78 W\/m\u00b2K<\/td>\n    <\/tr>\n    <tr>\n      <td style=\"padding:8px; border-bottom:1px solid #ccc;\"><strong>Transmitan\u021b\u0103 lumin\u0103 (versiune: satinat transparent):<\/strong><\/td>\n      <td style=\"padding:8px; border-bottom:1px solid #ccc;\">67 \u00b12 % &nbsp;|&nbsp; 65 \u00b12 % &nbsp;|&nbsp; 60 \u00b12 %<\/td>\n    <\/tr>\n    <tr>\n      <td style=\"padding:8px; border-bottom:1px solid #ccc;\"><strong>Transmitan\u021b\u0103 lumin\u0103 (versiune: opal):<\/strong><\/td>\n      <td style=\"padding:8px; border-bottom:1px solid #ccc;\">43 \u00b12 % &nbsp;|&nbsp; 41 \u00b12 % &nbsp;|&nbsp; 38 \u00b12 %<\/td>\n    <\/tr>\n  <\/tbody>\n<\/table>\n<\/div>\n<\/div>\n<\/div><\/div>\n","protected":false},"featured_media":102544,"menu_order":802,"template":"","product_category":[2121,2003],"warranty":[],"product_serie":[],"class_list":["post-84571","product","type-product","status-publish","has-post-thumbnail","hentry","product_category-accesorii-pentru-panouri-sandwich","product_category-acoperisuri-comerciale"],"acf":[],"_links":{"self":[{"href":"https:\/\/bp2.eu\/ro\/wp-json\/wp\/v2\/product\/84571","targetHints":{"allow":["GET"]}}],"collection":[{"href":"https:\/\/bp2.eu\/ro\/wp-json\/wp\/v2\/product"}],"about":[{"href":"https:\/\/bp2.eu\/ro\/wp-json\/wp\/v2\/types\/product"}],"wp:featuredmedia":[{"embeddable":true,"href":"https:\/\/bp2.eu\/ro\/wp-json\/wp\/v2\/media\/102544"}],"wp:attachment":[{"href":"https:\/\/bp2.eu\/ro\/wp-json\/wp\/v2\/media?parent=84571"}],"wp:term":[{"taxonomy":"product_category","embeddable":true,"href":"https:\/\/bp2.eu\/ro\/wp-json\/wp\/v2\/product_category?post=84571"},{"taxonomy":"warranty","embeddable":true,"href":"https:\/\/bp2.eu\/ro\/wp-json\/wp\/v2\/warranty?post=84571"},{"taxonomy":"product_serie","embeddable":true,"href":"https:\/\/bp2.eu\/ro\/wp-json\/wp\/v2\/product_serie?post=84571"}],"curies":[{"name":"wp","href":"https:\/\/api.w.org\/{rel}","templated":true}]}}