{"id":91332,"date":"2024-12-20T10:13:19","date_gmt":"2024-12-20T09:13:19","guid":{"rendered":"https:\/\/bp2.eu\/produkt\/maskownice-systemu-rynnowego-inguri\/"},"modified":"2026-04-07T15:43:59","modified_gmt":"2026-04-07T13:43:59","slug":"mascare-de-jgheaburi-inguri","status":"publish","type":"product","link":"https:\/\/bp2.eu\/ro\/produkt\/mascare-de-jgheaburi-inguri\/","title":{"rendered":"Mascare de jgheaburi INGURI"},"content":{"rendered":"\n<div style=\"height:100px\" aria-hidden=\"true\" class=\"wp-block-spacer is-style-smaller-spacer\"><\/div>\n\n\n\n<div class=\"wp-block-group\"><div class=\"wp-block-group__inner-container is-layout-flow wp-block-group-is-layout-flow\">\n<div class=\"wp-block-columns is-style-grid is-layout-flex wp-container-core-columns-is-layout-9d6595d7 wp-block-columns-is-layout-flex\">\n<div class=\"wp-block-column is-layout-flow wp-block-column-is-layout-flow\">\n<div class=\"wp-block-cover is-light is-style-full-width\"><span aria-hidden=\"true\" class=\"wp-block-cover__background has-dark-gray-background-color has-background-dim-100 has-background-dim\"><\/span><div class=\"wp-block-cover__inner-container is-layout-flow wp-block-cover-is-layout-flow\">\n<figure class=\"wp-block-image size-full is-resized\"><img decoding=\"async\" src=\"https:\/\/bp2.eu\/wp-content\/uploads\/2024\/12\/bezokapowy.svg\" alt=\"\" class=\"wp-image-101079\" style=\"object-fit:cover;width:100px;height:100px\"\/><\/figure>\n\n\n\n<h3 class=\"wp-block-heading\">SISTEM F\u0102R\u0102 STREA\u0218IN\u0102<\/h3>\n\n\n\n<p>Acest sistem de fa\u021bad\u0103 ascunde perfect jgheaburile \u0219i burlanele montate pe un perete izolat, ceea ce \u00eel face s\u0103 se potriveasc\u0103 perfect cu arhitectura modern\u0103, minimalist\u0103. Designul inteligent al frontispiciului pentru burlane permite demontarea \u0219i accesul la service.<\/p>\n<\/div><\/div>\n<\/div>\n\n\n\n<div class=\"wp-block-column is-layout-flow wp-block-column-is-layout-flow\">\n<div class=\"wp-block-cover is-style-full-height\"><img loading=\"lazy\" decoding=\"async\" width=\"1024\" height=\"660\" class=\"wp-block-cover__image-background wp-image-90779 size-large\" alt=\"system elewacyjny - BP2\" src=\"https:\/\/bp2.eu\/wp-content\/uploads\/2024\/12\/system-elewacyjny-img-1024x660.jpg\" data-object-fit=\"cover\" srcset=\"https:\/\/bp2.eu\/wp-content\/uploads\/2024\/12\/system-elewacyjny-img-1024x660.jpg 1024w, https:\/\/bp2.eu\/wp-content\/uploads\/2024\/12\/system-elewacyjny-img-820x528.jpg 820w, https:\/\/bp2.eu\/wp-content\/uploads\/2024\/12\/system-elewacyjny-img-768x495.jpg 768w, https:\/\/bp2.eu\/wp-content\/uploads\/2024\/12\/system-elewacyjny-img-1536x989.jpg 1536w, https:\/\/bp2.eu\/wp-content\/uploads\/2024\/12\/system-elewacyjny-img.jpg 1568w\" sizes=\"auto, (max-width: 1024px) 100vw, 1024px\" \/><span aria-hidden=\"true\" class=\"wp-block-cover__background has-background-dim-0 has-background-dim\" style=\"background-color:#414248\"><\/span><div class=\"wp-block-cover__inner-container is-layout-flow wp-block-cover-is-layout-flow\">\n<p class=\"has-text-align-center has-large-font-size\"><\/p>\n<\/div><\/div>\n<\/div>\n<\/div>\n\n\n\n<div style=\"height:100px\" aria-hidden=\"true\" class=\"wp-block-spacer is-style-smaller-spacer\"><\/div>\n\n\n\n<div class=\"wp-block-columns is-style-mobile-reverse is-style-grid fade-in is-layout-flex wp-container-core-columns-is-layout-9d6595d7 wp-block-columns-is-layout-flex\">\n<div class=\"wp-block-column is-layout-flow wp-block-column-is-layout-flow\">\n<div class=\"wp-block-cover is-style-full-height\"><img loading=\"lazy\" decoding=\"async\" width=\"1568\" height=\"1010\" class=\"wp-block-cover__image-background wp-image-90765\" alt=\"\" src=\"https:\/\/bp2.eu\/wp-content\/uploads\/2024\/12\/system-z-okapem-img.jpg\" data-object-fit=\"cover\" srcset=\"https:\/\/bp2.eu\/wp-content\/uploads\/2024\/12\/system-z-okapem-img.jpg 1568w, https:\/\/bp2.eu\/wp-content\/uploads\/2024\/12\/system-z-okapem-img-820x528.jpg 820w, https:\/\/bp2.eu\/wp-content\/uploads\/2024\/12\/system-z-okapem-img-1024x660.jpg 1024w, https:\/\/bp2.eu\/wp-content\/uploads\/2024\/12\/system-z-okapem-img-768x495.jpg 768w\" sizes=\"auto, (max-width: 1568px) 100vw, 1568px\" \/><span aria-hidden=\"true\" class=\"wp-block-cover__background has-background-dim-0 has-background-dim\" style=\"background-color:#66666c\"><\/span><div class=\"wp-block-cover__inner-container is-layout-flow wp-block-cover-is-layout-flow\">\n<p class=\"has-text-align-center has-large-font-size\"><\/p>\n<\/div><\/div>\n<\/div>\n\n\n\n<div class=\"wp-block-column is-layout-flow wp-block-column-is-layout-flow\">\n<div class=\"wp-block-cover is-light is-style-full-width\"><span aria-hidden=\"true\" class=\"wp-block-cover__background has-dark-gray-background-color has-background-dim-100 has-background-dim\"><\/span><div class=\"wp-block-cover__inner-container is-layout-flow wp-block-cover-is-layout-flow\">\n<figure class=\"wp-block-image size-full is-resized\"><img decoding=\"async\" src=\"https:\/\/bp2.eu\/wp-content\/uploads\/2024\/12\/z-okapem.svg\" alt=\"\" class=\"wp-image-101087\" style=\"object-fit:cover;width:100px;height:100px\"\/><\/figure>\n\n\n\n<h3 class=\"wp-block-heading\">SISTEM CU GLUG\u0102<\/h3>\n\n\n\n<p>Fa\u021bada este pus\u0103 \u00een valoare de un element de soffit profilat realizat din panouri cu cus\u0103tur\u0103 vertical\u0103 <strong>LAMBDA 2.0<\/strong> sau cu cus\u0103tur\u0103 trapezoidal\u0103 <strong>T7<\/strong>. Acesta permite, de asemenea, ca sofitul s\u0103 fie montat pe panoul de fa\u021bad\u0103 sau pe perete.<\/p>\n<\/div><\/div>\n<\/div>\n<\/div>\n\n\n\n<div style=\"height:100px\" aria-hidden=\"true\" class=\"wp-block-spacer is-style-smaller-spacer\"><\/div>\n\n\n\n<div class=\"wp-block-columns is-style-grid is-layout-flex wp-container-core-columns-is-layout-9d6595d7 wp-block-columns-is-layout-flex\">\n<div class=\"wp-block-column is-layout-flow wp-block-column-is-layout-flow\">\n<div class=\"wp-block-cover is-light is-style-full-width\"><span aria-hidden=\"true\" class=\"wp-block-cover__background has-dark-gray-background-color has-background-dim-100 has-background-dim\"><\/span><div class=\"wp-block-cover__inner-container is-layout-flow wp-block-cover-is-layout-flow\">\n<figure class=\"wp-block-image size-full is-resized\"><img decoding=\"async\" src=\"https:\/\/bp2.eu\/wp-content\/uploads\/2024\/12\/elewacyjny.svg\" alt=\"\" class=\"wp-image-101095\" style=\"object-fit:cover;width:100px;height:100px\"\/><\/figure>\n\n\n\n<h3 class=\"wp-block-heading\">SISTEM DE FA\u021aAD\u0102<\/h3>\n\n\n\n<p>Sistemul de fa\u021bad\u0103 protejeaz\u0103 izola\u021bia cl\u0103dirii de eventualele scurgeri la racordurile jgheaburilor, datorit\u0103 utiliz\u0103rii unei benzi de jgheab \u00een construc\u021bia sa.<\/p>\n\n\n\n<p>Perfora\u021biile din partea inferioar\u0103 a fa\u021badei dreneaz\u0103 \u00een siguran\u021b\u0103 umiditatea \u0219i men\u021bin niveluri optime de ventila\u021bie.<\/p>\n\n\n\n<p>Sistemul de jgheaburi este echipat cu o reducere stabilizatoare din cauciuc pentru a conecta scurgerea jgheabului la o \u021beav\u0103 de canalizare cu diametrul de 110 mm. Iar \u021beava din PVC utilizat\u0103 \u00eempiedic\u0103 condensarea apei pe suprafa\u021ba \u021bevilor de scurgere din o\u021bel.<\/p>\n<\/div><\/div>\n<\/div>\n\n\n\n<div class=\"wp-block-column is-layout-flow wp-block-column-is-layout-flow\">\n<div class=\"wp-block-cover is-style-full-height\"><img loading=\"lazy\" decoding=\"async\" width=\"1024\" height=\"660\" class=\"wp-block-cover__image-background wp-image-90787 size-large\" alt=\"system bezokapowy - BP2\" src=\"https:\/\/bp2.eu\/wp-content\/uploads\/2024\/12\/system-bezokapowy-img-1024x660.jpg\" data-object-fit=\"cover\" srcset=\"https:\/\/bp2.eu\/wp-content\/uploads\/2024\/12\/system-bezokapowy-img-1024x660.jpg 1024w, https:\/\/bp2.eu\/wp-content\/uploads\/2024\/12\/system-bezokapowy-img-820x528.jpg 820w, https:\/\/bp2.eu\/wp-content\/uploads\/2024\/12\/system-bezokapowy-img-768x495.jpg 768w, https:\/\/bp2.eu\/wp-content\/uploads\/2024\/12\/system-bezokapowy-img-1536x989.jpg 1536w, https:\/\/bp2.eu\/wp-content\/uploads\/2024\/12\/system-bezokapowy-img.jpg 1568w\" sizes=\"auto, (max-width: 1024px) 100vw, 1024px\" \/><span aria-hidden=\"true\" class=\"wp-block-cover__background has-background-dim-0 has-background-dim\" style=\"background-color:#414149\"><\/span><div class=\"wp-block-cover__inner-container is-layout-flow wp-block-cover-is-layout-flow\">\n<p class=\"has-text-align-center has-large-font-size\"><\/p>\n<\/div><\/div>\n<\/div>\n<\/div>\n<\/div><\/div>\n\n\n\n<div style=\"height:100px\" aria-hidden=\"true\" class=\"wp-block-spacer is-style-small-spacer\"><\/div>\n\n\n\n<div class=\"wp-block-group has-dark-gray-background-color has-background\"><div class=\"wp-block-group__inner-container is-layout-constrained wp-block-group-is-layout-constrained\">\n<div style=\"height:100px\" aria-hidden=\"true\" class=\"wp-block-spacer is-style-small-spacer\"><\/div>\n\n\n\n<figure class=\"wp-block-embed aligncenter is-type-video is-provider-youtube wp-block-embed-youtube is-style-default wp-embed-aspect-16-9 wp-has-aspect-ratio\"><div class=\"wp-block-embed__wrapper\">\n<iframe loading=\"lazy\" title=\"NEW! INGURI gutter fascias\" width=\"640\" height=\"360\" src=\"https:\/\/www.youtube.com\/embed\/9yhcSknpRXU?feature=oembed\" frameborder=\"0\" allow=\"accelerometer; autoplay; clipboard-write; encrypted-media; gyroscope; picture-in-picture; web-share\" referrerpolicy=\"strict-origin-when-cross-origin\" allowfullscreen><\/iframe>\n<\/div><\/figure>\n\n\n\n<div style=\"height:100px\" aria-hidden=\"true\" class=\"wp-block-spacer is-style-small-spacer\"><\/div>\n<\/div><\/div>\n\n\n\n<div class=\"wp-block-group is-style-default\"><div class=\"wp-block-group__inner-container is-layout-constrained wp-block-group-is-layout-constrained\">\n<div style=\"height:100px\" aria-hidden=\"true\" class=\"wp-block-spacer is-style-small-spacer\"><\/div>\n\n\n\r\n<div class=\"section__data\" data-section=\"ELEMENTE DE MASCARE INGURI\"><\/div>\n\n\n<div class=\"wp-block-cover is-style-full-height\"><span aria-hidden=\"true\" class=\"wp-block-cover__background has-red-background-color has-background-dim-100 has-background-dim\"><\/span><div class=\"wp-block-cover__inner-container is-layout-constrained wp-block-cover-is-layout-constrained\"><div class=\"wp-block-image\">\n<figure class=\"aligncenter size-large is-resized\"><img decoding=\"async\" src=\"https:\/\/bp2.eu\/wp-content\/uploads\/2024\/12\/elementy-icon.svg\" alt=\"\" class=\"wp-image-90985\" style=\"object-fit:contain;width:100px;height:100px\"\/><\/figure>\n<\/div>\n\n\n<div style=\"height:100px\" aria-hidden=\"true\" class=\"wp-block-spacer is-style-smaller-spacer\"><\/div>\n\n\n\n<h2 class=\"wp-block-heading has-text-align-center\">ELEMENTE DE MASCARE INGURI<\/h2>\n<\/div><\/div>\n<\/div><\/div>\n\n\n\n<div style=\"height:100px\" aria-hidden=\"true\" class=\"wp-block-spacer is-style-smaller-spacer\"><\/div>\n\n\n\n<div class=\"wp-block-group is-style-default\"><div class=\"wp-block-group__inner-container is-layout-flow wp-block-group-is-layout-flow\">\n<div class=\"wp-block-columns are-vertically-aligned-center is-layout-flex wp-container-core-columns-is-layout-9d6595d7 wp-block-columns-is-layout-flex\">\n<div class=\"wp-block-column is-vertically-aligned-center has-gray-background-color has-background is-layout-flow wp-block-column-is-layout-flow\">\n<div style=\"height:100px\" aria-hidden=\"true\" class=\"wp-block-spacer is-style-smaller-spacer\"><\/div>\n\n\n\n<figure class=\"wp-block-gallery has-nested-images columns-3 is-cropped wp-block-gallery-1 is-layout-flex wp-block-gallery-is-layout-flex\">\n<figure class=\"wp-block-image size-large\"><a href=\"https:\/\/bp2.eu\/wp-content\/uploads\/2024\/12\/MASKOWNICA-RURY-RO-1024x719.png\"><img loading=\"lazy\" decoding=\"async\" width=\"1024\" height=\"719\" data-id=\"91655\" src=\"https:\/\/bp2.eu\/wp-content\/uploads\/2024\/12\/MASKOWNICA-RURY-RO-1024x719.png\" alt=\"\" class=\"wp-image-91655\" srcset=\"https:\/\/bp2.eu\/wp-content\/uploads\/2024\/12\/MASKOWNICA-RURY-RO-1024x719.png 1024w, https:\/\/bp2.eu\/wp-content\/uploads\/2024\/12\/MASKOWNICA-RURY-RO-820x576.png 820w, https:\/\/bp2.eu\/wp-content\/uploads\/2024\/12\/MASKOWNICA-RURY-RO-768x539.png 768w, https:\/\/bp2.eu\/wp-content\/uploads\/2024\/12\/MASKOWNICA-RURY-RO-1536x1078.png 1536w, https:\/\/bp2.eu\/wp-content\/uploads\/2024\/12\/MASKOWNICA-RURY-RO-2048x1438.png 2048w\" sizes=\"auto, (max-width: 1024px) 100vw, 1024px\" \/><\/a><\/figure>\n<\/figure>\n\n\n\n<div style=\"height:100px\" aria-hidden=\"true\" class=\"wp-block-spacer is-style-smaller-spacer\"><\/div>\n<\/div>\n\n\n\n<div class=\"wp-block-column is-vertically-aligned-center has-gray-background-color has-background is-layout-flow wp-block-column-is-layout-flow\">\n<div style=\"height:100px\" aria-hidden=\"true\" class=\"wp-block-spacer is-style-smaller-spacer\"><\/div>\n\n\n\n<figure class=\"wp-block-gallery has-nested-images columns-3 is-cropped wp-block-gallery-2 is-layout-flex wp-block-gallery-is-layout-flex\">\n<figure class=\"wp-block-image size-full\"><a href=\"https:\/\/bp2.eu\/wp-content\/uploads\/2024\/12\/MASKOWNICA-RYNNY-RO.png\"><img loading=\"lazy\" decoding=\"async\" width=\"2068\" height=\"1452\" data-id=\"91663\" src=\"https:\/\/bp2.eu\/wp-content\/uploads\/2024\/12\/MASKOWNICA-RYNNY-RO.png\" alt=\"\" class=\"wp-image-91663\" srcset=\"https:\/\/bp2.eu\/wp-content\/uploads\/2024\/12\/MASKOWNICA-RYNNY-RO.png 2068w, https:\/\/bp2.eu\/wp-content\/uploads\/2024\/12\/MASKOWNICA-RYNNY-RO-820x576.png 820w, https:\/\/bp2.eu\/wp-content\/uploads\/2024\/12\/MASKOWNICA-RYNNY-RO-1024x719.png 1024w, https:\/\/bp2.eu\/wp-content\/uploads\/2024\/12\/MASKOWNICA-RYNNY-RO-768x539.png 768w\" sizes=\"auto, (max-width: 2068px) 100vw, 2068px\" \/><\/a><\/figure>\n<\/figure>\n\n\n\n<div style=\"height:100px\" aria-hidden=\"true\" class=\"wp-block-spacer is-style-smaller-spacer\"><\/div>\n<\/div>\n<\/div>\n<\/div><\/div>\n\n\n\n<div class=\"wp-block-group is-style-default\"><div class=\"wp-block-group__inner-container is-layout-flow wp-block-group-is-layout-flow\">\n<div class=\"wp-block-columns is-layout-flex wp-container-core-columns-is-layout-9d6595d7 wp-block-columns-is-layout-flex\">\n<div class=\"wp-block-column is-layout-flow wp-block-column-is-layout-flow\">\n<h4 class=\"wp-block-heading\"><strong><strong>MASCARE BURLANULUI<\/strong><\/strong><\/h4>\n\n\n\n<p class=\"has-text-align-left\">Fascia pentru \u021bevi este format\u0103 din dou\u0103 componente: baza fasciei &#8211; partea fixat\u0103 pe perete, \u0219i fascia propriu-zis\u0103 &#8211; partea principal\u0103, care ascunde \u021bevile de scurgere \u00eentr-un mod estetic pl\u0103cut, oferind \u00een acela\u0219i timp acces u\u0219or la acestea \u00een cazul lucr\u0103rilor de \u00eentre\u021binere. Aspectul este conceput astfel \u00eenc\u00e2t s\u0103 corespund\u0103 cu cel al fa\u021badei jgheabului, asigur\u00e2nd o estetic\u0103 uniform\u0103 pentru \u00eentregul sistem.<\/p>\n<\/div>\n\n\n\n<div class=\"wp-block-column is-layout-flow wp-block-column-is-layout-flow\">\n<h4 class=\"wp-block-heading\"><strong><strong><strong><strong>MASCARE DE JGHEAB<\/strong><\/strong><\/strong><\/strong><\/h4>\n\n\n\n<p class=\"has-text-align-left\">Fa\u021bada universal\u0103 cu lungimea de 185 cm este un produs care \u00eenlocuie\u0219te fa\u021badele standard, fa\u021badele de sofit, banda de jgheab \u0219i sofitul, combin\u00e2nd caracteristicile tuturor acestor produse. Clientul ob\u021bine o solu\u021bie mai ieftin\u0103, la fel de eficient\u0103, care implic\u0103 mai pu\u021bin spa\u021biu de depozitare. Fascia este prev\u0103zut\u0103 cu o blocare trapezoidal\u0103 de montare special conceput\u0103, care stabilizeaz\u0103 fascia \u0219i minimizeaz\u0103 efectul de ondulare. Partea inferioar\u0103 este o band\u0103 de jgheaburi cu nervuri care \u00eenlocuie\u0219te sofitul. \u00cen plus, permite flexibilitatea de a alege un sofit diferit, care se monteaz\u0103 cu u\u0219urin\u021b\u0103 pe profilul \u201eC\u201d inferior din fa\u021bad\u0103. Fascia a fost special consolidat\u0103 pentru a oferi o protec\u021bie adecvat\u0103.<\/p>\n<\/div>\n<\/div>\n<\/div><\/div>\n\n\n\n<div class=\"wp-block-group\"><div class=\"wp-block-group__inner-container is-layout-constrained wp-block-group-is-layout-constrained\">\n<div class=\"wp-block-cover aligncenter is-style-full-height\"><img loading=\"lazy\" decoding=\"async\" width=\"1920\" height=\"1072\" class=\"wp-block-cover__image-background wp-image-91018\" alt=\"\" src=\"https:\/\/bp2.eu\/wp-content\/uploads\/2024\/12\/porownanie.jpg\" data-object-fit=\"cover\" srcset=\"https:\/\/bp2.eu\/wp-content\/uploads\/2024\/12\/porownanie.jpg 1920w, https:\/\/bp2.eu\/wp-content\/uploads\/2024\/12\/porownanie-820x458.jpg 820w, https:\/\/bp2.eu\/wp-content\/uploads\/2024\/12\/porownanie-1024x572.jpg 1024w, https:\/\/bp2.eu\/wp-content\/uploads\/2024\/12\/porownanie-768x429.jpg 768w, https:\/\/bp2.eu\/wp-content\/uploads\/2024\/12\/porownanie-1536x858.jpg 1536w\" sizes=\"auto, (max-width: 1920px) 100vw, 1920px\" \/><span aria-hidden=\"true\" class=\"wp-block-cover__background has-background-dim-0 has-background-dim\"><\/span><div class=\"wp-block-cover__inner-container is-layout-constrained wp-block-cover-is-layout-constrained\">\n<p class=\"has-text-align-center has-large-font-size\"><\/p>\n<\/div><\/div>\n<\/div><\/div>\n\n\n\n<div style=\"height:100px\" aria-hidden=\"true\" class=\"wp-block-spacer is-style-smaller-spacer\"><\/div>\n\n\n\n<div class=\"wp-block-group is-style-default\"><div class=\"wp-block-group__inner-container is-layout-flow wp-block-group-is-layout-flow\">\n<div class=\"wp-block-columns are-vertically-aligned-center is-layout-flex wp-container-core-columns-is-layout-9d6595d7 wp-block-columns-is-layout-flex\">\n<div class=\"wp-block-column is-vertically-aligned-center has-gray-background-color has-background is-layout-flow wp-block-column-is-layout-flow\">\n<div style=\"height:100px\" aria-hidden=\"true\" class=\"wp-block-spacer is-style-smaller-spacer\"><\/div>\n\n\n\n<figure class=\"wp-block-gallery has-nested-images columns-3 is-cropped wp-block-gallery-3 is-layout-flex wp-block-gallery-is-layout-flex\">\n<figure class=\"wp-block-image size-large\"><a href=\"https:\/\/bp2.eu\/wp-content\/uploads\/2024\/12\/HAK-MASKOWNICY-RO.png\"><img loading=\"lazy\" decoding=\"async\" width=\"2068\" height=\"1252\" data-id=\"91665\" src=\"https:\/\/bp2.eu\/wp-content\/uploads\/2024\/12\/HAK-MASKOWNICY-RO.png\" alt=\"\" class=\"wp-image-91665\" srcset=\"https:\/\/bp2.eu\/wp-content\/uploads\/2024\/12\/HAK-MASKOWNICY-RO.png 2068w, https:\/\/bp2.eu\/wp-content\/uploads\/2024\/12\/HAK-MASKOWNICY-RO-820x496.png 820w, https:\/\/bp2.eu\/wp-content\/uploads\/2024\/12\/HAK-MASKOWNICY-RO-1024x620.png 1024w, https:\/\/bp2.eu\/wp-content\/uploads\/2024\/12\/HAK-MASKOWNICY-RO-768x465.png 768w, https:\/\/bp2.eu\/wp-content\/uploads\/2024\/12\/HAK-MASKOWNICY-RO-1536x930.png 1536w\" sizes=\"auto, (max-width: 2068px) 100vw, 2068px\" \/><\/a><\/figure>\n<\/figure>\n\n\n\n<div style=\"height:100px\" aria-hidden=\"true\" class=\"wp-block-spacer is-style-smaller-spacer\"><\/div>\n<\/div>\n\n\n\n<div class=\"wp-block-column is-vertically-aligned-center has-gray-background-color has-background is-layout-flow wp-block-column-is-layout-flow\">\n<div style=\"height:100px\" aria-hidden=\"true\" class=\"wp-block-spacer is-style-smaller-spacer\"><\/div>\n\n\n\n<figure class=\"wp-block-gallery has-nested-images columns-3 is-cropped wp-block-gallery-4 is-layout-flex wp-block-gallery-is-layout-flex\">\n<figure class=\"wp-block-image size-large\"><a href=\"https:\/\/bp2.eu\/wp-content\/uploads\/2024\/12\/ZASLEPKA-MASKOWNICY-RO-1024x620.png\"><img loading=\"lazy\" decoding=\"async\" width=\"1024\" height=\"620\" data-id=\"91673\" src=\"https:\/\/bp2.eu\/wp-content\/uploads\/2024\/12\/ZASLEPKA-MASKOWNICY-RO-1024x620.png\" alt=\"\" class=\"wp-image-91673\" srcset=\"https:\/\/bp2.eu\/wp-content\/uploads\/2024\/12\/ZASLEPKA-MASKOWNICY-RO-1024x620.png 1024w, https:\/\/bp2.eu\/wp-content\/uploads\/2024\/12\/ZASLEPKA-MASKOWNICY-RO-820x496.png 820w, https:\/\/bp2.eu\/wp-content\/uploads\/2024\/12\/ZASLEPKA-MASKOWNICY-RO-768x465.png 768w, https:\/\/bp2.eu\/wp-content\/uploads\/2024\/12\/ZASLEPKA-MASKOWNICY-RO-1536x930.png 1536w, https:\/\/bp2.eu\/wp-content\/uploads\/2024\/12\/ZASLEPKA-MASKOWNICY-RO-2048x1240.png 2048w\" sizes=\"auto, (max-width: 1024px) 100vw, 1024px\" \/><\/a><\/figure>\n<\/figure>\n\n\n\n<div style=\"height:100px\" aria-hidden=\"true\" class=\"wp-block-spacer is-style-smaller-spacer\"><\/div>\n<\/div>\n\n\n\n<div class=\"wp-block-column is-vertically-aligned-center has-gray-background-color has-background is-layout-flow wp-block-column-is-layout-flow\">\n<div style=\"height:100px\" aria-hidden=\"true\" class=\"wp-block-spacer is-style-smaller-spacer\"><\/div>\n\n\n\n<figure class=\"wp-block-gallery has-nested-images columns-3 is-cropped wp-block-gallery-5 is-layout-flex wp-block-gallery-is-layout-flex\">\n<figure class=\"wp-block-image size-large\"><a href=\"https:\/\/bp2.eu\/wp-content\/uploads\/2024\/12\/NAROZNIKI-ZEWWEW-RO-1024x620.png\"><img loading=\"lazy\" decoding=\"async\" width=\"1024\" height=\"620\" data-id=\"91681\" src=\"https:\/\/bp2.eu\/wp-content\/uploads\/2024\/12\/NAROZNIKI-ZEWWEW-RO-1024x620.png\" alt=\"\" class=\"wp-image-91681\" srcset=\"https:\/\/bp2.eu\/wp-content\/uploads\/2024\/12\/NAROZNIKI-ZEWWEW-RO-1024x620.png 1024w, https:\/\/bp2.eu\/wp-content\/uploads\/2024\/12\/NAROZNIKI-ZEWWEW-RO-820x496.png 820w, https:\/\/bp2.eu\/wp-content\/uploads\/2024\/12\/NAROZNIKI-ZEWWEW-RO-768x465.png 768w, https:\/\/bp2.eu\/wp-content\/uploads\/2024\/12\/NAROZNIKI-ZEWWEW-RO-1536x930.png 1536w, https:\/\/bp2.eu\/wp-content\/uploads\/2024\/12\/NAROZNIKI-ZEWWEW-RO-2048x1240.png 2048w\" sizes=\"auto, (max-width: 1024px) 100vw, 1024px\" \/><\/a><\/figure>\n<\/figure>\n\n\n\n<div style=\"height:100px\" aria-hidden=\"true\" class=\"wp-block-spacer is-style-smaller-spacer\"><\/div>\n<\/div>\n<\/div>\n<\/div><\/div>\n\n\n\n<div class=\"wp-block-group is-style-default\"><div class=\"wp-block-group__inner-container is-layout-flow wp-block-group-is-layout-flow\">\n<div class=\"wp-block-columns is-layout-flex wp-container-core-columns-is-layout-9d6595d7 wp-block-columns-is-layout-flex\">\n<div class=\"wp-block-column is-vertically-aligned-center is-layout-flow wp-block-column-is-layout-flow\">\n<h4 class=\"wp-block-heading\"><strong><strong><strong><strong><strong><strong>C\u00c2RLIG MASCARE<\/strong><\/strong><\/strong><\/strong><\/strong><\/strong><\/h4>\n\n\n\n<p class=\"has-text-align-left\">C\u00e2rligul de grilaj este un element structural stabilizator care este instalat la intervale de 1 metru. Designul s\u0103u permite alinierea vertical\u0103 perfect\u0103 a grilajului. C\u00e2rligul este echipat cu un c\u00e2rlig vulcanizat special conceput, astfel \u00eenc\u00e2t instalarea s\u0103 fie neinvaziv\u0103 \u0219i s\u0103 permit\u0103 conectarea u\u0219oar\u0103 la grilaj.<\/p>\n<\/div>\n\n\n\n<div class=\"wp-block-column is-vertically-aligned-top is-layout-flow wp-block-column-is-layout-flow\">\n<h4 class=\"wp-block-heading\"><strong><strong><strong><strong><strong><strong><strong><strong>CAPAC DE MASCARE<\/strong><\/strong><\/strong><\/strong><\/strong><\/strong><\/strong><\/strong><\/h4>\n\n\n\n<p>Capacul de bordur\u0103 permite ca toate componentele sistemului de jgheaburi s\u0103 fie \u00een cele din urm\u0103 ascunse, sub bordur\u0103. Asamblarea simpl\u0103 asigur\u0103 \u00eenchiderea rapid\u0103 \u0219i f\u0103r\u0103 probleme a tubului de bordur\u0103.<\/p>\n<\/div>\n\n\n\n<div class=\"wp-block-column is-vertically-aligned-top is-layout-flow wp-block-column-is-layout-flow\">\n<h4 class=\"wp-block-heading\"><strong><strong><strong><strong><strong><strong><strong><strong><strong><strong>COL\u021aAR EXTERIOR\/INTERIOR<\/strong><\/strong><\/strong><\/strong><\/strong><\/strong><\/strong><\/strong><\/strong><\/strong><\/h4>\n\n\n\n<p class=\"has-text-align-left\">Col\u021burile exterioare \u0219i interioare permit conectarea fasciilor \u00eentr-un mod estetic pl\u0103cut la intersec\u021bia a dou\u0103 pante ale acoperi\u0219ului sau la col\u021burile acoperi\u0219ului. Acestea sunt realizate din material de \u00eenalt\u0103 calitate, ceea ce le face estetice \u0219i durabile.<\/p>\n<\/div>\n<\/div>\n<\/div><\/div>\n\n\n\n<div style=\"height:100px\" aria-hidden=\"true\" class=\"wp-block-spacer is-style-smaller-spacer\"><\/div>\n\n\n\n<div class=\"wp-block-group\"><div class=\"wp-block-group__inner-container is-layout-constrained wp-block-group-is-layout-constrained\"><section class=\"data-section compare-slider__wrapper\">\n    <div class=\"compare-slider\">\n        <div class=\"before-after-slider\" data-beforeAfterSlider>\n            <div class=\"before-image\">\n                <img decoding=\"async\" src=\"https:\/\/bp2.eu\/wp-content\/uploads\/2024\/12\/maskownice-left.jpg\" alt=\"\">\n                <div class=\"compare-slider__text-1 h7\"><b>Sisteme de jgheaburi din o\u021bel INGURI<\/b><\/div>\n            <\/div>\n            <div class=\"after-image\">\n                <img decoding=\"async\" src=\"https:\/\/bp2.eu\/wp-content\/uploads\/2024\/12\/maskownice-right.jpg\" alt=\"\">\n                <div class=\"compare-slider__text-2 h7\"><b>Mascare de jgheaburi INGURI<\/b><\/div>\n            <\/div>\n            <div class=\"resizer\"><\/div>\n        <\/div>\n    <\/div>\n<\/section>\n<\/div><\/div>\n","protected":false},"featured_media":90733,"menu_order":345,"template":"","product_category":[2007],"warranty":[1980,1981,1982,1983,1984],"product_serie":[],"class_list":["post-91332","product","type-product","status-publish","has-post-thumbnail","hentry","product_category-sistem-jgheaburi-din-otel-inguri","warranty-10-lat-ro","warranty-15-lat-ro","warranty-20-lat-ro","warranty-25-lat-ro","warranty-30-lat-ro"],"acf":[],"_links":{"self":[{"href":"https:\/\/bp2.eu\/ro\/wp-json\/wp\/v2\/product\/91332","targetHints":{"allow":["GET"]}}],"collection":[{"href":"https:\/\/bp2.eu\/ro\/wp-json\/wp\/v2\/product"}],"about":[{"href":"https:\/\/bp2.eu\/ro\/wp-json\/wp\/v2\/types\/product"}],"wp:featuredmedia":[{"embeddable":true,"href":"https:\/\/bp2.eu\/ro\/wp-json\/wp\/v2\/media\/90733"}],"wp:attachment":[{"href":"https:\/\/bp2.eu\/ro\/wp-json\/wp\/v2\/media?parent=91332"}],"wp:term":[{"taxonomy":"product_category","embeddable":true,"href":"https:\/\/bp2.eu\/ro\/wp-json\/wp\/v2\/product_category?post=91332"},{"taxonomy":"warranty","embeddable":true,"href":"https:\/\/bp2.eu\/ro\/wp-json\/wp\/v2\/warranty?post=91332"},{"taxonomy":"product_serie","embeddable":true,"href":"https:\/\/bp2.eu\/ro\/wp-json\/wp\/v2\/product_serie?post=91332"}],"curies":[{"name":"wp","href":"https:\/\/api.w.org\/{rel}","templated":true}]}}