{"id":50047,"date":"2022-08-12T15:11:59","date_gmt":"2022-08-12T13:11:59","guid":{"rendered":"https:\/\/bp2.eu\/program-bp2-50-50\/"},"modified":"2025-09-03T15:09:37","modified_gmt":"2025-09-03T13:09:37","slug":"program-bp2-50-50","status":"publish","type":"page","link":"https:\/\/bp2.eu\/sk\/program-bp2-50-50\/","title":{"rendered":"BP2 50:50"},"content":{"rendered":"\n<div class=\"wp-block-group is-style-with-b2-background\"><div class=\"wp-block-group__inner-container is-layout-flow wp-block-group-is-layout-flow\">\n<div style=\"height:100px\" aria-hidden=\"true\" class=\"wp-block-spacer is-style-small-spacer\"><\/div>\n\n\n\n<p class=\"has-text-align-center noMarginBottom has-red-color has-text-color\"><strong>POHODLN\u00c9 A BEZPE\u010cN\u00c9 PRACOVN\u00c9 OBLE\u010cENIE S POTLA\u010cAMI JE DOKONALOU FIREMNOU PREZENT\u00c1CIOU<\/strong><\/p>\n\n\n\n<h2 class=\"wp-block-heading has-text-align-center noMarginTop noMarginBottom is-style-h1\" style=\"font-size:3.5em\">BP2 50:50<\/h2>\n\n\n\n<div style=\"height:100px\" aria-hidden=\"true\" class=\"wp-block-spacer is-style-small-spacer\"><\/div>\n<\/div><\/div>\n\n\n\n<div class=\"wp-block-group is-style-narrower-group\"><div class=\"wp-block-group__inner-container is-layout-flow wp-block-group-is-layout-flow\">\n<p class=\"has-text-align-center\" style=\"font-size:22px\">Program ur\u010den\u00fd distrib\u00fatorom a pokr\u00fdva\u010dom, v ktorom sa v\u00fdrobn\u00e9 n\u00e1klady na pon\u00fakan\u00e9, spo\u013eahliv\u00e9 pracovn\u00e9 odevy a kvalitn\u00e9 n\u00e1radie delia na polovicu medzi BP2 a objedn\u00e1vate\u013ea. Na produktoch s\u00fa umiestnen\u00e9 log\u00e1 partnerov BP2 50:50.<\/p>\n<\/div><\/div>\n\n\n\n<div style=\"height:100px\" aria-hidden=\"true\" class=\"wp-block-spacer is-style-smaller-spacer\"><\/div>\n\n\n\n<div class=\"wp-block-group\"><div class=\"wp-block-group__inner-container is-layout-flow wp-block-group-is-layout-flow\">\n<div class=\"wp-block-columns is-style-grid fade-in is-layout-flex wp-container-core-columns-is-layout-9d6595d7 wp-block-columns-is-layout-flex\">\n<div class=\"wp-block-column is-layout-flow wp-block-column-is-layout-flow\">\n<div class=\"wp-block-cover is-style-full-height\"><img loading=\"lazy\" decoding=\"async\" width=\"1306\" height=\"1864\" class=\"wp-block-cover__image-background wp-image-57781\" alt=\"\" src=\"https:\/\/bp2.eu\/wp-content\/uploads\/2023\/02\/50-50-bp2-1.jpeg\" data-object-fit=\"cover\" srcset=\"https:\/\/bp2.eu\/wp-content\/uploads\/2023\/02\/50-50-bp2-1.jpeg 1306w, https:\/\/bp2.eu\/wp-content\/uploads\/2023\/02\/50-50-bp2-1-673x960.jpeg 673w, https:\/\/bp2.eu\/wp-content\/uploads\/2023\/02\/50-50-bp2-1-717x1024.jpeg 717w, https:\/\/bp2.eu\/wp-content\/uploads\/2023\/02\/50-50-bp2-1-768x1096.jpeg 768w, https:\/\/bp2.eu\/wp-content\/uploads\/2023\/02\/50-50-bp2-1-1076x1536.jpeg 1076w\" sizes=\"auto, (max-width: 1306px) 100vw, 1306px\" \/><span aria-hidden=\"true\" class=\"wp-block-cover__background has-background-dim-0 has-background-dim\"><\/span><div class=\"wp-block-cover__inner-container is-layout-flow wp-block-cover-is-layout-flow\">\n<p class=\"has-text-align-center\"><\/p>\n<\/div><\/div>\n<\/div>\n\n\n\n<div class=\"wp-block-column is-layout-flow wp-block-column-is-layout-flow\">\n<div class=\"wp-block-cover is-light is-style-full-width wp-duotone-8c00b7-fcff41-1\"><span aria-hidden=\"true\" class=\"wp-block-cover__background has-dark-gray-background-color has-background-dim-100 has-background-dim\"><\/span><div class=\"wp-block-cover__inner-container is-layout-flow wp-block-cover-is-layout-flow\">\n<figure class=\"wp-block-image size-full is-resized\"><img decoding=\"async\" src=\"https:\/\/bp2.eu\/wp-content\/uploads\/2023\/04\/bp2-50-50.svg\" alt=\"\" class=\"wp-image-63391\" style=\"width:185px;height:113px\"\/><\/figure>\n\n\n\n<p>Pracovn\u00fd odev je neoddelite\u013enou s\u00fa\u010das\u0165ou v\u00fdbavy ka\u017ed\u00e9ho zamestnanca. Je to v\u00fdborn\u00e1 vizitka va\u0161ej spolo\u010dnosti, ktor\u00e1 v\u00e1m umo\u017en\u00ed zv\u00fd\u0161i\u0165 povedomie o zna\u010dke v o\u010diach z\u00e1kazn\u00edkov a posilni\u0165 pocit jednoty a prip\u00fatanosti k spolo\u010dnosti medzi va\u0161imi zamestnancami.<br><br>Pracovn\u00fd odev dop\u013a\u0148aj\u00fa gadgety a pokr\u00fdva\u010dsk\u00e9 n\u00e1radie z kvalitn\u00fdch materi\u00e1lov, ktor\u00e9 zais\u0165uj\u00fa pohodlie a bezpe\u010dnos\u0165 pri pr\u00e1ci.<br><br>V na\u0161om programe pon\u00fakame pracovn\u00e9 odevy vynikaj\u00facej kvality, ktor\u00e9 s\u00fa prisp\u00f4soben\u00e9 r\u00f4znym podmienkam \u2013 chr\u00e1nia pred mo\u017en\u00fdmi hrozbami a z\u00e1rove\u0148 zais\u0165uj\u00fa \u00fapln\u00fa vo\u013enos\u0165 pohybu a svoj\u00edm vzh\u013eadom up\u00fataj\u00fa pozornos\u0165 a zv\u00fd\u0161ia va\u0161u zn\u00e1mos\u0165.<br><br><\/p>\n\n\n\n<a href=\"https:\/\/bp2.eu\/wp-content\/uploads\/2023\/02\/Katalog-50-50-BP2-SK-09-2025.pdf\"  class=\"button button--red \">STIAHNU\u0164 KATAL\u00d3G S NA\u0160IM OBLE\u010cEN\u00cdM<\/a>\n\n\n<a href=\"https:\/\/bp2.eu\/wp-content\/uploads\/2024\/09\/Formular-50-50-BP2-SK-09-2025.pdf\"  class=\"button button--black \">Stiahnite si objedn\u00e1vkov\u00fd formul\u00e1r 50:50<\/a>\n\n\n<div style=\"height:100px\" aria-hidden=\"true\" class=\"wp-block-spacer\"><\/div>\n<\/div><\/div>\n<\/div>\n<\/div>\n<\/div><\/div>\n\n\n\n<div class=\"wp-block-group has-white-background-color has-background\"><div class=\"wp-block-group__inner-container is-layout-flow wp-block-group-is-layout-flow\">\n<div style=\"height:100px\" aria-hidden=\"true\" class=\"wp-block-spacer is-style-smaller-spacer\"><\/div>\n\n\n\n<div class=\"wp-block-columns is-style-grid is-layout-flex wp-container-core-columns-is-layout-9d6595d7 wp-block-columns-is-layout-flex\">\n<div class=\"wp-block-column is-layout-flow wp-block-column-is-layout-flow\">\n<div class=\"wp-block-cover is-light is-style-content-from-bottom\"><img loading=\"lazy\" decoding=\"async\" width=\"1306\" height=\"1864\" class=\"wp-block-cover__image-background wp-image-31260\" alt=\"\" src=\"https:\/\/bp2.eu\/wp-content\/uploads\/2022\/10\/BPACK-v2.jpg\" style=\"object-position:48% 100%\" data-object-fit=\"cover\" data-object-position=\"48% 100%\" srcset=\"https:\/\/bp2.eu\/wp-content\/uploads\/2022\/10\/BPACK-v2.jpg 1306w, https:\/\/bp2.eu\/wp-content\/uploads\/2022\/10\/BPACK-v2-673x960.jpg 673w, https:\/\/bp2.eu\/wp-content\/uploads\/2022\/10\/BPACK-v2-717x1024.jpg 717w, https:\/\/bp2.eu\/wp-content\/uploads\/2022\/10\/BPACK-v2-768x1096.jpg 768w, https:\/\/bp2.eu\/wp-content\/uploads\/2022\/10\/BPACK-v2-1076x1536.jpg 1076w\" sizes=\"auto, (max-width: 1306px) 100vw, 1306px\" \/><span aria-hidden=\"true\" class=\"wp-block-cover__background has-background-dim\"><\/span><div class=\"wp-block-cover__inner-container is-layout-flow wp-block-cover-is-layout-flow\">\n<div style=\"height:100px\" aria-hidden=\"true\" class=\"wp-block-spacer is-style-medium-spacer\"><\/div>\n\n\n\n<figure class=\"wp-block-image size-large is-resized\"><img decoding=\"async\" src=\"https:\/\/bp2.eu\/wp-content\/uploads\/\/2025\/09\/bp2-bpack.svg\" alt=\"bp2 bpack icon\" class=\"wp-image-103543\" style=\"width:163px;height:113px\"\/><\/figure>\n\n\n\n<p class=\"has-white-color has-text-color\">Marketingov\u00e1 kampa\u0148 ur\u010den\u00e1 distrib\u00fatorom, v r\u00e1mci ktorej distrib\u00fator na z\u00e1klade udelen\u00fdch bodov dvakr\u00e1t ro\u010dne prostredn\u00edctvom na\u0161ej webovej str\u00e1nky samostatne dop\u013a\u0148a k\u00f4\u0161 marketingov\u00fdch materi\u00e1lov pon\u00fakan\u00fdch v aktu\u00e1lnom vydan\u00ed programu.<\/p>\n\n\n\n<div class=\"wp-block-group\"><div class=\"wp-block-group__inner-container is-layout-flow wp-block-group-is-layout-flow\">\n<a href=\"https:\/\/bp2.eu\/sk\/program-bp2-bpack\/\"  class=\"button button--red \">ZISTI\u0164 VIAC<\/a><\/div><\/div>\n<\/div><\/div>\n<\/div>\n\n\n\n<div class=\"wp-block-column is-layout-flow wp-block-column-is-layout-flow\">\n<div class=\"wp-block-cover is-light is-style-content-from-bottom\"><img loading=\"lazy\" decoding=\"async\" width=\"1306\" height=\"1864\" class=\"wp-block-cover__image-background wp-image-31334\" alt=\"\" src=\"https:\/\/bp2.eu\/wp-content\/uploads\/2022\/10\/AD.jpg\" style=\"object-position:45% 100%\" data-object-fit=\"cover\" data-object-position=\"45% 100%\" srcset=\"https:\/\/bp2.eu\/wp-content\/uploads\/2022\/10\/AD.jpg 1306w, https:\/\/bp2.eu\/wp-content\/uploads\/2022\/10\/AD-673x960.jpg 673w, https:\/\/bp2.eu\/wp-content\/uploads\/2022\/10\/AD-717x1024.jpg 717w, https:\/\/bp2.eu\/wp-content\/uploads\/2022\/10\/AD-768x1096.jpg 768w, https:\/\/bp2.eu\/wp-content\/uploads\/2022\/10\/AD-1076x1536.jpg 1076w\" sizes=\"auto, (max-width: 1306px) 100vw, 1306px\" \/><span aria-hidden=\"true\" class=\"wp-block-cover__background has-background-dim\"><\/span><div class=\"wp-block-cover__inner-container is-layout-flow wp-block-cover-is-layout-flow\">\n<div style=\"height:100px\" aria-hidden=\"true\" class=\"wp-block-spacer is-style-medium-spacer\"><\/div>\n\n\n\n<figure class=\"wp-block-image size-large is-resized\"><img decoding=\"async\" src=\"https:\/\/bp2.eu\/wp-content\/uploads\/\/2025\/09\/bp2-ad.svg\" alt=\"bp2 authorised d\" class=\"wp-image-103551\" style=\"width:185px;height:113px\"\/><\/figure>\n\n\n\n<p class=\"has-white-color has-text-color\">Aby sme splnili o\u010dak\u00e1vania na\u0161ich distrib\u00fatorov, vytvorili sme komplexn\u00fd program podpory predaja pre produkty BP2. V s\u00fa\u010dasnosti sa aktivity na podporu predaja zameriavaj\u00fa na digit\u00e1lny marketing a lok\u00e1lne online kampane. Na\u0161e oddelenie je pripraven\u00e9 poskytn\u00fa\u0165 ak\u00e9ko\u013evek potrebn\u00e9 poradenstvo.<\/p>\n\n\n\n<div class=\"wp-block-group\"><div class=\"wp-block-group__inner-container is-layout-flow wp-block-group-is-layout-flow\">\n<a href=\"https:\/\/bp2.eu\/sk\/program-bp2-authorised-distributor\/\"  class=\"button button--red \">ZISTI\u0164 VIAC<\/a><\/div><\/div>\n<\/div><\/div>\n<\/div>\n\n\n\n<div class=\"wp-block-column is-layout-flow wp-block-column-is-layout-flow\">\n<div class=\"wp-block-cover is-light is-style-content-from-bottom\"><img loading=\"lazy\" decoding=\"async\" width=\"1306\" height=\"1864\" class=\"wp-block-cover__image-background wp-image-31207\" alt=\"\" src=\"https:\/\/bp2.eu\/wp-content\/uploads\/2022\/10\/BPACK.jpg\" style=\"object-position:51% 100%\" data-object-fit=\"cover\" data-object-position=\"51% 100%\" srcset=\"https:\/\/bp2.eu\/wp-content\/uploads\/2022\/10\/BPACK.jpg 1306w, https:\/\/bp2.eu\/wp-content\/uploads\/2022\/10\/BPACK-673x960.jpg 673w, https:\/\/bp2.eu\/wp-content\/uploads\/2022\/10\/BPACK-717x1024.jpg 717w, https:\/\/bp2.eu\/wp-content\/uploads\/2022\/10\/BPACK-768x1096.jpg 768w, https:\/\/bp2.eu\/wp-content\/uploads\/2022\/10\/BPACK-1076x1536.jpg 1076w\" sizes=\"auto, (max-width: 1306px) 100vw, 1306px\" \/><span aria-hidden=\"true\" class=\"wp-block-cover__background has-background-dim\"><\/span><div class=\"wp-block-cover__inner-container is-layout-flow wp-block-cover-is-layout-flow\">\n<div style=\"height:100px\" aria-hidden=\"true\" class=\"wp-block-spacer is-style-medium-spacer\"><\/div>\n\n\n\n<figure class=\"wp-block-image size-large is-resized\"><img decoding=\"async\" src=\"https:\/\/bp2.eu\/wp-content\/uploads\/\/2025\/09\/bp2eshop.svg\" alt=\"bp2 eshop\" class=\"wp-image-103559\" style=\"width:185px;height:113px\"\/><\/figure>\n\n\n\n<p class=\"has-white-color has-text-color\">Online predajn\u00e1 platforma pripraven\u00e1 pre va\u0161e podnikanie. Distrib\u00fator si m\u00f4\u017ee prisp\u00f4sobi\u0165 webov\u00fa str\u00e1nku a ponuku, ako aj obchodn\u00e9 podmienky. Spr\u00e1vny chod platformy z h\u013eadiska IT plne garantuje BP2.<br><br><\/p>\n\n\n\n<div class=\"wp-block-group\"><div class=\"wp-block-group__inner-container is-layout-flow wp-block-group-is-layout-flow\">\n<a href=\"https:\/\/bp2.eu\/sk\/program-bp2-eshop\/\"  class=\"button button--red \">ZISTI\u0164 VIAC<\/a><\/div><\/div>\n<\/div><\/div>\n<\/div>\n<\/div>\n\n\n\n<div style=\"height:100px\" aria-hidden=\"true\" class=\"wp-block-spacer is-style-small-spacer\"><\/div>\n<\/div><\/div>\n\n\n\n<div style=\"height:100px\" aria-hidden=\"true\" class=\"wp-block-spacer is-style-smaller-spacer\"><\/div>\n","protected":false},"excerpt":{"rendered":"<p>POHODLN\u00c9 A BEZPE\u010cN\u00c9 PRACOVN\u00c9 OBLE\u010cENIE S POTLA\u010cAMI JE DOKONALOU FIREMNOU PREZENT\u00c1CIOU BP2 50:50 Program ur\u010den\u00fd distrib\u00fatorom a pokr\u00fdva\u010dom, v ktorom sa v\u00fdrobn\u00e9 n\u00e1klady na pon\u00fakan\u00e9, spo\u013eahliv\u00e9 pracovn\u00e9 odevy a kvalitn\u00e9 n\u00e1radie delia na polovicu medzi BP2 a objedn\u00e1vate\u013ea. Na produktoch s\u00fa umiestnen\u00e9 log\u00e1 partnerov BP2 50:50.<\/p>\n","protected":false},"author":2,"featured_media":0,"parent":0,"menu_order":84,"comment_status":"closed","ping_status":"closed","template":"","meta":{"_acf_changed":false,"content-type":"","inline_featured_image":false,"footnotes":""},"class_list":["post-50047","page","type-page","status-publish","hentry"],"acf":[],"_links":{"self":[{"href":"https:\/\/bp2.eu\/sk\/wp-json\/wp\/v2\/pages\/50047","targetHints":{"allow":["GET"]}}],"collection":[{"href":"https:\/\/bp2.eu\/sk\/wp-json\/wp\/v2\/pages"}],"about":[{"href":"https:\/\/bp2.eu\/sk\/wp-json\/wp\/v2\/types\/page"}],"author":[{"embeddable":true,"href":"https:\/\/bp2.eu\/sk\/wp-json\/wp\/v2\/users\/2"}],"replies":[{"embeddable":true,"href":"https:\/\/bp2.eu\/sk\/wp-json\/wp\/v2\/comments?post=50047"}],"version-history":[{"count":8,"href":"https:\/\/bp2.eu\/sk\/wp-json\/wp\/v2\/pages\/50047\/revisions"}],"predecessor-version":[{"id":103663,"href":"https:\/\/bp2.eu\/sk\/wp-json\/wp\/v2\/pages\/50047\/revisions\/103663"}],"wp:attachment":[{"href":"https:\/\/bp2.eu\/sk\/wp-json\/wp\/v2\/media?parent=50047"}],"curies":[{"name":"wp","href":"https:\/\/api.w.org\/{rel}","templated":true}]}}