{"id":50107,"date":"2022-10-10T10:47:56","date_gmt":"2022-10-10T08:47:56","guid":{"rendered":"https:\/\/bp2.eu\/program-bp2-eshop\/"},"modified":"2023-01-12T14:56:53","modified_gmt":"2023-01-12T13:56:53","slug":"program-bp2-eshop","status":"publish","type":"page","link":"https:\/\/bp2.eu\/sk\/program-bp2-eshop\/","title":{"rendered":"BP2 ESHOP"},"content":{"rendered":"\n<div class=\"wp-block-group is-style-with-b2-background\"><div class=\"wp-block-group__inner-container is-layout-flow wp-block-group-is-layout-flow\">\n<div style=\"height:100px\" aria-hidden=\"true\" class=\"wp-block-spacer is-style-small-spacer\"><\/div>\n\n\n\n<p class=\"has-text-align-center noMarginBottom has-red-color has-text-color\"><strong>ZA\u010cNITE PRED\u00c1VA\u0164 ONLINE BEZ LIMITOV<\/strong><\/p>\n\n\n\n<h2 class=\"has-text-align-center noMarginTop noMarginBottom is-style-h1 wp-block-heading\" style=\"font-size:3.5em\">BP2 ESHOP<\/h2>\n\n\n\n<div style=\"height:100px\" aria-hidden=\"true\" class=\"wp-block-spacer is-style-small-spacer\"><\/div>\n<\/div><\/div>\n\n\n\n<div class=\"wp-block-group is-style-narrower-group\"><div class=\"wp-block-group__inner-container is-layout-flow wp-block-group-is-layout-flow\">\n<p class=\"has-text-align-center\" style=\"font-size:22px\">Online predajn\u00e1 platforma pripraven\u00e1 pre va\u0161e podnikanie. Distrib\u00fator si m\u00f4\u017ee prisp\u00f4sobi\u0165 webov\u00fa str\u00e1nku a ponuku, ako aj obchodn\u00e9 podmienky. Spr\u00e1vny chod platformy z h\u013eadiska IT plne garantuje BP2.<br><\/p>\n<\/div><\/div>\n\n\n\n<div style=\"height:100px\" aria-hidden=\"true\" class=\"wp-block-spacer is-style-smaller-spacer\"><\/div>\n\n\n\n<div class=\"wp-block-group\"><div class=\"wp-block-group__inner-container is-layout-flow wp-block-group-is-layout-flow\">\n<div class=\"wp-block-columns is-style-grid fade-in is-layout-flex wp-container-core-columns-is-layout-9d6595d7 wp-block-columns-is-layout-flex\">\n<div class=\"wp-block-column is-layout-flow wp-block-column-is-layout-flow\">\n<div class=\"wp-block-cover is-light is-style-full-height\"><span aria-hidden=\"true\" class=\"wp-block-cover__background has-background-dim-0 has-background-dim\"><\/span><img loading=\"lazy\" decoding=\"async\" width=\"1306\" height=\"1864\" class=\"wp-block-cover__image-background wp-image-31207\" alt=\"\" src=\"https:\/\/bp2.eu\/wp-content\/uploads\/2022\/10\/BPACK.jpg\" style=\"object-position:33% 46%\" data-object-fit=\"cover\" data-object-position=\"33% 46%\" srcset=\"https:\/\/bp2.eu\/wp-content\/uploads\/2022\/10\/BPACK.jpg 1306w, https:\/\/bp2.eu\/wp-content\/uploads\/2022\/10\/BPACK-673x960.jpg 673w, https:\/\/bp2.eu\/wp-content\/uploads\/2022\/10\/BPACK-717x1024.jpg 717w, https:\/\/bp2.eu\/wp-content\/uploads\/2022\/10\/BPACK-768x1096.jpg 768w, https:\/\/bp2.eu\/wp-content\/uploads\/2022\/10\/BPACK-1076x1536.jpg 1076w\" sizes=\"auto, (max-width: 1306px) 100vw, 1306px\" \/><div class=\"wp-block-cover__inner-container is-layout-flow wp-block-cover-is-layout-flow\">\n<p class=\"has-text-align-center\"><\/p>\n<\/div><\/div>\n<\/div>\n\n\n\n<div class=\"wp-block-column is-vertically-aligned-center is-layout-flow wp-block-column-is-layout-flow\">\n<div class=\"wp-block-cover is-light is-style-full-width wp-duotone-8c00b7-fcff41-1\"><span aria-hidden=\"true\" class=\"wp-block-cover__background has-dark-gray-background-color has-background-dim-100 has-background-dim\"><\/span><div class=\"wp-block-cover__inner-container is-layout-flow wp-block-cover-is-layout-flow\">\n<figure class=\"wp-block-image size-large is-resized\"><img loading=\"lazy\" decoding=\"async\" src=\"https:\/\/bp2.eu\/wp-content\/uploads\/2022\/12\/bp2eshop.svg\" alt=\"\" class=\"wp-image-46330\" width=\"185\" height=\"113\"\/><\/figure>\n\n\n\n<p>Online predaj v posledn\u00fdch rokoch v\u00fdrazne vzr\u00e1stol. Pod\u013ea spr\u00e1vy Gemius a\u017e 77 % pou\u017e\u00edvate\u013eov internetu v roku 2021 aspo\u0148 raz vyu\u017eilo online nakupovanie. Modern\u00fd svet si vy\u017eaduje zmenu na\u0161ich marketingov\u00fdch n\u00e1strojov a sp\u00f4sobu komunik\u00e1cie s klientom, preto sme sa rozhodli predstavi\u0165 \u0161pecializovan\u00e9 rie\u0161enia pre online predaj.<br><br>V\u010faka n\u00e1\u0161mu rie\u0161eniu si budete m\u00f4c\u0165 u\u017e o p\u00e1r dn\u00ed u\u017e\u00edva\u0165 funk\u010dn\u00fd a p\u00fatav\u00fd e-obchod.<br><br>Spr\u00e1vny chod platformy z h\u013eadiska IT plne garantuje BP2. S na\u0161\u00edm rie\u0161en\u00edm sa nemus\u00edte stara\u0165 o digit\u00e1lnu bezpe\u010dnos\u0165 a dokupova\u0165 priestor na serveri a samotn\u00e1 spr\u00e1va predajne nevy\u017eaduje pokro\u010dil\u00e9 technick\u00e9 znalosti.<br><br>Distrib\u00fator si m\u00f4\u017ee prisp\u00f4sobi\u0165 webov\u00fa str\u00e1nku a ponuku, ako aj obchodn\u00e9 podmienky. Va\u0161i z\u00e1kazn\u00edci bud\u00fa m\u00f4c\u0165 nakupova\u0165 na zariaden\u00ed pod\u013ea vlastn\u00e9ho v\u00fdberu a zabudovan\u00fd platobn\u00fd modul obchodu v\u00e1m umo\u017en\u00ed bezprobl\u00e9movo \u00fa\u010dtova\u0165 va\u0161e produkty pomocou poskytovate\u013ea platieb PayU.<br><br>Pomocou n\u00e1\u0161ho rie\u0161enia sa budete m\u00f4c\u0165 s\u00fastredi\u0165 na predaj a ostatn\u00e9 zabezpe\u010d\u00edme my. \u010eal\u0161ie inform\u00e1cie v\u00e1m poskytne n\u00e1\u0161 obchodn\u00fd z\u00e1stupca.<br><br><\/p>\n\n\n\n<a href=\"https:\/\/bp2.eu\/sk\/kontakty\/?cat=0&#038;subcat=0\"  class=\"button button--red \">KONTAKTUJTE SVOJHO OBCHODN\u00c9HO Z\u00c1STUPCU<\/a>\n\n\n<div style=\"height:100px\" aria-hidden=\"true\" class=\"wp-block-spacer\"><\/div>\n<\/div><\/div>\n<\/div>\n<\/div>\n<\/div><\/div>\n\n\n\n<div class=\"wp-block-group has-white-background-color has-background\"><div class=\"wp-block-group__inner-container is-layout-flow wp-block-group-is-layout-flow\">\n<div style=\"height:100px\" aria-hidden=\"true\" class=\"wp-block-spacer is-style-smaller-spacer\"><\/div>\n\n\n\n<div class=\"wp-block-columns is-style-grid is-layout-flex wp-container-core-columns-is-layout-9d6595d7 wp-block-columns-is-layout-flex\">\n<div class=\"wp-block-column is-layout-flow wp-block-column-is-layout-flow\">\n<div class=\"wp-block-cover is-style-content-from-bottom\"><span aria-hidden=\"true\" class=\"wp-block-cover__background has-background-dim\"><\/span><img loading=\"lazy\" decoding=\"async\" width=\"1306\" height=\"1864\" class=\"wp-block-cover__image-background wp-image-30254\" alt=\"\" src=\"https:\/\/bp2.eu\/wp-content\/uploads\/2022\/09\/50-50-1.jpg\" style=\"object-position:83% 100%\" data-object-fit=\"cover\" data-object-position=\"83% 100%\" srcset=\"https:\/\/bp2.eu\/wp-content\/uploads\/2022\/09\/50-50-1.jpg 1306w, https:\/\/bp2.eu\/wp-content\/uploads\/2022\/09\/50-50-1-673x960.jpg 673w, https:\/\/bp2.eu\/wp-content\/uploads\/2022\/09\/50-50-1-717x1024.jpg 717w, https:\/\/bp2.eu\/wp-content\/uploads\/2022\/09\/50-50-1-768x1096.jpg 768w, https:\/\/bp2.eu\/wp-content\/uploads\/2022\/09\/50-50-1-1076x1536.jpg 1076w\" sizes=\"auto, (max-width: 1306px) 100vw, 1306px\" \/><div class=\"wp-block-cover__inner-container is-layout-flow wp-block-cover-is-layout-flow\">\n<div style=\"height:100px\" aria-hidden=\"true\" class=\"wp-block-spacer is-style-medium-spacer\"><\/div>\n\n\n\n<figure class=\"wp-block-image size-large is-resized\"><img loading=\"lazy\" decoding=\"async\" src=\"https:\/\/bp2.eu\/wp-content\/uploads\/2022\/12\/bp2-50-50.svg\" alt=\"\" class=\"wp-image-46309\" width=\"185\" height=\"113\"\/><\/figure>\n\n\n\n<p class=\"has-white-color has-text-color\">Program ur\u010den\u00fd distrib\u00fatorom a pokr\u00fdva\u010dom, v ktorom sa v\u00fdrobn\u00e9 n\u00e1klady na pon\u00fakan\u00e9, spo\u013eahliv\u00e9 pracovn\u00e9 odevy a kvalitn\u00e9 n\u00e1radie delia na polovicu medzi BP2 a objedn\u00e1vate\u013ea. Na produktoch s\u00fa umiestnen\u00e9 log\u00e1 partnerov BP2 50:50.<\/p>\n\n\n\n<div class=\"wp-block-group\"><div class=\"wp-block-group__inner-container is-layout-flow wp-block-group-is-layout-flow\">\n<a href=\"https:\/\/bp2.eu\/sk\/program-bp2-50-50\/\"  class=\"button button--red \">ZISTI\u0164 VIAC<\/a><\/div><\/div>\n<\/div><\/div>\n<\/div>\n\n\n\n<div class=\"wp-block-column is-layout-flow wp-block-column-is-layout-flow\">\n<div class=\"wp-block-cover is-light is-style-content-from-bottom\"><span aria-hidden=\"true\" class=\"wp-block-cover__background has-background-dim\"><\/span><img loading=\"lazy\" decoding=\"async\" width=\"1306\" height=\"1864\" class=\"wp-block-cover__image-background wp-image-31334\" alt=\"\" src=\"https:\/\/bp2.eu\/wp-content\/uploads\/2022\/10\/AD.jpg\" style=\"object-position:52% 97%\" data-object-fit=\"cover\" data-object-position=\"52% 97%\" srcset=\"https:\/\/bp2.eu\/wp-content\/uploads\/2022\/10\/AD.jpg 1306w, https:\/\/bp2.eu\/wp-content\/uploads\/2022\/10\/AD-673x960.jpg 673w, https:\/\/bp2.eu\/wp-content\/uploads\/2022\/10\/AD-717x1024.jpg 717w, https:\/\/bp2.eu\/wp-content\/uploads\/2022\/10\/AD-768x1096.jpg 768w, https:\/\/bp2.eu\/wp-content\/uploads\/2022\/10\/AD-1076x1536.jpg 1076w\" sizes=\"auto, (max-width: 1306px) 100vw, 1306px\" \/><div class=\"wp-block-cover__inner-container is-layout-flow wp-block-cover-is-layout-flow\">\n<div style=\"height:100px\" aria-hidden=\"true\" class=\"wp-block-spacer is-style-medium-spacer\"><\/div>\n\n\n\n<figure class=\"wp-block-image size-large is-resized\"><img loading=\"lazy\" decoding=\"async\" src=\"https:\/\/bp2.eu\/wp-content\/uploads\/2022\/12\/bp2-ad.svg\" alt=\"\" class=\"wp-image-46316\" width=\"185\" height=\"113\"\/><\/figure>\n\n\n\n<p class=\"has-white-color has-text-color\">Aby sme splnili o\u010dak\u00e1vania na\u0161ich distrib\u00fatorov, vytvorili sme komplexn\u00fd program podpory predaja pre produkty BP2. V s\u00fa\u010dasnosti sa aktivity na podporu predaja zameriavaj\u00fa na digit\u00e1lny marketing a lok\u00e1lne online kampane. Na\u0161e oddelenie je pripraven\u00e9 poskytn\u00fa\u0165 ak\u00e9ko\u013evek potrebn\u00e9 poradenstvo<\/p>\n\n\n\n<div class=\"wp-block-group\"><div class=\"wp-block-group__inner-container is-layout-flow wp-block-group-is-layout-flow\">\n<a href=\"https:\/\/bp2.eu\/sk\/program-bp2-authorised-distributor\/\"  class=\"button button--red \">ZISTI\u0164 VIAC<\/a><\/div><\/div>\n<\/div><\/div>\n<\/div>\n\n\n\n<div class=\"wp-block-column is-layout-flow wp-block-column-is-layout-flow\">\n<div class=\"wp-block-cover is-light is-style-content-from-bottom\"><span aria-hidden=\"true\" class=\"wp-block-cover__background has-background-dim\"><\/span><img loading=\"lazy\" decoding=\"async\" width=\"1306\" height=\"1864\" class=\"wp-block-cover__image-background wp-image-31260\" alt=\"\" src=\"https:\/\/bp2.eu\/wp-content\/uploads\/2022\/10\/BPACK-v2.jpg\" style=\"object-position:54% 90%\" data-object-fit=\"cover\" data-object-position=\"54% 90%\" srcset=\"https:\/\/bp2.eu\/wp-content\/uploads\/2022\/10\/BPACK-v2.jpg 1306w, https:\/\/bp2.eu\/wp-content\/uploads\/2022\/10\/BPACK-v2-673x960.jpg 673w, https:\/\/bp2.eu\/wp-content\/uploads\/2022\/10\/BPACK-v2-717x1024.jpg 717w, https:\/\/bp2.eu\/wp-content\/uploads\/2022\/10\/BPACK-v2-768x1096.jpg 768w, https:\/\/bp2.eu\/wp-content\/uploads\/2022\/10\/BPACK-v2-1076x1536.jpg 1076w\" sizes=\"auto, (max-width: 1306px) 100vw, 1306px\" \/><div class=\"wp-block-cover__inner-container is-layout-flow wp-block-cover-is-layout-flow\">\n<div style=\"height:100px\" aria-hidden=\"true\" class=\"wp-block-spacer is-style-medium-spacer\"><\/div>\n\n\n\n<figure class=\"wp-block-image size-large is-resized\"><img loading=\"lazy\" decoding=\"async\" src=\"https:\/\/bp2.eu\/wp-content\/uploads\/2022\/12\/bp2-bpack.svg\" alt=\"\" class=\"wp-image-46323\" width=\"163\" height=\"113\"\/><\/figure>\n\n\n\n<p class=\"has-white-color has-text-color\">Marketingov\u00e1 kampa\u0148 ur\u010den\u00e1 distrib\u00fatorom, v r\u00e1mci ktorej distrib\u00fator na z\u00e1klade udelen\u00fdch bodov dvakr\u00e1t ro\u010dne prostredn\u00edctvom na\u0161ej webovej str\u00e1nky samostatne dop\u013a\u0148a k\u00f4\u0161 marketingov\u00fdch materi\u00e1lov pon\u00fakan\u00fdch v aktu\u00e1lnom vydan\u00ed programu.<\/p>\n\n\n\n<div class=\"wp-block-group\"><div class=\"wp-block-group__inner-container is-layout-flow wp-block-group-is-layout-flow\">\n<a href=\"https:\/\/bp2.eu\/sk\/program-bp2-bpack\/\"  class=\"button button--red \">ZISTI\u0164 VIAC<\/a><\/div><\/div>\n<\/div><\/div>\n<\/div>\n<\/div>\n\n\n\n<div style=\"height:100px\" aria-hidden=\"true\" class=\"wp-block-spacer is-style-small-spacer\"><\/div>\n<\/div><\/div>\n\n\n\n<div style=\"height:100px\" aria-hidden=\"true\" class=\"wp-block-spacer is-style-smaller-spacer\"><\/div>\n","protected":false},"excerpt":{"rendered":"<p>ZA\u010cNITE PRED\u00c1VA\u0164 ONLINE BEZ LIMITOV BP2 ESHOP Online predajn\u00e1 platforma pripraven\u00e1 pre va\u0161e podnikanie. Distrib\u00fator si m\u00f4\u017ee prisp\u00f4sobi\u0165 webov\u00fa str\u00e1nku a ponuku, ako aj obchodn\u00e9 podmienky. Spr\u00e1vny chod platformy z h\u013eadiska IT plne garantuje BP2.<\/p>\n","protected":false},"author":2,"featured_media":0,"parent":0,"menu_order":68,"comment_status":"closed","ping_status":"closed","template":"","meta":{"_acf_changed":false,"content-type":"","inline_featured_image":false,"footnotes":""},"class_list":["post-50107","page","type-page","status-publish","hentry"],"acf":[],"_links":{"self":[{"href":"https:\/\/bp2.eu\/sk\/wp-json\/wp\/v2\/pages\/50107","targetHints":{"allow":["GET"]}}],"collection":[{"href":"https:\/\/bp2.eu\/sk\/wp-json\/wp\/v2\/pages"}],"about":[{"href":"https:\/\/bp2.eu\/sk\/wp-json\/wp\/v2\/types\/page"}],"author":[{"embeddable":true,"href":"https:\/\/bp2.eu\/sk\/wp-json\/wp\/v2\/users\/2"}],"replies":[{"embeddable":true,"href":"https:\/\/bp2.eu\/sk\/wp-json\/wp\/v2\/comments?post=50107"}],"version-history":[{"count":0,"href":"https:\/\/bp2.eu\/sk\/wp-json\/wp\/v2\/pages\/50107\/revisions"}],"wp:attachment":[{"href":"https:\/\/bp2.eu\/sk\/wp-json\/wp\/v2\/media?parent=50107"}],"curies":[{"name":"wp","href":"https:\/\/api.w.org\/{rel}","templated":true}]}}