{"id":50129,"date":"2022-08-12T14:53:11","date_gmt":"2022-08-12T12:53:11","guid":{"rendered":"https:\/\/bp2.eu\/podstawowe-funkcje-systemu-eprofil\/"},"modified":"2023-01-11T17:24:49","modified_gmt":"2023-01-11T16:24:49","slug":"zakladne-funkcie-systemu-eprofil","status":"publish","type":"page","link":"https:\/\/bp2.eu\/sk\/zakladne-funkcie-systemu-eprofil\/","title":{"rendered":"Z\u00e1kladn\u00e9 funkcie syst\u00e9mu &#8211; eProfil"},"content":{"rendered":"\n<div class=\"wp-block-group is-style-with-b2-background\"><div class=\"wp-block-group__inner-container is-layout-flow wp-block-group-is-layout-flow\">\n<div style=\"height:100px\" aria-hidden=\"true\" class=\"wp-block-spacer is-style-small-spacer\"><\/div>\n\n\n\n<p class=\"has-text-align-center noMarginBottom has-red-color has-text-color\"><strong>S\u00da VECI, KTOR\u00c9 MUSIA BY\u0164 FUNK\u010cN\u00c9<\/strong><\/p>\n\n\n\n<h2 class=\"has-text-align-center noMarginTop noMarginBottom is-style-h1 wp-block-heading\" style=\"font-size:3.5em\"><strong>VLASTNOSTI SYST\u00c9MU \u2013 EPROFIL<\/strong><\/h2>\n\n\n\n<div style=\"height:100px\" aria-hidden=\"true\" class=\"wp-block-spacer is-style-small-spacer\"><\/div>\n<\/div><\/div>\n\n\n\n<div class=\"wp-block-group is-style-narrower-group\"><div class=\"wp-block-group__inner-container is-layout-flow wp-block-group-is-layout-flow\">\n<p class=\"has-text-align-center\" style=\"font-size:22px\">Spoznajte dostupn\u00e9 funkcie n\u00e1\u0161ho syst\u00e9mu a zistite, ak\u00e9 mo\u017enosti pon\u00faka. \u013dahko pou\u017eite\u013en\u00e1 a intuit\u00edvna platforma v\u00e1m pom\u00f4\u017ee dosiahnu\u0165 ciele va\u0161ej spolo\u010dnosti.<\/p>\n<\/div><\/div>\n\n\n\n<div class=\"wp-block-group\"><div class=\"wp-block-group__inner-container is-layout-flow wp-block-group-is-layout-flow\">\n<div style=\"height:100px\" aria-hidden=\"true\" class=\"wp-block-spacer is-style-smaller-spacer\"><\/div>\n\n\n\n<div class=\"wp-block-columns is-style-grid fade-in is-layout-flex wp-container-core-columns-is-layout-9d6595d7 wp-block-columns-is-layout-flex\">\n<div class=\"wp-block-column is-layout-flow wp-block-column-is-layout-flow\">\r\n<div class=\"section__data\" data-section=\"Podstawowe Funkcje Systemu \"><\/div>\n\n\n<div class=\"wp-block-cover is-light is-style-full-width wp-duotone-8c00b7-fcff41-1\"><span aria-hidden=\"true\" class=\"wp-block-cover__background has-dark-gray-background-color has-background-dim-100 has-background-dim\"><\/span><div class=\"wp-block-cover__inner-container is-layout-flow wp-block-cover-is-layout-flow\">\n<h2 class=\"is-style-h3 wp-block-heading\"><strong>Z\u00e1kladn\u00e9 funkcie syst\u00e9mu<\/strong><\/h2>\n\n\n\n<p>Na\u0161a slu\u017eba predstavuje interakt\u00edvnu platformu v\u00fdmeny \u00fadajov umo\u017e\u0148uj\u00facu r\u00fdchly a intuit\u00edvny pr\u00edstup k inform\u00e1ci\u00e1m nevyhnutn\u00fdm pre poskytovanie profesion\u00e1lnych slu\u017eieb.<\/p>\n\n\n\n<h4 class=\"wp-block-heading\"><strong>Z\u00e1kladn\u00e9 funkcie syst\u00e9mu<\/strong>:<\/h4>\n\n\n\n<div class=\"wp-block-group\"><div class=\"wp-block-group__inner-container is-layout-flow wp-block-group-is-layout-flow\">\n<div class=\"wp-block-columns is-not-stacked-on-mobile is-style-icon-and-text is-layout-flex wp-container-core-columns-is-layout-9d6595d7 wp-block-columns-is-layout-flex\">\n<div class=\"wp-block-column is-vertically-aligned-center is-layout-flow wp-block-column-is-layout-flow\"><div class=\"wp-block-image\">\n<figure class=\"alignright size-large is-resized\"><img loading=\"lazy\" decoding=\"async\" src=\"https:\/\/bp2.eu\/wp-content\/uploads\/2022\/12\/eprofil_PDF.svg\" alt=\"\" class=\"wp-image-46577\" width=\"113\" height=\"113\"\/><\/figure>\n<\/div><\/div>\n\n\n\n<div class=\"wp-block-column is-vertically-aligned-center is-layout-flow wp-block-column-is-layout-flow\">\n<p class=\"has-text-align-left\">Aktu\u00e1lny cenn\u00edk produktov vr\u00e1tane pon\u00fakan\u00fdch zliav.<\/p>\n<\/div>\n<\/div>\n<\/div><\/div>\n\n\n\n<div class=\"wp-block-group\"><div class=\"wp-block-group__inner-container is-layout-flow wp-block-group-is-layout-flow\">\n<div class=\"wp-block-columns is-not-stacked-on-mobile is-style-icon-and-text is-layout-flex wp-container-core-columns-is-layout-9d6595d7 wp-block-columns-is-layout-flex\">\n<div class=\"wp-block-column is-vertically-aligned-center is-layout-flow wp-block-column-is-layout-flow\"><div class=\"wp-block-image\">\n<figure class=\"alignright size-large is-resized\"><img loading=\"lazy\" decoding=\"async\" src=\"https:\/\/bp2.eu\/wp-content\/uploads\/2022\/12\/eprofil_dodaj-zamowenie.svg\" alt=\"\" class=\"wp-image-46570\" width=\"113\" height=\"113\"\/><\/figure>\n<\/div><\/div>\n\n\n\n<div class=\"wp-block-column is-vertically-aligned-center is-layout-flow wp-block-column-is-layout-flow\">\n<p class=\"has-text-align-left is-style-default\">Jednoduch\u00e9 a r\u00fdchle prid\u00e1vanie objedn\u00e1vok do syst\u00e9mu, ktor\u00e9 v\u00fdrazne ur\u00fdch\u013euje va\u0161u pr\u00e1cu.<\/p>\n<\/div>\n<\/div>\n<\/div><\/div>\n\n\n\n<div class=\"wp-block-group\"><div class=\"wp-block-group__inner-container is-layout-flow wp-block-group-is-layout-flow\">\n<div class=\"wp-block-columns is-not-stacked-on-mobile is-style-icon-and-text is-layout-flex wp-container-core-columns-is-layout-9d6595d7 wp-block-columns-is-layout-flex\">\n<div class=\"wp-block-column is-vertically-aligned-center is-layout-flow wp-block-column-is-layout-flow\"><div class=\"wp-block-image\">\n<figure class=\"alignright size-large is-resized\"><img loading=\"lazy\" decoding=\"async\" src=\"https:\/\/bp2.eu\/wp-content\/uploads\/2022\/12\/eprofil_profil.svg\" alt=\"\" class=\"wp-image-46563\" width=\"113\" height=\"113\"\/><\/figure>\n<\/div><\/div>\n\n\n\n<div class=\"wp-block-column is-vertically-aligned-center is-layout-flow wp-block-column-is-layout-flow\">\n<p class=\"has-text-align-left\">V\u0161etky potrebn\u00e9 inform\u00e1cie o stave objedn\u00e1vok a platieb dostupn\u00e9 priamo v syst\u00e9me.<\/p>\n<\/div>\n<\/div>\n<\/div><\/div>\n\n\n\n<div class=\"wp-block-group\"><div class=\"wp-block-group__inner-container is-layout-flow wp-block-group-is-layout-flow\">\n<div class=\"wp-block-columns is-not-stacked-on-mobile is-style-icon-and-text is-layout-flex wp-container-core-columns-is-layout-9d6595d7 wp-block-columns-is-layout-flex\">\n<div class=\"wp-block-column is-vertically-aligned-center is-layout-flow wp-block-column-is-layout-flow\"><div class=\"wp-block-image\">\n<figure class=\"alignright size-large is-resized\"><img loading=\"lazy\" decoding=\"async\" src=\"https:\/\/bp2.eu\/wp-content\/uploads\/\/zloz-zamowienie_pop.svg\" alt=\"\" class=\"wp-image-46220\" width=\"118\" height=\"113\"\/><\/figure>\n<\/div><\/div>\n\n\n\n<div class=\"wp-block-column is-vertically-aligned-center is-layout-flow wp-block-column-is-layout-flow\">\n<p class=\"has-text-align-left\">Prepracovan\u00fd mechanizmus pr\u00edpravy pon\u00fak pre z\u00e1kazn\u00edkov s mo\u017enos\u0165ou personaliz\u00e1cie a poskytovania \u013eubovo\u013en\u00fdch zliav.<\/p>\n<\/div>\n<\/div>\n<\/div><\/div>\n\n\n\n<div class=\"wp-block-group\"><div class=\"wp-block-group__inner-container is-layout-flow wp-block-group-is-layout-flow\">\n<div class=\"wp-block-columns is-not-stacked-on-mobile is-style-icon-and-text is-layout-flex wp-container-core-columns-is-layout-9d6595d7 wp-block-columns-is-layout-flex\">\n<div class=\"wp-block-column is-vertically-aligned-center is-layout-flow wp-block-column-is-layout-flow\"><div class=\"wp-block-image\">\n<figure class=\"alignright size-large is-resized\"><img loading=\"lazy\" decoding=\"async\" src=\"https:\/\/bp2.eu\/wp-content\/uploads\/\/aplikacja_pop.svg\" alt=\"\" class=\"wp-image-46232\" width=\"119\" height=\"113\"\/><\/figure>\n<\/div><\/div>\n\n\n\n<div class=\"wp-block-column is-vertically-aligned-center is-layout-flow wp-block-column-is-layout-flow\">\n<p class=\"has-text-align-left\">Dedykowana aplikacja do optymalizacji Twojego przysz\u0142ego dachu. <\/p>\n<\/div>\n<\/div>\n<\/div><\/div>\n<\/div><\/div>\n<\/div>\n\n\n\n<div class=\"wp-block-column is-layout-flow wp-block-column-is-layout-flow\">\n<div class=\"wp-block-cover is-light is-style-full-height\"><span aria-hidden=\"true\" class=\"wp-block-cover__background has-background-dim-0 has-background-dim\"><\/span><img loading=\"lazy\" decoding=\"async\" width=\"1306\" height=\"1864\" class=\"wp-block-cover__image-background wp-image-15221\" alt=\"\" src=\"https:\/\/bp2.eu\/wp-content\/uploads\/2022\/08\/eprofil-mockup-funkcje.jpg\" style=\"object-position:51% 53%\" data-object-fit=\"cover\" data-object-position=\"51% 53%\" srcset=\"https:\/\/bp2.eu\/wp-content\/uploads\/2022\/08\/eprofil-mockup-funkcje.jpg 1306w, https:\/\/bp2.eu\/wp-content\/uploads\/2022\/08\/eprofil-mockup-funkcje-673x960.jpg 673w, https:\/\/bp2.eu\/wp-content\/uploads\/2022\/08\/eprofil-mockup-funkcje-717x1024.jpg 717w, https:\/\/bp2.eu\/wp-content\/uploads\/2022\/08\/eprofil-mockup-funkcje-768x1096.jpg 768w, https:\/\/bp2.eu\/wp-content\/uploads\/2022\/08\/eprofil-mockup-funkcje-1076x1536.jpg 1076w\" sizes=\"auto, (max-width: 1306px) 100vw, 1306px\" \/><div class=\"wp-block-cover__inner-container is-layout-flow wp-block-cover-is-layout-flow\">\n<p class=\"has-text-align-center\"><\/p>\n<\/div><\/div>\n<\/div>\n<\/div>\n<\/div><\/div>\n\n\n\n\n\n<div class=\"wp-block-group\"><div class=\"wp-block-group__inner-container is-layout-flow wp-block-group-is-layout-flow\">\n<div class=\"wp-block-columns is-style-grid fade-in is-layout-flex wp-container-core-columns-is-layout-9d6595d7 wp-block-columns-is-layout-flex\">\n<div class=\"wp-block-column is-layout-flow wp-block-column-is-layout-flow\">\n<div class=\"wp-block-cover is-light is-style-full-width wp-duotone-8c00b7-fcff41-2\"><span aria-hidden=\"true\" class=\"wp-block-cover__background has-dark-gray-background-color has-background-dim-100 has-background-dim\"><\/span><div class=\"wp-block-cover__inner-container is-layout-flow wp-block-cover-is-layout-flow\">\r\n<div class=\"section__data\" data-section=\"Pr\u00edstupnos\u0165 z ak\u00e9hoko\u013evek zariadenia\"><\/div>\n\n\n<h2 class=\"is-style-h3 wp-block-heading\" id=\"eprofil\"><strong>Pr\u00edstupnos\u0165 z ak\u00e9hoko\u013evek zariadenia<\/strong><\/h2>\n\n\n\n<p>V dne\u0161nej dobe vieme, ak\u00fd d\u00f4le\u017eit\u00fd je pre na\u0161ich distrib\u00fatorov \u010das a okam\u017eit\u00fd pr\u00edstup k pracovn\u00fdm n\u00e1strojom, a preto je k\u013e\u00fa\u010dovou funkcionalitou n\u00e1\u0161ho syst\u00e9mu jeho mobilita.<\/p>\n\n\n\n<p>System <a rel=\"noreferrer noopener\" href=\"https:\/\/eprofil.bp2.eu\/xpertis\/prv\/view\/0x1d9be00\" target=\"_blank\"><span style=\"text-decoration: underline;\">eProfil<\/span><\/a> zosta\u0142 zaprojektowany w oparciu o technologi\u0119 Responsive Web Design, dzi\u0119ki kt\u00f3rej mo\u017cesz w \u0142atwy i wygodny spos\u00f3b porusza\u0107 si\u0119 po platformie na ka\u017cdym urz\u0105dzeniu pod\u0142\u0105czonym do internetu, bez konieczno\u015bci instalacji dedykowanej aplikacji.<\/p>\n\n\n\n<a href=\"https:\/\/eprofil.bp2.eu\/xpertis\/prv\/view\/0x1d9be00\" target=\"_blank\" class=\"button button--red \">PRIHL\u00c1SI\u0164 SA DO SYST\u00c9MU<\/a><\/div><\/div>\n<\/div>\n\n\n\n<div class=\"wp-block-column is-layout-flow wp-block-column-is-layout-flow\">\n<div class=\"wp-block-cover is-light is-style-full-height\"><span aria-hidden=\"true\" class=\"wp-block-cover__background has-background-dim-0 has-background-dim\"><\/span><img loading=\"lazy\" decoding=\"async\" width=\"1306\" height=\"1864\" class=\"wp-block-cover__image-background wp-image-29820\" alt=\"\" src=\"https:\/\/bp2.eu\/wp-content\/uploads\/2022\/09\/eprofil-aplikacja-mobilna.jpg\" style=\"object-position:50% 43%\" data-object-fit=\"cover\" data-object-position=\"50% 43%\" srcset=\"https:\/\/bp2.eu\/wp-content\/uploads\/2022\/09\/eprofil-aplikacja-mobilna.jpg 1306w, https:\/\/bp2.eu\/wp-content\/uploads\/2022\/09\/eprofil-aplikacja-mobilna-673x960.jpg 673w, https:\/\/bp2.eu\/wp-content\/uploads\/2022\/09\/eprofil-aplikacja-mobilna-717x1024.jpg 717w, https:\/\/bp2.eu\/wp-content\/uploads\/2022\/09\/eprofil-aplikacja-mobilna-768x1096.jpg 768w, https:\/\/bp2.eu\/wp-content\/uploads\/2022\/09\/eprofil-aplikacja-mobilna-1076x1536.jpg 1076w\" sizes=\"auto, (max-width: 1306px) 100vw, 1306px\" \/><div class=\"wp-block-cover__inner-container is-layout-flow wp-block-cover-is-layout-flow\">\n<p class=\"has-text-align-center\"><\/p>\n<\/div><\/div>\n<\/div>\n<\/div>\n<\/div><\/div>\n","protected":false},"excerpt":{"rendered":"<p>S\u00da VECI, KTOR\u00c9 MUSIA BY\u0164 FUNK\u010cN\u00c9 VLASTNOSTI SYST\u00c9MU \u2013 EPROFIL Spoznajte dostupn\u00e9 funkcie n\u00e1\u0161ho syst\u00e9mu a zistite, ak\u00e9 mo\u017enosti pon\u00faka. \u013dahko pou\u017eite\u013en\u00e1 a intuit\u00edvna platforma v\u00e1m pom\u00f4\u017ee dosiahnu\u0165 ciele va\u0161ej spolo\u010dnosti.<\/p>\n","protected":false},"author":6,"featured_media":0,"parent":0,"menu_order":88,"comment_status":"closed","ping_status":"closed","template":"","meta":{"_acf_changed":false,"content-type":"","inline_featured_image":false,"footnotes":""},"class_list":["post-50129","page","type-page","status-publish","hentry"],"acf":[],"_links":{"self":[{"href":"https:\/\/bp2.eu\/sk\/wp-json\/wp\/v2\/pages\/50129","targetHints":{"allow":["GET"]}}],"collection":[{"href":"https:\/\/bp2.eu\/sk\/wp-json\/wp\/v2\/pages"}],"about":[{"href":"https:\/\/bp2.eu\/sk\/wp-json\/wp\/v2\/types\/page"}],"author":[{"embeddable":true,"href":"https:\/\/bp2.eu\/sk\/wp-json\/wp\/v2\/users\/6"}],"replies":[{"embeddable":true,"href":"https:\/\/bp2.eu\/sk\/wp-json\/wp\/v2\/comments?post=50129"}],"version-history":[{"count":0,"href":"https:\/\/bp2.eu\/sk\/wp-json\/wp\/v2\/pages\/50129\/revisions"}],"wp:attachment":[{"href":"https:\/\/bp2.eu\/sk\/wp-json\/wp\/v2\/media?parent=50129"}],"curies":[{"name":"wp","href":"https:\/\/api.w.org\/{rel}","templated":true}]}}