{"id":51040,"date":"2022-04-04T17:10:31","date_gmt":"2022-04-04T15:10:31","guid":{"rendered":"https:\/\/bp2.eu\/dzialania-marketingowe\/"},"modified":"2024-09-05T13:43:23","modified_gmt":"2024-09-05T11:43:23","slug":"marketingove-aktivity","status":"publish","type":"page","link":"https:\/\/bp2.eu\/sk\/marketingove-aktivity\/","title":{"rendered":"MARKETINGOV\u00c9 AKTIVITY"},"content":{"rendered":"\n<div class=\"wp-block-group is-style-with-b2-background\"><div class=\"wp-block-group__inner-container is-layout-flow wp-block-group-is-layout-flow\">\n<div style=\"height:100px\" aria-hidden=\"true\" class=\"wp-block-spacer is-style-small-spacer\"><\/div>\n\n\n\n<p class=\"has-text-align-center noMarginBottom has-red-color has-text-color\"><strong>EXISTUJ\u00da \u010cINNOSTI, KTOR\u00c9 BY SA MALI VYKONA\u0164.<\/strong><\/p>\n\n\n\n<h2 class=\"wp-block-heading has-text-align-center noMarginTop noMarginBottom is-style-h1\" style=\"font-size:3.5em\"><strong>MARKETINGOV\u00c9 AKTIVITY<\/strong><\/h2>\n\n\n\n<div style=\"height:100px\" aria-hidden=\"true\" class=\"wp-block-spacer is-style-small-spacer\"><\/div>\n<\/div><\/div>\n\n\n\n<div class=\"wp-block-group is-style-narrower-group\"><div class=\"wp-block-group__inner-container is-layout-flow wp-block-group-is-layout-flow\">\n<p class=\"has-text-align-center\" style=\"font-size:22px\"><strong>Na\u0161a d\u00f4veryhodnos\u0165 a zodpovednos\u0165 n\u00e1m umo\u017e\u0148uj\u00fa budova\u0165 dlhodob\u00e9 a otvoren\u00e9 vz\u0165ahy.<\/strong> V\u010faka tomu m\u00f4\u017eeme p\u00f4sobi\u0165 soci\u00e1lne, vyu\u017e\u00edvaj\u00fac neust\u00e1le sa roz\u0161iruj\u00faci dosah. To n\u00e1m umo\u017e\u0148uje zv\u00fd\u0161i\u0165 povedomie o zna\u010dke na po\u013eskom a zahrani\u010dnom trhu.<\/p>\n\n\n\n<div style=\"height:100px\" aria-hidden=\"true\" class=\"wp-block-spacer is-style-small-spacer\"><\/div>\n<\/div><\/div>\n\n\n\n<div class=\"wp-block-group is-style-narrower-group has-red-background-color has-background\"><div class=\"wp-block-group__inner-container is-layout-flow wp-block-group-is-layout-flow\">\n<div style=\"height:100px\" aria-hidden=\"true\" class=\"wp-block-spacer is-style-small-spacer\"><\/div>\n\n\n\n<div class=\"wp-block-group is-style-narrow-group\"><div class=\"wp-block-group__inner-container is-layout-flow wp-block-group-is-layout-flow\">\r\n<div class=\"section__data\" data-section=\"CSR AKTIVITY\"><\/div><\/div><\/div>\n\n\n<div class=\"wp-block-image\">\n<figure class=\"aligncenter size-full is-resized\"><img decoding=\"async\" src=\"https:\/\/bp2.eu\/wp-content\/uploads\/2022\/12\/bp2-csr-icon-white.svg\" alt=\"\" class=\"wp-image-46551\" style=\"width:148px;height:113px\"\/><\/figure>\n<\/div>\n\n\n<h2 class=\"wp-block-heading has-text-align-center is-style-h3 has-white-color has-text-color\"><strong>CSR AKTIVITY<\/strong><\/h2>\n\n\n\n<div style=\"height:100px\" aria-hidden=\"true\" class=\"wp-block-spacer is-style-small-spacer\"><\/div>\n<\/div><\/div>\n\n\n\n<div style=\"height:100px\" aria-hidden=\"true\" class=\"wp-block-spacer is-style-smaller-spacer\"><\/div>\n\n\n\n<div style=\"height:100px\" aria-hidden=\"true\" class=\"wp-block-spacer is-style-smaller-spacer\"><\/div>\n\n\n\n<div class=\"wp-block-group\"><div class=\"wp-block-group__inner-container is-layout-flow wp-block-group-is-layout-flow\">\n<div class=\"wp-block-columns is-style-mobile-reverse is-style-grid fade-in is-layout-flex wp-container-core-columns-is-layout-9d6595d7 wp-block-columns-is-layout-flex\">\n<div class=\"wp-block-column is-layout-flow wp-block-column-is-layout-flow\">\n<div class=\"wp-block-cover is-light is-style-full-width\"><span aria-hidden=\"true\" class=\"wp-block-cover__background has-dark-gray-background-color has-background-dim-100 has-background-dim\"><\/span><div class=\"wp-block-cover__inner-container is-layout-flow wp-block-cover-is-layout-flow\">\n<h2 class=\"wp-block-heading is-style-h3 has-large-font-size\"><strong>V\u010faka BP2 maj\u00fa vlci strechu nad hlavou<\/strong><\/h2>\n\n\n\n<p>S vlkmi sme na cest\u00e1ch u\u017e dlho. Imponuje n\u00e1m ich t\u00edmov\u00e1 pr\u00e1ca, lojalita a z\u00e1rove\u0148 nez\u00e1vislos\u0165. Nie nadarmo je vlk v na\u0161om logu. Chceme zmeni\u0165 myslenie o t\u00fdchto fantastick\u00fdch zvierat\u00e1ch, ktor\u00e9 s\u00fa \u010dasto nepochopen\u00e9 hlavne \u013eu\u010fmi, ktor\u00ed o nich vedia m\u00e1lo.<br><br>Prevzali sme \u00falohu sponzora pre vlky okrajov\u00e9 \u017eij\u00face v krakovskej zoo v rokoch 2021 a\u017e 2022. Sme radi, \u017ee sa m\u00f4\u017eeme finan\u010dne postara\u0165 o tieto kr\u00e1sne tvory a zabezpe\u010di\u0165 tak ich blaho.<\/p>\n\n\n\n<p><\/p>\n\n\n\n<div class=\"wp-block-group\"><div class=\"wp-block-group__inner-container is-layout-flow wp-block-group-is-layout-flow\">\n<a href=\"https:\/\/zoo-krakow.pl\/\" target=\"_blank\" class=\"button button--blackSpecial \">ZISTI\u0164 VIAC<\/a><\/div><\/div>\n<\/div><\/div>\n<\/div>\n\n\n\n<div class=\"wp-block-column is-layout-flow wp-block-column-is-layout-flow\">\n<div class=\"wp-block-cover is-light is-style-full-height\"><span aria-hidden=\"true\" class=\"wp-block-cover__background has-background-dim-0 has-background-dim\"><\/span><img loading=\"lazy\" decoding=\"async\" width=\"1900\" height=\"1204\" class=\"wp-block-cover__image-background wp-image-16602\" alt=\"\" src=\"https:\/\/bp2.eu\/wp-content\/uploads\/2022\/08\/wolf.jpg\" data-object-fit=\"cover\" srcset=\"https:\/\/bp2.eu\/wp-content\/uploads\/2022\/08\/wolf.jpg 1900w, https:\/\/bp2.eu\/wp-content\/uploads\/2022\/08\/wolf-820x520.jpg 820w, https:\/\/bp2.eu\/wp-content\/uploads\/2022\/08\/wolf-1024x649.jpg 1024w, https:\/\/bp2.eu\/wp-content\/uploads\/2022\/08\/wolf-768x487.jpg 768w, https:\/\/bp2.eu\/wp-content\/uploads\/2022\/08\/wolf-1536x973.jpg 1536w\" sizes=\"auto, (max-width: 1900px) 100vw, 1900px\" \/><div class=\"wp-block-cover__inner-container is-layout-flow wp-block-cover-is-layout-flow\">\n<p class=\"has-text-align-center\"><\/p>\n<\/div><\/div>\n<\/div>\n<\/div>\n\n\n\n<div class=\"wp-block-columns is-style-grid fade-in is-style-default is-layout-flex wp-container-core-columns-is-layout-9d6595d7 wp-block-columns-is-layout-flex\">\n<div class=\"wp-block-column is-layout-flow wp-block-column-is-layout-flow\">\n<div class=\"wp-block-cover is-light is-style-full-height\"><span aria-hidden=\"true\" class=\"wp-block-cover__background has-background-dim-0 has-background-dim\"><\/span><img loading=\"lazy\" decoding=\"async\" width=\"1500\" height=\"1000\" class=\"wp-block-cover__image-background wp-image-7574\" alt=\"\" src=\"https:\/\/bp2.eu\/wp-content\/uploads\/2022\/04\/bp2_stowarzyszenie_wilk.png\" data-object-fit=\"cover\" srcset=\"https:\/\/bp2.eu\/wp-content\/uploads\/2022\/04\/bp2_stowarzyszenie_wilk.png 1500w, https:\/\/bp2.eu\/wp-content\/uploads\/2022\/04\/bp2_stowarzyszenie_wilk-820x547.png 820w, https:\/\/bp2.eu\/wp-content\/uploads\/2022\/04\/bp2_stowarzyszenie_wilk-1024x683.png 1024w, https:\/\/bp2.eu\/wp-content\/uploads\/2022\/04\/bp2_stowarzyszenie_wilk-768x512.png 768w\" sizes=\"auto, (max-width: 1500px) 100vw, 1500px\" \/><div class=\"wp-block-cover__inner-container is-layout-flow wp-block-cover-is-layout-flow\">\n<p class=\"has-text-align-center\"><\/p>\n<\/div><\/div>\n<\/div>\n\n\n\n<div class=\"wp-block-column is-layout-flow wp-block-column-is-layout-flow\">\n<div class=\"wp-block-cover is-light is-style-full-width\"><span aria-hidden=\"true\" class=\"wp-block-cover__background has-dark-gray-background-color has-background-dim-100 has-background-dim\"><\/span><div class=\"wp-block-cover__inner-container is-layout-flow wp-block-cover-is-layout-flow\">\n<h2 class=\"wp-block-heading is-style-h3 has-large-font-size\"><strong>Zdru\u017eenie pre pr\u00edrodu \u201eVlk\u201d<\/strong><\/h2>\n\n\n\n<p>C\u00edtime vl\u010d\u00ed hlad po pomoci. Preto sme v rokoch 2021 &#8211; 2022 finan\u010dne podporili Zdru\u017eenie pre pr\u00edrodu \u201eVlk\u201c, ktor\u00e9 zdru\u017euje skupinu \u0161pi\u010dkov\u00fdch odborn\u00edkov pracuj\u00facich na ochrane vlka v Po\u013esku.<\/p>\n\n\n\n<p><br>Zdru\u017eenie pre pr\u00edrodu \u201e<strong>Vlk<\/strong>\u201c nepretr\u017eite pracuje pre na\u0161u pr\u00edrodu od roku 1996, najm\u00e4 na ochranu ve\u013ek\u00fdch drav\u00fdch cicavcov \u2013 rysov, medve\u010fov a vlkov. Ich n\u00e1dhern\u00e1, aj ke\u010f mimoriadne n\u00e1ro\u010dn\u00e1 pr\u00e1ca si zasl\u00fa\u017ei uznanie. Pom\u00e1hame a povzbudzujeme v\u00e1s, aby ste urobili to ist\u00e9. Ka\u017ed\u00e1, aj skromn\u00e1 podpora prin\u00e1\u0161a ve\u013ek\u00fa spokojnos\u0165.<\/p>\n\n\n\n<p><\/p>\n\n\n\n<div class=\"wp-block-group\"><div class=\"wp-block-group__inner-container is-layout-flow wp-block-group-is-layout-flow\">\n<a href=\"https:\/\/www.polskiwilk.org.pl\/\" target=\"_blank\" class=\"button button--blackSpecial \">ZISTI\u0164 VIAC<\/a><\/div><\/div>\n<\/div><\/div>\n<\/div>\n<\/div>\n\n\n\n<div class=\"wp-block-columns is-style-mobile-reverse is-style-grid fade-in is-layout-flex wp-container-core-columns-is-layout-9d6595d7 wp-block-columns-is-layout-flex\">\n<div class=\"wp-block-column is-layout-flow wp-block-column-is-layout-flow\">\n<div class=\"wp-block-cover is-light is-style-full-width\"><span aria-hidden=\"true\" class=\"wp-block-cover__background has-dark-gray-background-color has-background-dim-100 has-background-dim\"><\/span><div class=\"wp-block-cover__inner-container is-layout-flow wp-block-cover-is-layout-flow\">\n<h2 class=\"wp-block-heading is-style-h3 has-large-font-size\"><strong>HC Ko\u0161ice<\/strong><\/h2>\n\n\n\n<p>Od marca 2018 sme ofici\u00e1lnym sponzorom hokejov\u00e9ho t\u00edmu HC Ko\u0161ice.<br><br>Patr\u00ed medzi naj\u00faspe\u0161nej\u0161ie slovensk\u00e9 kluby, osemkr\u00e1t z\u00edskal titul majstra republiky. Svoje z\u00e1pasy hr\u00e1va v Steel Ar\u00e9ne, kde si m\u00f4\u017eete pozrie\u0165 na\u0161e reklamy.<\/p>\n\n\n\n<p><\/p>\n\n\n\n<div class=\"wp-block-group\"><div class=\"wp-block-group__inner-container is-layout-flow wp-block-group-is-layout-flow\">\n<a href=\"https:\/\/www.hckosice.sk\/\" target=\"_blank\" class=\"button button--blackSpecial \">ZISTI\u0164 VIAC<\/a><\/div><\/div>\n<\/div><\/div>\n<\/div>\n\n\n\n<div class=\"wp-block-column is-layout-flow wp-block-column-is-layout-flow\">\n<div class=\"wp-block-cover is-style-full-height\"><span aria-hidden=\"true\" class=\"wp-block-cover__background has-background-dim-0 has-background-dim\"><\/span><img loading=\"lazy\" decoding=\"async\" width=\"1900\" height=\"1204\" class=\"wp-block-cover__image-background wp-image-16634\" alt=\"\" src=\"https:\/\/bp2.eu\/wp-content\/uploads\/2022\/08\/hc-kosice.jpg\" style=\"object-position:49% 26%\" data-object-fit=\"cover\" data-object-position=\"49% 26%\" srcset=\"https:\/\/bp2.eu\/wp-content\/uploads\/2022\/08\/hc-kosice.jpg 1900w, https:\/\/bp2.eu\/wp-content\/uploads\/2022\/08\/hc-kosice-820x520.jpg 820w, https:\/\/bp2.eu\/wp-content\/uploads\/2022\/08\/hc-kosice-1024x649.jpg 1024w, https:\/\/bp2.eu\/wp-content\/uploads\/2022\/08\/hc-kosice-768x487.jpg 768w, https:\/\/bp2.eu\/wp-content\/uploads\/2022\/08\/hc-kosice-1536x973.jpg 1536w\" sizes=\"auto, (max-width: 1900px) 100vw, 1900px\" \/><div class=\"wp-block-cover__inner-container is-layout-flow wp-block-cover-is-layout-flow\">\n<p class=\"has-text-align-center\"><\/p>\n<\/div><\/div>\n<\/div>\n<\/div>\n<\/div><\/div>\n\n\n\n<div class=\"wp-block-group is-style-narrower-group has-red-background-color has-background\"><div class=\"wp-block-group__inner-container is-layout-flow wp-block-group-is-layout-flow\">\n<div style=\"height:100px\" aria-hidden=\"true\" class=\"wp-block-spacer is-style-small-spacer\"><\/div>\n\n\n\r\n<div class=\"section__data\" data-section=\"Ambas\u00e1dor Zna\u010dky\"><\/div>\n\n<div class=\"wp-block-image\">\n<figure class=\"aligncenter size-full is-resized\"><img decoding=\"async\" src=\"https:\/\/bp2.eu\/wp-content\/uploads\/2022\/12\/bp2-csr-icon-white.svg\" alt=\"\" class=\"wp-image-46551\" style=\"width:148px;height:113px\"\/><\/figure>\n<\/div>\n\n\n<h2 class=\"wp-block-heading has-text-align-center is-style-h3 has-white-color has-text-color\"><strong>AMBAS\u00c1DOR ZNA\u010cKY<\/strong><\/h2>\n\n\n\n<p class=\"has-text-align-center has-white-color has-text-color\">Ambas\u00e1dor zna\u010dky BP2 od roku 2017 do roku 2022 \u2013 Adam Ma\u0142ysz. Najlep\u0161\u00ed skokan medzi pokr\u00fdva\u010dmi a najlep\u0161\u00ed pokr\u00fdva\u010d medzi skokanmi, ktor\u00ed sa rozhodli d\u00f4verova\u0165 BP2. Sp\u00e1jala n\u00e1s rovnak\u00e1 v\u00e1\u0161e\u0148 a neust\u00e1la honba za dokonalos\u0165ou. Bolo ve\u013ek\u00fdm privil\u00e9giom ma\u0165 Majstra po svojom boku.<\/p>\n\n\n\n<div style=\"height:100px\" aria-hidden=\"true\" class=\"wp-block-spacer is-style-small-spacer\"><\/div>\n<\/div><\/div>\n\n\n\n<div style=\"height:100px\" aria-hidden=\"true\" class=\"wp-block-spacer is-style-smaller-spacer\"><\/div>\n\n\n\n<div class=\"wp-block-group is-style-default\"><div class=\"wp-block-group__inner-container is-layout-flow wp-block-group-is-layout-flow\">\n<div class=\"wp-block-columns is-style-mobile-reverse is-style-grid fade-in is-layout-flex wp-container-core-columns-is-layout-9d6595d7 wp-block-columns-is-layout-flex\">\n<div class=\"wp-block-column is-layout-flow wp-block-column-is-layout-flow\">\n<div class=\"wp-block-cover is-light is-style-full-width\"><span aria-hidden=\"true\" class=\"wp-block-cover__background has-dark-gray-background-color has-background-dim-100 has-background-dim\"><\/span><div class=\"wp-block-cover__inner-container is-layout-flow wp-block-cover-is-layout-flow\">\n<h2 class=\"wp-block-heading is-style-h3\"><br><strong>NAJLEP\u0160\u00cd POKR\u00ddVA\u010c MEDZI SKOKANMI<\/strong><\/h2>\n\n\n\n<h2 class=\"wp-block-heading is-style-h3\" style=\"font-style:normal;font-weight:300\">Najlep\u0161\u00ed skokan medzi pokr\u00fdva\u010dmi<\/h2>\n\n\n\n<p>V roku 2017 sa Adam Ma\u0142ysz stal ambas\u00e1dorom zna\u010dky BP2 a do roku 2022 sa akt\u00edvne podie\u013eal na vytv\u00e1ran\u00ed imid\u017eu spolo\u010dnosti.<\/p>\n\n\n\n<p>M\u00e1lokto vie, \u017ee <strong>Adam Ma\u0142ysz je povolan\u00edm pokr\u00fdva\u010d<\/strong> a t\u00e1to skuto\u010dnos\u0165 ovplyvnila na\u0161u spolupr\u00e1cu. Napriek mno\u017estvu z\u00edskan\u00fdch titulov nezabudol na svoje korene a so sentimentom sa vracia k svojim prv\u00fdm pokr\u00fdva\u010dsk\u00fdm aktivit\u00e1m.<\/p>\n\n\n\n<p>Profesia pokr\u00fdva\u010da sa rokmi vyv\u00edjala, stala sa prest\u00ed\u017enou a mimoriadne pr\u00ed\u0165a\u017elivou. Dopyt na trhu je st\u00e1le vysok\u00fd. Meniaca sa realita a technologick\u00fd pokrok znamenaj\u00fa, \u017ee majstri pokr\u00fdva\u010dov musia dr\u017ea\u0165 krok s najnov\u0161\u00edmi novinkami.<\/p>\n\n\n\n<p>Ako si Adam Ma\u0142ysz predstavuje s\u00e1m seba, keby sa jeho kari\u00e9ra vyv\u00edjala inak, keby zostal v brand\u017ei?<\/p>\n\n\n\n<p><em>\u201eKeby som bol dnes pokr\u00fdva\u010dom, sna\u017eil by som sa ma\u0165 vlastn\u00fa firmu, nebol by som \u010de\u013eadn\u00edkom, stal by som sa majstrom. Neust\u00e1le by som sa u\u010dil a chcel by som si zvy\u0161ova\u0165 kvalifik\u00e1ciu. Nikdy som sa neb\u00e1l v\u00fdziev, \u010do najlep\u0161ie dokazuje moja cesta v skokoch a motor\u0161porte. Zvl\u00e1dol by som to aj tu!\u201c<\/em><\/p>\n\n\n\n<p>Adam Ma\u0142ysz sa v posledn\u00fdch rokoch z\u00fa\u010dast\u0148uje \u0161kolen\u00ed, kde povzbudzuje svojich kolegov k z\u00edskavaniu nov\u00fdch vedomost\u00ed a zvy\u0161ovaniu kvalifik\u00e1cie, \u010do je v dne\u0161nej dobe tak\u00e9 d\u00f4le\u017eit\u00e9.<\/p>\n<\/div><\/div>\n<\/div>\n\n\n\n<div class=\"wp-block-column is-layout-flow wp-block-column-is-layout-flow\">\n<div class=\"wp-block-cover is-style-full-height\"><span aria-hidden=\"true\" class=\"wp-block-cover__background has-background-dim-0 has-background-dim\"><\/span><img loading=\"lazy\" decoding=\"async\" width=\"1000\" height=\"909\" class=\"wp-block-cover__image-background wp-image-10432\" alt=\"\" src=\"https:\/\/bp2.eu\/wp-content\/uploads\/2022\/05\/adam.png\" data-object-fit=\"cover\" srcset=\"https:\/\/bp2.eu\/wp-content\/uploads\/2022\/05\/adam.png 1000w, https:\/\/bp2.eu\/wp-content\/uploads\/2022\/05\/adam-820x745.png 820w, https:\/\/bp2.eu\/wp-content\/uploads\/2022\/05\/adam-768x698.png 768w\" sizes=\"auto, (max-width: 1000px) 100vw, 1000px\" \/><div class=\"wp-block-cover__inner-container is-layout-flow wp-block-cover-is-layout-flow\">\n<p class=\"has-text-align-center\"><\/p>\n<\/div><\/div>\n<\/div>\n<\/div>\n\n\n\n<div style=\"height:100px\" aria-hidden=\"true\" class=\"wp-block-spacer is-style-smaller-spacer\"><\/div>\n<\/div><\/div>\n\n\n\n<div class=\"wp-block-group has-black-background-color has-background\"><div class=\"wp-block-group__inner-container is-layout-flow wp-block-group-is-layout-flow\">\n<figure class=\"wp-block-embed is-type-video is-provider-youtube wp-block-embed-youtube wp-embed-aspect-16-9 wp-has-aspect-ratio\"><div class=\"wp-block-embed__wrapper\">\n<iframe loading=\"lazy\" title=\"RANGA: MISTRZ. ZAW\u00d3D: DEKARZ. ADAM MA\u0141YSZ AMBASADOR BLACHPROFIL 2\" width=\"640\" height=\"360\" src=\"https:\/\/www.youtube.com\/embed\/D_ijt3CxV6k?feature=oembed\" frameborder=\"0\" allow=\"accelerometer; autoplay; clipboard-write; encrypted-media; gyroscope; picture-in-picture; web-share\" referrerpolicy=\"strict-origin-when-cross-origin\" allowfullscreen><\/iframe>\n<\/div><\/figure>\n<\/div><\/div>\n\n\n\n<div style=\"height:100px\" aria-hidden=\"true\" class=\"wp-block-spacer is-style-small-spacer\"><\/div>\n\n\n\n<div class=\"wp-block-group\"><div class=\"wp-block-group__inner-container is-layout-flow wp-block-group-is-layout-flow\">\n<div class=\"wp-block-columns is-style-grid is-layout-flex wp-container-core-columns-is-layout-9d6595d7 wp-block-columns-is-layout-flex\">\n<div class=\"wp-block-column is-layout-flow wp-block-column-is-layout-flow\">\n<div class=\"wp-block-cover is-style-content-from-bottom\"><span aria-hidden=\"true\" class=\"wp-block-cover__background has-background-dim-60 has-background-dim\"><\/span><img loading=\"lazy\" decoding=\"async\" width=\"1620\" height=\"1080\" class=\"wp-block-cover__image-background wp-image-11144\" alt=\"\" src=\"https:\/\/bp2.eu\/wp-content\/uploads\/2022\/06\/bp2_master_roofer.jpg\" data-object-fit=\"cover\" srcset=\"https:\/\/bp2.eu\/wp-content\/uploads\/2022\/06\/bp2_master_roofer.jpg 1620w, https:\/\/bp2.eu\/wp-content\/uploads\/2022\/06\/bp2_master_roofer-820x547.jpg 820w, https:\/\/bp2.eu\/wp-content\/uploads\/2022\/06\/bp2_master_roofer-1024x683.jpg 1024w, https:\/\/bp2.eu\/wp-content\/uploads\/2022\/06\/bp2_master_roofer-768x512.jpg 768w, https:\/\/bp2.eu\/wp-content\/uploads\/2022\/06\/bp2_master_roofer-1536x1024.jpg 1536w\" sizes=\"auto, (max-width: 1620px) 100vw, 1620px\" \/><div class=\"wp-block-cover__inner-container is-layout-flow wp-block-cover-is-layout-flow\">\n<div style=\"height:100px\" aria-hidden=\"true\" class=\"wp-block-spacer is-style-medium-spacer\"><\/div>\n\n\n\n<h2 class=\"wp-block-heading is-style-h3\"><strong>MASTER ROOFER<\/strong><\/h2>\n\n\n\n<p>Program, v r\u00e1mci ktor\u00e9ho \u0161kol\u00edme a oboznamujeme pokr\u00fdva\u010dov s na\u0161ou produktovou ponukou.<\/p>\n\n\n\n<div class=\"wp-block-group\"><div class=\"wp-block-group__inner-container is-layout-flow wp-block-group-is-layout-flow\">\n<a href=\"https:\/\/bp2.eu\/dekarze\/#master-roofer\"  class=\"button button--red \">STA\u0147TE SA NA\u0160IM CERTIFIKOVAN\u00ddM POKR\u00ddVA\u010cOM!<\/a><\/div><\/div>\n<\/div><\/div>\n<\/div>\n\n\n\n<div class=\"wp-block-column is-layout-flow wp-block-column-is-layout-flow\">\n<div class=\"wp-block-cover is-style-content-from-bottom\"><span aria-hidden=\"true\" class=\"wp-block-cover__background has-background-dim-60 has-background-dim\"><\/span><img loading=\"lazy\" decoding=\"async\" width=\"526\" height=\"534\" class=\"wp-block-cover__image-background wp-image-5514\" alt=\"\" src=\"https:\/\/bp2.eu\/wp-content\/uploads\/2022\/03\/MASTER-ROOFER_01-07-2021-23.png\" data-object-fit=\"cover\"\/><div class=\"wp-block-cover__inner-container is-layout-flow wp-block-cover-is-layout-flow\">\n<div style=\"height:100px\" aria-hidden=\"true\" class=\"wp-block-spacer is-style-medium-spacer\"><\/div>\n\n\n\n<h2 class=\"wp-block-heading is-style-h3\"><strong>AKAD\u00c9MIA MAJSTROV<\/strong><\/h2>\n\n\n\n<p>Origin\u00e1lny program praktick\u00e9ho v\u00fdcviku pod veden\u00edm majstra pokr\u00fdva\u010da Waldemara Pielu.<\/p>\n\n\n\n<div class=\"wp-block-group\"><div class=\"wp-block-group__inner-container is-layout-flow wp-block-group-is-layout-flow\">\n<a href=\"http:\/\/bp2.eu\/dekarze\/#akademia-mistrzow\"  class=\"button button--red \">PRIPOJTE SA K AKAD\u00c9MII MAJSTROV!<\/a><\/div><\/div>\n<\/div><\/div>\n<\/div>\n\n\n\n<div class=\"wp-block-column is-layout-flow wp-block-column-is-layout-flow\">\n<div class=\"wp-block-cover is-style-content-from-bottom\"><span aria-hidden=\"true\" class=\"wp-block-cover__background has-background-dim-60 has-background-dim\"><\/span><img loading=\"lazy\" decoding=\"async\" width=\"1000\" height=\"667\" class=\"wp-block-cover__image-background wp-image-11148\" alt=\"\" src=\"https:\/\/bp2.eu\/wp-content\/uploads\/2022\/06\/bp2_mobilna_am.png\" data-object-fit=\"cover\" srcset=\"https:\/\/bp2.eu\/wp-content\/uploads\/2022\/06\/bp2_mobilna_am.png 1000w, https:\/\/bp2.eu\/wp-content\/uploads\/2022\/06\/bp2_mobilna_am-820x547.png 820w, https:\/\/bp2.eu\/wp-content\/uploads\/2022\/06\/bp2_mobilna_am-768x512.png 768w\" sizes=\"auto, (max-width: 1000px) 100vw, 1000px\" \/><div class=\"wp-block-cover__inner-container is-layout-flow wp-block-cover-is-layout-flow\">\n<div style=\"height:100px\" aria-hidden=\"true\" class=\"wp-block-spacer is-style-medium-spacer\"><\/div>\n\n\n\n<h2 class=\"wp-block-heading is-style-h3 has-white-color has-text-color\"><strong>MOBILN\u00c1 AKAD\u00c9MIA MAJSTROV<\/strong><\/h2>\n\n\n\n<p class=\"has-white-color has-text-color\">Mobiln\u00e9 centrum pre inform\u00e1cie, \u0161kolenia mont\u00e1\u017ee, stretnutia s odborn\u00edkmi BP2 a food truck.<\/p>\n\n\n\n<div class=\"wp-block-group\"><div class=\"wp-block-group__inner-container is-layout-flow wp-block-group-is-layout-flow\">\n<a href=\"https:\/\/bp2.eu\/dekarze\/#mobilna-akademia\"  class=\"button button--red \">NAV\u0160T\u00cdVTE N\u00c1S!<\/a><\/div><\/div>\n<\/div><\/div>\n<\/div>\n<\/div>\n<\/div><\/div>\n\n\n\n<div style=\"height:100px\" aria-hidden=\"true\" class=\"wp-block-spacer is-style-smaller-spacer\"><\/div>\n","protected":false},"excerpt":{"rendered":"<p>EXISTUJ\u00da \u010cINNOSTI, KTOR\u00c9 BY SA MALI VYKONA\u0164. MARKETINGOV\u00c9 AKTIVITY Na\u0161a d\u00f4veryhodnos\u0165 a zodpovednos\u0165 n\u00e1m umo\u017e\u0148uj\u00fa budova\u0165 dlhodob\u00e9 a otvoren\u00e9 vz\u0165ahy. V\u010faka tomu m\u00f4\u017eeme p\u00f4sobi\u0165 soci\u00e1lne, vyu\u017e\u00edvaj\u00fac neust\u00e1le sa roz\u0161iruj\u00faci dosah. To n\u00e1m umo\u017e\u0148uje zv\u00fd\u0161i\u0165 povedomie o zna\u010dke na po\u013eskom a zahrani\u010dnom trhu. CSR AKTIVITY AMBAS\u00c1DOR ZNA\u010cKY Ambas\u00e1dor zna\u010dky BP2 od roku 2017 do roku 2022 [&hellip;]<\/p>\n","protected":false},"author":3,"featured_media":0,"parent":0,"menu_order":51,"comment_status":"closed","ping_status":"closed","template":"","meta":{"_acf_changed":false,"content-type":"","inline_featured_image":false,"footnotes":""},"class_list":["post-51040","page","type-page","status-publish","hentry"],"acf":[],"_links":{"self":[{"href":"https:\/\/bp2.eu\/sk\/wp-json\/wp\/v2\/pages\/51040","targetHints":{"allow":["GET"]}}],"collection":[{"href":"https:\/\/bp2.eu\/sk\/wp-json\/wp\/v2\/pages"}],"about":[{"href":"https:\/\/bp2.eu\/sk\/wp-json\/wp\/v2\/types\/page"}],"author":[{"embeddable":true,"href":"https:\/\/bp2.eu\/sk\/wp-json\/wp\/v2\/users\/3"}],"replies":[{"embeddable":true,"href":"https:\/\/bp2.eu\/sk\/wp-json\/wp\/v2\/comments?post=51040"}],"version-history":[{"count":0,"href":"https:\/\/bp2.eu\/sk\/wp-json\/wp\/v2\/pages\/51040\/revisions"}],"wp:attachment":[{"href":"https:\/\/bp2.eu\/sk\/wp-json\/wp\/v2\/media?parent=51040"}],"curies":[{"name":"wp","href":"https:\/\/api.w.org\/{rel}","templated":true}]}}