{"id":51045,"date":"2022-01-05T14:17:50","date_gmt":"2022-01-05T13:17:50","guid":{"rendered":"https:\/\/bp2.eu\/dla-profesjonalistow\/"},"modified":"2023-03-03T14:59:22","modified_gmt":"2023-03-03T13:59:22","slug":"zona-odbornika","status":"publish","type":"page","link":"https:\/\/bp2.eu\/sk\/zona-odbornika\/","title":{"rendered":"Z\u00d3NA ODBORN\u00cdKA"},"content":{"rendered":"\n<div class=\"wp-block-group is-style-with-b2-background\"><div class=\"wp-block-group__inner-container is-layout-flow wp-block-group-is-layout-flow\">\n<div style=\"height:100px\" aria-hidden=\"true\" class=\"wp-block-spacer is-style-small-spacer\"><\/div>\n\n\n\n<p class=\"has-text-align-center noMarginBottom has-red-color has-text-color\"><strong>S\u00da FIRMY, PRE KTOR\u00c9 JE NAJD\u00f4LE\u017dITEJ\u0160\u00cd PROFESIONALIZMUS.<\/strong><\/p>\n\n\n\n<h1 class=\"has-text-align-center is-style-h1 noMarginTop noMarginBottom wp-block-heading\" style=\"font-size:3.5em\"><strong>Z\u00d3NA ODBORN\u00cdKA<\/strong><\/h1>\n\n\n\n<div style=\"height:100px\" aria-hidden=\"true\" class=\"wp-block-spacer is-style-small-spacer\"><\/div>\n<\/div><\/div>\n\n\n\n<div class=\"wp-block-group is-style-narrow-group\"><div class=\"wp-block-group__inner-container is-layout-flow wp-block-group-is-layout-flow\">\n<p class=\"has-text-align-center\" style=\"font-size:22px\">Z\u00f3na odborn\u00edka je zbierka materi\u00e1lov pre distrib\u00fatorov, pokr\u00fdva\u010dov a architektov. Patria sem n\u00e1vody na in\u0161tal\u00e1ciu a produktov\u00e9 listy BP2, marketingov\u00e9 ponuky, in\u0161pir\u00e1cie, praktick\u00e9 inform\u00e1cie a \u010fal\u0161ie s\u00fabory na stiahnutie.<\/p>\n\n\n\n<div style=\"height:100px\" aria-hidden=\"true\" class=\"wp-block-spacer is-style-small-spacer\"><\/div>\n<\/div><\/div>\n\n\n\n<div class=\"wp-block-group\"><div class=\"wp-block-group__inner-container is-layout-flow wp-block-group-is-layout-flow\">\n<div class=\"wp-block-columns is-style-mobile-reverse is-style-grid fade-in is-layout-flex wp-container-core-columns-is-layout-9d6595d7 wp-block-columns-is-layout-flex\">\n<div class=\"wp-block-column is-layout-flow wp-block-column-is-layout-flow\">\n<div class=\"wp-block-cover is-light is-style-full-height\"><span aria-hidden=\"true\" class=\"wp-block-cover__background has-dark-gray-background-color has-background-dim-100 has-background-dim\"><\/span><div class=\"wp-block-cover__inner-container is-layout-flow wp-block-cover-is-layout-flow\">\n<h3 class=\"header-with-icon \">\n<span class=\"header-with-icon__icon\"><img decoding=\"async\" src=\"https:\/\/bp2.eu\/wp-content\/uploads\/2022\/08\/ikonki_www_bp2_new_budownictwo-inwestycyjne.svg\" alt=\"INVESTI\u010cN\u00c1 V\u00ddSTAVBA\"><\/span>\n<span class=\"header-with-icon__content\">INVESTI\u010cN\u00c1 V\u00ddSTAVBA<\/span>\n<\/h3>\n\n\n<ul class=\"links-list links-list--multiple \">\n                    <li class=\"links-list__item\">\n            <a href=\"https:\/\/bp2.eu\/sk\/ponuka\/investicna-vystavba\/?type=trapezove-plechy\">\n                <span class=\"links-list__smallTitle\">Stre\u0161n\u00e9 krytiny a obklady<\/span>                <span class=\"links-list__title\">Trap\u00e9zov\u00e9 plechy<\/span>            <\/a>\n        <\/li>\n                    <li class=\"links-list__item\">\n            <a href=\"https:\/\/bp2.eu\/sk\/ponuka\/investicna-vystavba\/?type=sendvicove-dosky-corepir\">\n                <span class=\"links-list__smallTitle\">Sendvi\u010dov\u00e9 dosky<\/span>                <span class=\"links-list__title\">CorePIR<\/span>            <\/a>\n        <\/li>\n                    <li class=\"links-list__item\">\n            <a href=\"https:\/\/bp2.eu\/sk\/ponuka\/investicna-vystavba\/?type=sendvicove-dosky-corewool\">\n                <span class=\"links-list__smallTitle\">Sendvi\u010dov\u00e9 dosky<\/span>                <span class=\"links-list__title\">CoreWOOL<\/span>            <\/a>\n        <\/li>\n                    <li class=\"links-list__item\">\n            <a href=\"https:\/\/bp2.eu\/sk\/ponuka\/investicna-vystavba\/?type=fasadne-obklady\">\n                <span class=\"links-list__smallTitle\"> Obklad fas\u00e1d<\/span>                <span class=\"links-list__title\">SKRIN, LINEA, SINUS<\/span>            <\/a>\n        <\/li>\n                    <li class=\"links-list__item\">\n            <a href=\"#\">\n                                <span class=\"links-list__title\">N\u00e1stenn\u00e9 kazety a PROSYSTHERM<\/span>            <\/a>\n        <\/li>\n    <\/ul><\/div><\/div>\n<\/div>\n\n\n\n<div class=\"wp-block-column is-layout-flow wp-block-column-is-layout-flow\">\n<div class=\"wp-block-cover is-light is-style-full-height\"><span aria-hidden=\"true\" class=\"wp-block-cover__background has-background-dim-0 has-background-dim\"><\/span><img loading=\"lazy\" decoding=\"async\" width=\"804\" height=\"487\" class=\"wp-block-cover__image-background wp-image-789\" alt=\"\" src=\"https:\/\/bp2.eu\/wp-content\/uploads\/2022\/02\/bp2_oferta_2.png\" data-object-fit=\"cover\" srcset=\"https:\/\/bp2.eu\/wp-content\/uploads\/2022\/02\/bp2_oferta_2.png 804w, https:\/\/bp2.eu\/wp-content\/uploads\/2022\/02\/bp2_oferta_2-768x465.png 768w\" sizes=\"auto, (max-width: 804px) 100vw, 804px\" \/><div class=\"wp-block-cover__inner-container is-layout-flow wp-block-cover-is-layout-flow\">\n<p class=\"has-text-align-center has-large-font-size\"><\/p>\n<\/div><\/div>\n<\/div>\n<\/div>\n\n\n\n<div class=\"wp-block-columns is-style-grid is-layout-flex wp-container-core-columns-is-layout-9d6595d7 wp-block-columns-is-layout-flex\">\n<div class=\"wp-block-column is-layout-flow wp-block-column-is-layout-flow\">\n<div class=\"wp-block-cover is-light is-style-full-height\"><span aria-hidden=\"true\" class=\"wp-block-cover__background has-background-dim-0 has-background-dim\"><\/span><img loading=\"lazy\" decoding=\"async\" width=\"804\" height=\"461\" class=\"wp-block-cover__image-background wp-image-4009\" alt=\"\" src=\"https:\/\/bp2.eu\/wp-content\/uploads\/2022\/03\/shutterstock_2031138518.png\" data-object-fit=\"cover\" srcset=\"https:\/\/bp2.eu\/wp-content\/uploads\/2022\/03\/shutterstock_2031138518.png 804w, https:\/\/bp2.eu\/wp-content\/uploads\/2022\/03\/shutterstock_2031138518-768x440.png 768w\" sizes=\"auto, (max-width: 804px) 100vw, 804px\" \/><div class=\"wp-block-cover__inner-container is-layout-flow wp-block-cover-is-layout-flow\">\n<p class=\"has-text-align-center\"><\/p>\n<\/div><\/div>\n<\/div>\n\n\n\n<div class=\"wp-block-column is-layout-flow wp-block-column-is-layout-flow\">\n<div class=\"wp-block-cover is-light is-style-full-height\"><span aria-hidden=\"true\" class=\"wp-block-cover__background has-dark-gray-background-color has-background-dim-100 has-background-dim\"><\/span><div class=\"wp-block-cover__inner-container is-layout-flow wp-block-cover-is-layout-flow\">\n<h3 class=\"header-with-icon \">\n<span class=\"header-with-icon__icon\"><img decoding=\"async\" src=\"https:\/\/bp2.eu\/wp-content\/uploads\/2022\/08\/ikonki_www_bp2_new_dystrybutorzy.svg\" alt=\"DISTRIB\u00daTORI\"><\/span>\n<span class=\"header-with-icon__content\">DISTRIB\u00daTORI<\/span>\n<\/h3>\n\n\n<ul class=\"links-list links-list--single \">\n                    <li class=\"links-list__item\">\n            <a href=\"https:\/\/eprofil.bp2.eu\/xpertis\/prv\/view\/0x1d9be00\">\n                                <span class=\"links-list__title\">Z\u00e1kazn\u00edcka z\u00f3na \u2013 eProfil<\/span>            <\/a>\n        <\/li>\n                    <li class=\"links-list__item\">\n            <a href=\"https:\/\/bp2.eu\/sk\/na-stiahnutie\/\">\n                                <span class=\"links-list__title\">S\u00fabory na stiahnutie<\/span>            <\/a>\n        <\/li>\n                    <li class=\"links-list__item\">\n            <a href=\"https:\/\/bp2.eu\/sk\/distributori\/#marketingova-ponuka\">\n                                <span class=\"links-list__title\">Marketingov\u00e1 ponuka<\/span>            <\/a>\n        <\/li>\n                    <li class=\"links-list__item\">\n            <a href=\"https:\/\/bp2.eu\/sk\/distributori\/#roofr\">\n                                <span class=\"links-list__title\">Optimalizova\u0165 strechu<\/span>            <\/a>\n        <\/li>\n    <\/ul><\/div><\/div>\n<\/div>\n<\/div>\n\n\n\n<div class=\"wp-block-columns is-style-mobile-reverse is-style-grid fade-in is-layout-flex wp-container-core-columns-is-layout-9d6595d7 wp-block-columns-is-layout-flex\">\n<div class=\"wp-block-column is-layout-flow wp-block-column-is-layout-flow\">\n<div class=\"wp-block-cover is-light is-style-full-height\"><span aria-hidden=\"true\" class=\"wp-block-cover__background has-dark-gray-background-color has-background-dim-100 has-background-dim\"><\/span><div class=\"wp-block-cover__inner-container is-layout-flow wp-block-cover-is-layout-flow\">\n<h3 class=\"header-with-icon \">\n<span class=\"header-with-icon__icon\"><img decoding=\"async\" src=\"https:\/\/bp2.eu\/wp-content\/uploads\/2022\/08\/ikonki_www_bp2_new_dekrze.svg\" alt=\"ZHOTOVITELIA\"><\/span>\n<span class=\"header-with-icon__content\">ZHOTOVITELIA<\/span>\n<\/h3>\n\n\n<ul class=\"links-list links-list--single \">\n                    <li class=\"links-list__item\">\n            <a href=\"https:\/\/bp2.eu\/sk\/zhotovitelia\/#akademia-majstrov\">\n                                <span class=\"links-list__title\">Akad\u00e9mia majstrov<\/span>            <\/a>\n        <\/li>\n                    <li class=\"links-list__item\">\n            <a href=\"https:\/\/bp2.eu\/sk\/zhotovitelia\/#prakticky-trening\">\n                                <span class=\"links-list__title\">Praktick\u00fd tr\u00e9ning<\/span>            <\/a>\n        <\/li>\n                    <li class=\"links-list__item\">\n            <a href=\"https:\/\/bp2.eu\/sk\/dekarze\/\">\n                                <span class=\"links-list__title\"> Mobiln\u00e1 akad\u00e9mia majstrov<\/span>            <\/a>\n        <\/li>\n                    <li class=\"links-list__item\">\n            <a href=\"https:\/\/bp2.eu\/sk\/zhotovitelia\/#mobilna-akademia\">\n                                <span class=\"links-list__title\">N\u00e1vody na mont\u00e1\u017e<\/span>            <\/a>\n        <\/li>\n                    <li class=\"links-list__item\">\n            <a href=\"https:\/\/bp2.eu\/sk\/zhotovitelia\/#technicka-pomoc\">\n                                <span class=\"links-list__title\">Technick\u00e1 pomoc<\/span>            <\/a>\n        <\/li>\n                    <li class=\"links-list__item\">\n            <a href=\"https:\/\/bp2.eu\/sk\/zhotovitelia\/#master-roofer\">\n                                <span class=\"links-list__title\">MASTER ROOFER<\/span>            <\/a>\n        <\/li>\n                    <li class=\"links-list__item\">\n            <a href=\"https:\/\/bp2.eu\/sk\/zhotovitelia\/#subory-na-stiahnutie\">\n                                <span class=\"links-list__title\">S\u00fabory na stiahnutie<\/span>            <\/a>\n        <\/li>\n                    <li class=\"links-list__item\">\n            <a href=\"https:\/\/bp2.eu\/sk\/zhotovitelia\/#roofr\">\n                                <span class=\"links-list__title\">Optimalizova\u0165 strechu<\/span>            <\/a>\n        <\/li>\n    <\/ul><\/div><\/div>\n<\/div>\n\n\n\n<div class=\"wp-block-column is-layout-flow wp-block-column-is-layout-flow\">\n<div class=\"wp-block-cover is-light is-style-full-height\"><span aria-hidden=\"true\" class=\"wp-block-cover__background has-background-dim-0 has-background-dim\"><\/span><img loading=\"lazy\" decoding=\"async\" width=\"804\" height=\"603\" class=\"wp-block-cover__image-background wp-image-4027\" alt=\"\" src=\"https:\/\/bp2.eu\/wp-content\/uploads\/2022\/03\/shutterstock_1622771839.png\" data-object-fit=\"cover\" srcset=\"https:\/\/bp2.eu\/wp-content\/uploads\/2022\/03\/shutterstock_1622771839.png 804w, https:\/\/bp2.eu\/wp-content\/uploads\/2022\/03\/shutterstock_1622771839-768x576.png 768w\" sizes=\"auto, (max-width: 804px) 100vw, 804px\" \/><div class=\"wp-block-cover__inner-container is-layout-flow wp-block-cover-is-layout-flow\">\n<p class=\"has-text-align-center has-large-font-size\"><\/p>\n<\/div><\/div>\n<\/div>\n<\/div>\n\n\n\n<div class=\"wp-block-columns is-style-grid is-layout-flex wp-container-core-columns-is-layout-9d6595d7 wp-block-columns-is-layout-flex\">\n<div class=\"wp-block-column is-layout-flow wp-block-column-is-layout-flow\">\n<div class=\"wp-block-cover is-light is-style-full-height\"><span aria-hidden=\"true\" class=\"wp-block-cover__background has-background-dim-0 has-background-dim\"><\/span><img loading=\"lazy\" decoding=\"async\" width=\"804\" height=\"499\" class=\"wp-block-cover__image-background wp-image-4033\" alt=\"\" src=\"https:\/\/bp2.eu\/wp-content\/uploads\/2022\/03\/shutterstock_1017750082.png\" data-object-fit=\"cover\" srcset=\"https:\/\/bp2.eu\/wp-content\/uploads\/2022\/03\/shutterstock_1017750082.png 804w, https:\/\/bp2.eu\/wp-content\/uploads\/2022\/03\/shutterstock_1017750082-768x477.png 768w\" sizes=\"auto, (max-width: 804px) 100vw, 804px\" \/><div class=\"wp-block-cover__inner-container is-layout-flow wp-block-cover-is-layout-flow\">\n<p class=\"has-text-align-center\"><\/p>\n<\/div><\/div>\n<\/div>\n\n\n\n<div class=\"wp-block-column is-layout-flow wp-block-column-is-layout-flow\">\n<div class=\"wp-block-cover is-light is-style-full-height\"><span aria-hidden=\"true\" class=\"wp-block-cover__background has-dark-gray-background-color has-background-dim-100 has-background-dim\"><\/span><div class=\"wp-block-cover__inner-container is-layout-flow wp-block-cover-is-layout-flow\">\n<h3 class=\"header-with-icon \">\n<span class=\"header-with-icon__icon\"><img decoding=\"async\" src=\"https:\/\/bp2.eu\/wp-content\/uploads\/2022\/08\/ikonki_www_bp2_new_architekci.svg\" alt=\"ARCHITEKTI\"><\/span>\n<span class=\"header-with-icon__content\">ARCHITEKTI<\/span>\n<\/h3>\n\n\n<ul class=\"links-list links-list--single \">\n                    <li class=\"links-list__item\">\n            <a href=\"https:\/\/bp2.eu\/sk\/architekti\/#kniznica-bim\">\n                                <span class=\"links-list__title\">Kni\u017enica BIM<\/span>            <\/a>\n        <\/li>\n                    <li class=\"links-list__item\">\n            <a href=\"https:\/\/bp2.eu\/sk\/architekci\/\">\n                                <span class=\"links-list__title\">3D modely<\/span>            <\/a>\n        <\/li>\n                    <li class=\"links-list__item\">\n            <a href=\"https:\/\/bp2.eu\/sk\/architekti\/#plugin-revit-bp2\">\n                                <span class=\"links-list__title\">Plugin Revit BP2<\/span>            <\/a>\n        <\/li>\n    <\/ul><\/div><\/div>\n<\/div>\n<\/div>\n\n\n\n<div class=\"wp-block-columns is-style-mobile-reverse is-style-grid fade-in is-layout-flex wp-container-core-columns-is-layout-9d6595d7 wp-block-columns-is-layout-flex\">\n<div class=\"wp-block-column is-layout-flow wp-block-column-is-layout-flow\" style=\"flex-basis:63%\">\n<div class=\"wp-block-cover is-light is-style-full-height\"><span aria-hidden=\"true\" class=\"wp-block-cover__background has-dark-gray-background-color has-background-dim-100 has-background-dim\"><\/span><div class=\"wp-block-cover__inner-container is-layout-flow wp-block-cover-is-layout-flow\">\n<h3 class=\"header-with-icon \">\n<span class=\"header-with-icon__icon\"><img decoding=\"async\" src=\"https:\/\/bp2.eu\/wp-content\/uploads\/2022\/08\/ikonki_www_bp2_new_pomocne-linki-1.svg\" alt=\"U\u017dITO\u010cN\u00c9 ODKAZY\"><\/span>\n<span class=\"header-with-icon__content\">U\u017dITO\u010cN\u00c9 ODKAZY<\/span>\n<\/h3>\n\n\n<ul class=\"links-list links-list--single \">\n                    <li class=\"links-list__item\">\n            <a href=\"https:\/\/bp2.eu\/sk\/kolorystyka-i-powloki\/\">\n                                <span class=\"links-list__title\">N\u00e1tery, farby a z\u00e1ruky<\/span>            <\/a>\n        <\/li>\n                    <li class=\"links-list__item\">\n            <a href=\"https:\/\/warranty.bp2.eu\/\">\n                                <span class=\"links-list__title\">Registr\u00e1cia z\u00e1ruky<\/span>            <\/a>\n        <\/li>\n                    <li class=\"links-list__item\">\n            <a href=\"https:\/\/bp2.eu\/sk\/typ\/klient-indywidualny\">\n                                <span class=\"links-list__title\">Realiz\u00e1cie a in\u0161pir\u00e1cie<\/span>            <\/a>\n        <\/li>\n                    <li class=\"links-list__item\">\n            <a href=\"https:\/\/bp2.eu\/sk\/na-stiahnutie\/\">\n                                <span class=\"links-list__title\">S\u00fabory na stiahnutie<\/span>            <\/a>\n        <\/li>\n                    <li class=\"links-list__item\">\n            <a href=\"https:\/\/bp2.eu\/kontakt\/\">\n                                <span class=\"links-list__title\">Kde k\u00fapi\u0165?<\/span>            <\/a>\n        <\/li>\n                    <li class=\"links-list__item\">\n            <a href=\"http:\/\/bp2.eu\/kontakt\/\">\n                                <span class=\"links-list__title\">N\u00e1js\u0165 dod\u00e1vate\u013ea<\/span>            <\/a>\n        <\/li>\n                    <li class=\"links-list__item\">\n            <a href=\"https:\/\/bp2.eu\/sk\/architekci\/\">\n                                <span class=\"links-list__title\">Kni\u017enica BIM<\/span>            <\/a>\n        <\/li>\n                    <li class=\"links-list__item\">\n            <a href=\"http:\/\/bp2.eu\/faq\">\n                                <span class=\"links-list__title\">Naj\u010dastej\u0161ie ot\u00e1zky (FAQ)<\/span>            <\/a>\n        <\/li>\n    <\/ul><\/div><\/div>\n<\/div>\n\n\n\n<div class=\"wp-block-column is-layout-flow wp-block-column-is-layout-flow\">\n<div class=\"wp-block-cover is-light is-style-content-from-bottom\"><span aria-hidden=\"true\" class=\"wp-block-cover__background has-background-dim-30 has-background-dim\"><\/span><img loading=\"lazy\" decoding=\"async\" width=\"526\" height=\"444\" class=\"wp-block-cover__image-background wp-image-4962\" alt=\"\" src=\"https:\/\/bp2.eu\/wp-content\/uploads\/2022\/03\/DSC_3447.png\" data-object-fit=\"cover\"\/><div class=\"wp-block-cover__inner-container is-layout-flow wp-block-cover-is-layout-flow\">\n<h2 class=\"is-style-h3 has-white-color has-text-color wp-block-heading\">V\u00ddROBCOVIA KOVOV\u00ddCH PRVKOV<\/h2>\n\n\n\n<div class=\"wp-block-group\"><div class=\"wp-block-group__inner-container is-layout-flow wp-block-group-is-layout-flow\">\n<a href=\"#\"  class=\"button button--red \">POZRITE SI VIAC<\/a><\/div><\/div>\n<\/div><\/div>\n<\/div>\n<\/div>\n\n\n\n<div style=\"height:100px\" aria-hidden=\"true\" class=\"wp-block-spacer is-style-small-spacer\"><\/div>\n<\/div><\/div>\n","protected":false},"excerpt":{"rendered":"<p>S\u00da FIRMY, PRE KTOR\u00c9 JE NAJD\u00f4LE\u017dITEJ\u0160\u00cd PROFESIONALIZMUS. Z\u00d3NA ODBORN\u00cdKA Z\u00f3na odborn\u00edka je zbierka materi\u00e1lov pre distrib\u00fatorov, pokr\u00fdva\u010dov a architektov. Patria sem n\u00e1vody na in\u0161tal\u00e1ciu a produktov\u00e9 listy BP2, marketingov\u00e9 ponuky, in\u0161pir\u00e1cie, praktick\u00e9 inform\u00e1cie a \u010fal\u0161ie s\u00fabory na stiahnutie.<\/p>\n","protected":false},"author":1,"featured_media":0,"parent":0,"menu_order":168,"comment_status":"closed","ping_status":"closed","template":"","meta":{"_acf_changed":false,"content-type":"","inline_featured_image":false,"footnotes":""},"class_list":["post-51045","page","type-page","status-publish","hentry"],"acf":[],"_links":{"self":[{"href":"https:\/\/bp2.eu\/sk\/wp-json\/wp\/v2\/pages\/51045","targetHints":{"allow":["GET"]}}],"collection":[{"href":"https:\/\/bp2.eu\/sk\/wp-json\/wp\/v2\/pages"}],"about":[{"href":"https:\/\/bp2.eu\/sk\/wp-json\/wp\/v2\/types\/page"}],"author":[{"embeddable":true,"href":"https:\/\/bp2.eu\/sk\/wp-json\/wp\/v2\/users\/1"}],"replies":[{"embeddable":true,"href":"https:\/\/bp2.eu\/sk\/wp-json\/wp\/v2\/comments?post=51045"}],"version-history":[{"count":0,"href":"https:\/\/bp2.eu\/sk\/wp-json\/wp\/v2\/pages\/51045\/revisions"}],"wp:attachment":[{"href":"https:\/\/bp2.eu\/sk\/wp-json\/wp\/v2\/media?parent=51045"}],"curies":[{"name":"wp","href":"https:\/\/api.w.org\/{rel}","templated":true}]}}