{"id":52199,"date":"2022-04-19T08:11:31","date_gmt":"2022-04-19T06:11:31","guid":{"rendered":"https:\/\/bp2.eu\/faq\/"},"modified":"2023-01-10T15:33:17","modified_gmt":"2023-01-10T14:33:17","slug":"faq","status":"publish","type":"page","link":"https:\/\/bp2.eu\/sk\/faq\/","title":{"rendered":"Naj\u010dastej\u0161ie ot\u00e1zky (FAQ)"},"content":{"rendered":"\n<h2 class=\"is-style-h2 wp-block-heading\" style=\"font-size:24px\">Potrebujete pomoc? Tu n\u00e1jdete odpovede na naj\u010dastej\u0161ie ot\u00e1zky na\u0161ich z\u00e1kazn\u00edkov.<\/h2>\n\n\n\n<p>Cenimy tw\u00f3j czas, dlatego szybkie rozwik\u0142anie wszelkich w\u0105tpliwo\u015bci jest naszym priorytetem.<\/p>\n\n\n\n<p>Je\u017celi nie znalaz\u0142e\u015b odpowiedzi na nurtuj\u0105ce Ci\u0119 pytanie mo\u017cesz je zada\u0107 naszym specjalistom, skorzystaj z zak\u0142adki <a rel=\"noreferrer noopener\" href=\"https:\/\/bp2.eu\/sk\/kontakty\/\" target=\"_blank\"><u><strong>kontakt i napisz do nas<\/strong>.<\/u><\/a> <\/p>\n\n\n\n<p>Bardzo ch\u0119tnie Ci pomo\u017cemy i rozwiejemy wszelkie w\u0105tpliwo\u015bci.<\/p>\n","protected":false},"excerpt":{"rendered":"<p>Potrebujete pomoc? Tu n\u00e1jdete odpovede na naj\u010dastej\u0161ie ot\u00e1zky na\u0161ich z\u00e1kazn\u00edkov. Cenimy tw\u00f3j czas, dlatego szybkie rozwik\u0142anie wszelkich w\u0105tpliwo\u015bci jest naszym priorytetem. Je\u017celi nie znalaz\u0142e\u015b odpowiedzi na nurtuj\u0105ce Ci\u0119 pytanie mo\u017cesz je zada\u0107 naszym specjalistom, skorzystaj z zak\u0142adki kontakt i napisz do nas. Bardzo ch\u0119tnie Ci pomo\u017cemy i rozwiejemy wszelkie w\u0105tpliwo\u015bci.<\/p>\n","protected":false},"author":1,"featured_media":0,"parent":0,"menu_order":35,"comment_status":"closed","ping_status":"closed","template":"templates\/faq.php","meta":{"_acf_changed":false,"content-type":"","inline_featured_image":false,"footnotes":""},"class_list":["post-52199","page","type-page","status-publish","hentry"],"acf":[],"_links":{"self":[{"href":"https:\/\/bp2.eu\/sk\/wp-json\/wp\/v2\/pages\/52199","targetHints":{"allow":["GET"]}}],"collection":[{"href":"https:\/\/bp2.eu\/sk\/wp-json\/wp\/v2\/pages"}],"about":[{"href":"https:\/\/bp2.eu\/sk\/wp-json\/wp\/v2\/types\/page"}],"author":[{"embeddable":true,"href":"https:\/\/bp2.eu\/sk\/wp-json\/wp\/v2\/users\/1"}],"replies":[{"embeddable":true,"href":"https:\/\/bp2.eu\/sk\/wp-json\/wp\/v2\/comments?post=52199"}],"version-history":[{"count":0,"href":"https:\/\/bp2.eu\/sk\/wp-json\/wp\/v2\/pages\/52199\/revisions"}],"wp:attachment":[{"href":"https:\/\/bp2.eu\/sk\/wp-json\/wp\/v2\/media?parent=52199"}],"curies":[{"name":"wp","href":"https:\/\/api.w.org\/{rel}","templated":true}]}}