{"id":50991,"date":"2022-03-11T13:56:18","date_gmt":"2022-03-11T12:56:18","guid":{"rendered":"https:\/\/bp2.eu\/produkt\/lambda-2-0\/"},"modified":"2025-06-30T13:18:01","modified_gmt":"2025-06-30T11:18:01","slug":"lambda-2-0","status":"publish","type":"product","link":"https:\/\/bp2.eu\/sk\/vyrobok\/lambda-2-0\/","title":{"rendered":"LAMBDA 2.0"},"content":{"rendered":"\n<div class=\"wp-block-group is-style-narrower-group\"><div class=\"wp-block-group__inner-container is-layout-flow wp-block-group-is-layout-flow\">\n<h2 class=\"wp-block-heading has-text-align-center is-style-h1\">VYBERTE SI POD\u013dA POTREBY<\/h2>\n\n\n\n<p class=\"has-text-align-center\">Dve \u0161\u00edrky panelov, \u0161tyri typy profilovania<\/p>\n\n\n\n<p>LAMBDA 2.0 je pr\u00edstupn\u00e1 v dvoch \u0161\u00edrkach panelu (515 mm a 307 mm \u2013 efekt\u00edvnej \u0161\u00edrky) a \u0161tyroch druhoch profilovania, \u010do umo\u017e\u0148uje ide\u00e1lne prisp\u00f4sobenie k potreb\u00e1m konkr\u00e9tnej budovy a potrieb z\u00e1kazn\u00edkov.<\/p>\n<\/div><\/div>\n\n\n\n<div class=\"wp-block-group\"><div class=\"wp-block-group__inner-container is-layout-flow wp-block-group-is-layout-flow\">\n<h2 class=\"wp-block-heading has-text-align-center is-style-h3 has-red-color has-text-color\">MICRO RIB [M]<\/h2>\n\n\n\n<p class=\"has-text-align-center\">Mikropozd\u013a\u017ene profilovanie na celom povrchu minimalizuje mo\u017enos\u0165 v\u00fdskytu efektu vlnenia plochej \u010dasti panelu.<\/p>\n\n\n\n<div style=\"height:100px\" aria-hidden=\"true\" class=\"wp-block-spacer is-style-small-spacer\"><\/div>\n\n\n\n<div class=\"wp-block-columns is-layout-flex wp-container-core-columns-is-layout-9d6595d7 wp-block-columns-is-layout-flex\">\n<div class=\"wp-block-column is-layout-flow wp-block-column-is-layout-flow\"><div class=\"wp-block-image\">\n<figure class=\"aligncenter size-large is-resized\"><img loading=\"lazy\" decoding=\"async\" width=\"1024\" height=\"753\" src=\"https:\/\/bp2.eu\/wp-content\/uploads\/2022\/03\/Lambda_2_0_LW.2.0.515.M_dim-1024x753.png\" alt=\"\" class=\"wp-image-5645\" style=\"width:512px;height:377px\" srcset=\"https:\/\/bp2.eu\/wp-content\/uploads\/2022\/03\/Lambda_2_0_LW.2.0.515.M_dim-1024x753.png 1024w, https:\/\/bp2.eu\/wp-content\/uploads\/2022\/03\/Lambda_2_0_LW.2.0.515.M_dim-820x603.png 820w, https:\/\/bp2.eu\/wp-content\/uploads\/2022\/03\/Lambda_2_0_LW.2.0.515.M_dim-768x565.png 768w, https:\/\/bp2.eu\/wp-content\/uploads\/2022\/03\/Lambda_2_0_LW.2.0.515.M_dim-1536x1130.png 1536w, https:\/\/bp2.eu\/wp-content\/uploads\/2022\/03\/Lambda_2_0_LW.2.0.515.M_dim.png 1892w\" sizes=\"auto, (max-width: 1024px) 100vw, 1024px\" \/><\/figure>\n<\/div>\n\n\n<p class=\"has-text-align-center\"><strong>K\u00f3d v\u00fdrobku::<br>LW.2.0.515.M<\/strong><\/p>\n\n\n\n<p>Stre\u0161n\u00fd panel LAMBDA 2.0 s pozd\u013a\u017enym mikroprofilovan\u00edm MICRO RIB a predpripraven\u00fdm v\u00fdrezom na ohyb.<\/p>\n<\/div>\n\n\n\n<div class=\"wp-block-column is-layout-flow wp-block-column-is-layout-flow\"><div class=\"wp-block-image\">\n<figure class=\"aligncenter size-large is-resized\"><img loading=\"lazy\" decoding=\"async\" width=\"1024\" height=\"753\" src=\"https:\/\/bp2.eu\/wp-content\/uploads\/2022\/03\/Lambda_2_0_LW.2.0.515.M_dim-1-1024x753.png\" alt=\"\" class=\"wp-image-5708\" style=\"width:512px;height:377px\" srcset=\"https:\/\/bp2.eu\/wp-content\/uploads\/2022\/03\/Lambda_2_0_LW.2.0.515.M_dim-1-1024x753.png 1024w, https:\/\/bp2.eu\/wp-content\/uploads\/2022\/03\/Lambda_2_0_LW.2.0.515.M_dim-1-820x603.png 820w, https:\/\/bp2.eu\/wp-content\/uploads\/2022\/03\/Lambda_2_0_LW.2.0.515.M_dim-1-768x565.png 768w, https:\/\/bp2.eu\/wp-content\/uploads\/2022\/03\/Lambda_2_0_LW.2.0.515.M_dim-1-1536x1130.png 1536w, https:\/\/bp2.eu\/wp-content\/uploads\/2022\/03\/Lambda_2_0_LW.2.0.515.M_dim-1.png 1892w\" sizes=\"auto, (max-width: 1024px) 100vw, 1024px\" \/><\/figure>\n<\/div>\n\n\n<p class=\"has-text-align-center\"><strong>K\u00f3d v\u00fdrobku::<br>LWZ.2.0.515.M<\/strong><\/p>\n\n\n\n<p>Stre\u0161n\u00fd panel LAMBDA 2.0 s pozd\u013a\u017enym mikroprofilovan\u00edm MICRO RIB a ohybom BEND LOCK.<\/p>\n<\/div>\n<\/div>\n\n\n\n<div style=\"height:100px\" aria-hidden=\"true\" class=\"wp-block-spacer is-style-small-spacer\"><\/div>\n\n\n\n<h2 class=\"wp-block-heading has-text-align-center is-style-h3 has-red-color has-text-color\"><strong>REPROFILOVANIE TYPU [R]<\/strong><\/h2>\n\n\n\n<p class=\"has-text-align-center\">Kone\u010dn\u00e1 \u00faprava povrchu panelu s pozd\u013a\u017enym reprofilovan\u00edm so symetrick\u00fdmi dr\u00e1\u017ekami.<\/p>\n\n\n\n<div style=\"height:100px\" aria-hidden=\"true\" class=\"wp-block-spacer is-style-small-spacer\"><\/div>\n\n\n\n<div class=\"wp-block-columns is-layout-flex wp-container-core-columns-is-layout-9d6595d7 wp-block-columns-is-layout-flex\">\n<div class=\"wp-block-column is-layout-flow wp-block-column-is-layout-flow\"><div class=\"wp-block-image\">\n<figure class=\"aligncenter size-large is-resized\"><img loading=\"lazy\" decoding=\"async\" width=\"1024\" height=\"754\" src=\"https:\/\/bp2.eu\/wp-content\/uploads\/2022\/03\/LW.2.0.515.R_dim-1024x754.png\" alt=\"\" class=\"wp-image-5721\" style=\"width:512px;height:377px\" srcset=\"https:\/\/bp2.eu\/wp-content\/uploads\/2022\/03\/LW.2.0.515.R_dim-1024x754.png 1024w, https:\/\/bp2.eu\/wp-content\/uploads\/2022\/03\/LW.2.0.515.R_dim-820x604.png 820w, https:\/\/bp2.eu\/wp-content\/uploads\/2022\/03\/LW.2.0.515.R_dim-768x565.png 768w, https:\/\/bp2.eu\/wp-content\/uploads\/2022\/03\/LW.2.0.515.R_dim.png 1500w\" sizes=\"auto, (max-width: 1024px) 100vw, 1024px\" \/><\/figure>\n<\/div>\n\n\n<p class=\"has-text-align-center\"><strong>K\u00f3d v\u00fdrobku:<\/strong><br><strong>LW.2.0.515.R<\/strong><\/p>\n\n\n\n<p>Stre\u0161n\u00fd panel LAMBDA 2.0 s dvojit\u00fdm pologu\u013eat\u00fdm reprofilovan\u00edm a predpripraven\u00fdm v\u00fdrezom na ohyb.<\/p>\n<\/div>\n\n\n\n<div class=\"wp-block-column is-layout-flow wp-block-column-is-layout-flow\"><div class=\"wp-block-image\">\n<figure class=\"aligncenter size-large is-resized\"><img loading=\"lazy\" decoding=\"async\" width=\"1024\" height=\"754\" src=\"https:\/\/bp2.eu\/wp-content\/uploads\/2022\/03\/LWZ.2.0.515.R_dim-1024x754.png\" alt=\"\" class=\"wp-image-5717\" style=\"width:512px;height:377px\" srcset=\"https:\/\/bp2.eu\/wp-content\/uploads\/2022\/03\/LWZ.2.0.515.R_dim-1024x754.png 1024w, https:\/\/bp2.eu\/wp-content\/uploads\/2022\/03\/LWZ.2.0.515.R_dim-820x604.png 820w, https:\/\/bp2.eu\/wp-content\/uploads\/2022\/03\/LWZ.2.0.515.R_dim-768x565.png 768w, https:\/\/bp2.eu\/wp-content\/uploads\/2022\/03\/LWZ.2.0.515.R_dim.png 1500w\" sizes=\"auto, (max-width: 1024px) 100vw, 1024px\" \/><\/figure>\n<\/div>\n\n\n<p class=\"has-text-align-center\"><strong>K\u00f3d v\u00fdrobku:<br>LWZ.2.0.515.R<\/strong><\/p>\n\n\n\n<p>Stre\u0161n\u00fd panel LAMBDA 2.0 s dvojit\u00fdm pologu\u013eat\u00fdm reprofilovan\u00edm a ohybom BEND LOCK.<\/p>\n<\/div>\n<\/div>\n\n\n\n<div style=\"height:100px\" aria-hidden=\"true\" class=\"wp-block-spacer is-style-small-spacer\"><\/div>\n\n\n\n<h2 class=\"wp-block-heading has-text-align-center is-style-h3 has-red-color has-text-color\">REPROFILOVANIE TYPU [T25]<\/h2>\n\n\n\n<p class=\"has-text-align-center\">Kone\u010dn\u00e1 \u00faprava povrchu panelu s pozd\u013a\u017enym reprofilovan\u00edm na tvar \u0161irok\u00e9ho trap\u00e9zu.<\/p>\n\n\n\n<div style=\"height:100px\" aria-hidden=\"true\" class=\"wp-block-spacer is-style-small-spacer\"><\/div>\n\n\n\n<div class=\"wp-block-columns is-layout-flex wp-container-core-columns-is-layout-9d6595d7 wp-block-columns-is-layout-flex\">\n<div class=\"wp-block-column is-layout-flow wp-block-column-is-layout-flow\"><div class=\"wp-block-image\">\n<figure class=\"aligncenter size-large is-resized\"><img loading=\"lazy\" decoding=\"async\" width=\"1024\" height=\"754\" src=\"https:\/\/bp2.eu\/wp-content\/uploads\/2022\/03\/LW.2.0.515.T25_dim-1024x754.png\" alt=\"\" class=\"wp-image-5735\" style=\"width:512px;height:377px\" srcset=\"https:\/\/bp2.eu\/wp-content\/uploads\/2022\/03\/LW.2.0.515.T25_dim-1024x754.png 1024w, https:\/\/bp2.eu\/wp-content\/uploads\/2022\/03\/LW.2.0.515.T25_dim-820x604.png 820w, https:\/\/bp2.eu\/wp-content\/uploads\/2022\/03\/LW.2.0.515.T25_dim-768x565.png 768w, https:\/\/bp2.eu\/wp-content\/uploads\/2022\/03\/LW.2.0.515.T25_dim.png 1500w\" sizes=\"auto, (max-width: 1024px) 100vw, 1024px\" \/><\/figure>\n<\/div>\n\n\n<p class=\"has-text-align-center\"><strong><strong>K\u00f3d v\u00fdrobku<\/strong>:<br>LW.2.0.515.T25<\/strong><\/p>\n\n\n\n<p>Stre\u0161n\u00fd panel LAMBDA 2.0 s dvojit\u00fdm reprofilovan\u00edm trap\u00e9zov\u00fdm a predpripraven\u00fdm v\u00fdrezom na ohyb.<\/p>\n<\/div>\n\n\n\n<div class=\"wp-block-column is-layout-flow wp-block-column-is-layout-flow\"><div class=\"wp-block-image\">\n<figure class=\"aligncenter size-large is-resized\"><img loading=\"lazy\" decoding=\"async\" width=\"1024\" height=\"754\" src=\"https:\/\/bp2.eu\/wp-content\/uploads\/2022\/03\/LWZ.2.0.515.T25_dim-1024x754.png\" alt=\"\" class=\"wp-image-5739\" style=\"width:512px;height:377px\" srcset=\"https:\/\/bp2.eu\/wp-content\/uploads\/2022\/03\/LWZ.2.0.515.T25_dim-1024x754.png 1024w, https:\/\/bp2.eu\/wp-content\/uploads\/2022\/03\/LWZ.2.0.515.T25_dim-820x604.png 820w, https:\/\/bp2.eu\/wp-content\/uploads\/2022\/03\/LWZ.2.0.515.T25_dim-768x565.png 768w, https:\/\/bp2.eu\/wp-content\/uploads\/2022\/03\/LWZ.2.0.515.T25_dim.png 1500w\" sizes=\"auto, (max-width: 1024px) 100vw, 1024px\" \/><\/figure>\n<\/div>\n\n\n<p class=\"has-text-align-center\"><strong><strong>K\u00f3d v\u00fdrobku<\/strong>:<br>LWZ.2.0.515.T25<\/strong><\/p>\n\n\n\n<p>Stre\u0161n\u00fd panel LAMBDA 2.0 s dvojit\u00fdm reprofilovan\u00edm trap\u00e9zov\u00fdm a ohybom BEND LOCK.<\/p>\n<\/div>\n<\/div>\n\n\n\n<div style=\"height:100px\" aria-hidden=\"true\" class=\"wp-block-spacer is-style-small-spacer\"><\/div>\n\n\n\n<h2 class=\"wp-block-heading has-text-align-center is-style-h3 has-red-color has-text-color\">POVRCH BEZ REPROFILOVANIA [P]<\/h2>\n\n\n\n<p class=\"has-text-align-center\">Klasick\u00fd povrch panelu bez ak\u00e9hoko\u013evek reprofilovania.<\/p>\n\n\n\n<div style=\"height:100px\" aria-hidden=\"true\" class=\"wp-block-spacer is-style-small-spacer\"><\/div>\n\n\n\n<div class=\"wp-block-columns is-layout-flex wp-container-core-columns-is-layout-9d6595d7 wp-block-columns-is-layout-flex\">\n<div class=\"wp-block-column is-layout-flow wp-block-column-is-layout-flow\"><div class=\"wp-block-image\">\n<figure class=\"aligncenter size-large is-resized\"><img loading=\"lazy\" decoding=\"async\" width=\"1024\" height=\"754\" src=\"https:\/\/bp2.eu\/wp-content\/uploads\/2022\/03\/LW.2.0.515.P_dim-1024x754.png\" alt=\"\" class=\"wp-image-5759\" style=\"width:512px;height:377px\" srcset=\"https:\/\/bp2.eu\/wp-content\/uploads\/2022\/03\/LW.2.0.515.P_dim-1024x754.png 1024w, https:\/\/bp2.eu\/wp-content\/uploads\/2022\/03\/LW.2.0.515.P_dim-820x604.png 820w, https:\/\/bp2.eu\/wp-content\/uploads\/2022\/03\/LW.2.0.515.P_dim-768x565.png 768w, https:\/\/bp2.eu\/wp-content\/uploads\/2022\/03\/LW.2.0.515.P_dim.png 1500w\" sizes=\"auto, (max-width: 1024px) 100vw, 1024px\" \/><\/figure>\n<\/div>\n\n\n<p class=\"has-text-align-center\"><strong><strong>K\u00f3d v\u00fdrobku<\/strong>:<br>LW.2.0.515.P<\/strong><\/p>\n\n\n\n<p>Stre\u0161n\u00fd panel LAMBDA 2.0 s ploch\u00fdm povrchom a predpripraven\u00fdm v\u00fdrezom na ohyb.<\/p>\n<\/div>\n\n\n\n<div class=\"wp-block-column is-layout-flow wp-block-column-is-layout-flow\"><div class=\"wp-block-image\">\n<figure class=\"aligncenter size-large is-resized\"><img loading=\"lazy\" decoding=\"async\" width=\"1024\" height=\"754\" src=\"https:\/\/bp2.eu\/wp-content\/uploads\/2022\/03\/LWZ.2.0.515.P_dim-2-1024x754.png\" alt=\"\" class=\"wp-image-5763\" style=\"width:512px;height:377px\" srcset=\"https:\/\/bp2.eu\/wp-content\/uploads\/2022\/03\/LWZ.2.0.515.P_dim-2-1024x754.png 1024w, https:\/\/bp2.eu\/wp-content\/uploads\/2022\/03\/LWZ.2.0.515.P_dim-2-820x604.png 820w, https:\/\/bp2.eu\/wp-content\/uploads\/2022\/03\/LWZ.2.0.515.P_dim-2-768x565.png 768w, https:\/\/bp2.eu\/wp-content\/uploads\/2022\/03\/LWZ.2.0.515.P_dim-2.png 1500w\" sizes=\"auto, (max-width: 1024px) 100vw, 1024px\" \/><\/figure>\n<\/div>\n\n\n<p class=\"has-text-align-center\"><strong><strong>K\u00f3d v\u00fdrobku<\/strong>:<br>LWZ.2.0.515.P<\/strong><\/p>\n\n\n\n<p>Stre\u0161n\u00fd panel LAMBDA 2.0 s ploch\u00fdm povrchom a ohybom BEND LOCK.<\/p>\n<\/div>\n<\/div>\n\n\n\n<h2 class=\"wp-block-heading is-style-h3\">POZOR! <\/h2>\n\n\n\n<p>Vzh\u013eadom ku kon\u0161trukcii stre\u0161n\u00fdch panelov je mo\u017en\u00fd v\u00fdskyt efektu tzv. \u201evlnenia\u201d plechu na krytine. Je to prirodzen\u00fd jav pre tento typ v\u00fdrobkov.<\/p>\n<\/div><\/div>\n","protected":false},"featured_media":23004,"menu_order":175,"template":"","product_category":[1305],"warranty":[1295,1314,1296,1306,1176,1297,1298],"product_serie":[],"class_list":["post-50991","product","type-product","status-publish","has-post-thumbnail","hentry","product_category-stresne-panely","warranty-10-rokov-sk","warranty-15-rokov-sk","warranty-20-rokov-sk","warranty-25-rokov-sk","warranty-30-rokov-sk","warranty-35-rokov-sk","warranty-40-rokov-sk"],"acf":[],"_links":{"self":[{"href":"https:\/\/bp2.eu\/sk\/wp-json\/wp\/v2\/product\/50991","targetHints":{"allow":["GET"]}}],"collection":[{"href":"https:\/\/bp2.eu\/sk\/wp-json\/wp\/v2\/product"}],"about":[{"href":"https:\/\/bp2.eu\/sk\/wp-json\/wp\/v2\/types\/product"}],"wp:featuredmedia":[{"embeddable":true,"href":"https:\/\/bp2.eu\/sk\/wp-json\/wp\/v2\/media\/23004"}],"wp:attachment":[{"href":"https:\/\/bp2.eu\/sk\/wp-json\/wp\/v2\/media?parent=50991"}],"wp:term":[{"taxonomy":"product_category","embeddable":true,"href":"https:\/\/bp2.eu\/sk\/wp-json\/wp\/v2\/product_category?post=50991"},{"taxonomy":"warranty","embeddable":true,"href":"https:\/\/bp2.eu\/sk\/wp-json\/wp\/v2\/warranty?post=50991"},{"taxonomy":"product_serie","embeddable":true,"href":"https:\/\/bp2.eu\/sk\/wp-json\/wp\/v2\/product_serie?post=50991"}],"curies":[{"name":"wp","href":"https:\/\/api.w.org\/{rel}","templated":true}]}}