{"id":50995,"date":"2022-03-28T15:26:09","date_gmt":"2022-03-28T13:26:09","guid":{"rendered":"https:\/\/bp2.eu\/produkt\/kasetony-elewacyjne-skrin\/"},"modified":"2023-10-04T09:00:17","modified_gmt":"2023-10-04T07:00:17","slug":"fasadne-kazety-skrin","status":"publish","type":"product","link":"https:\/\/bp2.eu\/sk\/vyrobok\/fasadne-kazety-skrin\/","title":{"rendered":"FAS\u00c1DNE KAZETY SKRIN"},"content":{"rendered":"\n<div class=\"wp-block-group\"><div class=\"wp-block-group__inner-container is-layout-flow wp-block-group-is-layout-flow\">\n<div style=\"height:100px\" aria-hidden=\"true\" class=\"wp-block-spacer is-style-small-spacer\"><\/div>\n\n\n\r\n<div class=\"section__data\" data-section=\"aplik\u00e1cie\"><\/div>\n\n\n<div class=\"wp-block-columns is-layout-flex wp-container-core-columns-is-layout-9d6595d7 wp-block-columns-is-layout-flex\">\n<div class=\"wp-block-column is-vertically-aligned-center is-layout-flow wp-block-column-is-layout-flow\" style=\"flex-basis:50%\"><div class=\"wp-block-image\">\n<figure class=\"aligncenter size-full\"><img loading=\"lazy\" decoding=\"async\" width=\"805\" height=\"562\" src=\"https:\/\/bp2.eu\/wp-content\/uploads\/2022\/03\/bp2_skrin_1.png\" alt=\"\" class=\"wp-image-6774\" srcset=\"https:\/\/bp2.eu\/wp-content\/uploads\/2022\/03\/bp2_skrin_1.png 805w, https:\/\/bp2.eu\/wp-content\/uploads\/2022\/03\/bp2_skrin_1-768x536.png 768w\" sizes=\"auto, (max-width: 805px) 100vw, 805px\" \/><\/figure>\n<\/div><\/div>\n\n\n\n<div class=\"wp-block-column has-dark-gray-background-color has-background is-layout-flow wp-block-column-is-layout-flow\" style=\"flex-basis:50%\">\n<div class=\"wp-block-cover is-light is-style-full-width\"><span aria-hidden=\"true\" class=\"wp-block-cover__background has-dark-gray-background-color has-background-dim-100 has-background-dim\"><\/span><div class=\"wp-block-cover__inner-container is-layout-flow wp-block-cover-is-layout-flow\">\n<p>Pou\u017eitie fas\u00e1dnych kaziet SKRIN umo\u017e\u0148uje estetick\u00fa a trvanliv\u00fa kone\u010dn\u00fa \u00fapravu fas\u00e1dy. M\u00f4\u017eu by\u0165 pou\u017eit\u00e9 na celej budove alebo na vybran\u00fdch reprezenta\u010dn\u00fdch fragmentoch, ak\u00fdmi s\u00fa \u010deln\u00e9 fas\u00e1dy alebo kancel\u00e1rske \u010dasti budov. Odl\u00ed\u0161enie formou a materi\u00e1lmi pre kone\u010dn\u00fa \u00fapravu fas\u00e1dnych \u010dast\u00ed objektu je \u010dast\u00fdm rie\u0161en\u00edm v modernom stavite\u013estve.<\/p>\n\n\n\n<p>V tak\u00fdch projektoch fas\u00e1dne kazety, v\u010faka \u0161irokej palete farieb a flexibilite rozmerov, s\u00fa ide\u00e1lnou vo\u013ebou. Aby vysok\u00e1 estetika a funk\u010dnos\u0165 fas\u00e1dy boli zachovan\u00e9, dod\u00e1vame syst\u00e9mov\u00e9 rohya individu\u00e1lne vyr\u00e1ban\u00e9 spracovania.<\/p>\n\n\n\n<p>[1] oce\u013eov\u00e1 stenov\u00e1 kazeta.<br>[2] miner\u00e1lna vlna \u2013 termick\u00e1 izol\u00e1cia.<br>[3] P01 medziprofil 20\/50.<br>[4] f\u00f3lie pre izol\u00e1ciu proti vetru.<br>[5] podpern\u00fd st\u013ap.<br>[6] tesnenie.<br>[7] spojovac\u00ed prvok (nastrelovac\u00ed klinec alebo skrutka).<br>[8] P03 profil z\u00e1kladn\u00fd 20\/90.<br>[9] samovrtn\u00fd spoj.<br>[10] samovrtn\u00fd spoj.<br>[11] fas\u00e1dna kazeta Skrin.<\/p>\n\n\n\n<p class=\"has-text-align-center\">&nbsp;<\/p>\n<\/div><\/div>\n<\/div>\n<\/div>\n\n\n\n<div class=\"wp-block-columns is-layout-flex wp-container-core-columns-is-layout-9d6595d7 wp-block-columns-is-layout-flex\">\n<div class=\"wp-block-column is-style-default is-layout-flow wp-block-column-is-layout-flow\" style=\"flex-basis:50%\">\n<div class=\"wp-block-cover is-light is-style-full-width\"><span aria-hidden=\"true\" class=\"wp-block-cover__background has-dark-gray-background-color has-background-dim-100 has-background-dim\"><\/span><div class=\"wp-block-cover__inner-container is-layout-flow wp-block-cover-is-layout-flow\">\n<p>Prednos\u0165ou zavesen\u00fdch fas\u00e1d vyroben\u00fdch s pou\u017eit\u00edm fas\u00e1dnych kaziet SKRIN je r\u00fdchla a \u013eahk\u00e1 mont\u00e1\u017e. M\u00f4\u017eu by\u0165 pou\u017eit\u00e9 na \u013eubovo\u013enej stene, preto\u017ee s\u00fa zavesen\u00e9 na podkon\u0161trukcii, ktor\u00fa stanov\u00ed oce\u013eov\u00fd ro\u0161t vyroben\u00fd zo z\u00e1kladn\u00fdch profilov P03 20\/90.Na kazet\u00e1ch SKRIN s\u00fa namontovan\u00e9 otvory v tvare faz\u00fa\u013e umo\u017e\u0148uj\u00facich kompenz\u00e1ciu nap\u00e4tia (roztia\u017enos\u0165 plechu). Preto\u017ee z\u00e1kladn\u00e9 profily P03 20\/90 s\u00fa z\u00e1kladom pre vertik\u00e1lne spojenie kaziet, s\u00fa vyroben\u00e9 z rovnakej farby ako kazety, poskytuj\u00fa efekt jednoliateho povrchu.<\/p>\n\n\n\n<p>Predodato\u010dn\u00e9 vystu\u017eenie sa pou\u017e\u00edvaj\u00fa medziprofily P01 20\/50. Horizont\u00e1lne spojovanie kaziet sa rob\u00ed v z\u00e1mku, ktor\u00fd je profilovan\u00fd v hornoma dolnom okraji kaziet.<\/p>\n\n\n\n<p>[1] murovan\u00e1 stena.<br>[2] oce\u013eov\u00e1 z\u00e1vora z profilov Z.<br>[3] vertik\u00e1lny mont\u00e1\u017eny ro\u0161t z profilov.<br>[4] miner\u00e1lna vlna &#8211; termick\u00e1 izol\u00e1cia.<br>[5] izola\u010dn\u00e9 f\u00f3lie proti vetru.<br>[6] fas\u00e1dna kazeta SKRIN.<\/p>\n<\/div><\/div>\n<\/div>\n\n\n\n<div class=\"wp-block-column is-vertically-aligned-center is-layout-flow wp-block-column-is-layout-flow\" style=\"flex-basis:50%\"><div class=\"wp-block-image\">\n<figure class=\"aligncenter size-full\"><img loading=\"lazy\" decoding=\"async\" width=\"805\" height=\"562\" src=\"https:\/\/bp2.eu\/wp-content\/uploads\/2022\/03\/bp2_skrin_2-2.png\" alt=\"\" class=\"wp-image-6790\" srcset=\"https:\/\/bp2.eu\/wp-content\/uploads\/2022\/03\/bp2_skrin_2-2.png 805w, https:\/\/bp2.eu\/wp-content\/uploads\/2022\/03\/bp2_skrin_2-2-768x536.png 768w\" sizes=\"auto, (max-width: 805px) 100vw, 805px\" \/><\/figure>\n<\/div><\/div>\n<\/div>\n<\/div><\/div>\n\n\n\n<p>&nbsp;<\/p>\n","protected":false},"featured_media":25845,"menu_order":216,"template":"","product_category":[1257,1259],"warranty":[1295,1314,1296],"product_serie":[],"class_list":["post-50995","product","type-product","status-publish","has-post-thumbnail","hentry","product_category-investicna-vystavba","product_category-fasadne-obklady","warranty-10-rokov-sk","warranty-15-rokov-sk","warranty-20-rokov-sk"],"acf":[],"_links":{"self":[{"href":"https:\/\/bp2.eu\/sk\/wp-json\/wp\/v2\/product\/50995","targetHints":{"allow":["GET"]}}],"collection":[{"href":"https:\/\/bp2.eu\/sk\/wp-json\/wp\/v2\/product"}],"about":[{"href":"https:\/\/bp2.eu\/sk\/wp-json\/wp\/v2\/types\/product"}],"wp:featuredmedia":[{"embeddable":true,"href":"https:\/\/bp2.eu\/sk\/wp-json\/wp\/v2\/media\/25845"}],"wp:attachment":[{"href":"https:\/\/bp2.eu\/sk\/wp-json\/wp\/v2\/media?parent=50995"}],"wp:term":[{"taxonomy":"product_category","embeddable":true,"href":"https:\/\/bp2.eu\/sk\/wp-json\/wp\/v2\/product_category?post=50995"},{"taxonomy":"warranty","embeddable":true,"href":"https:\/\/bp2.eu\/sk\/wp-json\/wp\/v2\/warranty?post=50995"},{"taxonomy":"product_serie","embeddable":true,"href":"https:\/\/bp2.eu\/sk\/wp-json\/wp\/v2\/product_serie?post=50995"}],"curies":[{"name":"wp","href":"https:\/\/api.w.org\/{rel}","templated":true}]}}