{"id":51000,"date":"2022-04-01T14:12:59","date_gmt":"2022-04-01T12:12:59","guid":{"rendered":"https:\/\/bp2.eu\/produkt\/panele-elewacyjne-linea\/"},"modified":"2025-01-24T12:02:33","modified_gmt":"2025-01-24T11:02:33","slug":"panele-elewacyjne-linea","status":"publish","type":"product","link":"https:\/\/bp2.eu\/sk\/vyrobok\/panele-elewacyjne-linea\/","title":{"rendered":"FAS\u00c1DNE PANELY LINEA"},"content":{"rendered":"\n<div style=\"height:100px\" aria-hidden=\"true\" class=\"wp-block-spacer is-style-small-spacer\"><\/div>\n\n\n\r\n<div class=\"section__data\" data-section=\"V\u00fdhody\"><\/div>\n\n\n<div class=\"wp-block-group\"><div class=\"wp-block-group__inner-container is-layout-flow wp-block-group-is-layout-flow\">\n<div class=\"wp-block-columns is-style-mobile-reverse is-layout-flex wp-container-core-columns-is-layout-9d6595d7 wp-block-columns-is-layout-flex\">\n<div class=\"wp-block-column is-vertically-aligned-center is-layout-flow wp-block-column-is-layout-flow\">\n<div class=\"wp-block-cover is-light is-style-default\"><span aria-hidden=\"true\" class=\"wp-block-cover__background has-dark-gray-background-color has-background-dim-100 has-background-dim\"><\/span><div class=\"wp-block-cover__inner-container is-layout-flow wp-block-cover-is-layout-flow\">\n<h2 class=\"wp-block-heading is-style-h3\"><strong>V\u00fdhody<\/strong><\/h2>\n\n\n\n<p>K hlavn\u00fdm v\u00fdhod\u00e1m fas\u00e1dnych panelov patr\u00ed jednoduch\u00e1 a r\u00fdchla mont\u00e1\u017e a pru\u017enos\u0165 u\u013eah\u010duj\u00faca prisp\u00f4sobenie krytu k tvaru fas\u00e1dy.<\/p>\n\n\n\n<p>Tento produkt sa skvele osved\u010dil aj pri sp\u00e1jan\u00ed jednotliv\u00fdch prvkov s in\u00fdmi typmi obkladov na fas\u00e1de ako napr\u00edklad fas\u00e1dne kazety, pr\u00edpadne panely so stojatou dr\u00e1\u017ekou LAMBDA, \u010do zaru\u010duje atrakt\u00edvny vizu\u00e1lny efekt. V spojen\u00ed so \u0161irokou \u0161k\u00e1lou farieb a \u0161trukt\u00far povrchov tak mo\u017eno dosiahnu\u0165 realiz\u00e1ciu naozaj origin\u00e1lnych fas\u00e1dnych projektov.<\/p>\n<\/div><\/div>\n<\/div>\n\n\n\n<div class=\"wp-block-column is-vertically-aligned-center is-layout-flow wp-block-column-is-layout-flow\">\n<figure class=\"wp-block-image size-full is-style-full-width\"><img loading=\"lazy\" decoding=\"async\" width=\"820\" height=\"547\" src=\"https:\/\/bp2.eu\/wp-content\/uploads\/2022\/06\/PANEL-ELEWACYJNY.png\" alt=\"\" class=\"wp-image-11122\" srcset=\"https:\/\/bp2.eu\/wp-content\/uploads\/2022\/06\/PANEL-ELEWACYJNY.png 820w, https:\/\/bp2.eu\/wp-content\/uploads\/2022\/06\/PANEL-ELEWACYJNY-768x512.png 768w\" sizes=\"auto, (max-width: 820px) 100vw, 820px\" \/><\/figure>\n<\/div>\n<\/div>\n<\/div><\/div>\n\n\n\n<div class=\"wp-block-group\"><div class=\"wp-block-group__inner-container is-layout-flow wp-block-group-is-layout-flow\">\r\n<div class=\"section__data\" data-section=\"rozsah rozmerov\"><\/div>\n\n\n<h2 class=\"wp-block-heading has-text-align-center is-style-h3\">Rozsahy \u0161tandardn\u00fdch rozmerov fas\u00e1dnych panelov [mm]<\/h2>\n\n\n\n<div class=\"wp-block-columns has-dark-gray-background-color has-background is-layout-flex wp-container-core-columns-is-layout-9d6595d7 wp-block-columns-is-layout-flex\">\n<div class=\"wp-block-column is-layout-flow wp-block-column-is-layout-flow\">\n<h2 class=\"wp-block-heading is-style-h3\">Panely bez \u0161k\u00e1ry<\/h2>\n\n\n\n<figure class=\"wp-block-table\"><table><tbody><tr><td>K\u00f3d v\u00fdrobku<\/td><td class=\"has-text-align-left\" data-align=\"left\">PS 282.417<\/td><td class=\"has-text-align-left\" data-align=\"left\">PS 177.312<\/td><td class=\"has-text-align-left\" data-align=\"left\">PS 115.250<\/td><\/tr><tr><td>Efekt\u00edvna \u0161\u00edrka<\/td><td class=\"has-text-align-left\" data-align=\"left\">282<\/td><td class=\"has-text-align-left\" data-align=\"left\">177<\/td><td class=\"has-text-align-left\" data-align=\"left\">115<\/td><\/tr><tr><td>L\u00edc panela<\/td><td class=\"has-text-align-left\" data-align=\"left\">282<\/td><td class=\"has-text-align-left\" data-align=\"left\">177<\/td><td class=\"has-text-align-left\" data-align=\"left\">115<\/td><\/tr><tr><td>Rozsah hr\u00fabky plechu<\/td><td class=\"has-text-align-left\" data-align=\"left\">0,7\u20131,0<\/td><td class=\"has-text-align-left\" data-align=\"left\">0,7\u20131,0<\/td><td class=\"has-text-align-left\" data-align=\"left\">0,7\u20131,0<\/td><\/tr><tr><td>D\u013a\u017eka krytia<\/td><td class=\"has-text-align-left\" data-align=\"left\">800\u20136000<\/td><td class=\"has-text-align-left\" data-align=\"left\">800\u20136000<\/td><td class=\"has-text-align-left\" data-align=\"left\">800\u20136000<\/td><\/tr><\/tbody><\/table><\/figure>\n<\/div>\n\n\n\n<div class=\"wp-block-column is-layout-flow wp-block-column-is-layout-flow\">\n<h2 class=\"wp-block-heading is-style-h3\">Paneley &#8211; \u0161k\u00e1ry 15 mm<\/h2>\n\n\n\n<figure class=\"wp-block-table\"><table><tbody><tr><td>K\u00f3d v\u00fdrobku<\/td><td class=\"has-text-align-left\" data-align=\"left\">PSF 270.417.15<\/td><td class=\"has-text-align-left\" data-align=\"left\">PSF 165.312.15<\/td><td class=\"has-text-align-left\" data-align=\"left\">PSF 103.250.15<\/td><\/tr><tr><td>Efekt\u00edvna \u0161\u00edrka<\/td><td class=\"has-text-align-left\" data-align=\"left\">270<\/td><td class=\"has-text-align-left\" data-align=\"left\">165<\/td><td class=\"has-text-align-left\" data-align=\"left\">103<\/td><\/tr><tr><td>L\u00edc panela<\/td><td class=\"has-text-align-left\" data-align=\"left\">255<\/td><td class=\"has-text-align-left\" data-align=\"left\">150<\/td><td class=\"has-text-align-left\" data-align=\"left\">88<\/td><\/tr><tr><td>Rozsah hr\u00fabky plechu<\/td><td class=\"has-text-align-left\" data-align=\"left\">0,7\u20131,0<\/td><td class=\"has-text-align-left\" data-align=\"left\">0,7\u20131,0<\/td><td class=\"has-text-align-left\" data-align=\"left\">0,7\u20131,0<\/td><\/tr><tr><td>D\u013a\u017eka krytia<\/td><td class=\"has-text-align-left\" data-align=\"left\">800\u20136000<\/td><td class=\"has-text-align-left\" data-align=\"left\">800\u20136000<\/td><td class=\"has-text-align-left\" data-align=\"left\">800\u20136000<\/td><\/tr><\/tbody><\/table><\/figure>\n<\/div>\n<\/div>\n\n\n<div class=\"wp-block-image\">\n<figure class=\"aligncenter size-full\"><img loading=\"lazy\" decoding=\"async\" width=\"768\" height=\"511\" src=\"https:\/\/bp2.eu\/wp-content\/uploads\/2023\/01\/panele-elewacyjne-rysunek-techniczny-sk.png\" alt=\"\" class=\"wp-image-52020\"\/><\/figure>\n<\/div><\/div><\/div>\n\n\n\n<div class=\"wp-block-group\"><div class=\"wp-block-group__inner-container is-layout-flow wp-block-group-is-layout-flow\">\n<ul class=\"wp-block-list\">\n<li>Pon\u00fakame mo\u017enos\u0165 perfor\u00e1cie krytiny v \u0161irokej \u0161k\u00e1le rozmerov a tvarov. Podrobnosti sa stanovuj\u00fa individu\u00e1lne s obchodn\u00fdm oddelen\u00edm.<\/li>\n\n\n\n<li>Existuje mo\u017enos\u0165 vyhotovenia ne\u0161tandardn\u00fdch panelov.Detaily sa dohaduj\u00fa individu\u00e1lne s obchodn\u00fdm oddelen\u00edm.<\/li>\n<\/ul>\n<\/div><\/div>\n","protected":false},"featured_media":25651,"menu_order":231,"template":"","product_category":[1257,1259],"warranty":[1295,1314,1296],"product_serie":[],"class_list":["post-51000","product","type-product","status-publish","has-post-thumbnail","hentry","product_category-investicna-vystavba","product_category-fasadne-obklady","warranty-10-rokov-sk","warranty-15-rokov-sk","warranty-20-rokov-sk"],"acf":[],"_links":{"self":[{"href":"https:\/\/bp2.eu\/sk\/wp-json\/wp\/v2\/product\/51000","targetHints":{"allow":["GET"]}}],"collection":[{"href":"https:\/\/bp2.eu\/sk\/wp-json\/wp\/v2\/product"}],"about":[{"href":"https:\/\/bp2.eu\/sk\/wp-json\/wp\/v2\/types\/product"}],"wp:featuredmedia":[{"embeddable":true,"href":"https:\/\/bp2.eu\/sk\/wp-json\/wp\/v2\/media\/25651"}],"wp:attachment":[{"href":"https:\/\/bp2.eu\/sk\/wp-json\/wp\/v2\/media?parent=51000"}],"wp:term":[{"taxonomy":"product_category","embeddable":true,"href":"https:\/\/bp2.eu\/sk\/wp-json\/wp\/v2\/product_category?post=51000"},{"taxonomy":"warranty","embeddable":true,"href":"https:\/\/bp2.eu\/sk\/wp-json\/wp\/v2\/warranty?post=51000"},{"taxonomy":"product_serie","embeddable":true,"href":"https:\/\/bp2.eu\/sk\/wp-json\/wp\/v2\/product_serie?post=51000"}],"curies":[{"name":"wp","href":"https:\/\/api.w.org\/{rel}","templated":true}]}}