{"id":51238,"date":"2020-03-14T14:02:00","date_gmt":"2020-03-14T13:02:00","guid":{"rendered":"https:\/\/bp2.eu\/produkt\/komunikacja-dachowa\/"},"modified":"2023-07-21T11:34:52","modified_gmt":"2023-07-21T09:34:52","slug":"stresne-komunikacie","status":"publish","type":"product","link":"https:\/\/bp2.eu\/sk\/vyrobok\/stresne-komunikacie\/","title":{"rendered":"Stre\u0161n\u00e9 komunik\u00e1cie"},"content":{"rendered":"","protected":false},"featured_media":25577,"menu_order":613,"template":"","product_category":[1255],"warranty":[],"product_serie":[],"class_list":["post-51238","product","type-product","status-publish","has-post-thumbnail","hentry","product_category-stresne-doplnky"],"acf":[],"_links":{"self":[{"href":"https:\/\/bp2.eu\/sk\/wp-json\/wp\/v2\/product\/51238","targetHints":{"allow":["GET"]}}],"collection":[{"href":"https:\/\/bp2.eu\/sk\/wp-json\/wp\/v2\/product"}],"about":[{"href":"https:\/\/bp2.eu\/sk\/wp-json\/wp\/v2\/types\/product"}],"wp:featuredmedia":[{"embeddable":true,"href":"https:\/\/bp2.eu\/sk\/wp-json\/wp\/v2\/media\/25577"}],"wp:attachment":[{"href":"https:\/\/bp2.eu\/sk\/wp-json\/wp\/v2\/media?parent=51238"}],"wp:term":[{"taxonomy":"product_category","embeddable":true,"href":"https:\/\/bp2.eu\/sk\/wp-json\/wp\/v2\/product_category?post=51238"},{"taxonomy":"warranty","embeddable":true,"href":"https:\/\/bp2.eu\/sk\/wp-json\/wp\/v2\/warranty?post=51238"},{"taxonomy":"product_serie","embeddable":true,"href":"https:\/\/bp2.eu\/sk\/wp-json\/wp\/v2\/product_serie?post=51238"}],"curies":[{"name":"wp","href":"https:\/\/api.w.org\/{rel}","templated":true}]}}