{"id":51258,"date":"2022-08-04T14:46:21","date_gmt":"2022-08-04T12:46:21","guid":{"rendered":"https:\/\/bp2.eu\/produkt\/modulowy-panel-dachowy-fit\/"},"modified":"2025-06-27T15:34:46","modified_gmt":"2025-06-27T13:34:46","slug":"modulovy-stresny-panel-fit","status":"publish","type":"product","link":"https:\/\/bp2.eu\/sk\/vyrobok\/modulovy-stresny-panel-fit\/","title":{"rendered":"Modulov\u00fd Stre\u0161n\u00fd Panel FIT"},"content":{"rendered":"","protected":false},"featured_media":26060,"menu_order":7,"template":"","product_category":[1226,1175,1305],"warranty":[1295,1314,1296,1306,1176,1297,1298,1177],"product_serie":[],"class_list":["post-51258","product","type-product","status-publish","has-post-thumbnail","hentry","product_category-obytna-vystavba","product_category-modularna-skridlova-krytina","product_category-stresne-panely","warranty-10-rokov-sk","warranty-15-rokov-sk","warranty-20-rokov-sk","warranty-25-rokov-sk","warranty-30-rokov-sk","warranty-35-rokov-sk","warranty-40-rokov-sk","warranty-55-rokov-sk"],"acf":[],"_links":{"self":[{"href":"https:\/\/bp2.eu\/sk\/wp-json\/wp\/v2\/product\/51258","targetHints":{"allow":["GET"]}}],"collection":[{"href":"https:\/\/bp2.eu\/sk\/wp-json\/wp\/v2\/product"}],"about":[{"href":"https:\/\/bp2.eu\/sk\/wp-json\/wp\/v2\/types\/product"}],"wp:featuredmedia":[{"embeddable":true,"href":"https:\/\/bp2.eu\/sk\/wp-json\/wp\/v2\/media\/26060"}],"wp:attachment":[{"href":"https:\/\/bp2.eu\/sk\/wp-json\/wp\/v2\/media?parent=51258"}],"wp:term":[{"taxonomy":"product_category","embeddable":true,"href":"https:\/\/bp2.eu\/sk\/wp-json\/wp\/v2\/product_category?post=51258"},{"taxonomy":"warranty","embeddable":true,"href":"https:\/\/bp2.eu\/sk\/wp-json\/wp\/v2\/warranty?post=51258"},{"taxonomy":"product_serie","embeddable":true,"href":"https:\/\/bp2.eu\/sk\/wp-json\/wp\/v2\/product_serie?post=51258"}],"curies":[{"name":"wp","href":"https:\/\/api.w.org\/{rel}","templated":true}]}}