{"id":51262,"date":"2020-03-14T15:06:00","date_gmt":"2020-03-14T14:06:00","guid":{"rendered":"https:\/\/bp2.eu\/produkt\/swietliki\/"},"modified":"2025-08-28T08:46:33","modified_gmt":"2025-08-28T06:46:33","slug":"stresne-svetliky-pre-trapezove-plechy","status":"publish","type":"product","link":"https:\/\/bp2.eu\/sk\/vyrobok\/stresne-svetliky-pre-trapezove-plechy\/","title":{"rendered":"Stre\u0161n\u00e9 svetl\u00edky pre trap\u00e9zov\u00e9 plechy"},"content":{"rendered":"\n<div style=\"height:100px\" aria-hidden=\"true\" class=\"wp-block-spacer is-style-smaller-spacer\"><\/div>\n\n\n\n<div class=\"wp-block-group\"><div class=\"wp-block-group__inner-container is-layout-constrained wp-block-group-is-layout-constrained\">\n<h2 class=\"wp-block-heading has-text-align-center has-red-color has-text-color has-link-color wp-elements-7361fe22d9f5c46691b1c8293c7de2cc\">Stre\u0161n\u00fd svetl\u00edk SKY-T18<\/h2>\n\n\n\n<p class=\"has-text-align-center\">Stre\u0161n\u00fd svetl\u00edk SKY-T18 je \u0161peci\u00e1lne rie\u0161enie pre trap\u00e9zov\u00e9 plechy T-18, ktor\u00e9 kombinuje vysok\u00fa priepustnos\u0165<br>denn\u00e9ho svetla s odolnou kon\u0161trukciou. Zabezpe\u010duje \u00fa\u010dinn\u00e9 presvetlenie h\u00e1l aj men\u0161\u00edch priestorov. Vyzna\u010duje sa<br>vysokou odolnos\u0165ou proti n\u00e1razom pri zachovan\u00ed estetiky a funk\u010dnosti kon\u0161trukcie.<\/p>\n\n\n\n<div class=\"wp-block-columns is-layout-flex wp-container-core-columns-is-layout-9d6595d7 wp-block-columns-is-layout-flex\">\n<div class=\"wp-block-column is-layout-flow wp-block-column-is-layout-flow\">\n<figure class=\"wp-block-image size-large\"><img loading=\"lazy\" decoding=\"async\" width=\"1024\" height=\"874\" src=\"https:\/\/bp2.eu\/wp-content\/uploads\/2020\/03\/Swietlik-T18-Wymiary-1024x874.jpg\" alt=\"\" class=\"wp-image-102675\" srcset=\"https:\/\/bp2.eu\/wp-content\/uploads\/2020\/03\/Swietlik-T18-Wymiary-1024x874.jpg 1024w, https:\/\/bp2.eu\/wp-content\/uploads\/2020\/03\/Swietlik-T18-Wymiary-820x700.jpg 820w, https:\/\/bp2.eu\/wp-content\/uploads\/2020\/03\/Swietlik-T18-Wymiary-768x656.jpg 768w, https:\/\/bp2.eu\/wp-content\/uploads\/2020\/03\/Swietlik-T18-Wymiary-1536x1311.jpg 1536w, https:\/\/bp2.eu\/wp-content\/uploads\/2020\/03\/Swietlik-T18-Wymiary.jpg 1943w\" sizes=\"auto, (max-width: 1024px) 100vw, 1024px\" \/><\/figure>\n<\/div>\n\n\n\n<div class=\"wp-block-column is-layout-flow wp-block-column-is-layout-flow\">\n<h2 class=\"wp-block-heading is-style-h3 has-red-color has-text-color has-link-color wp-elements-8556c938d31f478962a236b8fe5ebe13\">Technick\u00e9 parametre<\/h2>\n\n\n\n<table style=\"width:100%; border-collapse:collapse; border:0; table-layout:fixed;\">\n  <tbody>\n    <tr>\n      <td style=\"padding:10px; border-top:1px solid #ddd; border-bottom:1px solid #ddd; vertical-align:top;\"><strong>Hr\u00fabka:<\/strong><\/td>\n      <td style=\"padding:10px; border-top:1px solid #ddd; border-bottom:1px solid #ddd; vertical-align:top;\">1,0 mm<\/td>\n    <\/tr>\n    <tr>\n      <td style=\"padding:10px; border-bottom:1px solid #ddd; vertical-align:top;\"><strong>U\u017eito\u010dn\u00e1 \u0161\u00edrka:<\/strong><\/td>\n      <td style=\"padding:10px; border-bottom:1px solid #ddd; vertical-align:top;\">1063&plusmn;5 mm<\/td>\n    <\/tr>\n    <tr>\n      <td style=\"padding:10px; border-bottom:1px solid #ddd; vertical-align:top;\"><strong>\u0160\u00edrka tabu\u013ee:<\/strong><\/td>\n      <td style=\"padding:10px; border-bottom:1px solid #ddd; vertical-align:top;\">1117&plusmn;5 mm<\/td>\n    <\/tr>\n    <tr>\n      <td style=\"padding:10px; border-bottom:1px solid #ddd; vertical-align:top;\"><strong>Vlnitos\u0165:<\/strong><\/td>\n      <td style=\"padding:10px; border-bottom:1px solid #ddd; vertical-align:top;\">134 mm<\/td>\n    <\/tr>\n    <tr>\n      <td style=\"padding:10px; border-bottom:1px solid #ddd; vertical-align:top;\"><strong>V\u00fd\u0161ka vlny:<\/strong><\/td>\n      <td style=\"padding:10px; border-bottom:1px solid #ddd; vertical-align:top;\">18 mm<\/td>\n    <\/tr>\n    <tr>\n      <td style=\"padding:10px; border-bottom:1px solid #ddd; vertical-align:top;\"><strong>D\u013a\u017eka tabu\u013ee:<\/strong><\/td>\n      <td style=\"padding:10px; border-bottom:1px solid #ddd; vertical-align:top;\">3 m<\/td>\n    <\/tr>\n    <tr>\n      <td style=\"padding:10px; border-bottom:1px solid #ddd; vertical-align:top;\"><strong>Farba:<\/strong><\/td>\n      <td style=\"padding:10px; border-bottom:1px solid #ddd; vertical-align:top;\">\u010c\u00edra<\/td>\n    <\/tr>\n    <tr>\n      <td style=\"padding:10px; border-bottom:1px solid #ddd; vertical-align:top;\"><strong>\u0160trukt\u00fara:<\/strong><\/td>\n      <td style=\"padding:10px; border-bottom:1px solid #ddd; vertical-align:top;\">Pln\u00e1 tabu\u013ea<\/td>\n    <\/tr>\n    <tr>\n      <td style=\"padding:10px; border-bottom:1px solid #ddd; vertical-align:top;\"><strong>Ochrana proti UV \u017eiareniu:<\/strong><\/td>\n      <td style=\"padding:10px; border-bottom:1px solid #ddd; vertical-align:top;\">\u00c1no<\/td>\n    <\/tr>\n    <tr>\n      <td style=\"padding:10px; border-bottom:1px solid #ddd; vertical-align:top;\"><strong>Po\u017eiarna klasifik\u00e1cia:<\/strong><\/td>\n      <td style=\"padding:10px; border-bottom:1px solid #ddd; vertical-align:top;\">B s1 d0<\/td>\n    <\/tr>\n    <tr>\n      <td style=\"padding:10px; border-bottom:1px solid #ddd; vertical-align:top;\"><strong>Prev\u00e1dzkov\u00fd teplotn\u00fd rozsah:<\/strong><\/td>\n      <td style=\"padding:10px; border-bottom:1px solid #ddd; vertical-align:top;\">-40&deg; \/ +130&deg;C<\/td>\n    <\/tr>\n    <tr>\n      <td style=\"padding:10px; border-bottom:1px solid #ddd; vertical-align:top;\"><strong>Line\u00e1rna tepeln\u00e1 roz\u0165a\u017enos\u0165:<\/strong><\/td>\n      <td style=\"padding:10px; border-bottom:1px solid #ddd; vertical-align:top;\">6,7 &times; 10<sup>-5<\/sup> mm\/mm &deg;C<\/td>\n    <\/tr>\n    <tr>\n      <td style=\"padding:10px; border-bottom:1px solid #ddd; vertical-align:top;\"><strong>Odolnos\u0165 vo\u010di chemik\u00e1li\u00e1m (pou\u017eitie a \u00fadr\u017eba):<\/strong><\/td>\n      <td style=\"padding:10px; border-bottom:1px solid #ddd; vertical-align:top;\">\u0160pecifik\u00e1cia v literat\u00fare<\/td>\n    <\/tr>\n    <tr>\n      <td style=\"padding:10px; border-bottom:1px solid #ddd; vertical-align:top;\"><strong>Tepeln\u00e1 izol\u00e1cia:<\/strong><\/td>\n      <td style=\"padding:10px; border-bottom:1px solid #ddd; vertical-align:top;\">5,70 W\/mK<\/td>\n    <\/tr>\n    <tr>\n      <td style=\"padding:10px; border-bottom:1px solid #ddd; vertical-align:top;\"><strong>Prietok svetla (\u010c\u00cdRA):<\/strong><\/td>\n      <td style=\"padding:10px; border-bottom:1px solid #ddd; vertical-align:top;\">89&plusmn;2 %<\/td>\n    <\/tr>\n    <tr>\n      <td style=\"padding:10px; border-bottom:1px solid #ddd; vertical-align:top;\"><strong>Z\u00e1ruka:<\/strong><\/td>\n      <td style=\"padding:10px; border-bottom:1px solid #ddd; vertical-align:top;\">10 rokov*<\/td>\n    <\/tr>\n  <\/tbody>\n<\/table>\n<\/div>\n<\/div>\n\n\n\n<ul class=\"wp-block-list\">\n<li><strong>Pou\u017eitie<\/strong>: realiz\u00e1cia svetl\u00edkov a ploch\u00fdch stre\u0161n\u00fdch kryt\u00edn<\/li>\n\n\n\n<li><strong>Pr\u00edslu\u0161enstvo<\/strong>: syst\u00e9m dop\u013a\u0148aj\u00fa pr\u00edslu\u0161enstv\u00e1 (pre z\u00edskanie podrobn\u00fdch inform\u00e1ci\u00ed o pr\u00edslu\u0161enstve pros\u00edme o kontakt s v\u00fdrobcom).<br><br><strong>POZN\u00c1MKY:<\/strong> na vyhotovenie svetl\u00edkov s vysok\u00fdmi izola\u010dn\u00fdmi parametrami pod\u013ea platnej normy je mo\u017en\u00e9 prida\u0165 vn\u00fatorn\u00fd podh\u013ead.<\/li>\n<\/ul>\n<\/div><\/div>\n\n\n\n<div style=\"height:100px\" aria-hidden=\"true\" class=\"wp-block-spacer is-style-smaller-spacer\"><\/div>\n\n\n\n<div class=\"wp-block-group\"><div class=\"wp-block-group__inner-container is-layout-constrained wp-block-group-is-layout-constrained\">\n<h2 class=\"wp-block-heading has-text-align-center has-red-color has-text-color has-link-color wp-elements-86d753960e3f57e75b87acdd19300b35\">Stre\u0161n\u00fd svetl\u00edk SKY-T18 ECO<\/h2>\n\n\n\n<p class=\"has-text-align-center\">SKY-T18 ECO je \u013eahk\u00fd a ekonomick\u00fd stre\u0161n\u00fd svetl\u00edk navrhnut\u00fd \u0161peci\u00e1lne pre trap\u00e9zov\u00fd plech T18 ECO.<br>Predstavuje efekt\u00edvnu alternat\u00edvu k umel\u00e9mu osvetleniu, pon\u00faka vysok\u00fa prieh\u013eadnos\u0165 a odolnos\u0165 pri zachovan\u00ed<br>energeticky \u00fasporn\u00fdch parametrov \u2013 ide\u00e1lny pre hospod\u00e1rske a investi\u010dn\u00e9 objekty.<\/p>\n\n\n\n<div class=\"wp-block-columns is-layout-flex wp-container-core-columns-is-layout-9d6595d7 wp-block-columns-is-layout-flex\">\n<div class=\"wp-block-column is-layout-flow wp-block-column-is-layout-flow\">\n<figure class=\"wp-block-image size-large\"><img loading=\"lazy\" decoding=\"async\" width=\"1024\" height=\"856\" src=\"https:\/\/bp2.eu\/wp-content\/uploads\/2020\/03\/Swietlik-T18-ECO_Wymiary-1024x856.jpg\" alt=\"\" class=\"wp-image-102683\" srcset=\"https:\/\/bp2.eu\/wp-content\/uploads\/2020\/03\/Swietlik-T18-ECO_Wymiary-1024x856.jpg 1024w, https:\/\/bp2.eu\/wp-content\/uploads\/2020\/03\/Swietlik-T18-ECO_Wymiary-820x686.jpg 820w, https:\/\/bp2.eu\/wp-content\/uploads\/2020\/03\/Swietlik-T18-ECO_Wymiary-768x642.jpg 768w, https:\/\/bp2.eu\/wp-content\/uploads\/2020\/03\/Swietlik-T18-ECO_Wymiary-1536x1284.jpg 1536w, https:\/\/bp2.eu\/wp-content\/uploads\/2020\/03\/Swietlik-T18-ECO_Wymiary.jpg 2025w\" sizes=\"auto, (max-width: 1024px) 100vw, 1024px\" \/><\/figure>\n<\/div>\n\n\n\n<div class=\"wp-block-column is-layout-flow wp-block-column-is-layout-flow\">\n<h2 class=\"wp-block-heading is-style-h3 has-red-color has-text-color has-link-color wp-elements-8556c938d31f478962a236b8fe5ebe13\">Technick\u00e9 parametre<\/h2>\n\n\n\n<table style=\"width:100%; border-collapse:collapse; border:0; table-layout:fixed;\">\n  <tbody>\n    <tr>\n      <td style=\"padding:10px; border-top:1px solid #ddd; border-bottom:1px solid #ddd;\"><strong>Hr\u00fabka:<\/strong><\/td>\n      <td style=\"padding:10px; border-top:1px solid #ddd; border-bottom:1px solid #ddd;\">1,0 mm<\/td>\n    <\/tr>\n    <tr>\n      <td style=\"padding:10px; border-bottom:1px solid #ddd;\"><strong>U\u017eito\u010dn\u00e1 \u0161\u00edrka:<\/strong><\/td>\n      <td style=\"padding:10px; border-bottom:1px solid #ddd;\">1170&plusmn;5 mm<\/td>\n    <\/tr>\n    <tr>\n      <td style=\"padding:10px; border-bottom:1px solid #ddd;\"><strong>\u0160\u00edrka tabu\u013ee:<\/strong><\/td>\n      <td style=\"padding:10px; border-bottom:1px solid #ddd;\">1120&plusmn;5 mm<\/td>\n    <\/tr>\n    <tr>\n      <td style=\"padding:10px; border-bottom:1px solid #ddd;\"><strong>Vlnitos\u0165:<\/strong><\/td>\n      <td style=\"padding:10px; border-bottom:1px solid #ddd;\">187,5 mm<\/td>\n    <\/tr>\n    <tr>\n      <td style=\"padding:10px; border-bottom:1px solid #ddd;\"><strong>V\u00fd\u0161ka vlny:<\/strong><\/td>\n      <td style=\"padding:10px; border-bottom:1px solid #ddd;\">16,5 mm<\/td>\n    <\/tr>\n    <tr>\n      <td style=\"padding:10px; border-bottom:1px solid #ddd;\"><strong>D\u013a\u017eka tabu\u013ee:<\/strong><\/td>\n      <td style=\"padding:10px; border-bottom:1px solid #ddd;\">3 m<\/td>\n    <\/tr>\n    <tr>\n      <td style=\"padding:10px; border-bottom:1px solid #ddd;\"><strong>Farba:<\/strong><\/td>\n      <td style=\"padding:10px; border-bottom:1px solid #ddd;\">\u010c\u00edra<\/td>\n    <\/tr>\n    <tr>\n      <td style=\"padding:10px; border-bottom:1px solid #ddd;\"><strong>\u0160trukt\u00fara:<\/strong><\/td>\n      <td style=\"padding:10px; border-bottom:1px solid #ddd;\">Pln\u00e1 tabu\u013ea<\/td>\n    <\/tr>\n    <tr>\n      <td style=\"padding:10px; border-bottom:1px solid #ddd;\"><strong>Ochrana proti UV \u017eiareniu:<\/strong><\/td>\n      <td style=\"padding:10px; border-bottom:1px solid #ddd;\">\u00c1no<\/td>\n    <\/tr>\n    <tr>\n      <td style=\"padding:10px; border-bottom:1px solid #ddd;\"><strong>Po\u017eiarna klasifik\u00e1cia:<\/strong><\/td>\n      <td style=\"padding:10px; border-bottom:1px solid #ddd;\">B s1 d0<\/td>\n    <\/tr>\n    <tr>\n      <td style=\"padding:10px; border-bottom:1px solid #ddd;\"><strong>Prev\u00e1dzkov\u00fd teplotn\u00fd rozsah:<\/strong><\/td>\n      <td style=\"padding:10px; border-bottom:1px solid #ddd;\">-40&deg; \/ +130&deg;C<\/td>\n    <\/tr>\n    <tr>\n      <td style=\"padding:10px; border-bottom:1px solid #ddd;\"><strong>Line\u00e1rna tepeln\u00e1 roz\u0165a\u017enos\u0165:<\/strong><\/td>\n      <td style=\"padding:10px; border-bottom:1px solid #ddd;\">6,7 &times; 10<sup>-5<\/sup> mm\/mm &deg;C<\/td>\n    <\/tr>\n    <tr>\n      <td style=\"padding:10px; border-bottom:1px solid #ddd;\"><strong>Odolnos\u0165 vo\u010di chemik\u00e1li\u00e1m (pou\u017eitie a \u00fadr\u017eba):<\/strong><\/td>\n      <td style=\"padding:10px; border-bottom:1px solid #ddd;\">\u0160pecifik\u00e1cia v literat\u00fare<\/td>\n    <\/tr>\n    <tr>\n      <td style=\"padding:10px; border-bottom:1px solid #ddd;\"><strong>Tepeln\u00e1 izol\u00e1cia:<\/strong><\/td>\n      <td style=\"padding:10px; border-bottom:1px solid #ddd;\">5,70 W\/mK<\/td>\n    <\/tr>\n    <tr>\n      <td style=\"padding:10px; border-bottom:1px solid #ddd;\"><strong>Prietok svetla (\u010c\u00cdRA):<\/strong><\/td>\n      <td style=\"padding:10px; border-bottom:1px solid #ddd;\">89&plusmn;2 %<\/td>\n    <\/tr>\n    <tr>\n      <td style=\"padding:10px; border-bottom:1px solid #ddd;\"><strong>Z\u00e1ruka:<\/strong><\/td>\n      <td style=\"padding:10px; border-bottom:1px solid #ddd;\">10 rokov*<\/td>\n    <\/tr>\n  <\/tbody>\n<\/table>\n<\/div>\n<\/div>\n\n\n\n<ul class=\"wp-block-list\">\n<li><strong>Pou\u017eitie<\/strong>: realiz\u00e1cia svetl\u00edkov a ploch\u00fdch stre\u0161n\u00fdch kryt\u00edn<\/li>\n\n\n\n<li><strong>Pr\u00edslu\u0161enstvo<\/strong>: syst\u00e9m dop\u013a\u0148aj\u00fa pr\u00edslu\u0161enstv\u00e1 (pre z\u00edskanie podrobn\u00fdch inform\u00e1ci\u00ed o pr\u00edslu\u0161enstve pros\u00edme o kontakt s v\u00fdrobcom).<br><br><strong>POZN\u00c1MKY:<\/strong> na vyhotovenie svetl\u00edkov s vysok\u00fdmi izola\u010dn\u00fdmi parametrami pod\u013ea platnej normy je mo\u017en\u00e9 prida\u0165 vn\u00fatorn\u00fd podh\u013ead.<\/li>\n<\/ul>\n<\/div><\/div>\n\n\n\n<div style=\"height:100px\" aria-hidden=\"true\" class=\"wp-block-spacer is-style-smaller-spacer\"><\/div>\n\n\n\n<div class=\"wp-block-group\"><div class=\"wp-block-group__inner-container is-layout-constrained wp-block-group-is-layout-constrained\">\n<h2 class=\"wp-block-heading has-text-align-center has-red-color has-text-color has-link-color wp-elements-2859af156395c5eec8352e351a2cc60f\">Stre\u0161n\u00fd svetl\u00edk SKY-T35<\/h2>\n\n\n\n<p class=\"has-text-align-center\">SKY-T35 je siln\u00fd a odoln\u00fd stre\u0161n\u00fd svetl\u00edk ur\u010den\u00fd pre trap\u00e9zov\u00e9 plechy T35, navrhnut\u00fd pre objekty<br>vy\u017eaduj\u00face pevn\u00fa kon\u0161trukciu. Zaru\u010duje \u00fa\u010dinn\u00e9 presvetlenie interi\u00e9rov, vysok\u00fa odolnos\u0165 vo\u010di poveternostn\u00fdm<br>podmienkam a zachovanie estetiky striech v priemyselnej a komer\u010dnej v\u00fdstavbe.<\/p>\n\n\n\n<div class=\"wp-block-columns is-layout-flex wp-container-core-columns-is-layout-9d6595d7 wp-block-columns-is-layout-flex\">\n<div class=\"wp-block-column is-layout-flow wp-block-column-is-layout-flow\">\n<figure class=\"wp-block-image size-large\"><img loading=\"lazy\" decoding=\"async\" width=\"1024\" height=\"853\" src=\"https:\/\/bp2.eu\/wp-content\/uploads\/2020\/03\/Swietlik-T35_Wymiary-1024x853.jpg\" alt=\"\" class=\"wp-image-102691\" srcset=\"https:\/\/bp2.eu\/wp-content\/uploads\/2020\/03\/Swietlik-T35_Wymiary-1024x853.jpg 1024w, https:\/\/bp2.eu\/wp-content\/uploads\/2020\/03\/Swietlik-T35_Wymiary-820x683.jpg 820w, https:\/\/bp2.eu\/wp-content\/uploads\/2020\/03\/Swietlik-T35_Wymiary-768x640.jpg 768w, https:\/\/bp2.eu\/wp-content\/uploads\/2020\/03\/Swietlik-T35_Wymiary-1536x1279.jpg 1536w, https:\/\/bp2.eu\/wp-content\/uploads\/2020\/03\/Swietlik-T35_Wymiary.jpg 1961w\" sizes=\"auto, (max-width: 1024px) 100vw, 1024px\" \/><\/figure>\n<\/div>\n\n\n\n<div class=\"wp-block-column is-layout-flow wp-block-column-is-layout-flow\">\n<h2 class=\"wp-block-heading is-style-h3 has-red-color has-text-color has-link-color wp-elements-8556c938d31f478962a236b8fe5ebe13\">Technick\u00e9 parametre<\/h2>\n\n\n\n<table style=\"width:100%; border-collapse:collapse; border:0; table-layout:fixed;\">\n  <tbody>\n    <tr>\n      <td style=\"padding:10px; border-top:1px solid #ddd; border-bottom:1px solid #ddd;\"><strong>Hr\u00fabka:<\/strong><\/td>\n      <td style=\"padding:10px; border-top:1px solid #ddd; border-bottom:1px solid #ddd;\">1,0 mm<\/td>\n    <\/tr>\n    <tr>\n      <td style=\"padding:10px; border-bottom:1px solid #ddd;\"><strong>U\u017eito\u010dn\u00e1 \u0161\u00edrka:<\/strong><\/td>\n      <td style=\"padding:10px; border-bottom:1px solid #ddd;\">1065 &plusmn; 5 mm<\/td>\n    <\/tr>\n    <tr>\n      <td style=\"padding:10px; border-bottom:1px solid #ddd;\"><strong>\u0160\u00edrka tabu\u013ee:<\/strong><\/td>\n      <td style=\"padding:10px; border-bottom:1px solid #ddd;\">1119 &plusmn; 5 mm<\/td>\n    <\/tr>\n    <tr>\n      <td style=\"padding:10px; border-bottom:1px solid #ddd;\"><strong>Vlnitos\u0165:<\/strong><\/td>\n      <td style=\"padding:10px; border-bottom:1px solid #ddd;\">213 mm<\/td>\n    <\/tr>\n    <tr>\n      <td style=\"padding:10px; border-bottom:1px solid #ddd;\"><strong>V\u00fd\u0161ka vlny:<\/strong><\/td>\n      <td style=\"padding:10px; border-bottom:1px solid #ddd;\">34 mm<\/td>\n    <\/tr>\n    <tr>\n      <td style=\"padding:10px; border-bottom:1px solid #ddd;\"><strong>D\u013a\u017eka tabu\u013ee:<\/strong><\/td>\n      <td style=\"padding:10px; border-bottom:1px solid #ddd;\">3 m<\/td>\n    <\/tr>\n    <tr>\n      <td style=\"padding:10px; border-bottom:1px solid #ddd;\"><strong>Farba:<\/strong><\/td>\n      <td style=\"padding:10px; border-bottom:1px solid #ddd;\">\u010c\u00edra<\/td>\n    <\/tr>\n    <tr>\n      <td style=\"padding:10px; border-bottom:1px solid #ddd;\"><strong>\u0160trukt\u00fara:<\/strong><\/td>\n      <td style=\"padding:10px; border-bottom:1px solid #ddd;\">Pln\u00e1 tabu\u013ea<\/td>\n    <\/tr>\n    <tr>\n      <td style=\"padding:10px; border-bottom:1px solid #ddd;\"><strong>Ochrana proti UV \u017eiareniu:<\/strong><\/td>\n      <td style=\"padding:10px; border-bottom:1px solid #ddd;\">\u00c1no<\/td>\n    <\/tr>\n    <tr>\n      <td style=\"padding:10px; border-bottom:1px solid #ddd;\"><strong>Po\u017eiarna klasifik\u00e1cia:<\/strong><\/td>\n      <td style=\"padding:10px; border-bottom:1px solid #ddd;\">B s1 d0<\/td>\n    <\/tr>\n    <tr>\n      <td style=\"padding:10px; border-bottom:1px solid #ddd;\"><strong>Prev\u00e1dzkov\u00fd teplotn\u00fd rozsah:<\/strong><\/td>\n      <td style=\"padding:10px; border-bottom:1px solid #ddd;\">-40&deg; \/ +130&deg;C<\/td>\n    <\/tr>\n    <tr>\n      <td style=\"padding:10px; border-bottom:1px solid #ddd;\"><strong>Line\u00e1rna tepeln\u00e1 roz\u0165a\u017enos\u0165:<\/strong><\/td>\n      <td style=\"padding:10px; border-bottom:1px solid #ddd;\">6,7 &times; 10<sup>-5<\/sup> mm\/mm &deg;C<\/td>\n    <\/tr>\n    <tr>\n      <td style=\"padding:10px; border-bottom:1px solid #ddd;\"><strong>Odolnos\u0165 vo\u010di chemik\u00e1li\u00e1m (pou\u017eitie a \u00fadr\u017eba):<\/strong><\/td>\n      <td style=\"padding:10px; border-bottom:1px solid #ddd;\">\u0160pecifik\u00e1cia v literat\u00fare<\/td>\n    <\/tr>\n    <tr>\n      <td style=\"padding:10px; border-bottom:1px solid #ddd;\"><strong>Tepeln\u00e1 izol\u00e1cia:<\/strong><\/td>\n      <td style=\"padding:10px; border-bottom:1px solid #ddd;\">5,70 W\/mk<\/td>\n    <\/tr>\n    <tr>\n      <td style=\"padding:10px; border-bottom:1px solid #ddd;\"><strong>Prietok svetla (\u010c\u00cdRA):<\/strong><\/td>\n      <td style=\"padding:10px; border-bottom:1px solid #ddd;\">89 &plusmn; 2 %<\/td>\n    <\/tr>\n    <tr>\n      <td style=\"padding:10px; border-bottom:1px solid #ddd;\"><strong>Z\u00e1ruka:<\/strong><\/td>\n      <td style=\"padding:10px; border-bottom:1px solid #ddd;\">10 rokov*<\/td>\n    <\/tr>\n  <\/tbody>\n<\/table>\n<\/div>\n<\/div>\n\n\n\n<ul class=\"wp-block-list\">\n<li><strong>Pou\u017eitie<\/strong>: v\u00fdroba svetl\u00edkov a ploch\u00fdch stre\u0161n\u00fdch kryt\u00edn.<\/li>\n\n\n\n<li><strong>Pr\u00edslu\u0161enstvo<\/strong>: syst\u00e9m dop\u013a\u0148aj\u00fa pr\u00edslu\u0161enstv\u00e1 (pre z\u00edskanie podrobn\u00fdch inform\u00e1ci\u00ed o pr\u00edslu\u0161enstve<br>pros\u00edme o kontakt s v\u00fdrobcom).<br><br><strong>POZN\u00c1MKY:<\/strong> na vyhotovenie svetl\u00edkov s vysok\u00fdmi izola\u010dn\u00fdmi parametrami pod\u013ea platnej normy je mo\u017en\u00e9 prida\u0165 vn\u00fatorn\u00fd podh\u013ead.<\/li>\n<\/ul>\n<\/div><\/div>\n\n\n\n<div style=\"height:100px\" aria-hidden=\"true\" class=\"wp-block-spacer is-style-smaller-spacer\"><\/div>\n\n\n\n<div class=\"wp-block-group\"><div class=\"wp-block-group__inner-container is-layout-constrained wp-block-group-is-layout-constrained\">\n<div class=\"wp-block-columns is-layout-flex wp-container-core-columns-is-layout-9d6595d7 wp-block-columns-is-layout-flex\">\n<div class=\"wp-block-column is-layout-flow wp-block-column-is-layout-flow\"><div class=\"wp-block-image\">\n<figure class=\"aligncenter size-large\"><img loading=\"lazy\" decoding=\"async\" width=\"1024\" height=\"884\" src=\"https:\/\/bp2.eu\/wp-content\/uploads\/2020\/03\/Zrzut-ekranu-2025-08-28-082105-1024x884.png\" alt=\"\" class=\"wp-image-102759\" srcset=\"https:\/\/bp2.eu\/wp-content\/uploads\/2020\/03\/Zrzut-ekranu-2025-08-28-082105-1024x884.png 1024w, https:\/\/bp2.eu\/wp-content\/uploads\/2020\/03\/Zrzut-ekranu-2025-08-28-082105-820x708.png 820w, https:\/\/bp2.eu\/wp-content\/uploads\/2020\/03\/Zrzut-ekranu-2025-08-28-082105-768x663.png 768w, https:\/\/bp2.eu\/wp-content\/uploads\/2020\/03\/Zrzut-ekranu-2025-08-28-082105.png 1117w\" sizes=\"auto, (max-width: 1024px) 100vw, 1024px\" \/><\/figure>\n<\/div><\/div>\n\n\n\n<div class=\"wp-block-column is-vertically-aligned-top is-layout-flow wp-block-column-is-layout-flow\"><div class=\"wp-block-image\">\n<figure class=\"aligncenter size-large\"><img loading=\"lazy\" decoding=\"async\" width=\"1024\" height=\"421\" src=\"https:\/\/bp2.eu\/wp-content\/uploads\/2020\/03\/Zrzut-ekranu-2025-08-28-082111-1024x421.png\" alt=\"\" class=\"wp-image-102767\" srcset=\"https:\/\/bp2.eu\/wp-content\/uploads\/2020\/03\/Zrzut-ekranu-2025-08-28-082111-1024x421.png 1024w, https:\/\/bp2.eu\/wp-content\/uploads\/2020\/03\/Zrzut-ekranu-2025-08-28-082111-820x337.png 820w, https:\/\/bp2.eu\/wp-content\/uploads\/2020\/03\/Zrzut-ekranu-2025-08-28-082111-768x316.png 768w, https:\/\/bp2.eu\/wp-content\/uploads\/2020\/03\/Zrzut-ekranu-2025-08-28-082111.png 1148w\" sizes=\"auto, (max-width: 1024px) 100vw, 1024px\" \/><\/figure>\n<\/div><\/div>\n<\/div>\n<\/div><\/div>\n\n\n\n<div style=\"height:100px\" aria-hidden=\"true\" class=\"wp-block-spacer is-style-smaller-spacer\"><\/div>\n","protected":false},"featured_media":102648,"menu_order":604,"template":"","product_category":[1255],"warranty":[],"product_serie":[],"class_list":["post-51262","product","type-product","status-publish","has-post-thumbnail","hentry","product_category-stresne-doplnky"],"acf":[],"_links":{"self":[{"href":"https:\/\/bp2.eu\/sk\/wp-json\/wp\/v2\/product\/51262","targetHints":{"allow":["GET"]}}],"collection":[{"href":"https:\/\/bp2.eu\/sk\/wp-json\/wp\/v2\/product"}],"about":[{"href":"https:\/\/bp2.eu\/sk\/wp-json\/wp\/v2\/types\/product"}],"wp:featuredmedia":[{"embeddable":true,"href":"https:\/\/bp2.eu\/sk\/wp-json\/wp\/v2\/media\/102648"}],"wp:attachment":[{"href":"https:\/\/bp2.eu\/sk\/wp-json\/wp\/v2\/media?parent=51262"}],"wp:term":[{"taxonomy":"product_category","embeddable":true,"href":"https:\/\/bp2.eu\/sk\/wp-json\/wp\/v2\/product_category?post=51262"},{"taxonomy":"warranty","embeddable":true,"href":"https:\/\/bp2.eu\/sk\/wp-json\/wp\/v2\/warranty?post=51262"},{"taxonomy":"product_serie","embeddable":true,"href":"https:\/\/bp2.eu\/sk\/wp-json\/wp\/v2\/product_serie?post=51262"}],"curies":[{"name":"wp","href":"https:\/\/api.w.org\/{rel}","templated":true}]}}