{"id":51272,"date":"2020-03-14T15:41:22","date_gmt":"2020-03-14T14:41:22","guid":{"rendered":"https:\/\/bp2.eu\/produkt\/membrana-dachowa-wysokoparoprzepuszczalna\/"},"modified":"2023-07-21T11:01:57","modified_gmt":"2023-07-21T09:01:57","slug":"stresna-membrana-s-vysokou-priepustnostou-pary","status":"publish","type":"product","link":"https:\/\/bp2.eu\/sk\/vyrobok\/stresna-membrana-s-vysokou-priepustnostou-pary\/","title":{"rendered":"Stre\u0161n\u00e1 membr\u00e1na s vysokou priepustnos\u0165ou pary"},"content":{"rendered":"\n<div class=\"wp-block-group\"><div class=\"wp-block-group__inner-container is-layout-flow wp-block-group-is-layout-flow\">\n<div class=\"wp-block-columns is-style-default is-layout-flex wp-container-core-columns-is-layout-9d6595d7 wp-block-columns-is-layout-flex\">\n<div class=\"wp-block-column is-vertically-aligned-center is-style-space-left is-layout-flow wp-block-column-is-layout-flow\">\n<h3 class=\"wp-block-heading\"><strong>Zalety:<\/strong><\/h3>\n\n\n\n<ul class=\"wp-block-list\">\n<li>wysoka i r\u00f3wnomierna paroprzepuszczalno\u015b\u0107<\/li>\n\n\n\n<li>elasyczno\u015b\u0107 i niski ci\u0119\u017car u\u0142atwiaj\u0105ce uk\u0142adanie<\/li>\n\n\n\n<li>wodoodporno\u015b\u0107 zabezpieczaj\u0105ca dach<\/li>\n\n\n\n<li>du\u017ca wytrzyma\u0142o\u015b\u0107 mechaniczna<\/li>\n\n\n\n<li>wysoka odporno\u015b\u0107 na promieniowanie UV<\/li>\n\n\n\n<li>wyczerpuj\u0105ca informacja gwarantuj\u0105ca prawid\u0142owe zastosowanie<\/li>\n<\/ul>\n<\/div>\n\n\n\n<div class=\"wp-block-column is-layout-flow wp-block-column-is-layout-flow\">\n<figure class=\"wp-block-image size-large\"><img loading=\"lazy\" decoding=\"async\" width=\"1024\" height=\"639\" src=\"https:\/\/bp2.eu\/wp-content\/uploads\/2022\/03\/dachowa3_ALL-1024x639.jpg\" alt=\"\" class=\"wp-image-2866\" srcset=\"https:\/\/bp2.eu\/wp-content\/uploads\/2022\/03\/dachowa3_ALL-1024x639.jpg 1024w, https:\/\/bp2.eu\/wp-content\/uploads\/2022\/03\/dachowa3_ALL-820x512.jpg 820w, https:\/\/bp2.eu\/wp-content\/uploads\/2022\/03\/dachowa3_ALL-768x479.jpg 768w, https:\/\/bp2.eu\/wp-content\/uploads\/2022\/03\/dachowa3_ALL-rotated.jpg 1080w\" sizes=\"auto, (max-width: 1024px) 100vw, 1024px\" \/><\/figure>\n<\/div>\n<\/div>\n<\/div><\/div>\n\n\n\n<p><\/p>\n","protected":false},"featured_media":28432,"menu_order":670,"template":"","product_category":[1255],"warranty":[],"product_serie":[],"class_list":["post-51272","product","type-product","status-publish","has-post-thumbnail","hentry","product_category-stresne-doplnky"],"acf":[],"_links":{"self":[{"href":"https:\/\/bp2.eu\/sk\/wp-json\/wp\/v2\/product\/51272","targetHints":{"allow":["GET"]}}],"collection":[{"href":"https:\/\/bp2.eu\/sk\/wp-json\/wp\/v2\/product"}],"about":[{"href":"https:\/\/bp2.eu\/sk\/wp-json\/wp\/v2\/types\/product"}],"wp:featuredmedia":[{"embeddable":true,"href":"https:\/\/bp2.eu\/sk\/wp-json\/wp\/v2\/media\/28432"}],"wp:attachment":[{"href":"https:\/\/bp2.eu\/sk\/wp-json\/wp\/v2\/media?parent=51272"}],"wp:term":[{"taxonomy":"product_category","embeddable":true,"href":"https:\/\/bp2.eu\/sk\/wp-json\/wp\/v2\/product_category?post=51272"},{"taxonomy":"warranty","embeddable":true,"href":"https:\/\/bp2.eu\/sk\/wp-json\/wp\/v2\/warranty?post=51272"},{"taxonomy":"product_serie","embeddable":true,"href":"https:\/\/bp2.eu\/sk\/wp-json\/wp\/v2\/product_serie?post=51272"}],"curies":[{"name":"wp","href":"https:\/\/api.w.org\/{rel}","templated":true}]}}