{"id":51275,"date":"2020-03-14T15:38:00","date_gmt":"2020-03-14T14:38:00","guid":{"rendered":"https:\/\/bp2.eu\/produkt\/okna-dachowe\/"},"modified":"2023-07-21T10:56:31","modified_gmt":"2023-07-21T08:56:31","slug":"stresne-okna","status":"publish","type":"product","link":"https:\/\/bp2.eu\/sk\/vyrobok\/stresne-okna\/","title":{"rendered":"Stre\u0161n\u00e9 okn\u00e1"},"content":{"rendered":"","protected":false},"featured_media":25618,"menu_order":678,"template":"","product_category":[1255],"warranty":[],"product_serie":[],"class_list":["post-51275","product","type-product","status-publish","has-post-thumbnail","hentry","product_category-stresne-doplnky"],"acf":[],"_links":{"self":[{"href":"https:\/\/bp2.eu\/sk\/wp-json\/wp\/v2\/product\/51275","targetHints":{"allow":["GET"]}}],"collection":[{"href":"https:\/\/bp2.eu\/sk\/wp-json\/wp\/v2\/product"}],"about":[{"href":"https:\/\/bp2.eu\/sk\/wp-json\/wp\/v2\/types\/product"}],"wp:featuredmedia":[{"embeddable":true,"href":"https:\/\/bp2.eu\/sk\/wp-json\/wp\/v2\/media\/25618"}],"wp:attachment":[{"href":"https:\/\/bp2.eu\/sk\/wp-json\/wp\/v2\/media?parent=51275"}],"wp:term":[{"taxonomy":"product_category","embeddable":true,"href":"https:\/\/bp2.eu\/sk\/wp-json\/wp\/v2\/product_category?post=51275"},{"taxonomy":"warranty","embeddable":true,"href":"https:\/\/bp2.eu\/sk\/wp-json\/wp\/v2\/warranty?post=51275"},{"taxonomy":"product_serie","embeddable":true,"href":"https:\/\/bp2.eu\/sk\/wp-json\/wp\/v2\/product_serie?post=51275"}],"curies":[{"name":"wp","href":"https:\/\/api.w.org\/{rel}","templated":true}]}}