{"id":51282,"date":"2020-03-14T15:19:00","date_gmt":"2020-03-14T14:19:00","guid":{"rendered":"https:\/\/bp2.eu\/produkt\/tasma-kalenicowa\/"},"modified":"2023-07-21T10:42:51","modified_gmt":"2023-07-21T08:42:51","slug":"hrebenovy-pas","status":"publish","type":"product","link":"https:\/\/bp2.eu\/sk\/vyrobok\/hrebenovy-pas\/","title":{"rendered":"Hrebe\u0148ov\u00fd p\u00e1s"},"content":{"rendered":"","protected":false},"featured_media":23167,"menu_order":716,"template":"","product_category":[1255],"warranty":[],"product_serie":[],"class_list":["post-51282","product","type-product","status-publish","has-post-thumbnail","hentry","product_category-stresne-doplnky"],"acf":[],"_links":{"self":[{"href":"https:\/\/bp2.eu\/sk\/wp-json\/wp\/v2\/product\/51282","targetHints":{"allow":["GET"]}}],"collection":[{"href":"https:\/\/bp2.eu\/sk\/wp-json\/wp\/v2\/product"}],"about":[{"href":"https:\/\/bp2.eu\/sk\/wp-json\/wp\/v2\/types\/product"}],"wp:featuredmedia":[{"embeddable":true,"href":"https:\/\/bp2.eu\/sk\/wp-json\/wp\/v2\/media\/23167"}],"wp:attachment":[{"href":"https:\/\/bp2.eu\/sk\/wp-json\/wp\/v2\/media?parent=51282"}],"wp:term":[{"taxonomy":"product_category","embeddable":true,"href":"https:\/\/bp2.eu\/sk\/wp-json\/wp\/v2\/product_category?post=51282"},{"taxonomy":"warranty","embeddable":true,"href":"https:\/\/bp2.eu\/sk\/wp-json\/wp\/v2\/warranty?post=51282"},{"taxonomy":"product_serie","embeddable":true,"href":"https:\/\/bp2.eu\/sk\/wp-json\/wp\/v2\/product_serie?post=51282"}],"curies":[{"name":"wp","href":"https:\/\/api.w.org\/{rel}","templated":true}]}}