{"id":52039,"date":"2022-03-25T13:03:02","date_gmt":"2022-03-25T12:03:02","guid":{"rendered":"https:\/\/bp2.eu\/produkt\/blachy-plaskie\/"},"modified":"2025-06-30T13:19:08","modified_gmt":"2025-06-30T11:19:08","slug":"plechy-ploche","status":"publish","type":"product","link":"https:\/\/bp2.eu\/sk\/vyrobok\/plechy-ploche\/","title":{"rendered":"PLECHY PLOCH\u00c9"},"content":{"rendered":"\n<div class=\"wp-block-group\"><div class=\"wp-block-group__inner-container is-layout-flow wp-block-group-is-layout-flow\">\n<div style=\"height:100px\" aria-hidden=\"true\" class=\"wp-block-spacer is-style-small-spacer\"><\/div>\n\n\n\n<div class=\"wp-block-columns has-dark-gray-background-color has-background is-layout-flex wp-container-core-columns-is-layout-9d6595d7 wp-block-columns-is-layout-flex\">\n<div class=\"wp-block-column is-layout-flow wp-block-column-is-layout-flow\">\n<h2 class=\"has-text-align-center is-style-h3 wp-block-heading\"><strong><strong>Plechy pozinkovan\u00e9 [mm]<\/strong><\/strong><\/h2>\n\n\n\n<figure class=\"wp-block-table\"><table><tbody><tr><td class=\"has-text-align-center\" data-align=\"center\">0,50 mm x 1000 mm x 2000 mm1000<\/td><\/tr><tr><td class=\"has-text-align-center\" data-align=\"center\">0,50 mm x 1250 mm x 2000 mm<\/td><\/tr><tr><td class=\"has-text-align-center\" data-align=\"center\">0,70 mm x 1250 mm x 2000 mm<\/td><\/tr><tr><td class=\"has-text-align-center\" data-align=\"center\">1,00 mm x 1250 mm x 2000 mm<\/td><\/tr><\/tbody><\/table><\/figure>\n<\/div>\n\n\n\n<div class=\"wp-block-column is-layout-flow wp-block-column-is-layout-flow\">\n<h2 class=\"has-text-align-center is-style-h3 wp-block-heading\"><strong>Plechy Aluzinok [mm]<\/strong><\/h2>\n\n\n\n<figure class=\"wp-block-table\"><table><tbody><tr><td class=\"has-text-align-center\" data-align=\"center\">0,50 mm x 1250 mm x 2000 mm<\/td><\/tr><tr><td class=\"has-text-align-center\" data-align=\"center\">0,70 mm x 1250 mm x 2000 mm<\/td><\/tr><\/tbody><\/table><\/figure>\n<\/div>\n\n\n\n<div class=\"wp-block-column is-layout-flow wp-block-column-is-layout-flow\">\n<h2 class=\"has-text-align-center is-style-h3 wp-block-heading\"><strong>Plechy s povrchovou \u00fapravou [mm]<\/strong><\/h2>\n\n\n\n<figure class=\"wp-block-table\"><table><tbody><tr><td class=\"has-text-align-center\" data-align=\"center\">0,50&nbsp; mm x 1250 mm x 2000 mm<\/td><\/tr><tr><td class=\"has-text-align-center\" data-align=\"center\">0,70&nbsp; mm x 1250 mm x 2000 mm<\/td><\/tr><\/tbody><\/table><\/figure>\n<\/div>\n\n\n\n<div class=\"wp-block-column is-layout-flow wp-block-column-is-layout-flow\">\n<h2 class=\"has-text-align-center is-style-h3 wp-block-heading\">In\u00e9 ve\u013ekosti listov a form\u00e1tov, ako aj hr\u00fabky plechov s\u00fa dostupn\u00e9 na individu\u00e1lnu objedn\u00e1vku.<\/h2>\n\n\n\n<p class=\"has-text-align-center\"><strong>Technick\u00e9 parametre*<\/strong><\/p>\n\n\n\n<figure class=\"wp-block-table\"><table><tbody><tr><td class=\"has-text-align-center\" data-align=\"center\">Hr\u00fabka plechu: <br>0,4\u20132,0 mm<\/td><\/tr><tr><td class=\"has-text-align-center\" data-align=\"center\">Minim\u00e1lna ve\u013ekos\u0165 kusu:<br>70\u00d7100 mm<\/td><\/tr><tr><td class=\"has-text-align-center\" data-align=\"center\">Maxim\u00e1lna d\u013a\u017eka p\u00e1su: <br>6000 mm<\/td><\/tr><\/tbody><\/table><\/figure>\n<\/div>\n<\/div>\n<\/div><\/div>\n\n\n\n<div class=\"wp-block-group\"><div class=\"wp-block-group__inner-container is-layout-flow wp-block-group-is-layout-flow\">\n<div style=\"height:100px\" aria-hidden=\"true\" class=\"wp-block-spacer is-style-small-spacer\"><\/div>\n\n\n\n<h2 class=\"has-text-align-center is-style-h3 wp-block-heading\">SLU\u017dBY SERVISN\u00c9<\/h2>\n\n\n\n<p class=\"has-text-align-center\">(na individu\u00e1lnu objedn\u00e1vku)<\/p>\n\n\n\n<div style=\"height:100px\" aria-hidden=\"true\" class=\"wp-block-spacer is-style-small-spacer\"><\/div>\n\n\n\n<div class=\"wp-block-columns is-layout-flex wp-container-core-columns-is-layout-9d6595d7 wp-block-columns-is-layout-flex\">\n<div class=\"wp-block-column is-layout-flow wp-block-column-is-layout-flow\"><div class=\"wp-block-image\">\n<figure class=\"aligncenter size-full is-resized\"><img loading=\"lazy\" decoding=\"async\" src=\"https:\/\/bp2.eu\/wp-content\/uploads\/2022\/03\/SCS_ciecie_przewijanie_1.png\" alt=\"\" class=\"wp-image-5130\" width=\"383\" height=\"162\"\/><\/figure>\n<\/div>\n\n\n<p class=\"has-text-align-center\">Aplikovanie ochrannej f\u00f3lie a\/alebo protikondenza\u010dnej vrstvy typu a hr\u00fabky pod\u013ea individu\u00e1lnych po\u017eiadaviek.<\/p>\n<\/div>\n\n\n\n<div class=\"wp-block-column is-layout-flow wp-block-column-is-layout-flow\"><div class=\"wp-block-image\">\n<figure class=\"aligncenter size-full is-resized\"><img loading=\"lazy\" decoding=\"async\" src=\"https:\/\/bp2.eu\/wp-content\/uploads\/2022\/03\/SCS_ciecie_przewijanie_2.png\" alt=\"\" class=\"wp-image-5139\" width=\"383\" height=\"162\"\/><\/figure>\n<\/div>\n\n\n<p class=\"has-text-align-center\">Prev\u00edjanie zvitkov bez rezania.<\/p>\n<\/div>\n\n\n\n<div class=\"wp-block-column is-layout-flow wp-block-column-is-layout-flow\"><div class=\"wp-block-image\">\n<figure class=\"aligncenter size-full is-resized\"><img loading=\"lazy\" decoding=\"async\" src=\"https:\/\/bp2.eu\/wp-content\/uploads\/2022\/03\/SCS_ciecie_przewijanie_3.png\" alt=\"\" class=\"wp-image-5144\" width=\"383\" height=\"162\"\/><\/figure>\n<\/div>\n\n\n<p class=\"has-text-align-center\">Prie\u010dne rezanie na listy a form\u00e1ty pod\u013ea individu\u00e1lnych po\u017eiadaviek. Hr\u00fabka plechu 0,4\u20132,0 mm. Minim\u00e1lna ve\u013ekos\u0165 kusu 70\u00d7100 mm<\/p>\n<\/div>\n<\/div>\n\n\n\n<div style=\"height:100px\" aria-hidden=\"true\" class=\"wp-block-spacer is-style-small-spacer\"><\/div>\n\n\n\n<div class=\"wp-block-columns is-layout-flex wp-container-core-columns-is-layout-9d6595d7 wp-block-columns-is-layout-flex\">\n<div class=\"wp-block-column is-layout-flow wp-block-column-is-layout-flow\"><div class=\"wp-block-image\">\n<figure class=\"aligncenter size-full is-resized\"><img loading=\"lazy\" decoding=\"async\" src=\"https:\/\/bp2.eu\/wp-content\/uploads\/2022\/03\/SCS_ciecie_przewijanie_4.png\" alt=\"\" class=\"wp-image-5149\" width=\"383\" height=\"162\"\/><\/figure>\n<\/div>\n\n\n<p class=\"has-text-align-center\">Prie\u010dne rezanie na listy a form\u00e1ty pod\u013ea individu\u00e1lnych po\u017eiadaviek.<\/p>\n<\/div>\n\n\n\n<div class=\"wp-block-column is-layout-flow wp-block-column-is-layout-flow\"><div class=\"wp-block-image\">\n<figure class=\"aligncenter size-full is-resized\"><img loading=\"lazy\" decoding=\"async\" src=\"https:\/\/bp2.eu\/wp-content\/uploads\/2022\/03\/blachy_plaskie_perforacja-1.jpg\" alt=\"\" class=\"wp-image-5942\" width=\"383\" height=\"162\"\/><\/figure>\n<\/div>\n\n\n<p class=\"has-text-align-center\">Vykon\u00e1vame perfor\u00e1ciu v \u0161irokom rozsahu ve\u013ekost\u00ed a tvarov. Podrobnosti s\u00fa dohadovan\u00e9 individu\u00e1lne s obchodn\u00fdm oddelen\u00edm. In\u00e9 ve\u013ekosti listov a form\u00e1tov, ako aj hr\u00fabky plechov s\u00fa dostupn\u00e9 na individu\u00e1lnu objedn\u00e1vku.<\/p>\n<\/div>\n\n\n\n<div class=\"wp-block-column is-layout-flow wp-block-column-is-layout-flow\"><\/div>\n<\/div>\n<\/div><\/div>\n","protected":false},"featured_media":25573,"menu_order":358,"template":"","product_category":[1226,1249],"warranty":[1295,1314,1296,1306,1176,1297,1298],"product_serie":[],"class_list":["post-52039","product","type-product","status-publish","has-post-thumbnail","hentry","product_category-obytna-vystavba","product_category-plechy-ploche","warranty-10-rokov-sk","warranty-15-rokov-sk","warranty-20-rokov-sk","warranty-25-rokov-sk","warranty-30-rokov-sk","warranty-35-rokov-sk","warranty-40-rokov-sk"],"acf":[],"_links":{"self":[{"href":"https:\/\/bp2.eu\/sk\/wp-json\/wp\/v2\/product\/52039","targetHints":{"allow":["GET"]}}],"collection":[{"href":"https:\/\/bp2.eu\/sk\/wp-json\/wp\/v2\/product"}],"about":[{"href":"https:\/\/bp2.eu\/sk\/wp-json\/wp\/v2\/types\/product"}],"wp:featuredmedia":[{"embeddable":true,"href":"https:\/\/bp2.eu\/sk\/wp-json\/wp\/v2\/media\/25573"}],"wp:attachment":[{"href":"https:\/\/bp2.eu\/sk\/wp-json\/wp\/v2\/media?parent=52039"}],"wp:term":[{"taxonomy":"product_category","embeddable":true,"href":"https:\/\/bp2.eu\/sk\/wp-json\/wp\/v2\/product_category?post=52039"},{"taxonomy":"warranty","embeddable":true,"href":"https:\/\/bp2.eu\/sk\/wp-json\/wp\/v2\/warranty?post=52039"},{"taxonomy":"product_serie","embeddable":true,"href":"https:\/\/bp2.eu\/sk\/wp-json\/wp\/v2\/product_serie?post=52039"}],"curies":[{"name":"wp","href":"https:\/\/api.w.org\/{rel}","templated":true}]}}