{"id":58557,"date":"2023-02-14T12:55:58","date_gmt":"2023-02-14T11:55:58","guid":{"rendered":"https:\/\/bp2.eu\/produkt\/wiatrownica-adapt\/"},"modified":"2023-07-21T13:12:56","modified_gmt":"2023-07-21T11:12:56","slug":"zaveterna-lista-adapt","status":"publish","type":"product","link":"https:\/\/bp2.eu\/sk\/vyrobok\/zaveterna-lista-adapt\/","title":{"rendered":"Z\u00c1VETERN\u00c1 LI\u0160TA ADAPT"},"content":{"rendered":"","protected":false},"featured_media":58158,"menu_order":366,"template":"","product_category":[1250,1638],"warranty":[],"product_serie":[1711,1706,1701],"class_list":["post-58557","product","type-product","status-publish","has-post-thumbnail","hentry","product_category-lemovanie-striech","product_category-zaveterne-listy","product_serie-classic-series-sk","product_serie-compact-series-sk","product_serie-modular-series-sk"],"acf":[],"_links":{"self":[{"href":"https:\/\/bp2.eu\/sk\/wp-json\/wp\/v2\/product\/58557","targetHints":{"allow":["GET"]}}],"collection":[{"href":"https:\/\/bp2.eu\/sk\/wp-json\/wp\/v2\/product"}],"about":[{"href":"https:\/\/bp2.eu\/sk\/wp-json\/wp\/v2\/types\/product"}],"wp:featuredmedia":[{"embeddable":true,"href":"https:\/\/bp2.eu\/sk\/wp-json\/wp\/v2\/media\/58158"}],"wp:attachment":[{"href":"https:\/\/bp2.eu\/sk\/wp-json\/wp\/v2\/media?parent=58557"}],"wp:term":[{"taxonomy":"product_category","embeddable":true,"href":"https:\/\/bp2.eu\/sk\/wp-json\/wp\/v2\/product_category?post=58557"},{"taxonomy":"warranty","embeddable":true,"href":"https:\/\/bp2.eu\/sk\/wp-json\/wp\/v2\/warranty?post=58557"},{"taxonomy":"product_serie","embeddable":true,"href":"https:\/\/bp2.eu\/sk\/wp-json\/wp\/v2\/product_serie?post=58557"}],"curies":[{"name":"wp","href":"https:\/\/api.w.org\/{rel}","templated":true}]}}