{"id":58560,"date":"2023-02-14T13:07:13","date_gmt":"2023-02-14T12:07:13","guid":{"rendered":"https:\/\/bp2.eu\/produkt\/wiatrownica-adapt-panel-series\/"},"modified":"2023-07-21T13:10:11","modified_gmt":"2023-07-21T11:10:11","slug":"zaveterna-lista-adapt-panel-series","status":"publish","type":"product","link":"https:\/\/bp2.eu\/sk\/vyrobok\/zaveterna-lista-adapt-panel-series\/","title":{"rendered":"Z\u00c1VETERN\u00c1 LI\u0160TA ADAPT"},"content":{"rendered":"","protected":false},"featured_media":58165,"menu_order":377,"template":"","product_category":[1250,1638],"warranty":[],"product_serie":[1696],"class_list":["post-58560","product","type-product","status-publish","has-post-thumbnail","hentry","product_category-lemovanie-striech","product_category-zaveterne-listy","product_serie-panel-series-sk"],"acf":[],"_links":{"self":[{"href":"https:\/\/bp2.eu\/sk\/wp-json\/wp\/v2\/product\/58560","targetHints":{"allow":["GET"]}}],"collection":[{"href":"https:\/\/bp2.eu\/sk\/wp-json\/wp\/v2\/product"}],"about":[{"href":"https:\/\/bp2.eu\/sk\/wp-json\/wp\/v2\/types\/product"}],"wp:featuredmedia":[{"embeddable":true,"href":"https:\/\/bp2.eu\/sk\/wp-json\/wp\/v2\/media\/58165"}],"wp:attachment":[{"href":"https:\/\/bp2.eu\/sk\/wp-json\/wp\/v2\/media?parent=58560"}],"wp:term":[{"taxonomy":"product_category","embeddable":true,"href":"https:\/\/bp2.eu\/sk\/wp-json\/wp\/v2\/product_category?post=58560"},{"taxonomy":"warranty","embeddable":true,"href":"https:\/\/bp2.eu\/sk\/wp-json\/wp\/v2\/warranty?post=58560"},{"taxonomy":"product_serie","embeddable":true,"href":"https:\/\/bp2.eu\/sk\/wp-json\/wp\/v2\/product_serie?post=58560"}],"curies":[{"name":"wp","href":"https:\/\/api.w.org\/{rel}","templated":true}]}}