{"id":58563,"date":"2023-02-14T13:17:07","date_gmt":"2023-02-14T12:17:07","guid":{"rendered":"https:\/\/bp2.eu\/produkt\/wiatronica-iii\/"},"modified":"2024-10-10T10:19:55","modified_gmt":"2024-10-10T08:19:55","slug":"zaveterna-lista-iii-2","status":"publish","type":"product","link":"https:\/\/bp2.eu\/sk\/vyrobok\/zaveterna-lista-iii-2\/","title":{"rendered":"Z\u00c1VETERN\u00c1 LI\u0160TA III"},"content":{"rendered":"","protected":false},"featured_media":58033,"menu_order":385,"template":"","product_category":[1250,1638],"warranty":[],"product_serie":[],"class_list":["post-58563","product","type-product","status-publish","has-post-thumbnail","hentry","product_category-lemovanie-striech","product_category-zaveterne-listy"],"acf":[],"_links":{"self":[{"href":"https:\/\/bp2.eu\/sk\/wp-json\/wp\/v2\/product\/58563","targetHints":{"allow":["GET"]}}],"collection":[{"href":"https:\/\/bp2.eu\/sk\/wp-json\/wp\/v2\/product"}],"about":[{"href":"https:\/\/bp2.eu\/sk\/wp-json\/wp\/v2\/types\/product"}],"wp:featuredmedia":[{"embeddable":true,"href":"https:\/\/bp2.eu\/sk\/wp-json\/wp\/v2\/media\/58033"}],"wp:attachment":[{"href":"https:\/\/bp2.eu\/sk\/wp-json\/wp\/v2\/media?parent=58563"}],"wp:term":[{"taxonomy":"product_category","embeddable":true,"href":"https:\/\/bp2.eu\/sk\/wp-json\/wp\/v2\/product_category?post=58563"},{"taxonomy":"warranty","embeddable":true,"href":"https:\/\/bp2.eu\/sk\/wp-json\/wp\/v2\/warranty?post=58563"},{"taxonomy":"product_serie","embeddable":true,"href":"https:\/\/bp2.eu\/sk\/wp-json\/wp\/v2\/product_serie?post=58563"}],"curies":[{"name":"wp","href":"https:\/\/api.w.org\/{rel}","templated":true}]}}