{"id":58566,"date":"2023-02-14T13:16:16","date_gmt":"2023-02-14T12:16:16","guid":{"rendered":"https:\/\/bp2.eu\/produkt\/wiatronica-ii\/"},"modified":"2024-10-10T10:24:15","modified_gmt":"2024-10-10T08:24:15","slug":"zaveterna-lista-ii-2","status":"publish","type":"product","link":"https:\/\/bp2.eu\/sk\/vyrobok\/zaveterna-lista-ii-2\/","title":{"rendered":"Z\u00c1VETERN\u00c1 LI\u0160TA II"},"content":{"rendered":"","protected":false},"featured_media":58045,"menu_order":399,"template":"","product_category":[1250,1638],"warranty":[],"product_serie":[1711,1706,1701],"class_list":["post-58566","product","type-product","status-publish","has-post-thumbnail","hentry","product_category-lemovanie-striech","product_category-zaveterne-listy","product_serie-classic-series-sk","product_serie-compact-series-sk","product_serie-modular-series-sk"],"acf":[],"_links":{"self":[{"href":"https:\/\/bp2.eu\/sk\/wp-json\/wp\/v2\/product\/58566","targetHints":{"allow":["GET"]}}],"collection":[{"href":"https:\/\/bp2.eu\/sk\/wp-json\/wp\/v2\/product"}],"about":[{"href":"https:\/\/bp2.eu\/sk\/wp-json\/wp\/v2\/types\/product"}],"wp:featuredmedia":[{"embeddable":true,"href":"https:\/\/bp2.eu\/sk\/wp-json\/wp\/v2\/media\/58045"}],"wp:attachment":[{"href":"https:\/\/bp2.eu\/sk\/wp-json\/wp\/v2\/media?parent=58566"}],"wp:term":[{"taxonomy":"product_category","embeddable":true,"href":"https:\/\/bp2.eu\/sk\/wp-json\/wp\/v2\/product_category?post=58566"},{"taxonomy":"warranty","embeddable":true,"href":"https:\/\/bp2.eu\/sk\/wp-json\/wp\/v2\/warranty?post=58566"},{"taxonomy":"product_serie","embeddable":true,"href":"https:\/\/bp2.eu\/sk\/wp-json\/wp\/v2\/product_serie?post=58566"}],"curies":[{"name":"wp","href":"https:\/\/api.w.org\/{rel}","templated":true}]}}