{"id":58569,"date":"2023-02-14T13:17:50","date_gmt":"2023-02-14T12:17:50","guid":{"rendered":"https:\/\/bp2.eu\/produkt\/wiatronica-ii-panel-series\/"},"modified":"2024-10-10T10:29:04","modified_gmt":"2024-10-10T08:29:04","slug":"zaveterna-lista-ii-panel-series","status":"publish","type":"product","link":"https:\/\/bp2.eu\/sk\/vyrobok\/zaveterna-lista-ii-panel-series\/","title":{"rendered":"Z\u00c1VETERN\u00c1 LI\u0160TA II"},"content":{"rendered":"","protected":false},"featured_media":58064,"menu_order":413,"template":"","product_category":[1250,1638],"warranty":[],"product_serie":[1696],"class_list":["post-58569","product","type-product","status-publish","has-post-thumbnail","hentry","product_category-lemovanie-striech","product_category-zaveterne-listy","product_serie-panel-series-sk"],"acf":[],"_links":{"self":[{"href":"https:\/\/bp2.eu\/sk\/wp-json\/wp\/v2\/product\/58569","targetHints":{"allow":["GET"]}}],"collection":[{"href":"https:\/\/bp2.eu\/sk\/wp-json\/wp\/v2\/product"}],"about":[{"href":"https:\/\/bp2.eu\/sk\/wp-json\/wp\/v2\/types\/product"}],"wp:featuredmedia":[{"embeddable":true,"href":"https:\/\/bp2.eu\/sk\/wp-json\/wp\/v2\/media\/58064"}],"wp:attachment":[{"href":"https:\/\/bp2.eu\/sk\/wp-json\/wp\/v2\/media?parent=58569"}],"wp:term":[{"taxonomy":"product_category","embeddable":true,"href":"https:\/\/bp2.eu\/sk\/wp-json\/wp\/v2\/product_category?post=58569"},{"taxonomy":"warranty","embeddable":true,"href":"https:\/\/bp2.eu\/sk\/wp-json\/wp\/v2\/warranty?post=58569"},{"taxonomy":"product_serie","embeddable":true,"href":"https:\/\/bp2.eu\/sk\/wp-json\/wp\/v2\/product_serie?post=58569"}],"curies":[{"name":"wp","href":"https:\/\/api.w.org\/{rel}","templated":true}]}}