{"id":58573,"date":"2023-02-14T13:08:54","date_gmt":"2023-02-14T12:08:54","guid":{"rendered":"https:\/\/bp2.eu\/produkt\/gasior-wentylowany\/"},"modified":"2024-07-09T13:11:15","modified_gmt":"2024-07-09T11:11:15","slug":"hrebenac-s-odvetravanim","status":"publish","type":"product","link":"https:\/\/bp2.eu\/sk\/vyrobok\/hrebenac-s-odvetravanim\/","title":{"rendered":"HREBEN\u00c1\u010c S ODVETR\u00c1VAN\u00cdM AIR"},"content":{"rendered":"","protected":false},"featured_media":80986,"menu_order":439,"template":"","product_category":[1250,1649],"warranty":[],"product_serie":[1696],"class_list":["post-58573","product","type-product","status-publish","has-post-thumbnail","hentry","product_category-lemovanie-striech","product_category-hrebenace-sk","product_serie-panel-series-sk"],"acf":[],"_links":{"self":[{"href":"https:\/\/bp2.eu\/sk\/wp-json\/wp\/v2\/product\/58573","targetHints":{"allow":["GET"]}}],"collection":[{"href":"https:\/\/bp2.eu\/sk\/wp-json\/wp\/v2\/product"}],"about":[{"href":"https:\/\/bp2.eu\/sk\/wp-json\/wp\/v2\/types\/product"}],"wp:featuredmedia":[{"embeddable":true,"href":"https:\/\/bp2.eu\/sk\/wp-json\/wp\/v2\/media\/80986"}],"wp:attachment":[{"href":"https:\/\/bp2.eu\/sk\/wp-json\/wp\/v2\/media?parent=58573"}],"wp:term":[{"taxonomy":"product_category","embeddable":true,"href":"https:\/\/bp2.eu\/sk\/wp-json\/wp\/v2\/product_category?post=58573"},{"taxonomy":"warranty","embeddable":true,"href":"https:\/\/bp2.eu\/sk\/wp-json\/wp\/v2\/warranty?post=58573"},{"taxonomy":"product_serie","embeddable":true,"href":"https:\/\/bp2.eu\/sk\/wp-json\/wp\/v2\/product_serie?post=58573"}],"curies":[{"name":"wp","href":"https:\/\/api.w.org\/{rel}","templated":true}]}}