{"id":58586,"date":"2022-11-23T13:34:10","date_gmt":"2022-11-23T12:34:10","guid":{"rendered":"https:\/\/bp2.eu\/produkt\/listwa-dylatacyjna\/"},"modified":"2023-07-21T11:59:14","modified_gmt":"2023-07-21T09:59:14","slug":"dilatacna-lista","status":"publish","type":"product","link":"https:\/\/bp2.eu\/sk\/vyrobok\/dilatacna-lista\/","title":{"rendered":"DILATA\u010cN\u00c1 LI\u0160TA"},"content":{"rendered":"","protected":false},"featured_media":33827,"menu_order":551,"template":"","product_category":[1250,1645],"warranty":[],"product_serie":[1711,1706,1701],"class_list":["post-58586","product","type-product","status-publish","has-post-thumbnail","hentry","product_category-lemovanie-striech","product_category-stenove-klampiarske-vyrobky","product_serie-classic-series-sk","product_serie-compact-series-sk","product_serie-modular-series-sk"],"acf":[],"_links":{"self":[{"href":"https:\/\/bp2.eu\/sk\/wp-json\/wp\/v2\/product\/58586","targetHints":{"allow":["GET"]}}],"collection":[{"href":"https:\/\/bp2.eu\/sk\/wp-json\/wp\/v2\/product"}],"about":[{"href":"https:\/\/bp2.eu\/sk\/wp-json\/wp\/v2\/types\/product"}],"wp:featuredmedia":[{"embeddable":true,"href":"https:\/\/bp2.eu\/sk\/wp-json\/wp\/v2\/media\/33827"}],"wp:attachment":[{"href":"https:\/\/bp2.eu\/sk\/wp-json\/wp\/v2\/media?parent=58586"}],"wp:term":[{"taxonomy":"product_category","embeddable":true,"href":"https:\/\/bp2.eu\/sk\/wp-json\/wp\/v2\/product_category?post=58586"},{"taxonomy":"warranty","embeddable":true,"href":"https:\/\/bp2.eu\/sk\/wp-json\/wp\/v2\/warranty?post=58586"},{"taxonomy":"product_serie","embeddable":true,"href":"https:\/\/bp2.eu\/sk\/wp-json\/wp\/v2\/product_serie?post=58586"}],"curies":[{"name":"wp","href":"https:\/\/api.w.org\/{rel}","templated":true}]}}