{"id":58599,"date":"2021-03-11T16:11:00","date_gmt":"2021-03-11T15:11:00","guid":{"rendered":"https:\/\/bp2.eu\/produkt\/gasior-trapezowy\/"},"modified":"2023-07-21T12:24:41","modified_gmt":"2023-07-21T10:24:41","slug":"trapezovy-hrebenac","status":"publish","type":"product","link":"https:\/\/bp2.eu\/sk\/vyrobok\/trapezovy-hrebenac\/","title":{"rendered":"TRAP\u00c9ZOV\u00dd HREBEN\u00c1\u010c"},"content":{"rendered":"","protected":false},"featured_media":34037,"menu_order":503,"template":"","product_category":[1250,1649],"warranty":[],"product_serie":[1716],"class_list":["post-58599","product","type-product","status-publish","has-post-thumbnail","hentry","product_category-lemovanie-striech","product_category-hrebenace-sk","product_serie-blachy-trapezowe-sk"],"acf":[],"_links":{"self":[{"href":"https:\/\/bp2.eu\/sk\/wp-json\/wp\/v2\/product\/58599","targetHints":{"allow":["GET"]}}],"collection":[{"href":"https:\/\/bp2.eu\/sk\/wp-json\/wp\/v2\/product"}],"about":[{"href":"https:\/\/bp2.eu\/sk\/wp-json\/wp\/v2\/types\/product"}],"wp:featuredmedia":[{"embeddable":true,"href":"https:\/\/bp2.eu\/sk\/wp-json\/wp\/v2\/media\/34037"}],"wp:attachment":[{"href":"https:\/\/bp2.eu\/sk\/wp-json\/wp\/v2\/media?parent=58599"}],"wp:term":[{"taxonomy":"product_category","embeddable":true,"href":"https:\/\/bp2.eu\/sk\/wp-json\/wp\/v2\/product_category?post=58599"},{"taxonomy":"warranty","embeddable":true,"href":"https:\/\/bp2.eu\/sk\/wp-json\/wp\/v2\/warranty?post=58599"},{"taxonomy":"product_serie","embeddable":true,"href":"https:\/\/bp2.eu\/sk\/wp-json\/wp\/v2\/product_serie?post=58599"}],"curies":[{"name":"wp","href":"https:\/\/api.w.org\/{rel}","templated":true}]}}