{"id":58617,"date":"2021-04-03T11:52:00","date_gmt":"2021-04-03T09:52:00","guid":{"rendered":"https:\/\/bp2.eu\/produkt\/obrobka-przyscienna-z-listwa-dylatacyjna\/"},"modified":"2023-07-21T11:56:06","modified_gmt":"2023-07-21T09:56:06","slug":"nastenne-oplechovanie-s-dilatacnou-listou","status":"publish","type":"product","link":"https:\/\/bp2.eu\/sk\/vyrobok\/nastenne-oplechovanie-s-dilatacnou-listou\/","title":{"rendered":"N\u00c1STENN\u00c9 OPLECHOVANIE S DILATA\u010cNOU LI\u0160TOU"},"content":{"rendered":"","protected":false},"featured_media":33834,"menu_order":559,"template":"","product_category":[1250,1645],"warranty":[],"product_serie":[1711,1706,1701],"class_list":["post-58617","product","type-product","status-publish","has-post-thumbnail","hentry","product_category-lemovanie-striech","product_category-stenove-klampiarske-vyrobky","product_serie-classic-series-sk","product_serie-compact-series-sk","product_serie-modular-series-sk"],"acf":[],"_links":{"self":[{"href":"https:\/\/bp2.eu\/sk\/wp-json\/wp\/v2\/product\/58617","targetHints":{"allow":["GET"]}}],"collection":[{"href":"https:\/\/bp2.eu\/sk\/wp-json\/wp\/v2\/product"}],"about":[{"href":"https:\/\/bp2.eu\/sk\/wp-json\/wp\/v2\/types\/product"}],"wp:featuredmedia":[{"embeddable":true,"href":"https:\/\/bp2.eu\/sk\/wp-json\/wp\/v2\/media\/33834"}],"wp:attachment":[{"href":"https:\/\/bp2.eu\/sk\/wp-json\/wp\/v2\/media?parent=58617"}],"wp:term":[{"taxonomy":"product_category","embeddable":true,"href":"https:\/\/bp2.eu\/sk\/wp-json\/wp\/v2\/product_category?post=58617"},{"taxonomy":"warranty","embeddable":true,"href":"https:\/\/bp2.eu\/sk\/wp-json\/wp\/v2\/warranty?post=58617"},{"taxonomy":"product_serie","embeddable":true,"href":"https:\/\/bp2.eu\/sk\/wp-json\/wp\/v2\/product_serie?post=58617"}],"curies":[{"name":"wp","href":"https:\/\/api.w.org\/{rel}","templated":true}]}}