{"id":58620,"date":"2021-04-05T11:55:00","date_gmt":"2021-04-05T09:55:00","guid":{"rendered":"https:\/\/bp2.eu\/produkt\/lacznik-paneli-dachowych\/"},"modified":"2023-07-21T11:52:56","modified_gmt":"2023-07-21T09:52:56","slug":"spojovaci-prvok-stresnych-panelov","status":"publish","type":"product","link":"https:\/\/bp2.eu\/sk\/vyrobok\/spojovaci-prvok-stresnych-panelov\/","title":{"rendered":"SPOJOVAC\u00cd PRVOK STRE\u0160N\u00ddCH PANELOV"},"content":{"rendered":"","protected":false},"featured_media":33759,"menu_order":567,"template":"","product_category":[1250,1653],"warranty":[],"product_serie":[1696],"class_list":["post-58620","product","type-product","status-publish","has-post-thumbnail","hentry","product_category-lemovanie-striech","product_category-doplnky-sk","product_serie-panel-series-sk"],"acf":[],"_links":{"self":[{"href":"https:\/\/bp2.eu\/sk\/wp-json\/wp\/v2\/product\/58620","targetHints":{"allow":["GET"]}}],"collection":[{"href":"https:\/\/bp2.eu\/sk\/wp-json\/wp\/v2\/product"}],"about":[{"href":"https:\/\/bp2.eu\/sk\/wp-json\/wp\/v2\/types\/product"}],"wp:featuredmedia":[{"embeddable":true,"href":"https:\/\/bp2.eu\/sk\/wp-json\/wp\/v2\/media\/33759"}],"wp:attachment":[{"href":"https:\/\/bp2.eu\/sk\/wp-json\/wp\/v2\/media?parent=58620"}],"wp:term":[{"taxonomy":"product_category","embeddable":true,"href":"https:\/\/bp2.eu\/sk\/wp-json\/wp\/v2\/product_category?post=58620"},{"taxonomy":"warranty","embeddable":true,"href":"https:\/\/bp2.eu\/sk\/wp-json\/wp\/v2\/warranty?post=58620"},{"taxonomy":"product_serie","embeddable":true,"href":"https:\/\/bp2.eu\/sk\/wp-json\/wp\/v2\/product_serie?post=58620"}],"curies":[{"name":"wp","href":"https:\/\/api.w.org\/{rel}","templated":true}]}}