{"id":58623,"date":"2021-04-07T11:58:00","date_gmt":"2021-04-07T09:58:00","guid":{"rendered":"https:\/\/bp2.eu\/produkt\/uniwersalna-obrobka-wentylacyjna-2\/"},"modified":"2023-07-21T11:46:38","modified_gmt":"2023-07-21T09:46:38","slug":"univerzalny-ventilacny-prvok","status":"publish","type":"product","link":"https:\/\/bp2.eu\/sk\/vyrobok\/univerzalny-ventilacny-prvok\/","title":{"rendered":"UNIVERZ\u00c1LNY VENTILA\u010cN\u00dd PRVOK"},"content":{"rendered":"","protected":false},"featured_media":33766,"menu_order":575,"template":"","product_category":[1250,1653],"warranty":[],"product_serie":[1711,1706,1701],"class_list":["post-58623","product","type-product","status-publish","has-post-thumbnail","hentry","product_category-lemovanie-striech","product_category-doplnky-sk","product_serie-classic-series-sk","product_serie-compact-series-sk","product_serie-modular-series-sk"],"acf":[],"_links":{"self":[{"href":"https:\/\/bp2.eu\/sk\/wp-json\/wp\/v2\/product\/58623","targetHints":{"allow":["GET"]}}],"collection":[{"href":"https:\/\/bp2.eu\/sk\/wp-json\/wp\/v2\/product"}],"about":[{"href":"https:\/\/bp2.eu\/sk\/wp-json\/wp\/v2\/types\/product"}],"wp:featuredmedia":[{"embeddable":true,"href":"https:\/\/bp2.eu\/sk\/wp-json\/wp\/v2\/media\/33766"}],"wp:attachment":[{"href":"https:\/\/bp2.eu\/sk\/wp-json\/wp\/v2\/media?parent=58623"}],"wp:term":[{"taxonomy":"product_category","embeddable":true,"href":"https:\/\/bp2.eu\/sk\/wp-json\/wp\/v2\/product_category?post=58623"},{"taxonomy":"warranty","embeddable":true,"href":"https:\/\/bp2.eu\/sk\/wp-json\/wp\/v2\/warranty?post=58623"},{"taxonomy":"product_serie","embeddable":true,"href":"https:\/\/bp2.eu\/sk\/wp-json\/wp\/v2\/product_serie?post=58623"}],"curies":[{"name":"wp","href":"https:\/\/api.w.org\/{rel}","templated":true}]}}