{"id":71857,"date":"2023-08-29T11:05:36","date_gmt":"2023-08-29T09:05:36","guid":{"rendered":"https:\/\/bp2.eu\/produkt\/swietlik-polaciowy-spr-sky\/"},"modified":"2025-09-04T11:27:51","modified_gmt":"2025-09-04T09:27:51","slug":"svetliky-pre-sendvicove-panely-spr-sky-spr-sky-eco","status":"publish","type":"product","link":"https:\/\/bp2.eu\/sk\/vyrobok\/svetliky-pre-sendvicove-panely-spr-sky-spr-sky-eco\/","title":{"rendered":"Svetl\u00edky pre sendvi\u010dov\u00e9 panely SPR-SKY &#038; SPR-SKY ECO"},"content":{"rendered":"\n<div style=\"height:100px\" aria-hidden=\"true\" class=\"wp-block-spacer is-style-medium-spacer\"><\/div>\n\n\n\n<div class=\"wp-block-group is-style-default\"><div class=\"wp-block-group__inner-container is-layout-constrained wp-block-group-is-layout-constrained\">\n<div class=\"wp-block-columns is-style-default is-layout-flex wp-container-core-columns-is-layout-9d6595d7 wp-block-columns-is-layout-flex\">\n<div class=\"wp-block-column is-vertically-aligned-center is-style-full-height is-layout-flow wp-block-column-is-layout-flow\" style=\"flex-basis:50%\"><div class=\"wp-block-image\">\n<figure class=\"aligncenter size-full\"><img loading=\"lazy\" decoding=\"async\" width=\"2057\" height=\"2560\" src=\"https:\/\/bp2.eu\/wp-content\/uploads\/2023\/08\/Render_Swietlik-1A-1-scaled.jpg\" alt=\"\" class=\"wp-image-102603\" srcset=\"https:\/\/bp2.eu\/wp-content\/uploads\/2023\/08\/Render_Swietlik-1A-1-scaled.jpg 2057w, https:\/\/bp2.eu\/wp-content\/uploads\/2023\/08\/Render_Swietlik-1A-1-771x960.jpg 771w, https:\/\/bp2.eu\/wp-content\/uploads\/2023\/08\/Render_Swietlik-1A-1-823x1024.jpg 823w, https:\/\/bp2.eu\/wp-content\/uploads\/2023\/08\/Render_Swietlik-1A-1-768x956.jpg 768w, https:\/\/bp2.eu\/wp-content\/uploads\/2023\/08\/Render_Swietlik-1A-1-1234x1536.jpg 1234w, https:\/\/bp2.eu\/wp-content\/uploads\/2023\/08\/Render_Swietlik-1A-1-1646x2048.jpg 1646w\" sizes=\"auto, (max-width: 2057px) 100vw, 2057px\" \/><\/figure>\n<\/div><\/div>\n\n\n\n<div class=\"wp-block-column is-vertically-aligned-center is-style-default is-layout-flow wp-block-column-is-layout-flow\" style=\"flex-basis:50%\">\n<div class=\"wp-block-cover is-light is-style-full-height\"><span aria-hidden=\"true\" class=\"wp-block-cover__background has-background-dim-0 has-background-dim\"><\/span><div class=\"wp-block-cover__inner-container is-layout-constrained wp-block-cover-is-layout-constrained\">\n<figure class=\"wp-block-image size-full is-resized\"><img loading=\"lazy\" decoding=\"async\" width=\"250\" height=\"220\" src=\"https:\/\/bp2.eu\/wp-content\/uploads\/2024\/02\/swietlik-icon-1.png\" alt=\"SVETL\u00cdK BP2\" class=\"wp-image-84596\" style=\"width:80px\"\/><\/figure>\n\n\n\n<h2 class=\"wp-block-heading is-style-h3 has-red-color has-text-color has-link-color wp-elements-d54f4c45e24da0df63198890bc5a3978\">Pou\u017eitie stre\u0161n\u00e9ho svetl\u00edka SPR-SKY<\/h2>\n\n\n\n<p>Pou\u017eitie stre\u0161n\u00e9ho svetl\u00edka <strong>SPR-SKY<\/strong> je \u00fa\u010dinn\u00fdm rie\u0161en\u00edm na pr\u00edvod denn\u00e9ho svetla do interi\u00e9ru objektu. U\u017e pri pokryt\u00ed stre\u0161nej plochy v rozsahu medzi 7 a 15&nbsp;% m\u00f4\u017ee nahradi\u0165 elektrick\u00e9 osvetlenie. Kom\u00f4rkov\u00e1 kon\u0161trukcia stre\u0161n\u00e9ho svetl\u00edka obmedzuje nadmern\u00fd n\u00e1rast teploty sp\u00f4soben\u00fd slne\u010dn\u00fdm \u017eiaren\u00edm a z\u00e1rove\u0148 minimalizuje tepeln\u00e9 straty nahromaden\u00e9ho tepla v objekte. Stre\u0161n\u00e9 svetl\u00edky mo\u017eno pou\u017e\u00edva\u0165 v priemyseln\u00fdch objektoch so \u0161ikm\u00fdmi strechami, teda so sklonom nad 10&nbsp;%, v preveden\u00ed teplej strechy zo sendvi\u010dov\u00fdch panelov. Stre\u0161n\u00fd svetl\u00edk <strong>SPR-SKY<\/strong> mo\u017eno namontova\u0165 ako bodov\u00e9 dosvetlenie alebo ako sveteln\u00fd p\u00e1s prekryvaj\u00faci od hrebe\u0148a po odkvap, v strede plochy, pri hrebeni aj od stredu plochy po odkvap. Stre\u0161n\u00e9 svetl\u00edky <strong>SPR-SKY<\/strong> sa sp\u00e1jaj\u00fa so sendvi\u010dov\u00fdmi panelmi cez bo\u010dn\u00e9 (na hrebe\u0148och) a koncov\u00e9 spoje (na preklad), av\u0161ak hr\u00fabka opl\u00e1\u0161tenia svetl\u00edka <strong>SPR-SKY<\/strong> je 3\u20134\u00d7 v\u00e4\u010d\u0161ia ne\u017e hr\u00fabka vonkaj\u0161ieho opl\u00e1\u0161tenia panelu. To znamen\u00e1, \u017ee na presahov\u00fdch spojeniach opl\u00e1\u0161tenia svetl\u00edka a panelu k sebe nepriliehaj\u00fa ide\u00e1lne a pri n\u00e1vrhu a mont\u00e1\u017ei je potrebn\u00e9 venova\u0165 mimoriadnu pozornos\u0165 utesneniu t\u00fdchto spojov. Taktie\u017e treba ma\u0165 na pam\u00e4ti, \u017ee stre\u0161n\u00e9 svetl\u00edky nie s\u00fa tak odoln\u00e9 ako susediaca krytina zo sendvi\u010dov\u00fdch panelov, preto je na zachovanie \u00fanosnosti a tesnosti nevyhnutn\u00e9 postupova\u0165 pri mont\u00e1\u017ei pod\u013ea pokynov a z\u00e1sad stavebn\u00e9ho remesla.<br>&nbsp;<\/p>\n<\/div><\/div>\n<\/div>\n<\/div>\n<\/div><\/div>\n\n\n\n<div class=\"wp-block-group is-style-default\"><div class=\"wp-block-group__inner-container is-layout-constrained wp-block-group-is-layout-constrained\">\n<div class=\"wp-block-columns is-style-default is-layout-flex wp-container-core-columns-is-layout-9d6595d7 wp-block-columns-is-layout-flex\">\n<div class=\"wp-block-column is-vertically-aligned-center is-style-default is-layout-flow wp-block-column-is-layout-flow\" style=\"flex-basis:50%\">\n<div class=\"wp-block-cover is-light is-style-full-height\"><span aria-hidden=\"true\" class=\"wp-block-cover__background has-background-dim-0 has-background-dim\"><\/span><div class=\"wp-block-cover__inner-container is-layout-constrained wp-block-cover-is-layout-constrained\">\n<figure class=\"wp-block-image size-full is-resized\"><img loading=\"lazy\" decoding=\"async\" width=\"250\" height=\"220\" src=\"https:\/\/bp2.eu\/wp-content\/uploads\/2024\/02\/swietlik-icon-1.png\" alt=\"SVETL\u00cdK BP2\" class=\"wp-image-84596\" style=\"width:80px\"\/><\/figure>\n\n\n\n<h2 class=\"wp-block-heading is-style-h3 has-red-color has-text-color has-link-color wp-elements-20c5ce6a9d390928fef1a15cb493f257\"><br><strong>Pou\u017eitie stre\u0161n\u00e9ho svetl\u00edka SPR-SKY ECO<\/strong><\/h2>\n\n\n\n<p>Pou\u017eitie stre\u0161n\u00e9ho svetl\u00edka <strong>SPR-SKY ECO<\/strong> je \u00fa\u010dinn\u00fdm rie\u0161en\u00edm na pr\u00edvod denn\u00e9ho svetla do interi\u00e9ru objektu. U\u017e pri pokryt\u00ed stre\u0161nej plochy v rozsahu medzi 7&nbsp;% a 15&nbsp;% m\u00f4\u017ee nahradi\u0165 elektrick\u00e9 osvetlenie. Kom\u00f4rkov\u00e1 kon\u0161trukcia stre\u0161n\u00e9ho svetl\u00edka obmedzuje nadmern\u00fd n\u00e1rast teploty sp\u00f4soben\u00fd slne\u010dn\u00fdm \u017eiaren\u00edm a z\u00e1rove\u0148 minimalizuje tepeln\u00e9 straty nahromaden\u00e9ho tepla v objekte. Stre\u0161n\u00e9 svetl\u00edky mo\u017eno pou\u017e\u00edva\u0165 v priemyseln\u00fdch objektoch so \u0161ikm\u00fdmi strechami, pri\u010dom minim\u00e1lny sklon stre\u0161nej roviny je toto\u017en\u00fd ako pre stre\u0161n\u00fd panel <strong>SPR CORE<\/strong> nesp\u00e1jan\u00fd po d\u013a\u017eke a bez technologick\u00fdch prestupov, teda 5&nbsp;%, v preveden\u00ed teplej strechy zo sendvi\u010dov\u00fdch panelov. Stre\u0161n\u00fd svetl\u00edk <strong>SPR-SKY ECO<\/strong> mo\u017eno namontova\u0165 ako sveteln\u00fd p\u00e1s prekryvaj\u00faci od hrebe\u0148a po odkvap. Taktie\u017e treba ma\u0165 na pam\u00e4ti, \u017ee stre\u0161n\u00e9 svetl\u00edky nie s\u00fa tak odoln\u00e9 ako susediaca krytina zo sendvi\u010dov\u00fdch panelov, preto je na zachovanie \u00fanosnosti a tesnosti nevyhnutn\u00e9 postupova\u0165 pri mont\u00e1\u017ei pod\u013ea pokynov a z\u00e1sad stavebn\u00e9ho remesla.<br>&nbsp;<\/p>\n<\/div><\/div>\n<\/div>\n\n\n\n<div class=\"wp-block-column is-vertically-aligned-center is-style-full-height is-layout-flow wp-block-column-is-layout-flow\" style=\"flex-basis:50%\"><div class=\"wp-block-image\">\n<figure class=\"aligncenter size-full\"><img loading=\"lazy\" decoding=\"async\" width=\"1920\" height=\"2560\" src=\"https:\/\/bp2.eu\/wp-content\/uploads\/2025\/08\/Render-SPR-SKY-ECO-OKLADKA-scaled.jpg\" alt=\"\" class=\"wp-image-102580\" srcset=\"https:\/\/bp2.eu\/wp-content\/uploads\/2025\/08\/Render-SPR-SKY-ECO-OKLADKA-scaled.jpg 1920w, https:\/\/bp2.eu\/wp-content\/uploads\/2025\/08\/Render-SPR-SKY-ECO-OKLADKA-720x960.jpg 720w, https:\/\/bp2.eu\/wp-content\/uploads\/2025\/08\/Render-SPR-SKY-ECO-OKLADKA-768x1024.jpg 768w, https:\/\/bp2.eu\/wp-content\/uploads\/2025\/08\/Render-SPR-SKY-ECO-OKLADKA-1152x1536.jpg 1152w, https:\/\/bp2.eu\/wp-content\/uploads\/2025\/08\/Render-SPR-SKY-ECO-OKLADKA-1536x2048.jpg 1536w\" sizes=\"auto, (max-width: 1920px) 100vw, 1920px\" \/><\/figure>\n<\/div><\/div>\n<\/div>\n<\/div><\/div>\n\n\n\n<div style=\"height:100px\" aria-hidden=\"true\" class=\"wp-block-spacer is-style-smaller-spacer\"><\/div>\n\n\n\n<div class=\"wp-block-group\"><div class=\"wp-block-group__inner-container is-layout-constrained wp-block-group-is-layout-constrained\">\n<h2 class=\"wp-block-heading has-text-align-center is-style-h3 has-red-color has-text-color\">Technick\u00e9 parametre SPR-SKY<\/h2>\n\n\n\n<div class=\"wp-block-columns is-layout-flex wp-container-core-columns-is-layout-9d6595d7 wp-block-columns-is-layout-flex\">\n<div class=\"wp-block-column is-layout-flow wp-block-column-is-layout-flow\">\n<figure class=\"wp-block-image size-full\"><img loading=\"lazy\" decoding=\"async\" width=\"1481\" height=\"678\" src=\"https:\/\/bp2.eu\/wp-content\/uploads\/2023\/08\/Zrzut-ekranu-2025-09-04-112608.png\" alt=\"spr-sky parametry sk\" class=\"wp-image-103790\" srcset=\"https:\/\/bp2.eu\/wp-content\/uploads\/2023\/08\/Zrzut-ekranu-2025-09-04-112608.png 1481w, https:\/\/bp2.eu\/wp-content\/uploads\/2023\/08\/Zrzut-ekranu-2025-09-04-112608-820x375.png 820w, https:\/\/bp2.eu\/wp-content\/uploads\/2023\/08\/Zrzut-ekranu-2025-09-04-112608-1024x469.png 1024w, https:\/\/bp2.eu\/wp-content\/uploads\/2023\/08\/Zrzut-ekranu-2025-09-04-112608-768x352.png 768w\" sizes=\"auto, (max-width: 1481px) 100vw, 1481px\" \/><\/figure>\n<\/div>\n\n\n\n<div class=\"wp-block-column is-layout-flow wp-block-column-is-layout-flow\">\n<table style=\"width:100%; border-collapse:collapse; border-left:none; border-right:none;\"> <tbody> <tr> <td style=\"padding:8px; border-top:1px solid #ccc; border-bottom:1px solid #ccc; border-left:none; border-right:none;\"> <strong>MATERI\u00c1L:<\/strong> <\/td> <td style=\"padding:8px; border-top:1px solid #ccc; border-bottom:1px solid #ccc; border-left:none; border-right:none;\"> \u017divi\u010dno-sklen\u00fd kompozit spojen\u00fd s polykarbon\u00e1tom hr. 25&nbsp;mm alebo 32&nbsp;mm <\/td> <\/tr> <tr> <td style=\"padding:8px; border-bottom:1px solid #ccc; border-left:none; border-right:none;\"> <strong>MODUL\u00c1RNA \u0160\u00cdRKA:<\/strong> <\/td> <td style=\"padding:8px; border-bottom:1px solid #ccc; border-left:none; border-right:none;\"> 1050&nbsp;mm <\/td> <\/tr> <tr> <td style=\"padding:8px; border-bottom:1px solid #ccc; border-left:none; border-right:none;\"> <strong>D\u0139\u017dKA SVETL\u00c9HO OTVORU:<\/strong> <\/td> <td style=\"padding:8px; border-bottom:1px solid #ccc; border-left:none; border-right:none;\"> 7,0&nbsp;m (maxim\u00e1lna d\u013a\u017eka opl\u00e1\u0161tenia 7,2&nbsp;m)<br> Dovo\u013euje sa sp\u00e1janie svetl\u00edkov po d\u013a\u017eke priamo na stavbe <\/td> <\/tr> <tr> <td style=\"padding:8px; border-bottom:1px solid #ccc; border-left:none; border-right:none;\"> <strong>ODPOR\u00da\u010cAN\u00dd MINIM\u00c1LNY SKLON STRECHY:<\/strong> <\/td> <td style=\"padding:8px; border-bottom:1px solid #ccc; border-left:none; border-right:none;\"> 10&nbsp;% (pri presahu 20&nbsp;cm) <\/td> <\/tr> <tr> <td style=\"padding:8px; border-bottom:1px solid #ccc; border-left:none; border-right:none;\"> <strong>MAXIM\u00c1LNY ROZSTUP PODP\u00d4R:<\/strong> <\/td> <td style=\"padding:8px; border-bottom:1px solid #ccc; border-left:none; border-right:none;\"> 1,5&nbsp;m <\/td> <\/tr> <tr> <td style=\"padding:8px; border-bottom:1px solid #ccc; border-left:none; border-right:none;\"> <strong>HR\u00daBKA:<\/strong> <\/td> <td style=\"padding:8px; border-bottom:1px solid #ccc; border-left:none; border-right:none;\"> Polykarbon\u00e1t hr. 25&nbsp;mm \u2013 30&nbsp;mm + v\u00fd\u0161ka rebra<br> Polykarbon\u00e1t hr. 32&nbsp;mm \u2013 35&nbsp;mm + v\u00fd\u0161ka rebra <\/td> <\/tr> <tr> <td style=\"padding:8px; border-bottom:1px solid #ccc; border-left:none; border-right:none;\"> <strong>HMOTNOS\u0164:<\/strong> <\/td> <td style=\"padding:8px; border-bottom:1px solid #ccc; border-left:none; border-right:none;\"> 5,9&nbsp;kg \u00b1 5&nbsp;% <\/td> <\/tr> <tr> <td style=\"padding:8px; border-bottom:1px solid #ccc; border-left:none; border-right:none;\"> <strong>PR\u00cdPUSTN\u00c9 ROZMEROV\u00c9 ODCH\u00ddLKY NA D\u0139\u017dKE, \u0160\u00cdRKE A HR\u00daBKE PRVKOV SVETL\u00cdKA:<\/strong> <\/td> <td style=\"padding:8px; border-bottom:1px solid #ccc; border-left:none; border-right:none;\"> \u00b1 5&nbsp;% <\/td> <\/tr> <tr> <td style=\"padding:8px; border-bottom:1px solid #ccc; border-left:none; border-right:none;\"> <strong>S\u00da\u010cINITE\u013d PRECHODU TEPLA:<\/strong> <\/td> <td style=\"padding:8px; border-bottom:1px solid #ccc; border-left:none; border-right:none;\"> U = 1,5&nbsp;W\/m2K pri polykarbon\u00e1te hr. 25&nbsp;mm<br> U = 1,1&nbsp;W\/m2K pri polykarbon\u00e1te hr. 32&nbsp;mm <\/td> <\/tr> <tr> <td style=\"padding:8px; border-bottom:1px solid #ccc; border-left:none; border-right:none;\"> <strong>PRIEPUSTNOS\u0164 SVETLA:<\/strong> <\/td> <td style=\"padding:8px; border-bottom:1px solid #ccc; border-left:none; border-right:none;\"> 50&nbsp;% \u00b1 5&nbsp;% <\/td> <\/tr> <\/tbody> <\/table>\n<\/div>\n<\/div>\n<\/div><\/div>\n\n\n\n<div style=\"height:100px\" aria-hidden=\"true\" class=\"wp-block-spacer is-style-smaller-spacer\"><\/div>\n\n\n\n<div class=\"wp-block-group\"><div class=\"wp-block-group__inner-container is-layout-constrained wp-block-group-is-layout-constrained\">\n<h2 class=\"wp-block-heading has-text-align-center is-style-h3 has-red-color has-text-color\">Technick\u00e9 parametre SPR-SKY ECO<\/h2>\n\n\n\n<div class=\"wp-block-columns is-layout-flex wp-container-core-columns-is-layout-9d6595d7 wp-block-columns-is-layout-flex\">\n<div class=\"wp-block-column is-layout-flow wp-block-column-is-layout-flow\">\n<figure class=\"wp-block-image size-full\"><img loading=\"lazy\" decoding=\"async\" width=\"1463\" height=\"610\" src=\"https:\/\/bp2.eu\/wp-content\/uploads\/2023\/08\/Zrzut-ekranu-2025-09-04-112714.png\" alt=\"spr-sky eco parametry sk\" class=\"wp-image-103798\" srcset=\"https:\/\/bp2.eu\/wp-content\/uploads\/2023\/08\/Zrzut-ekranu-2025-09-04-112714.png 1463w, https:\/\/bp2.eu\/wp-content\/uploads\/2023\/08\/Zrzut-ekranu-2025-09-04-112714-820x342.png 820w, https:\/\/bp2.eu\/wp-content\/uploads\/2023\/08\/Zrzut-ekranu-2025-09-04-112714-1024x427.png 1024w, https:\/\/bp2.eu\/wp-content\/uploads\/2023\/08\/Zrzut-ekranu-2025-09-04-112714-768x320.png 768w\" sizes=\"auto, (max-width: 1463px) 100vw, 1463px\" \/><\/figure>\n<\/div>\n\n\n\n<div class=\"wp-block-column is-layout-flow wp-block-column-is-layout-flow\">\n<table style=\"width:100%; border-collapse:collapse; border-left:none; border-right:none;\"> <tbody> <tr> <td style=\"padding:8px; border-top:1px solid #ccc; border-bottom:1px solid #ccc; border-left:none; border-right:none;\"> <strong>Hr\u00fabka:<\/strong> <\/td> <td style=\"padding:8px; border-top:1px solid #ccc; border-bottom:1px solid #ccc; border-left:none; border-right:none;\"> 20&nbsp;mm <\/td> <\/tr> <tr> <td style=\"padding:8px; border-bottom:1px solid #ccc; border-left:none; border-right:none;\"> <strong>Modul\u00e1rna \u0161\u00edrka:<\/strong> <\/td> <td style=\"padding:8px; border-bottom:1px solid #ccc; border-left:none; border-right:none;\"> 1050&nbsp;mm (\u00b15) <\/td> <\/tr> <tr> <td style=\"padding:8px; border-bottom:1px solid #ccc; border-left:none; border-right:none;\"> <strong>\u0160\u00edrka vlny:<\/strong> <\/td> <td style=\"padding:8px; border-bottom:1px solid #ccc; border-left:none; border-right:none;\"> 4&nbsp;vlny po 350&nbsp;mm <\/td> <\/tr> <tr> <td style=\"padding:8px; border-bottom:1px solid #ccc; border-left:none; border-right:none;\"> <strong>V\u00fd\u0161ka prel\u00edskov (vn\u00fatorn\u00e1):<\/strong> <\/td> <td style=\"padding:8px; border-bottom:1px solid #ccc; border-left:none; border-right:none;\"> 45&nbsp;mm <\/td> <\/tr> <tr> <td style=\"padding:8px; border-bottom:1px solid #ccc; border-left:none; border-right:none;\"> <strong>Hr\u00fabka krajov\u00fdch prel\u00edskov:<\/strong> <\/td> <td style=\"padding:8px; border-bottom:1px solid #ccc; border-left:none; border-right:none;\"> 40\u00b12&nbsp;mm (vonkaj\u0161ia) \u2013 45\u00b12&nbsp;mm (vn\u00fatorn\u00e1) <\/td> <\/tr> <tr> <td style=\"padding:8px; border-bottom:1px solid #ccc; border-left:none; border-right:none;\"> <strong>D\u013a\u017eka tabule:<\/strong> <\/td> <td style=\"padding:8px; border-bottom:1px solid #ccc; border-left:none; border-right:none;\"> 13&nbsp;m <\/td> <\/tr> <tr> <td style=\"padding:8px; border-bottom:1px solid #ccc; border-left:none; border-right:none;\"> <strong>Farba:<\/strong> <\/td> <td style=\"padding:8px; border-bottom:1px solid #ccc; border-left:none; border-right:none;\"> Sat\u00e9novo prieh\u013eadn\u00e1 alebo op\u00e1lov\u00e1 <\/td> <\/tr> <tr> <td style=\"padding:8px; border-bottom:1px solid #ccc; border-left:none; border-right:none;\"> <strong>Polomer zakrivenia:<\/strong> <\/td> <td style=\"padding:8px; border-bottom:1px solid #ccc; border-left:none; border-right:none;\"> Tov\u00e1rensk\u00e9 oh\u00fdbanie R&nbsp;3,5 alebo 6,0&nbsp;m \u2013 studen\u00e9 oh\u00fdbanie R&nbsp;&gt;&nbsp;10&nbsp;m <\/td> <\/tr> <tr> <td style=\"padding:8px; border-bottom:1px solid #ccc; border-left:none; border-right:none;\"> <strong>Utesnenie koncov tab\u00fa\u013e:<\/strong> <\/td> <td style=\"padding:8px; border-bottom:1px solid #ccc; border-left:none; border-right:none;\"> Teplom zv\u00e1ran\u00e9 koncovky <\/td> <\/tr> <tr> <td style=\"padding:8px; border-bottom:1px solid #ccc; border-left:none; border-right:none;\"> <strong>Vn\u00fatorn\u00e1 \u0161trukt\u00fara:<\/strong> <\/td> <td style=\"padding:8px; border-bottom:1px solid #ccc; border-left:none; border-right:none;\"> \u0160tvorstenn\u00e1 <\/td> <\/tr> <tr> <td style=\"padding:8px; border-bottom:1px solid #ccc; border-left:none; border-right:none;\"> <strong>UV ochrana:<\/strong> <\/td> <td style=\"padding:8px; border-bottom:1px solid #ccc; border-left:none; border-right:none;\"> Na vonkaj\u0161ej vrstve <\/td> <\/tr> <tr> <td style=\"padding:8px; border-bottom:1px solid #ccc; border-left:none; border-right:none;\"> <strong>Reakcia na ohe\u0148:<\/strong> <\/td> <td style=\"padding:8px; border-bottom:1px solid #ccc; border-left:none; border-right:none;\"> B s1 d0 <\/td> <\/tr> <tr> <td style=\"padding:8px; border-bottom:1px solid #ccc; border-left:none; border-right:none;\"> <strong>Prev\u00e1dzkov\u00fd teplotn\u00fd rozsah:<\/strong> <\/td> <td style=\"padding:8px; border-bottom:1px solid #ccc; border-left:none; border-right:none;\"> -40\u00b0 \/ +130\u00b0 <\/td> <\/tr> <tr> <td style=\"padding:8px; border-bottom:1px solid #ccc; border-left:none; border-right:none;\"> <strong>Line\u00e1rna teplotn\u00e1 roz\u0165a\u017enos\u0165:<\/strong> <\/td> <td style=\"padding:8px; border-bottom:1px solid #ccc; border-left:none; border-right:none;\"> 6,7 \u00d7 10<sup>-5<\/sup> <\/td> <\/tr> <tr> <td style=\"padding:8px; border-bottom:1px solid #ccc; border-left:none; border-right:none;\"> <strong>Tepeln\u00e1 izol\u00e1cia:<\/strong> <\/td> <td style=\"padding:8px; border-bottom:1px solid #ccc; border-left:none; border-right:none;\"> U = 2,28&nbsp;W\/m\u00b2K &nbsp;&nbsp;|&nbsp;&nbsp; U = 1,98&nbsp;W\/m\u00b2K &nbsp;&nbsp;|&nbsp;&nbsp; U = 1,78&nbsp;W\/m\u00b2K <\/td> <\/tr> <tr> <td style=\"padding:8px; border-bottom:1px solid #ccc; border-left:none; border-right:none;\"> <strong>Transmisia svetla (verzia: sat\u00e9novo prieh\u013eadn\u00e1):<\/strong> <\/td> <td style=\"padding:8px; border-bottom:1px solid #ccc; border-left:none; border-right:none;\"> 67 \u00b12&nbsp;% &nbsp;&nbsp;|&nbsp;&nbsp; 65 \u00b12&nbsp;% &nbsp;&nbsp;|&nbsp;&nbsp; 60 \u00b12&nbsp;% <\/td> <\/tr> <tr> <td style=\"padding:8px; border-bottom:1px solid #ccc; border-left:none; border-right:none;\"> <strong>Transmisia svetla (verzia: op\u00e1l):<\/strong> <\/td> <td style=\"padding:8px; border-bottom:1px solid #ccc; border-left:none; border-right:none;\"> 43 \u00b12&nbsp;% &nbsp;&nbsp;|&nbsp;&nbsp; 41 \u00b12&nbsp;% &nbsp;&nbsp;|&nbsp;&nbsp; 38 \u00b12&nbsp;% <\/td> <\/tr> <\/tbody> <\/table>\n<\/div>\n<\/div>\n<\/div><\/div>\n","protected":false},"featured_media":102545,"menu_order":798,"template":"","product_category":[1257,1851],"warranty":[],"product_serie":[],"class_list":["post-71857","product","type-product","status-publish","has-post-thumbnail","hentry","product_category-investicna-vystavba","product_category-prislusenstvo-pre-sendvicove-panely"],"acf":[],"_links":{"self":[{"href":"https:\/\/bp2.eu\/sk\/wp-json\/wp\/v2\/product\/71857","targetHints":{"allow":["GET"]}}],"collection":[{"href":"https:\/\/bp2.eu\/sk\/wp-json\/wp\/v2\/product"}],"about":[{"href":"https:\/\/bp2.eu\/sk\/wp-json\/wp\/v2\/types\/product"}],"wp:featuredmedia":[{"embeddable":true,"href":"https:\/\/bp2.eu\/sk\/wp-json\/wp\/v2\/media\/102545"}],"wp:attachment":[{"href":"https:\/\/bp2.eu\/sk\/wp-json\/wp\/v2\/media?parent=71857"}],"wp:term":[{"taxonomy":"product_category","embeddable":true,"href":"https:\/\/bp2.eu\/sk\/wp-json\/wp\/v2\/product_category?post=71857"},{"taxonomy":"warranty","embeddable":true,"href":"https:\/\/bp2.eu\/sk\/wp-json\/wp\/v2\/warranty?post=71857"},{"taxonomy":"product_serie","embeddable":true,"href":"https:\/\/bp2.eu\/sk\/wp-json\/wp\/v2\/product_serie?post=71857"}],"curies":[{"name":"wp","href":"https:\/\/api.w.org\/{rel}","templated":true}]}}